{"id":145777,"date":"2024-12-10T13:21:57","date_gmt":"2024-12-10T12:21:57","guid":{"rendered":"https:\/\/secureus.se\/?post_type=product&#038;p=145777"},"modified":"2025-11-09T16:13:31","modified_gmt":"2025-11-09T15:13:31","slug":"dsc-larmpaket-hs2016-engelsk-text-5-sprak","status":"publish","type":"product","link":"https:\/\/secureus.se\/de\/dsc-larmpaket-hs2016-engelsk-text-5-sprak\/","title":{"rendered":"DSC-Alarmpaket HS2016 \u2013 Englischer Text + 5 Sprachen"},"content":{"rendered":"<h1>DSC-Alarmpaket HS2016<\/h1>\n<h1>Erstellen Sie Ihr eigenes DSC-Alarmpaket HS2016<\/h1>\n<p><strong><span style=\"text-decoration: underline;\"><span class=\"ui-provider vi b c d e f g h i j k l m n o p q r s t u v w x y z ab ac ae af ag ah ai aj ak\" dir=\"ltr\">DSC-Alarmpaket Das Produkt verf\u00fcgt \u00fcber die folgenden Sprachen im Tastenfeld: <\/span><\/span><\/strong><strong><span style=\"text-decoration: underline;\"><span class=\"ui-provider vi b c d e f g h i j k l m n o p q r s t u v w x y z ab ac ae af ag ah ai aj ak\" dir=\"ltr\">Englisch, Franz\u00f6sisch, Italienisch, Deutsch, Niederl\u00e4ndisch und Polnisch.<\/span><\/span><\/strong>DSC-Alarmpaket mit PowerSeries Neo HS2016 zur Erweiterung auf bis zu 16 Abschnitte. Das System eignet sich sowohl f\u00fcr Unternehmen als auch f\u00fcr exklusive H\u00e4user, in denen Funktion, Sicherheit und Qualit\u00e4t eine hohe Priorit\u00e4t haben. Kabelgebundene Tastatur HS2LCDRF mit Textanzeige und integriertem 2-Wege-PowerG-Funktransceiver und weiteres Zubeh\u00f6r, kabelgebunden und\/oder kabellos, je nach Bedarf f\u00fcr die jeweilige Installation. Es gibt keine Einschr\u00e4nkungen f\u00fcr die kabellose Funktion, d. h. 16 kabellose Melder k\u00f6nnen ohne weiteres Zubeh\u00f6r direkt an das System angeschlossen werden Das DSC-Alarmpaket verf\u00fcgt jedoch in der Basisversion \u00fcber 7 kabelgebundene Abschnitte (6 auf der Hauptplatine, 1 auf der Tastatur), die mit drahtlosen Ger\u00e4ten kombiniert werden k\u00f6nnen, sofern die Gesamtzahl nicht mehr als 16 betr\u00e4gt. Fernbedienungen, Tastaturen und Sirenen beanspruchen keinen Abschnittsplatz im System und werden nicht in die Abschnittsgrenze eingerechnet. Zur Nutzung mehrerer verkabelter Abschnitte ist eine Abschnittskarte HSM2108 (E6309320) erforderlich.<strong>Inhalt des DSC-Alarmpakets:<\/strong><\/p>\n<ul>\n<li>Hauptplatine PowerSeries Neo HS2016<\/li>\n<li>Kabelgebundene Tastatur HS2LCDRF mit Textanzeige und integriertem 2-Wege-PowerG-Funktransceiver<\/li>\n<li>Eingebauter Funk-Transceiver<\/li>\n<li>Blechgeh\u00e4use DSC Small<\/li>\n<li>Eingebauter Transformator<\/li>\n<li>Notstrombatterie 7Ah<\/li>\n<\/ul>\n<p>&nbsp;<\/p>\n<ul>\n<li>Powerseries Neo ist ein professioneller und zugelassener Einbruchmelder f\u00fcr die kabelgebundene und kabellose Installation. Das Produkt ist von SP nach SSF1014 (Ausgabe 5) getestet und verf\u00fcgt \u00fcber SBSC-Zertifikate sowohl f\u00fcr die Alarmklasse R als auch f\u00fcr die Alarmklasse 2. Alarmsender sind sowohl f\u00fcr die Alarmklasse 2 als auch f\u00fcr die Alarmklasse 3-4 erh\u00e4ltlich.<\/li>\n<li><strong>Warum PowerSeries au\u00dfergew\u00f6hnlich ist<\/strong>Die M\u00f6glichkeit, bis zu 128 Zonen drahtlos und hardwarem\u00e4\u00dfig zu \u00fcberwachen, macht die PowerSeries zu einer au\u00dfergew\u00f6hnlichen L\u00f6sung f\u00fcr gro\u00dfe Installationen. Dar\u00fcber hinaus erm\u00f6glichen 8 Trennw\u00e4nde individuelle Sicherheitsl\u00f6sungen f\u00fcr verschiedene Bereiche des Unternehmens oder Zuhauses.<strong>PowerSeries Neo: Sicherheit auf neuem Niveau<\/strong><strong>Einf\u00fchrung in DSC-Alarmpakete und DSC-Produkte<\/strong><\/li>\n<li>Die PowerSeries Neo von DSC definiert Einbruchsicherheit neu, indem sie Modularit\u00e4t und kabelgebundene Konnektivit\u00e4t kombiniert \u2013 mit der Einfachheit einer breiten Palette an kabellosen Ger\u00e4ten und Zubeh\u00f6r. Das Ergebnis ist das umfassendste Hybridsystem, das derzeit auf dem Markt erh\u00e4ltlich ist.<strong><span style=\"text-decoration: underline;\">Warum PowerSeries eine bahnbrechende L\u00f6sung ist<\/span><\/strong>Diese v\u00f6llig neue und au\u00dfergew\u00f6hnlich flexible Plattform nutzt die \u00fcberlegenen F\u00e4higkeiten von PowerG \u2013 der branchenweit f\u00fchrenden drahtlosen Einbruchstechnologie. Innovative L\u00f6sungen zur Alarmverifizierung sowie eine umfassende Software-Suite f\u00fcr Ferndienste machen die PowerSeries zur optimalen Premium-L\u00f6sung f\u00fcr private und gewerbliche Anwendungen.<span style=\"text-decoration: underline;\"><strong>Flexibilit\u00e4t in der Sicherheit<\/strong><\/span>PowerSeries Neo vereint das Beste aus beiden Welten \u2013 die Stabilit\u00e4t kabelgebundener Systeme und die Flexibilit\u00e4t kabelloser Ger\u00e4te. Dies erm\u00f6glicht die Anpassung an individuelle Anforderungen und macht es zum am besten anpassbaren System auf dem Markt.<span style=\"text-decoration: underline;\"><strong>Innovative Technologie f\u00fcr h\u00f6chste Sicherheit<\/strong><\/span>Durch den Einsatz der PowerG-Technologie hebt die PowerSeries die Sicherheit auf ein neues Niveau. Sie bietet nicht nur zuverl\u00e4ssigen Einbruchsschutz, sondern erm\u00f6glicht auch eine reibungslose Integration mit verschiedenen drahtlosen Ger\u00e4ten.<br \/>\n<h3><strong>Alarm\u00fcberpr\u00fcfung und Ferndienste<\/strong><\/h3>\n<p>Die PowerSeries verf\u00fcgt \u00fcber innovative Alarmverifizierungsl\u00f6sungen, um sicherzustellen, dass auf jeden Alarm korrekt reagiert wird. Die umfassende Fernwartungssoftware erm\u00f6glicht die \u00dcberwachung und Steuerung von jedem Ort aus.<\/p>\n<h3><strong>PowerSeries-FAQ<\/strong><\/h3>\n<p><strong>F: Warum wird die PowerSeries als Hybridl\u00f6sung bezeichnet?<\/strong>A: Die PowerSeries ist ein Hybrid, da sie kabelgebundene und kabellose Technologie zu einer vollst\u00e4ndigen und anpassbaren Sicherheitsl\u00f6sung kombiniert.<strong>F: Wie gew\u00e4hrleistet die PowerG-Technologie eine \u00fcberragende WLAN-Sicherheit?<\/strong>A: Die PowerG-Technologie bietet nicht nur zuverl\u00e4ssige Konnektivit\u00e4t, sondern auch Verschl\u00fcsselung und Manipulationssicherheit f\u00fcr h\u00f6chste Sicherheit.<strong>F: Welche Arten von drahtlosen Ger\u00e4ten k\u00f6nnen in die PowerSeries integriert werden?<\/strong>A: PowerSeries unterst\u00fctzt eine Vielzahl drahtloser Ger\u00e4te, darunter Detektoren, Kameras und Smart-Home-Zubeh\u00f6r.<strong>F: Was ist eine Alarm\u00fcberpr\u00fcfung und warum ist sie wichtig?<\/strong>A: Durch die Alarm\u00fcberpr\u00fcfung wird sichergestellt, dass es sich bei jedem Alarm um einen echten Alarm handelt. Dadurch werden Fehlalarme reduziert und das Sicherheitssystem kann schneller und genauer reagieren.<strong>F: Kann ich die PowerSeries aus der Ferne \u00fcberwachen und steuern?<\/strong>A: Ja, die umfassende Remote-Service-Software erm\u00f6glicht die \u00dcberwachung und Steuerung \u00fcber eine mobile App oder einen Computer, wo immer Sie sich befinden.<strong>F: Ist die PowerSeries sowohl f\u00fcr den privaten als auch f\u00fcr den gewerblichen Gebrauch geeignet?<\/strong>A: Ja, seine Flexibilit\u00e4t und ma\u00dfgeschneiderte L\u00f6sungen machen es ideal f\u00fcr private und gewerbliche Anwendungen.<\/p>\n<h3><strong>Abschluss<\/strong><\/h3>\n<p>Mit PowerSeries Neo erhalten Sie nicht nur eine Sicherheitsl\u00f6sung; Sie erhalten Innovation, Flexibilit\u00e4t und \u00fcberlegene Technologie.<\/li>\n<\/ul>\n<p><b>\u00a0<\/b><\/p>","protected":false},"excerpt":{"rendered":"<p>DSC NEO-Hybridalarm \u2013 Kombinieren Sie kabellos und kabelgebunden nach Belieben mit kabellosem PowerG-Zubeh\u00f6r \u2013 niedrigster Preis!<\/p>","protected":false},"featured_media":141117,"template":"","meta":{"_acf_changed":false},"product_brand":[],"product_cat":[1322,3318],"product_tag":[],"class_list":{"0":"post-145777","1":"product","2":"type-product","3":"status-publish","4":"has-post-thumbnail","6":"product_cat-dsc-larm-neo-power-hybridlarm","7":"product_cat-larmpaket-dsc-larm-neo-power-hybridlarm","8":"pa_brands-dsc","9":"tm-no-options","11":"first","12":"instock","13":"sale","14":"taxable","15":"shipping-taxable","16":"purchasable","17":"product-type-woosb"},"acf":[],"_links":{"self":[{"href":"https:\/\/secureus.se\/de\/wp-json\/wp\/v2\/product\/145777","targetHints":{"allow":["GET"]}}],"collection":[{"href":"https:\/\/secureus.se\/de\/wp-json\/wp\/v2\/product"}],"about":[{"href":"https:\/\/secureus.se\/de\/wp-json\/wp\/v2\/types\/product"}],"wp:featuredmedia":[{"embeddable":true,"href":"https:\/\/secureus.se\/de\/wp-json\/wp\/v2\/media\/141117"}],"wp:attachment":[{"href":"https:\/\/secureus.se\/de\/wp-json\/wp\/v2\/media?parent=145777"}],"wp:term":[{"taxonomy":"product_brand","embeddable":true,"href":"https:\/\/secureus.se\/de\/wp-json\/wp\/v2\/product_brand?post=145777"},{"taxonomy":"product_cat","embeddable":true,"href":"https:\/\/secureus.se\/de\/wp-json\/wp\/v2\/product_cat?post=145777"},{"taxonomy":"product_tag","embeddable":true,"href":"https:\/\/secureus.se\/de\/wp-json\/wp\/v2\/product_tag?post=145777"}],"curies":[{"name":"wp","href":"https:\/\/api.w.org\/{rel}","templated":true}]}}