{"id":145787,"date":"2024-12-10T13:26:39","date_gmt":"2024-12-10T12:26:39","guid":{"rendered":"https:\/\/secureus.se\/?post_type=product&#038;p=145787"},"modified":"2025-10-21T11:53:38","modified_gmt":"2025-10-21T09:53:38","slug":"paket-halvsats-abloy-eltryckeslas-el482-29mm-kabel-ea220-2","status":"publish","type":"product","link":"https:\/\/secureus.se\/de\/paket-halvsats-abloy-eltryckeslas-el482-29mm-kabel-ea220-2\/","title":{"rendered":"Paket \u2013 halber Satz: Abloy Elektro-Druckschloss EL482 29 mm + Kabel EA220"},"content":{"rendered":"<p>Komplettset bestehend aus 1 St\u00fcck: 1 St\u00fcck Schloss EL482 29 mm1 St\u00fcck Kabel EA220 10 Meter<\/p>","protected":false},"excerpt":{"rendered":"<p>Schl\u00f6sser von Assa Abloy zum niedrigsten Preis.<\/p>","protected":false},"featured_media":140031,"template":"","meta":{"_acf_changed":false},"product_brand":[],"product_cat":[2429],"product_tag":[2290,4863],"class_list":{"0":"post-145787","1":"product","2":"type-product","3":"status-publish","4":"has-post-thumbnail","6":"product_cat-ellas","7":"product_tag-ellas-komplett-sats-kpl","8":"product_tag-pf","9":"pa_brands-abloy","10":"tm-no-options","12":"first","13":"instock","14":"sale","15":"taxable","16":"shipping-taxable","17":"purchasable","18":"product-type-woosb"},"acf":[],"_links":{"self":[{"href":"https:\/\/secureus.se\/de\/wp-json\/wp\/v2\/product\/145787","targetHints":{"allow":["GET"]}}],"collection":[{"href":"https:\/\/secureus.se\/de\/wp-json\/wp\/v2\/product"}],"about":[{"href":"https:\/\/secureus.se\/de\/wp-json\/wp\/v2\/types\/product"}],"wp:featuredmedia":[{"embeddable":true,"href":"https:\/\/secureus.se\/de\/wp-json\/wp\/v2\/media\/140031"}],"wp:attachment":[{"href":"https:\/\/secureus.se\/de\/wp-json\/wp\/v2\/media?parent=145787"}],"wp:term":[{"taxonomy":"product_brand","embeddable":true,"href":"https:\/\/secureus.se\/de\/wp-json\/wp\/v2\/product_brand?post=145787"},{"taxonomy":"product_cat","embeddable":true,"href":"https:\/\/secureus.se\/de\/wp-json\/wp\/v2\/product_cat?post=145787"},{"taxonomy":"product_tag","embeddable":true,"href":"https:\/\/secureus.se\/de\/wp-json\/wp\/v2\/product_tag?post=145787"}],"curies":[{"name":"wp","href":"https:\/\/api.w.org\/{rel}","templated":true}]}}