{"id":146113,"date":"2024-12-28T12:23:33","date_gmt":"2024-12-28T11:23:33","guid":{"rendered":"https:\/\/secureus.se\/?post_type=product&#038;p=146113"},"modified":"2026-04-09T11:33:03","modified_gmt":"2026-04-09T09:33:03","slug":"system-sensor-eco1005-a-eco-konventionell-varmedetektor-stigningshastighet","status":"publish","type":"product","link":"https:\/\/secureus.se\/de\/system-sensor-eco1005-a-eco-konventionell-varmedetektor-stigningshastighet\/","title":{"rendered":"System Sensor ECO1005 A ECO Konventioneller W\u00e4rmemelder, Anstiegsgeschwindigkeit"},"content":{"rendered":"<div class=\"headernamehrnone\">Der W\u00e4rmemelder ECO1005 A geh\u00f6rt zur Detektorserie ECO1000 von System Sensors. Die ECO1000-Serie umfasst konventionelle W\u00e4rmemelder, die mit modernster Fertigungstechnologie hergestellt werden.<br \/>\nund sind mit einer Reihe fortschrittlicher Funktionen ausgestattet, wodurch sie \u201evon vornherein besser konstruiert\u201c sind.<\/p>\n<p>Der W\u00e4rmemelder ECO1005 A nutzt ein hochmodernes W\u00e4rmeelement in Kombination mit einem anwendungsspezifischen integrierten Schaltkreis (ASIC) f\u00fcr eine schnelle und pr\u00e4zise Branderkennung. Der Melder verf\u00fcgt \u00fcber ein Anstiegs- und ein Ruheelement und eignet sich f\u00fcr alle Bereiche, in denen die Umgebungstemperaturen \u00fcblicherweise keinen schnellen Schwankungen unterliegen.<\/p>\n<p>F\u00fcr Alarmtests mit den ECO1000-Detektoren kann ein laserbasiertes Handtestger\u00e4t verwendet werden. Das Ger\u00e4t sendet eine codierte Nachricht, um Fehlalarme durch andere laserbasierte Ger\u00e4te zu verhindern. Mit einer Reichweite von mehreren Metern erm\u00f6glicht das Handtestger\u00e4t einen einfachen Ferntest der ECO1000-Detektoren, ohne dass der Benutzer direkten physischen Zugriff auf den Detektor ben\u00f6tigt.<\/p>\n<p>Der Melder ECO1005 A verf\u00fcgt \u00fcber eine integrierte LED, die bei einem lokalen Alarm aufleuchtet. Diese LED bleibt so lange an, bis der Melder durch einen kurzzeitigen Stromausfall zur\u00fcckgesetzt wird. Zur Wiederholung des Alarmsignals kann eine externe LED-Anzeige verwendet werden.<\/p>\n<p>F\u00fcr den Melder ECO1005 A sind verschiedene Meldersockel erh\u00e4ltlich, die Flexibilit\u00e4t und Kompatibilit\u00e4t mit einer Vielzahl von Brandmeldezentralen gew\u00e4hrleisten. Alle Sockel sind mit einer Kurzschlussfeder ausgestattet, um vor der Montage des Melders eine Funktionspr\u00fcfung zu erm\u00f6glichen, und verf\u00fcgen \u00fcber eine Manipulationssicherung, die im aktivierten Zustand ein werkzeugloses Entfernen des Melders verhindert.<\/p><\/div>\n<div class=\"row headername\">\n<div class=\"item-header rd-hyg-item-header\"><strong>Hauptmerkmale<\/strong><\/div>\n<div class=\"row\">\n<ul>\n<li>Flaches Design<\/li>\n<li>Geringer Stromverbrauch<\/li>\n<li>58 \u00b0C Betriebstemperatur<\/li>\n<li>Funktioniert mit 12 und 24 V Gleichstrom.<\/li>\n<li>Fernalarmtestfunktion<\/li>\n<li>Einfache Wartung<\/li>\n<li>Zugelassen gem\u00e4\u00df EN54-5:2000 Klasse A1R<\/li>\n<\/ul>\n<\/div>\n<\/div>","protected":false},"excerpt":{"rendered":"<p>System Sensor ECO1005 A ECO Konventioneller W\u00e4rmemelder, Anstiegsgeschwindigkeit<\/p>\n<ul class=\"UnorderedListStyle--1koui9a ksyVRL mainfeatureslist\">\n<li class=\"ListItemStyle--1yqofwy kEFzCE\">Flaches Design<\/li>\n<li class=\"ListItemStyle--1yqofwy kEFzCE\">Geringer Stromverbrauch<\/li>\n<li class=\"ListItemStyle--1yqofwy kEFzCE\">58 \u00b0C Betriebstemperatur<\/li>\n<\/ul>","protected":false},"featured_media":146112,"template":"","meta":{"_acf_changed":false},"product_brand":[],"product_cat":[4755,4157],"product_tag":[],"class_list":{"0":"post-146113","1":"product","2":"type-product","3":"status-publish","4":"has-post-thumbnail","6":"product_cat-eco-1000-serien","7":"product_cat-varmedetektor","8":"product_shipping_class-tunga-paket","9":"pa_brands-system-sensor","10":"tm-no-options","12":"first","13":"instock","14":"taxable","15":"shipping-taxable","16":"purchasable","17":"product-type-simple"},"acf":[],"_links":{"self":[{"href":"https:\/\/secureus.se\/de\/wp-json\/wp\/v2\/product\/146113","targetHints":{"allow":["GET"]}}],"collection":[{"href":"https:\/\/secureus.se\/de\/wp-json\/wp\/v2\/product"}],"about":[{"href":"https:\/\/secureus.se\/de\/wp-json\/wp\/v2\/types\/product"}],"wp:featuredmedia":[{"embeddable":true,"href":"https:\/\/secureus.se\/de\/wp-json\/wp\/v2\/media\/146112"}],"wp:attachment":[{"href":"https:\/\/secureus.se\/de\/wp-json\/wp\/v2\/media?parent=146113"}],"wp:term":[{"taxonomy":"product_brand","embeddable":true,"href":"https:\/\/secureus.se\/de\/wp-json\/wp\/v2\/product_brand?post=146113"},{"taxonomy":"product_cat","embeddable":true,"href":"https:\/\/secureus.se\/de\/wp-json\/wp\/v2\/product_cat?post=146113"},{"taxonomy":"product_tag","embeddable":true,"href":"https:\/\/secureus.se\/de\/wp-json\/wp\/v2\/product_tag?post=146113"}],"curies":[{"name":"wp","href":"https:\/\/api.w.org\/{rel}","templated":true}]}}