{"id":146151,"date":"2024-12-30T14:57:02","date_gmt":"2024-12-30T13:57:02","guid":{"rendered":"https:\/\/secureus.se\/?post_type=product&#038;p=146151"},"modified":"2026-03-27T10:32:58","modified_gmt":"2026-03-27T09:32:58","slug":"risco-lunar-dt-360-takmonterad-detektor-klass-3-rk150dtg3","status":"publish","type":"product","link":"https:\/\/secureus.se\/de\/risco-lunar-dt-360-takmonterad-detektor-klass-3-rk150dtg3\/","title":{"rendered":"RISCO LuNAR DT 360 Deckenmontage-Detektor, Klasse 3 RK150DTG3"},"content":{"rendered":"<h1>RISCO LuNAR DT 360 Deckenmontage-Detektor, Klasse 3 RK150DTG3<\/h1>\n<p data-start=\"457\" data-end=\"890\">Der Deckenmelder RISCO LuNAR DT 360 (Modell RK150DTG3) wurde entwickelt, um mit fortschrittlicher Erkennungstechnologie hohe Sicherheit zu bieten.<\/p>\n<p data-start=\"457\" data-end=\"890\">Dieser Detektor verwendet eine Kombination aus PIR- (Passiv-Infrarot-Sensor) und MW-Technologie (Mikrowelle) bei 10,525 GHz, wodurch er f\u00fcr Bewegungs- und Temperatursignale \u00e4u\u00dferst empfindlich und genau ist.<\/p>\n<p data-start=\"457\" data-end=\"890\">Mit einem 360\u00b0-Sichtfeld und einer Reichweite von bis zu 12 Metern eignet es sich perfekt f\u00fcr die \u00dcberwachung gro\u00dfer Innenbereiche.<\/p>\n<p data-start=\"892\" data-end=\"1225\">Der Detektor ist mit einer einzigartigen sph\u00e4rischen 110\u00b0-Linse ausgestattet, die eine vollst\u00e4ndige 360\u00b0-Abdeckung ohne tote Winkel bietet.<\/p>\n<p data-start=\"892\" data-end=\"1225\">Es verf\u00fcgt au\u00dferdem \u00fcber eine Anti-Maskierungsfunktion, mit der es Hindernisse erkennt, die versuchen, sein Sichtfeld zu blockieren oder die Bewegungserkennung zu maskieren.<\/p>\n<p data-start=\"892\" data-end=\"1225\">Dies macht es besonders n\u00fctzlich f\u00fcr Bereiche, in denen hohe Sicherheitsanforderungen bestehen.<\/p>\n<p data-start=\"1227\" data-end=\"1516\">Mit einer Montageh\u00f6he zwischen 2,4 und 4 Metern bietet dieser Melder eine flexible Installation, die zu verschiedenen Geb\u00e4udetypen und R\u00e4umen passt.<\/p>\n<p data-start=\"1227\" data-end=\"1516\">Durch sein niedriges Profil und sein kompaktes Design l\u00e4sst es sich leicht in verschiedene Installationen integrieren und beh\u00e4lt dabei sein diskretes Erscheinungsbild.<\/p>\n<p data-start=\"1518\" data-end=\"1843\">Um eine zuverl\u00e4ssige Leistung in allen Umgebungen zu gew\u00e4hrleisten, ist der Detektor mit einer Temperaturkompensation ausgestattet, sodass er unabh\u00e4ngig von Temperaturschwankungen optimal funktioniert.<\/p>\n<p data-start=\"1518\" data-end=\"1843\">Der Detektor verf\u00fcgt au\u00dferdem \u00fcber eingebaute Widerst\u00e4nde in der gr\u00fcnen Leitung, um den Einfluss externer Faktoren zu reduzieren und einen langfristigen und stabilen Betrieb zu gew\u00e4hrleisten.<\/p>\n<p data-start=\"1845\" data-end=\"2123\">Dieser Detektor ist die ideale L\u00f6sung, um sicherzustellen, dass Ihr Sicherheitssystem effektiv funktioniert, ohne Fehlalarme auszul\u00f6sen.<\/p>\n<p data-start=\"1845\" data-end=\"2123\">Der Melder ist mit der Sicherheitsklasse 3 zertifiziert und erf\u00fcllt damit hohe Anforderungen f\u00fcr den Einsatz in sicherheitskritischen Bereichen.<\/p>\n<p data-start=\"2125\" data-end=\"2153\"><strong data-start=\"2125\" data-end=\"2153\">Hauptmerkmale:<\/strong><\/p>\n<ul data-start=\"2154\" data-end=\"2548\">\n<li data-start=\"2154\" data-end=\"2179\">\n<p data-start=\"2156\" data-end=\"2179\"><strong data-start=\"2156\" data-end=\"2170\">Technologie:<\/strong> PIR + MW<\/p>\n<\/li>\n<li data-start=\"2180\" data-end=\"2218\">\n<p data-start=\"2182\" data-end=\"2218\"><strong data-start=\"2182\" data-end=\"2203\">Erfassungsbereich:<\/strong> 12 Meter, 360\u00b0<\/p>\n<\/li>\n<li data-start=\"2219\" data-end=\"2260\">\n<p data-start=\"2221\" data-end=\"2260\"><strong data-start=\"2221\" data-end=\"2240\">Montageh\u00f6he:<\/strong> 2,4 Meter \u2013 4 Meter<\/p>\n<\/li>\n<li data-start=\"2261\" data-end=\"2291\">\n<p data-start=\"2263\" data-end=\"2291\"><strong data-start=\"2263\" data-end=\"2279\">Abmessungen:<\/strong> 135 x 27 mm<\/p>\n<\/li>\n<li data-start=\"2292\" data-end=\"2309\">\n<p data-start=\"2294\" data-end=\"2309\"><strong data-start=\"2294\" data-end=\"2303\">Gewicht:<\/strong> 200 g<\/p>\n<\/li>\n<li data-start=\"2310\" data-end=\"2343\">\n<p data-start=\"2312\" data-end=\"2343\"><strong data-start=\"2312\" data-end=\"2333\">Stromversorgung:<\/strong> 9 \u2013 16 VDC<\/p>\n<\/li>\n<li data-start=\"2344\" data-end=\"2361\">\n<p data-start=\"2346\" data-end=\"2361\"><strong data-start=\"2346\" data-end=\"2356\">Aktuell:<\/strong> 16 mA<\/p>\n<\/li>\n<li data-start=\"2362\" data-end=\"2431\">\n<p data-start=\"2364\" data-end=\"2431\"><strong data-start=\"2364\" data-end=\"2379\">Eigenschaften:<\/strong> Zoomfunktion, ACT, Anti-Mask, einstellbare Empfindlichkeit<\/p>\n<\/li>\n<li data-start=\"2432\" data-end=\"2452\">\n<p data-start=\"2434\" data-end=\"2452\"><strong data-start=\"2434\" data-end=\"2445\">Farben:<\/strong> Silber<\/p>\n<\/li>\n<li data-start=\"2453\" data-end=\"2483\">\n<p data-start=\"2455\" data-end=\"2483\"><strong data-start=\"2455\" data-end=\"2471\">Anwendung:<\/strong> Innenbereich<\/p>\n<\/li>\n<li data-start=\"2484\" data-end=\"2511\">\n<p data-start=\"2486\" data-end=\"2511\"><strong data-start=\"2486\" data-end=\"2498\">Montage:<\/strong> Deckenmontage<\/p>\n<\/li>\n<li data-start=\"2512\" data-end=\"2548\">\n<p data-start=\"2514\" data-end=\"2548\"><strong data-start=\"2514\" data-end=\"2531\">Zertifizierung:<\/strong> Sicherheitsklasse 3<\/p>\n<\/li>\n<\/ul>\n<p data-start=\"2550\" data-end=\"2800\">Dieser Detektor ist eine ausgezeichnete Wahl f\u00fcr alle, die eine leistungsstarke L\u00f6sung f\u00fcr die Sicherheit im Innenbereich suchen.<\/p>\n<p data-start=\"2550\" data-end=\"2800\">Mit seinen erweiterten Funktionen und der einfachen Installation ist der RISCO LuNAR DT 360 eine zuverl\u00e4ssige und effektive Komponente f\u00fcr ein professionelles Sicherheitssystem.<\/p>","protected":false},"excerpt":{"rendered":"<p>Der Deckenmelder RISCO LuNAR DT 360 ist ein Hochsicherheitsmelder mit PIR + MW-Dualtechnologie, 360\u00b0-Abdeckung und einer Reichweite von bis zu 12 Metern.<\/p>\n<p>Ausgestattet mit Anti-Masking-Funktion und einstellbarer Empfindlichkeit ist es ideal f\u00fcr den Einsatz in Inneninstallationen bis zu 4 Metern H\u00f6he.<\/p>","protected":false},"featured_media":146150,"template":"","meta":{"_acf_changed":false},"product_brand":[],"product_cat":[3188],"product_tag":[],"class_list":{"0":"post-146151","1":"product","2":"type-product","3":"status-publish","4":"has-post-thumbnail","6":"product_cat-larmenheter-risco-larm","7":"pa_brands-4risco","8":"pa_farg-silver","9":"tm-no-options","11":"first","12":"instock","13":"taxable","14":"shipping-taxable","15":"purchasable","16":"product-type-simple"},"acf":[],"_links":{"self":[{"href":"https:\/\/secureus.se\/de\/wp-json\/wp\/v2\/product\/146151","targetHints":{"allow":["GET"]}}],"collection":[{"href":"https:\/\/secureus.se\/de\/wp-json\/wp\/v2\/product"}],"about":[{"href":"https:\/\/secureus.se\/de\/wp-json\/wp\/v2\/types\/product"}],"wp:featuredmedia":[{"embeddable":true,"href":"https:\/\/secureus.se\/de\/wp-json\/wp\/v2\/media\/146150"}],"wp:attachment":[{"href":"https:\/\/secureus.se\/de\/wp-json\/wp\/v2\/media?parent=146151"}],"wp:term":[{"taxonomy":"product_brand","embeddable":true,"href":"https:\/\/secureus.se\/de\/wp-json\/wp\/v2\/product_brand?post=146151"},{"taxonomy":"product_cat","embeddable":true,"href":"https:\/\/secureus.se\/de\/wp-json\/wp\/v2\/product_cat?post=146151"},{"taxonomy":"product_tag","embeddable":true,"href":"https:\/\/secureus.se\/de\/wp-json\/wp\/v2\/product_tag?post=146151"}],"curies":[{"name":"wp","href":"https:\/\/api.w.org\/{rel}","templated":true}]}}