{"id":146211,"date":"2025-01-04T16:14:38","date_gmt":"2025-01-04T15:14:38","guid":{"rendered":"https:\/\/secureus.se\/?post_type=product&#038;p=146211"},"modified":"2025-12-31T21:38:03","modified_gmt":"2025-12-31T20:38:03","slug":"rfid-stickers-sjalvhaftande-nfc-ntag-213-pappers","status":"publish","type":"product","link":"https:\/\/secureus.se\/de\/rfid-stickers-sjalvhaftande-nfc-ntag-213-pappers\/","title":{"rendered":"RFID Sticker selbstklebend NFC NTAG 213 \u2013 Papier"},"content":{"rendered":"<p>Lieferung 1 und 1 mit selbstklebender Oberfl\u00e4che und eingebautem Chip (NFC NTAG 213)<\/p>\n<p>Da es aus Papier besteht, ist es extrem d\u00fcnn und relativ zerbrechlich.<\/p>\n<p>Wenn Sie einen Stock w\u00fcnschen, der \u00e4u\u00dferen Einfl\u00fcssen besser standh\u00e4lt, w\u00e4hlen Sie einen Stock aus PVC.<\/p>\n<div>\n<div>\n<div data-tid=\"messageBodyContainer\">\n<div data-tid=\"messageBodyContent\">\n<div>\n<div>\n<div>\n<p>Aufkleber ist ein g\u00fcnstiges und gutes Produkt mit Originalchip f\u00fcr alle Anwendungen.<\/p>\n<\/div>\n<\/div>\n<\/div>\n<\/div>\n<\/div>\n<\/div>\n<\/div>","protected":false},"excerpt":{"rendered":"<p>Lieferung 1 und 1 mit selbstklebender Oberfl\u00e4che und eingebautem Chip (NFC NTAG 213)<\/p>","protected":false},"featured_media":141754,"template":"","meta":{"_acf_changed":false},"product_brand":[],"product_cat":[1357,4232],"product_tag":[2958],"class_list":{"0":"post-146211","1":"product","2":"type-product","3":"status-publish","4":"has-post-thumbnail","6":"product_cat-rfid-sticker","7":"product_cat-rfid-kort-legic-pac-fm-5542","8":"product_tag-stonehouse-produkt","9":"product_shipping_class-postnord-varubrev","10":"pa_brands-stonehouse-security","11":"pa_farg-vit","12":"tm-no-options","14":"first","15":"instock","16":"featured","17":"taxable","18":"shipping-taxable","19":"purchasable","20":"product-type-simple"},"acf":[],"_links":{"self":[{"href":"https:\/\/secureus.se\/de\/wp-json\/wp\/v2\/product\/146211","targetHints":{"allow":["GET"]}}],"collection":[{"href":"https:\/\/secureus.se\/de\/wp-json\/wp\/v2\/product"}],"about":[{"href":"https:\/\/secureus.se\/de\/wp-json\/wp\/v2\/types\/product"}],"wp:featuredmedia":[{"embeddable":true,"href":"https:\/\/secureus.se\/de\/wp-json\/wp\/v2\/media\/141754"}],"wp:attachment":[{"href":"https:\/\/secureus.se\/de\/wp-json\/wp\/v2\/media?parent=146211"}],"wp:term":[{"taxonomy":"product_brand","embeddable":true,"href":"https:\/\/secureus.se\/de\/wp-json\/wp\/v2\/product_brand?post=146211"},{"taxonomy":"product_cat","embeddable":true,"href":"https:\/\/secureus.se\/de\/wp-json\/wp\/v2\/product_cat?post=146211"},{"taxonomy":"product_tag","embeddable":true,"href":"https:\/\/secureus.se\/de\/wp-json\/wp\/v2\/product_tag?post=146211"}],"curies":[{"name":"wp","href":"https:\/\/api.w.org\/{rel}","templated":true}]}}