{"id":146316,"date":"2025-01-08T17:08:18","date_gmt":"2025-01-08T16:08:18","guid":{"rendered":"https:\/\/secureus.se\/?post_type=product&#038;p=146316"},"modified":"2026-01-06T20:58:26","modified_gmt":"2026-01-06T19:58:26","slug":"risco-2mp-vupoint-p2p-ir-ip-kamera-28-mm-objektiv-rvcm52w1400a","status":"publish","type":"product","link":"https:\/\/secureus.se\/de\/risco-2mp-vupoint-p2p-ir-ip-kamera-28-mm-objektiv-rvcm52w1400a\/","title":{"rendered":"RISCO 2MP VUpoint P2P IR IP-Kamera, 2,8-mm-Objektiv RVCM52W1400A"},"content":{"rendered":"<h1>RISCO 2MP VUpoint P2P IR IP-Kamera, 2,8-mm-Objektiv RVCM52W1400A<\/h1>\n<p data-start=\"459\" data-end=\"794\">Die RISCO 2MP VUpoint P2P IR IP-Kamera (Modell RVCM52W1400A) ist eine fortschrittliche Sicherheitsl\u00f6sung, die Tag und Nacht eine klare und detaillierte Video\u00fcberwachung bietet.<\/p>\n<p data-start=\"459\" data-end=\"794\">Mit einer Aufl\u00f6sung von 1920\u00d71080 (Full HD) erhalten Nutzer gestochen scharfe Bilder, die f\u00fcr eine hohe Sicherheit und schnelle Identifizierung von Objekten oder Personen entscheidend sind.<\/p>\n<p data-start=\"796\" data-end=\"1231\">Diese IP-Kamera verwendet die drahtlose P2P-Technologie (Peer-to-Peer), wodurch die Installation einfach und schnell ist.<\/p>\n<p data-start=\"796\" data-end=\"1231\">Die Kamera erfordert keine komplizierte Netzwerkkonfiguration und stellt \u00fcber eine App oder das Internet eine direkte Verbindung zu Ihrem System her.<\/p>\n<p data-start=\"796\" data-end=\"1231\">Es verf\u00fcgt \u00fcber ein Festobjektiv mit einer Brennweite von 2,8 mm, das einen weiten Winkel zur Abdeckung eines gro\u00dfen Bereichs und ein Sichtfeld von satten 114,6\u00b0 bietet.<\/p>\n<p data-start=\"796\" data-end=\"1231\">Dadurch eignet es sich optimal zur \u00dcberwachung von Innen- und Au\u00dfenbereichen.<\/p>\n<p data-start=\"1233\" data-end=\"1561\">Eines der beeindruckendsten Merkmale dieser Kamera ist ihre Nachtsicht.<\/p>\n<p data-start=\"1233\" data-end=\"1561\">Dank der integrierten Infrarotbeleuchtung kann die Kamera auch bei Dunkelheit klare Bilder aus bis zu 30 Metern Entfernung aufnehmen.<\/p>\n<p data-start=\"1233\" data-end=\"1561\">Dadurch ist die Kamera auch in den dunklen Nachtstunden zuverl\u00e4ssig und sorgt rund um die Uhr f\u00fcr kontinuierliche Sicherheit.<\/p>\n<p data-start=\"1563\" data-end=\"1906\">Es verf\u00fcgt au\u00dferdem \u00fcber ein eingebautes Mikrofon, mit dem Sie Ihre Umgebung h\u00f6ren k\u00f6nnen. Dies ist eine gro\u00dfartige Funktion zum \u00dcberwachen von Audio und Video.<\/p>\n<p data-start=\"1563\" data-end=\"1906\">Eine weitere n\u00fctzliche Funktion ist die lokale Speicheroption per SD-Karte, die es Benutzern erm\u00f6glicht, aufgezeichnete Videos auf der Kamera selbst zu speichern, was f\u00fcr zus\u00e4tzliche Sicherheit und Zuverl\u00e4ssigkeit sorgt.<\/p>\n<p data-start=\"1908\" data-end=\"2186\">Mit der Schutzart IP67 ist die Kamera vollst\u00e4ndig gegen Staub gesch\u00fctzt und h\u00e4lt Regen und anderen Wetterbedingungen stand, sodass sie sich perfekt f\u00fcr den Einsatz im Innen- und Au\u00dfenbereich eignet.<\/p>\n<p data-start=\"1908\" data-end=\"2186\">Dadurch kann es bei jedem Wetter eingesetzt werden und bietet eine sichere Video\u00fcberwachung, wenn sie am dringendsten ben\u00f6tigt wird.<\/p>\n<p data-start=\"2188\" data-end=\"2492\">Diese Kamera ist eine ideale L\u00f6sung f\u00fcr Benutzer, die eine zuverl\u00e4ssige, hochaufl\u00f6sende und benutzerfreundliche \u00dcberwachungskamera suchen.<\/p>\n<p data-start=\"2188\" data-end=\"2492\">Egal, ob Sie Ihr Zuhause, Ihr B\u00fcro oder andere Immobilien im Auge behalten m\u00f6chten, diese Kamera bietet alle Funktionen und die Flexibilit\u00e4t, die Sie zur Aufrechterhaltung der Sicherheit ben\u00f6tigen.<\/p>","protected":false},"excerpt":{"rendered":"<p>Die RISCO 2MP VUpoint P2P IR IP-Kamera ist eine hochaufl\u00f6sende Sicherheitskamera f\u00fcr den Innen- und Au\u00dfenbereich.<\/p>\n<p>Es verf\u00fcgt \u00fcber eine Aufl\u00f6sung von 1920\u00d71080 und ist mit einer Farbnachtsicht ausgestattet, die bis zu 30 Meter reicht.<\/p>\n<p>Die Kamera ist einfach zu installieren und verf\u00fcgt \u00fcber eine drahtlose Verbindung \u00fcber P2P-Technologie.<\/p>","protected":false},"featured_media":146315,"template":"","meta":{"_acf_changed":false},"product_brand":[],"product_cat":[3192],"product_tag":[],"class_list":{"0":"post-146316","1":"product","2":"type-product","3":"status-publish","4":"has-post-thumbnail","6":"product_cat-risco-ip-kamera","7":"pa_brands-4risco","8":"tm-no-options","10":"first","11":"onbackorder","12":"taxable","13":"shipping-taxable","14":"purchasable","15":"product-type-simple"},"acf":[],"_links":{"self":[{"href":"https:\/\/secureus.se\/de\/wp-json\/wp\/v2\/product\/146316","targetHints":{"allow":["GET"]}}],"collection":[{"href":"https:\/\/secureus.se\/de\/wp-json\/wp\/v2\/product"}],"about":[{"href":"https:\/\/secureus.se\/de\/wp-json\/wp\/v2\/types\/product"}],"wp:featuredmedia":[{"embeddable":true,"href":"https:\/\/secureus.se\/de\/wp-json\/wp\/v2\/media\/146315"}],"wp:attachment":[{"href":"https:\/\/secureus.se\/de\/wp-json\/wp\/v2\/media?parent=146316"}],"wp:term":[{"taxonomy":"product_brand","embeddable":true,"href":"https:\/\/secureus.se\/de\/wp-json\/wp\/v2\/product_brand?post=146316"},{"taxonomy":"product_cat","embeddable":true,"href":"https:\/\/secureus.se\/de\/wp-json\/wp\/v2\/product_cat?post=146316"},{"taxonomy":"product_tag","embeddable":true,"href":"https:\/\/secureus.se\/de\/wp-json\/wp\/v2\/product_tag?post=146316"}],"curies":[{"name":"wp","href":"https:\/\/api.w.org\/{rel}","templated":true}]}}