{"id":146326,"date":"2025-01-09T10:49:42","date_gmt":"2025-01-09T09:49:42","guid":{"rendered":"https:\/\/secureus.se\/risco-rvcm32w1600b-vupoint-2mp-inomhus-utomhus-p2p-ir-dome-kamera-28-mm-fast-objektiv\/"},"modified":"2026-04-23T13:30:07","modified_gmt":"2026-04-23T11:30:07","slug":"risco-vupoint-2mp-inomhus-utomhus-p2p-ir-dome-kamera-28-mm-fast-objektiv-rvcm32w1600b","status":"publish","type":"product","link":"https:\/\/secureus.se\/de\/risco-vupoint-2mp-inomhus-utomhus-p2p-ir-dome-kamera-28-mm-fast-objektiv-rvcm32w1600b\/","title":{"rendered":"RISCO VUPoint 2MP P2P-IR-Domekamera f\u00fcr den Innen- und Au\u00dfenbereich, 2,8-mm-Festobjektiv RVCM32W1600B"},"content":{"rendered":"<div class=\"row headername\">\n<div class=\"row\">\n<h1>RISCO VUPoint 2MP P2P-IR-Domekamera f\u00fcr den Innen- und Au\u00dfenbereich, 2,8-mm-Festobjektiv RVCM32W1600B<\/h1>\n<p data-start=\"486\" data-end=\"898\">Die RISCO VUPoint 2MP Indoor\/Outdoor P2P IR-Dome-Kamera (Modell RVCM32W1600B) ist eine fortschrittliche Sicherheitsl\u00f6sung, die hochaufl\u00f6sende Videoaufzeichnung, zuverl\u00e4ssige Funktionalit\u00e4t und einfache Installation f\u00fcr den Innen- und Au\u00dfenbereich kombiniert.<\/p>\n<p data-start=\"486\" data-end=\"898\">Mit einer Aufl\u00f6sung von 2 MP liefert die Kamera kristallklare Videos, mit denen Benutzer ihre Immobilien genau \u00fcberwachen k\u00f6nnen, egal ob sie vor Ort oder aus der Ferne sind.<\/p>\n<p data-start=\"900\" data-end=\"1312\">Die integrierte P2P-Technologie (Peer-to-Peer) erm\u00f6glicht eine schnelle und einfache Installation, ohne dass eine erweiterte Netzwerkkonfiguration erforderlich ist.<\/p>\n<p data-start=\"900\" data-end=\"1312\">Sie k\u00f6nnen die Kamera einfach an Ihr System anschlie\u00dfen und das Video-Streaming direkt \u00fcber Ihr Smartphone oder Ihren Computer starten.<\/p>\n<p data-start=\"900\" data-end=\"1312\">Wenn die Kamera mit der RISCO Cloud verbunden ist, erhalten Benutzer Zugriff auf erweiterte Videoverwaltungsfunktionen wie Echtzeit-Alarm\u00fcberpr\u00fcfung, Live-Anzeige und Aufzeichnung.<\/p>\n<p data-start=\"1314\" data-end=\"1797\">Diese Kamera eignet sich perfekt f\u00fcr Sicherheitssysteme, die sowohl Flexibilit\u00e4t als auch Zuverl\u00e4ssigkeit erfordern. Mit seinem 2,8-mm-Festobjektiv bietet es ein weites Sichtfeld von 114,6\u00b0 und erm\u00f6glicht so eine Weitwinkelansicht zur Abdeckung gr\u00f6\u00dferer Bereiche.<\/p>\n<p data-start=\"1314\" data-end=\"1797\">Die Kamera ist au\u00dferdem mit Infrarot-LEDs (IR) ausgestattet, um auch bei schlechten Lichtverh\u00e4ltnissen ein klares Bild mit einer Nachtsichtdistanz von bis zu 20 Metern zu liefern. Dadurch kann die Kamera sowohl tags\u00fcber als auch nachts effektiv eingesetzt werden und gew\u00e4hrleistet eine kontinuierliche \u00dcberwachung.<\/p>\n<p data-start=\"1799\" data-end=\"2198\">Die Kamera ist sowohl f\u00fcr den Innen- als auch f\u00fcr den Au\u00dfenbereich konzipiert und daher sehr vielseitig einsetzbar. Mit der Schutzart IP67 ist es gegen Staub und Wasser gesch\u00fctzt und somit robust genug, um Wetterbedingungen wie Regen und Schnee standzuhalten.<\/p>\n<p data-start=\"1799\" data-end=\"2198\">Dar\u00fcber hinaus ist die Kamera so konstruiert, dass sie extremen Temperaturen standh\u00e4lt. Ihr Betriebstemperaturbereich liegt zwischen -20 \u00b0C und +60 \u00b0C, sodass sie sich gut f\u00fcr den Einsatz in verschiedenen Klimazonen eignet.<\/p>\n<p data-start=\"2200\" data-end=\"2511\">Ein weiteres wichtiges Feature ist der eingebaute mechanische ICR (Infrared Cut Filter) f\u00fcr die Tag-\/Nachtfunktion, der daf\u00fcr sorgt, dass die Kamera sowohl tags\u00fcber als auch nachts pr\u00e4zise Bilder liefert.<\/p>\n<p data-start=\"2200\" data-end=\"2511\">Die Kamera unterst\u00fctzt auch die lokale Speicherung \u00fcber eine SD-Karte und bietet so eine sichere und zuverl\u00e4ssige Methode zum Speichern von Videoaufnahmen.<\/p>\n<p data-start=\"2513\" data-end=\"2820\">F\u00fcr Benutzer, die ein professionelles Videosystem w\u00fcnschen, bietet RISCO VUPoint eine umfassende L\u00f6sung mit Unterst\u00fctzung f\u00fcr mehrere Kameras, NVR-Systeme und eine leistungsstarke PC-Anwendung f\u00fcr die Live-Anzeige und Wiedergabe von Videos an mehreren Standorten.<\/p>\n<p data-start=\"2513\" data-end=\"2820\">Dies macht es zu einer ausgezeichneten Wahl f\u00fcr kleine und gro\u00dfe Sicherheitssysteme.<\/p>\n<p data-start=\"2822\" data-end=\"2852\"><strong data-start=\"2822\" data-end=\"2850\">Haupteigenschaften:<\/strong><\/p>\n<ul data-start=\"2853\" data-end=\"3444\">\n<li data-start=\"2853\" data-end=\"2896\">\n<p data-start=\"2855\" data-end=\"2896\">2MP-Aufl\u00f6sung f\u00fcr klare Videoqualit\u00e4t<\/p>\n<\/li>\n<li data-start=\"2897\" data-end=\"2950\">\n<p data-start=\"2899\" data-end=\"2950\">2,8 mm Festobjektiv f\u00fcr Weitwinkelansicht (114,6\u00b0 Sichtfeld)<\/p>\n<\/li>\n<li data-start=\"2951\" data-end=\"3006\">\n<p data-start=\"2953\" data-end=\"3006\">P2P-Technologie f\u00fcr einfache Installation und Verbindung<\/p>\n<\/li>\n<li data-start=\"3007\" data-end=\"3058\">\n<p data-start=\"3009\" data-end=\"3058\">Infrarot-Nachtsicht mit bis zu 20 m Sichtweite<\/p>\n<\/li>\n<li data-start=\"3059\" data-end=\"3111\">\n<p data-start=\"3061\" data-end=\"3111\">Full HD-Aufnahme und lokale Speicherung \u00fcber SD-Karte<\/p>\n<\/li>\n<li data-start=\"3112\" data-end=\"3163\">\n<p data-start=\"3114\" data-end=\"3163\">Schutzart IP67 f\u00fcr den Einsatz im Innen- und Au\u00dfenbereich<\/p>\n<\/li>\n<li data-start=\"3164\" data-end=\"3210\">\n<p data-start=\"3166\" data-end=\"3210\">Eingebauter mechanischer ICR f\u00fcr Tag-\/Nachtfunktion<\/p>\n<\/li>\n<li data-start=\"3211\" data-end=\"3264\">\n<p data-start=\"3213\" data-end=\"3264\">Kompatibel mit RISCO Cloud- und Sicherheitsl\u00f6sungen<\/p>\n<\/li>\n<li data-start=\"3265\" data-end=\"3328\">\n<p data-start=\"3267\" data-end=\"3328\">Einfache Integration mit professionellen Sicherheitssystemen von RISCO<\/p>\n<\/li>\n<li data-start=\"3329\" data-end=\"3388\">\n<p data-start=\"3331\" data-end=\"3388\">Vollst\u00e4ndig kompatibel mit RISCO VMS- und NVR-L\u00f6sungen<\/p>\n<\/li>\n<li data-start=\"3389\" data-end=\"3444\">\n<p data-start=\"3391\" data-end=\"3444\">Zertifiziert f\u00fcr den Einsatz in verschiedenen Umgebungen und Klimazonen<\/p>\n<\/li>\n<\/ul>\n<p data-start=\"3446\" data-end=\"3477\"><strong data-start=\"3446\" data-end=\"3475\">Technische Spezifikationen:<\/strong><\/p>\n<ul data-start=\"3478\" data-end=\"3833\">\n<li data-start=\"3478\" data-end=\"3501\">\n<p data-start=\"3480\" data-end=\"3501\"><strong data-start=\"3480\" data-end=\"3495\">Aufl\u00f6sung:<\/strong> 2MP<\/p>\n<\/li>\n<li data-start=\"3502\" data-end=\"3528\">\n<p data-start=\"3504\" data-end=\"3528\"><strong data-start=\"3504\" data-end=\"3519\">Brennweite:<\/strong> 2,8 mm<\/p>\n<\/li>\n<li data-start=\"3529\" data-end=\"3581\">\n<p data-start=\"3531\" data-end=\"3581\"><strong data-start=\"3531\" data-end=\"3559\">Maximale Videoaufl\u00f6sung:<\/strong> 1920 \u00d7 1080 (Full HD)<\/p>\n<\/li>\n<li data-start=\"3582\" data-end=\"3620\">\n<p data-start=\"3584\" data-end=\"3620\"><strong data-start=\"3584\" data-end=\"3596\">Lagerung:<\/strong> Lokaler Speicher auf SD-Karte<\/p>\n<\/li>\n<li data-start=\"3621\" data-end=\"3644\">\n<p data-start=\"3623\" data-end=\"3644\"><strong data-start=\"3623\" data-end=\"3635\">Sichtfeld:<\/strong> 114,6\u00b0<\/p>\n<\/li>\n<li data-start=\"3645\" data-end=\"3686\">\n<p data-start=\"3647\" data-end=\"3686\"><strong data-start=\"3647\" data-end=\"3662\">Nachtsicht:<\/strong> Ja, bis zu 20 Meter<\/p>\n<\/li>\n<li data-start=\"3687\" data-end=\"3745\">\n<p data-start=\"3689\" data-end=\"3745\"><strong data-start=\"3689\" data-end=\"3708\">Einstufung:<\/strong> IP67 (wasser- und staubdicht)<\/p>\n<\/li>\n<li data-start=\"3746\" data-end=\"3790\">\n<p data-start=\"3748\" data-end=\"3790\"><strong data-start=\"3748\" data-end=\"3772\">Temperaturbereich:<\/strong> -20 \u00b0C bis 60 \u00b0C<\/p>\n<\/li>\n<li data-start=\"3791\" data-end=\"3815\">\n<p data-start=\"3793\" data-end=\"3815\"><strong data-start=\"3793\" data-end=\"3806\">Stromspannung:<\/strong> 12V Gleichstrom<\/p>\n<\/li>\n<li data-start=\"3816\" data-end=\"3833\">\n<p data-start=\"3818\" data-end=\"3833\"><strong data-start=\"3818\" data-end=\"3827\">Gewicht:<\/strong> 180 g<\/p>\n<\/li>\n<\/ul>\n<\/div>\n<\/div>","protected":false},"excerpt":{"rendered":"<p>Die RISCO VUPoint 2MP Indoor\/Outdoor P2P IR Dome-Kamera ist eine hochwertige Sicherheitskamera mit 2MP-Aufl\u00f6sung, perfekt f\u00fcr den Einsatz im Innen- und Au\u00dfenbereich.<\/p>\n<p>Ausgestattet mit einem 2,8-mm-Festobjektiv und IR-Nachtsicht bietet es klare Videoqualit\u00e4t und eine reibungslose Installation \u00fcber die P2P-Technologie.<\/p>","protected":false},"featured_media":146325,"template":"","meta":{"_acf_changed":false},"product_brand":[],"product_cat":[3192],"product_tag":[],"class_list":{"0":"post-146326","1":"product","2":"type-product","3":"status-publish","4":"has-post-thumbnail","6":"product_cat-risco-ip-kamera","7":"pa_brands-4risco","8":"tm-no-options","10":"first","11":"onbackorder","12":"sale","13":"taxable","14":"shipping-taxable","15":"purchasable","16":"product-type-simple"},"acf":[],"_links":{"self":[{"href":"https:\/\/secureus.se\/de\/wp-json\/wp\/v2\/product\/146326","targetHints":{"allow":["GET"]}}],"collection":[{"href":"https:\/\/secureus.se\/de\/wp-json\/wp\/v2\/product"}],"about":[{"href":"https:\/\/secureus.se\/de\/wp-json\/wp\/v2\/types\/product"}],"wp:featuredmedia":[{"embeddable":true,"href":"https:\/\/secureus.se\/de\/wp-json\/wp\/v2\/media\/146325"}],"wp:attachment":[{"href":"https:\/\/secureus.se\/de\/wp-json\/wp\/v2\/media?parent=146326"}],"wp:term":[{"taxonomy":"product_brand","embeddable":true,"href":"https:\/\/secureus.se\/de\/wp-json\/wp\/v2\/product_brand?post=146326"},{"taxonomy":"product_cat","embeddable":true,"href":"https:\/\/secureus.se\/de\/wp-json\/wp\/v2\/product_cat?post=146326"},{"taxonomy":"product_tag","embeddable":true,"href":"https:\/\/secureus.se\/de\/wp-json\/wp\/v2\/product_tag?post=146326"}],"curies":[{"name":"wp","href":"https:\/\/api.w.org\/{rel}","templated":true}]}}