{"id":146340,"date":"2025-01-09T14:37:23","date_gmt":"2025-01-09T13:37:23","guid":{"rendered":"https:\/\/secureus.se\/risco-rvdba701000a-video-dorrklocka-kit-ip-wi-fi-radio-868mhz\/"},"modified":"2026-04-09T11:32:46","modified_gmt":"2026-04-09T09:32:46","slug":"risco-video-dorrklocka-kit-ip-wi-fi-radio-868mhz-rvdba701000a","status":"publish","type":"product","link":"https:\/\/secureus.se\/de\/risco-video-dorrklocka-kit-ip-wi-fi-radio-868mhz-rvdba701000a\/","title":{"rendered":"RISCO Video-T\u00fcrklingel-Kit IP\/Wi-Fi-Radio 868 MHz RVDBA701000A"},"content":{"rendered":"<h1>RISCO Video-T\u00fcrklingel-Kit IP\/Wi-Fi-Radio 868 MHz RVDBA701000A<\/h1>\n<p data-start=\"492\" data-end=\"957\">Das RISCO RVDBA701000A Video-T\u00fcrklingel-Set wurde entwickelt, um Benutzern sowohl Sicherheit als auch Komfort zu bieten und ist die perfekte L\u00f6sung, um im Auge zu behalten, was an der Haust\u00fcr passiert.<\/p>\n<p data-start=\"492\" data-end=\"957\">Es ist vollst\u00e4ndig in die RISCO Cloud integriert und fungiert als Erg\u00e4nzung zum Alarmsystem und der VUpoint-Videol\u00f6sung von RISCO.<\/p>\n<p data-start=\"492\" data-end=\"957\">Diese fortschrittliche Video-T\u00fcrklingel erm\u00f6glicht es Benutzern, jederzeit \u00fcber eine Smartphone-App mit Besuchern zu interagieren, auch wenn diese nicht zu Hause sind.<\/p>\n<p data-start=\"959\" data-end=\"1316\">Mit einer hochaufl\u00f6senden Kamera mit einem Betrachtungswinkel von 140\u00b0 k\u00f6nnen Benutzer ihre Besucher deutlich sehen und direkt \u00fcber das eingebaute Mikrofon und den Lautsprecher kommunizieren.<\/p>\n<p data-start=\"959\" data-end=\"1316\">Dies erm\u00f6glicht eine nahtlose Zwei-Wege-Kommunikation in Echtzeit.<\/p>\n<p data-start=\"959\" data-end=\"1316\">Die T\u00fcrklingel ist au\u00dferdem mit Infrarot-LEDs ausgestattet, sodass Benutzer auch bei schwachem Licht klare Bilder erhalten.<\/p>\n<p data-start=\"1318\" data-end=\"1686\">Die Video-T\u00fcrklingel ist einfach zu installieren und kann mithilfe der RISCO Cloud Installer-Admin-Oberfl\u00e4che und der HandyApp schnell konfiguriert werden.<\/p>\n<p data-start=\"1318\" data-end=\"1686\">F\u00fcr eine einfache und schnelle Installation k\u00f6nnen Installateure die vorhandene T\u00fcrklingelverkabelung nutzen.<\/p>\n<p data-start=\"1318\" data-end=\"1686\">Endbenutzer erhalten Echtzeitbenachrichtigungen direkt in ihrer iRISCO-App, sodass sie nichts Wichtiges verpassen, wenn sie nicht zu Hause sind.<\/p>\n<p data-start=\"1688\" data-end=\"1953\">Eine zus\u00e4tzliche Sicherheitsfunktion ist die Bewegungserkennung, die automatisch Benachrichtigungen an das Ger\u00e4t des Benutzers sendet, wenn eine Bewegung in der N\u00e4he der Haust\u00fcr erkannt wird.<\/p>\n<p data-start=\"1688\" data-end=\"1953\">Dadurch sind die Benutzer \u00fcber alle Bewegungen vor ihrer T\u00fcr informiert, auch wenn niemand klingelt.<\/p>\n<p data-start=\"1955\" data-end=\"2228\">Das RISCO Video-T\u00fcrklingel-Set bietet eine Komplettl\u00f6sung f\u00fcr Sicherheit und Kommunikation und eignet sich perfekt f\u00fcr den privaten und gesch\u00e4ftlichen Gebrauch.<\/p>\n<p data-start=\"1955\" data-end=\"2228\">Mit seinem modernen Design und den benutzerfreundlichen Funktionen erhalten Benutzer ein effektives Tool zur \u00dcberwachung und Interaktion mit Besuchern.<\/p>","protected":false},"excerpt":{"rendered":"<p>Das RISCO RVDBA701000A Video-T\u00fcrklingel-Set ist ein Hightech-Ger\u00e4t, das die Sicherheit und den Komfort von Haus- und Gesch\u00e4ftsbesitzern verbessert.<\/p>\n<p>Mithilfe der RISCO Cloud und der iRISCO-App k\u00f6nnen Benutzer jederzeit und \u00fcberall Videoanrufe entgegennehmen und mit Besuchern kommunizieren.<\/p>","protected":false},"featured_media":146339,"template":"","meta":{"_acf_changed":false},"product_brand":[],"product_cat":[3193,4608],"product_tag":[],"class_list":{"0":"post-146340","1":"product","2":"type-product","3":"status-publish","4":"has-post-thumbnail","6":"product_cat-smarta-hem-risco-larm","7":"product_cat-risco-smart-dorrklocka","8":"pa_brands-4risco","9":"tm-no-options","11":"first","12":"instock","13":"taxable","14":"shipping-taxable","15":"purchasable","16":"product-type-simple"},"acf":[],"_links":{"self":[{"href":"https:\/\/secureus.se\/de\/wp-json\/wp\/v2\/product\/146340","targetHints":{"allow":["GET"]}}],"collection":[{"href":"https:\/\/secureus.se\/de\/wp-json\/wp\/v2\/product"}],"about":[{"href":"https:\/\/secureus.se\/de\/wp-json\/wp\/v2\/types\/product"}],"wp:featuredmedia":[{"embeddable":true,"href":"https:\/\/secureus.se\/de\/wp-json\/wp\/v2\/media\/146339"}],"wp:attachment":[{"href":"https:\/\/secureus.se\/de\/wp-json\/wp\/v2\/media?parent=146340"}],"wp:term":[{"taxonomy":"product_brand","embeddable":true,"href":"https:\/\/secureus.se\/de\/wp-json\/wp\/v2\/product_brand?post=146340"},{"taxonomy":"product_cat","embeddable":true,"href":"https:\/\/secureus.se\/de\/wp-json\/wp\/v2\/product_cat?post=146340"},{"taxonomy":"product_tag","embeddable":true,"href":"https:\/\/secureus.se\/de\/wp-json\/wp\/v2\/product_tag?post=146340"}],"curies":[{"name":"wp","href":"https:\/\/api.w.org\/{rel}","templated":true}]}}