{"id":146351,"date":"2025-01-09T18:18:16","date_gmt":"2025-01-09T17:18:16","guid":{"rendered":"https:\/\/secureus.se\/plastkort-premium-kombi-em4200mifare1k-med-magnet-hico\/"},"modified":"2025-12-31T21:39:44","modified_gmt":"2025-12-31T20:39:44","slug":"plastkort-premium-kombi-em4200mifare1k-med-magnet-hico","status":"publish","type":"product","link":"https:\/\/secureus.se\/de\/plastkort-premium-kombi-em4200mifare1k-med-magnet-hico\/","title":{"rendered":"Plastikkarte Premium Combi EM4200+Mifare1k mit Magnet HiCo"},"content":{"rendered":"<p>Besonders hochwertige Karte, hergestellt in Schweden, mit einer matten, stilvollen Oberfl\u00e4che, die perfekt ist, wenn Sie Drucke und Bilder Ihres Unternehmens auf der Karte haben m\u00f6chten.<\/p>\n<p>Die Karte ist auch f\u00fcr diejenigen gedacht, die etwas mehr Optik und besonders gute Qualit\u00e4t im Vergleich zu herk\u00f6mmlichen PVC-Plastikkarten verlangen.<\/p>\n<p>RFID-Kombikarte mit EM4200- und Mifare1k-Chip \u2013 HiCo-Magnetstreifen.<\/p>\n<p>PMM + RCO-Nummer f\u00fcr EM.<\/p>\n<p>Der Magnetstreifen ist mit RCO codiert, dem gleichen Code wie auf der Karte.<\/p>\n<p>Neue Version mit neuem Kartenmotiv, hochwertige Visitenkarten<\/p>","protected":false},"excerpt":{"rendered":"<p>Die Karte ist auch f\u00fcr diejenigen gedacht, die etwas mehr Optik und besonders gute Qualit\u00e4t im Vergleich zu herk\u00f6mmlichen PVC-Plastikkarten verlangen.<\/p>","protected":false},"featured_media":146349,"template":"","meta":{"_acf_changed":false},"product_brand":[],"product_cat":[1324,4224],"product_tag":[],"class_list":{"0":"post-146351","1":"product","2":"type-product","3":"status-publish","4":"has-post-thumbnail","6":"product_cat-outlet","7":"product_cat-rfid-kort-mifare1k-em4200-kombinerade","8":"pa_brands-stonehouse-security","9":"tm-has-options","11":"first","12":"instock","13":"sale","14":"taxable","15":"shipping-taxable","16":"purchasable","17":"product-type-simple"},"acf":[],"_links":{"self":[{"href":"https:\/\/secureus.se\/de\/wp-json\/wp\/v2\/product\/146351","targetHints":{"allow":["GET"]}}],"collection":[{"href":"https:\/\/secureus.se\/de\/wp-json\/wp\/v2\/product"}],"about":[{"href":"https:\/\/secureus.se\/de\/wp-json\/wp\/v2\/types\/product"}],"wp:featuredmedia":[{"embeddable":true,"href":"https:\/\/secureus.se\/de\/wp-json\/wp\/v2\/media\/146349"}],"wp:attachment":[{"href":"https:\/\/secureus.se\/de\/wp-json\/wp\/v2\/media?parent=146351"}],"wp:term":[{"taxonomy":"product_brand","embeddable":true,"href":"https:\/\/secureus.se\/de\/wp-json\/wp\/v2\/product_brand?post=146351"},{"taxonomy":"product_cat","embeddable":true,"href":"https:\/\/secureus.se\/de\/wp-json\/wp\/v2\/product_cat?post=146351"},{"taxonomy":"product_tag","embeddable":true,"href":"https:\/\/secureus.se\/de\/wp-json\/wp\/v2\/product_tag?post=146351"}],"curies":[{"name":"wp","href":"https:\/\/api.w.org\/{rel}","templated":true}]}}