{"id":146388,"date":"2025-01-10T14:30:52","date_gmt":"2025-01-10T13:30:52","guid":{"rendered":"https:\/\/secureus.se\/?post_type=product&#038;p=146388"},"modified":"2026-04-15T17:40:02","modified_gmt":"2026-04-15T15:40:02","slug":"ajax-waterstop-3-4-valve-vattenavstangningsventil-tradlos-vit","status":"publish","type":"product","link":"https:\/\/secureus.se\/de\/ajax-waterstop-3-4-valve-vattenavstangningsventil-tradlos-vit\/","title":{"rendered":"Ajax WaterStop (3\/4 Zoll) Wasserabsperrventil \u2013 Kabellos, Wei\u00df"},"content":{"rendered":"<h3><strong>Ajax WaterStop 3\/4\u2033 Wasserabsperrventil<\/strong><\/h3>\n<p>Ajax WaterStop ist ein zuverl\u00e4ssiges Wasserabsperrventil mit modernster Technologie, das in das Ajax-Sicherheitssystem integriert ist. Dank der Schnellabschaltung, den flexiblen Steuerungsoptionen und der robusten Konstruktion ist dieses Ventil die perfekte L\u00f6sung zur Vermeidung von Wassersch\u00e4den in Privathaushalten und Unternehmen.<\/p>\n<hr \/>\n<h3><strong>Hauptfunktionen<\/strong><\/h3>\n<ol>\n<li><strong>Optimal f\u00fcr eingehende Wasserstr\u00f6me<\/strong><br \/>\n3\/4\u2033 R20 ist die Standardgr\u00f6\u00dfe f\u00fcr einstr\u00f6mendes Wasser, wodurch dieses Ventil ideal zum Schutz von Geb\u00e4uden vor Wassersch\u00e4den geeignet ist.<\/li>\n<li><strong>Mehrere Steuerungsoptionen<\/strong>\n<ul>\n<li><strong>Automatische Szenarien:<\/strong> Bei Alarmen von Ajax LeaksProtect oder anderen Sensoren.<\/li>\n<li><strong>Geplante Abschaltungen:<\/strong> Einfache Einrichtung in der Ajax-App.<\/li>\n<li><strong>Manuelle Steuerung:<\/strong> \u00dcber einen physischen Knopf oder Hebel am Ventil.<\/li>\n<\/ul>\n<\/li>\n<li><strong>Fortschrittliche Technologie f\u00fcr Sicherheit und Effizienz<\/strong>\n<ul>\n<li><strong>Gymnastik:<\/strong> Um ein Feststecken zu verhindern, wird das Ventil automatisch bet\u00e4tigt.<\/li>\n<li><strong>Manipulationsschutz:<\/strong> Eine zus\u00e4tzliche Halterung sch\u00fctzt die Steuerbox vor unbefugter Entfernung.<\/li>\n<li><strong>Notstromversorgung:<\/strong> Externes Netzteil f\u00fcr Dauerbetrieb auch bei Batteriewechsel.<\/li>\n<\/ul>\n<\/li>\n<li><strong>Robustes und langlebiges Design<\/strong><br \/>\nAus Messing gem\u00e4\u00df ISO 5211-Standard mit einem Drehmoment von 10 Nm. H\u00e4lt hohem Druck und Temperaturschwankungen stand, einschlie\u00dflich Hei\u00dfwasser bis zu +120 \u00b0C.<\/li>\n<\/ol>\n<hr \/>\n<h3><strong>Spezifikationen<\/strong><\/h3>\n<ul>\n<li><strong>Ventilgr\u00f6\u00dfe:<\/strong> 3\/4\u2033 (R20)<\/li>\n<li><strong>Umfang:<\/strong> Bis 1100 Meter (freies Gel\u00e4nde)<\/li>\n<li><strong>Batterie:<\/strong> 4 x CR123A, 3V (im Lieferumfang enthalten)<\/li>\n<li><strong>Akkulaufzeit:<\/strong> Bis zu 3 Jahre<\/li>\n<li><strong>Material:<\/strong> Messing<\/li>\n<li><strong>Maximaler Wasserdruck:<\/strong> 40 bar<\/li>\n<li><strong>IP-Schutzart:<\/strong> IP56<\/li>\n<li><strong>Temperaturbereich:<\/strong> 0\u00b0C bis +60\u00b0C<\/li>\n<li><strong>Wassertemperatur:<\/strong> +5\u00b0C bis +120\u00b0C<\/li>\n<\/ul>\n<hr \/>\n<h3><strong>Vorteile von Ajax WaterStop 3\/4\u2033<\/strong><\/h3>\n<ul>\n<li><strong>Flexibilit\u00e4t:<\/strong> Perfekt f\u00fcr eingehende Wasserstr\u00f6me und sowohl f\u00fcr Kalt- als auch f\u00fcr Warmwasserleitungen geeignet.<\/li>\n<li><strong>Benutzerfreundlichkeit:<\/strong> Einfache Installation und Steuerung \u00fcber die Ajax-App.<\/li>\n<li><strong>Sicherheit:<\/strong> Manipulationsalarm, \u00dcberhitzungsschutz und Benachrichtigungen, wenn eine Wartung erforderlich ist.<\/li>\n<li><strong>Integrierte Automatisierung:<\/strong> Erstellen Sie Szenarien, um das Wasser zu bestimmten Zeiten oder bei Aktivierung des Sicherheitsmodus abzuschalten.<\/li>\n<\/ul>\n<hr \/>\n<h3><strong>Einsatzgebiete<\/strong><\/h3>\n<ul>\n<li><strong>Haus und Wohnung:<\/strong> Sch\u00fctzt vor Wassersch\u00e4den durch eindringendes Wasser.<\/li>\n<li><strong>B\u00fcros und Unternehmen:<\/strong> Minimieren Sie Sch\u00e4den und Kosten bei Hochwasser.<\/li>\n<li><strong>Industrielle Umgebungen:<\/strong> \u00dcberpr\u00fcfen Sie den Wasserfluss in gr\u00f6\u00dferen Systemen.<\/li>\n<\/ul>\n<hr \/>\n<h3><strong>Lieferumfang<\/strong><\/h3>\n<ul>\n<li>Ajax WaterStop 3\/4\u2033 (R20)<\/li>\n<li>4 x CR123A-Batterien (vorinstalliert)<\/li>\n<li>Kurzanleitung<\/li>\n<\/ul>","protected":false},"excerpt":{"rendered":"<p>Das Ajax WaterStop 3\/4\u2033 ist ein kabelloses Absperrventil, ideal f\u00fcr einstr\u00f6mendes Wasser. Es ist mit Ajax-Sicherheitssystemen kompatibel und bietet Fern-, automatische und manuelle Steuerung. <strong>Ajax Hub-Zentraleinheit erforderlich. <\/strong>Kompatibel mit Kalt- und Warmwasser und ausgestattet mit fortschrittlichen Sicherheitsfunktionen.<\/p>","protected":false},"featured_media":155624,"template":"","meta":{"_acf_changed":false},"product_brand":[],"product_cat":[3169,3158],"product_tag":[4863],"class_list":{"0":"post-146388","1":"product","2":"type-product","3":"status-publish","4":"has-post-thumbnail","6":"product_cat-automation","7":"product_cat-vattenlarm-och-fuktlarm","8":"product_tag-pf","9":"product_shipping_class-tunga-paket","10":"pa_brands-ajax-systems","11":"pa_farg-vit","12":"tm-no-options","14":"first","15":"onbackorder","16":"sale","17":"taxable","18":"shipping-taxable","19":"purchasable","20":"product-type-simple"},"acf":[],"_links":{"self":[{"href":"https:\/\/secureus.se\/de\/wp-json\/wp\/v2\/product\/146388","targetHints":{"allow":["GET"]}}],"collection":[{"href":"https:\/\/secureus.se\/de\/wp-json\/wp\/v2\/product"}],"about":[{"href":"https:\/\/secureus.se\/de\/wp-json\/wp\/v2\/types\/product"}],"wp:featuredmedia":[{"embeddable":true,"href":"https:\/\/secureus.se\/de\/wp-json\/wp\/v2\/media\/155624"}],"wp:attachment":[{"href":"https:\/\/secureus.se\/de\/wp-json\/wp\/v2\/media?parent=146388"}],"wp:term":[{"taxonomy":"product_brand","embeddable":true,"href":"https:\/\/secureus.se\/de\/wp-json\/wp\/v2\/product_brand?post=146388"},{"taxonomy":"product_cat","embeddable":true,"href":"https:\/\/secureus.se\/de\/wp-json\/wp\/v2\/product_cat?post=146388"},{"taxonomy":"product_tag","embeddable":true,"href":"https:\/\/secureus.se\/de\/wp-json\/wp\/v2\/product_tag?post=146388"}],"curies":[{"name":"wp","href":"https:\/\/api.w.org\/{rel}","templated":true}]}}