{"id":146389,"date":"2025-01-10T14:30:51","date_gmt":"2025-01-10T13:30:51","guid":{"rendered":"https:\/\/secureus.se\/?post_type=product&#038;p=146389"},"modified":"2026-04-15T17:36:45","modified_gmt":"2026-04-15T15:36:45","slug":"ajax-waterstop-1-tum-vattenavstangningsventil-tradlos-vit","status":"publish","type":"product","link":"https:\/\/secureus.se\/de\/ajax-waterstop-1-tum-vattenavstangningsventil-tradlos-vit\/","title":{"rendered":"Ajax WaterStop (1 Zoll) Wasserabsperrventil \u2013 Kabellos, Wei\u00df"},"content":{"rendered":"<h3><strong>Ajax WaterStop 1\u2033 Wasserabsperrventil<\/strong><\/h3>\n<p>Ajax WaterStop ist ein robustes und zuverl\u00e4ssiges Wasserabsperrventil, das f\u00fcr die Integration in Ajax-Sicherheitssysteme entwickelt wurde. Aufgrund seiner Kapazit\u00e4t f\u00fcr gr\u00f6\u00dfere Wasserdurchfl\u00fcsse eignet es sich perfekt f\u00fcr Grundst\u00fccke mit h\u00f6heren Anforderungen an das Wassermanagement. Das Ventil l\u00e4sst sich sowohl ferngesteuert als auch manuell steuern und stellt somit eine flexible L\u00f6sung f\u00fcr den Einsatz im Heim-, B\u00fcro- und Industriebereich dar.<\/p>\n<hr \/>\n<h3><strong>Hauptfunktionen<\/strong><\/h3>\n<ol>\n<li><strong>Optimal f\u00fcr gr\u00f6\u00dfere Wasserdurchfl\u00fcsse<\/strong><br \/>\n1\u2033 R25 ist die Standardgr\u00f6\u00dfe f\u00fcr eingehendes Wasser in gr\u00f6\u00dferen Geb\u00e4uden und Anlagen.<\/li>\n<li><strong>Mehrere Steuerungsoptionen<\/strong>\n<ul>\n<li><strong>Automatische Szenarien:<\/strong> Im Falle eines Alarms von Ajax LeaksProtect oder anderen Wassermeldern.<\/li>\n<li><strong>Zeitgesteuerte Steuerung:<\/strong> Einfache Konfiguration in der Ajax-App.<\/li>\n<li><strong>Manuelle Steuerung:<\/strong> Per Knopf oder Hebel am Ventil.<\/li>\n<\/ul>\n<\/li>\n<li><strong>Fortschrittliche Technologie f\u00fcr maximale Sicherheit<\/strong>\n<ul>\n<li><strong>Gymnastik:<\/strong> Um ein Feststecken zu verhindern, wird das Ventil regelm\u00e4\u00dfig bet\u00e4tigt.<\/li>\n<li><strong>Manipulationsschutz:<\/strong> Zus\u00e4tzliche Halterung, um eine unbefugte Demontage der Steuerbox zu verhindern.<\/li>\n<li><strong>Notstromversorgung:<\/strong> Durch die externe Stromversorgung ist ein Dauerbetrieb gew\u00e4hrleistet.<\/li>\n<\/ul>\n<\/li>\n<li><strong>Robuste Konstruktion und Langlebigkeit<\/strong><br \/>\nAus Messing gem\u00e4\u00df ISO 5211-Standard mit einem Drehmoment von 10 Nm. H\u00e4lt hohem Druck und Temperaturschwankungen stand, einschlie\u00dflich Hei\u00dfwasser bis zu +120 \u00b0C.<\/li>\n<\/ol>\n<hr \/>\n<h3><strong>Spezifikationen<\/strong><\/h3>\n<ul>\n<li><strong>Ventilgr\u00f6\u00dfe:<\/strong> 1 Zoll (R25)<\/li>\n<li><strong>Umfang:<\/strong> Bis 1100 Meter (freies Gel\u00e4nde)<\/li>\n<li><strong>Batterie:<\/strong> 4 x CR123A, 3V (im Lieferumfang enthalten)<\/li>\n<li><strong>Akkulaufzeit:<\/strong> Bis zu 3 Jahre<\/li>\n<li><strong>Material:<\/strong> Messing<\/li>\n<li><strong>Maximaler Wasserdruck:<\/strong> 40 bar<\/li>\n<li><strong>IP-Schutzart:<\/strong> IP56<\/li>\n<li><strong>Temperaturbereich:<\/strong> 0\u00b0C bis +60\u00b0C<\/li>\n<li><strong>Wassertemperatur:<\/strong> +5\u00b0C bis +120\u00b0C<\/li>\n<\/ul>\n<hr \/>\n<h3><strong>Vorteile von Ajax WaterStop 1\u2033<\/strong><\/h3>\n<ul>\n<li><strong>Hohe Kapazit\u00e4t:<\/strong> Konzipiert f\u00fcr gr\u00f6\u00dfere Grundst\u00fccke und Anwendungen mit hohem Wasserdurchfluss.<\/li>\n<li><strong>Flexibilit\u00e4t:<\/strong> Steuerungsm\u00f6glichkeit per App, Zeitplan oder manuell.<\/li>\n<li><strong>Sicherheit:<\/strong> Manipulationsalarm und \u00dcberhitzungsschutz f\u00fcr maximale Sicherheit.<\/li>\n<li><strong>Anpassungsf\u00e4higkeit:<\/strong> Erstellen Sie automatisierte Szenarien, die Ihren spezifischen Anforderungen entsprechen.<\/li>\n<\/ul>\n<hr \/>\n<h3><strong>Einsatzgebiete<\/strong><\/h3>\n<ul>\n<li><strong>Eigenheime und gr\u00f6\u00dfere Wohnh\u00e4user:<\/strong> F\u00fcr Wassereinstr\u00f6me und Hochwasserschutz.<\/li>\n<li><strong>Unternehmen und B\u00fcros:<\/strong> Verhindern Sie Sch\u00e4den durch Wasserlecks in Arbeitsumgebungen.<\/li>\n<li><strong>Industrielle Umgebungen:<\/strong> Effektive Wasserkontrolle in gro\u00dfen Systemen.<\/li>\n<\/ul>\n<hr \/>\n<h3><strong>Lieferumfang<\/strong><\/h3>\n<ul>\n<li>Ajax WaterStop 1\u2033 (R25)<\/li>\n<li>4 x CR123A-Batterien (vorinstalliert)<\/li>\n<li>Kurzanleitung<\/li>\n<\/ul>","protected":false},"excerpt":{"rendered":"<p>Ajax WaterStop 1\u2033 ist ein kabelloses Wasserabsperrventil, das sich ideal f\u00fcr gr\u00f6\u00dfere Wasserdurchfl\u00fcsse eignet. Es l\u00e4sst sich in das Ajax-Sicherheitssystem integrieren und bietet Fern- und automatische Steuerung. Geeignet sowohl f\u00fcr Kalt- als auch Warmwasserleitungen und mit erweiterten Sicherheitsfunktionen ausgestattet. <strong>Ajax Hub-Zentraleinheit erforderlich.<\/strong><\/p>","protected":false},"featured_media":155624,"template":"","meta":{"_acf_changed":false},"product_brand":[],"product_cat":[3169,3158],"product_tag":[4863],"class_list":{"0":"post-146389","1":"product","2":"type-product","3":"status-publish","4":"has-post-thumbnail","6":"product_cat-automation","7":"product_cat-vattenlarm-och-fuktlarm","8":"product_tag-pf","9":"pa_brands-ajax-systems","10":"pa_farg-vit","11":"tm-no-options","13":"first","14":"instock","15":"sale","16":"taxable","17":"shipping-taxable","18":"purchasable","19":"product-type-simple"},"acf":[],"_links":{"self":[{"href":"https:\/\/secureus.se\/de\/wp-json\/wp\/v2\/product\/146389","targetHints":{"allow":["GET"]}}],"collection":[{"href":"https:\/\/secureus.se\/de\/wp-json\/wp\/v2\/product"}],"about":[{"href":"https:\/\/secureus.se\/de\/wp-json\/wp\/v2\/types\/product"}],"wp:featuredmedia":[{"embeddable":true,"href":"https:\/\/secureus.se\/de\/wp-json\/wp\/v2\/media\/155624"}],"wp:attachment":[{"href":"https:\/\/secureus.se\/de\/wp-json\/wp\/v2\/media?parent=146389"}],"wp:term":[{"taxonomy":"product_brand","embeddable":true,"href":"https:\/\/secureus.se\/de\/wp-json\/wp\/v2\/product_brand?post=146389"},{"taxonomy":"product_cat","embeddable":true,"href":"https:\/\/secureus.se\/de\/wp-json\/wp\/v2\/product_cat?post=146389"},{"taxonomy":"product_tag","embeddable":true,"href":"https:\/\/secureus.se\/de\/wp-json\/wp\/v2\/product_tag?post=146389"}],"curies":[{"name":"wp","href":"https:\/\/api.w.org\/{rel}","templated":true}]}}