{"id":146561,"date":"2025-01-22T17:22:41","date_gmt":"2025-01-22T16:22:41","guid":{"rendered":"https:\/\/secureus.se\/cranford-controls-511-099l-vtb-sounder-beacon-grunt-bas-rod-kropp-gul-lins\/"},"modified":"2026-04-23T13:29:20","modified_gmt":"2026-04-23T11:29:20","slug":"cranford-controls-511-099l-vtb-sounder-beacon-grunt-bas-rod-kropp-gul-lins","status":"publish","type":"product","link":"https:\/\/secureus.se\/de\/cranford-controls-511-099l-vtb-sounder-beacon-grunt-bas-rod-kropp-gul-lins\/","title":{"rendered":"Cranford Controls 511-099L VTB Sounder\/Beacon, flacher Bass, rotes Geh\u00e4use, gelbe Linse"},"content":{"rendered":"<h1>Cranford Controls 511-099L VTB-Schallgeber<\/h1>\n<div class=\"item-header rd-hyg-item-header\">Der Cranford Controls 511-099L VTB Sounder\/Beacon ist daf\u00fcr ausgelegt, sowohl akustische als auch visuelle Warnungen in industriellen und gewerblichen Umgebungen bereitzustellen.<\/div>\n<div><\/div>\n<div class=\"item-header rd-hyg-item-header\">Es verf\u00fcgt \u00fcber 32 Klangfarben, inklusive eines w\u00e4hlbaren \u00fcbersteuerten Tons, sodass es an unterschiedliche Bed\u00fcrfnisse angepasst werden kann.<\/div>\n<div><\/div>\n<div class=\"item-header rd-hyg-item-header\">Das Produkt ist in zwei Versionen erh\u00e4ltlich, einmal mit flachem Sockel (IP43) und einmal mit tiefem Sockel (IP65), wodurch es sowohl f\u00fcr den Einsatz im Innen- als auch im Au\u00dfenbereich geeignet ist.<\/div>\n<div><\/div>\n<div class=\"item-header rd-hyg-item-header\">Durch die umschaltbare Funktion ist es m\u00f6glich, es bei Bedarf auch ausschlie\u00dflich als Beacon zu nutzen.<\/div>\n<div><\/div>\n<div class=\"item-header rd-hyg-item-header\">Das einzigartige Bajonett-Befestigungssystem erm\u00f6glicht eine schnelle und einfache Installation und die abnehmbare Abdeckung auf dem tiefen Sockel erm\u00f6glicht die Kabelf\u00fchrung au\u00dferhalb des Ger\u00e4ts.<\/div>\n<div><\/div>\n<div class=\"item-header rd-hyg-item-header\">F\u00fcr zus\u00e4tzliche Sicherheit sorgt das serienm\u00e4\u00dfige Basisverriegelungssystem, das eine sichere und stabile Installation gew\u00e4hrleistet.<\/div>","protected":false},"excerpt":{"rendered":"<p>Der Cranford Controls 511-099L VTB Sounder\/Beacon bietet eine zuverl\u00e4ssige und effektive L\u00f6sung f\u00fcr Ton- und Lichtwarnungen in einer Vielzahl von Umgebungen.<\/p>\n<p>Mit 32 T\u00f6nen und einem w\u00e4hlbaren \u00fcbersteuerten Ton sind Versionen sowohl mit flachem Bass (IP43) als auch mit tiefem Bass (IP65) f\u00fcr eine flexible Installation verf\u00fcgbar.<\/p>\n<p>Das einzigartige Bajonett-Befestigungssystem erm\u00f6glicht eine einfache Installation und die abnehmbare Abdeckung auf dem tiefen Sockel unterst\u00fctzt die Aufputz-Verkabelung.<\/p>","protected":false},"featured_media":146560,"template":"","meta":{"_acf_changed":false},"product_brand":[],"product_cat":[5097,1825,1562],"product_tag":[],"class_list":{"0":"post-146561","1":"product","2":"type-product","3":"status-publish","4":"has-post-thumbnail","6":"product_cat-kombisiren-blixt-brand","7":"product_cat-sirener-brand","8":"product_cat-larmdon-blixtljus","9":"product_shipping_class-tunga-paket","10":"tm-no-options","12":"first","13":"onbackorder","14":"sale","15":"taxable","16":"shipping-taxable","17":"purchasable","18":"product-type-simple"},"acf":[],"_links":{"self":[{"href":"https:\/\/secureus.se\/de\/wp-json\/wp\/v2\/product\/146561","targetHints":{"allow":["GET"]}}],"collection":[{"href":"https:\/\/secureus.se\/de\/wp-json\/wp\/v2\/product"}],"about":[{"href":"https:\/\/secureus.se\/de\/wp-json\/wp\/v2\/types\/product"}],"wp:featuredmedia":[{"embeddable":true,"href":"https:\/\/secureus.se\/de\/wp-json\/wp\/v2\/media\/146560"}],"wp:attachment":[{"href":"https:\/\/secureus.se\/de\/wp-json\/wp\/v2\/media?parent=146561"}],"wp:term":[{"taxonomy":"product_brand","embeddable":true,"href":"https:\/\/secureus.se\/de\/wp-json\/wp\/v2\/product_brand?post=146561"},{"taxonomy":"product_cat","embeddable":true,"href":"https:\/\/secureus.se\/de\/wp-json\/wp\/v2\/product_cat?post=146561"},{"taxonomy":"product_tag","embeddable":true,"href":"https:\/\/secureus.se\/de\/wp-json\/wp\/v2\/product_tag?post=146561"}],"curies":[{"name":"wp","href":"https:\/\/api.w.org\/{rel}","templated":true}]}}