{"id":147100,"date":"2025-01-29T09:09:26","date_gmt":"2025-01-29T08:09:26","guid":{"rendered":"https:\/\/secureus.se\/plastkort-076mm-cr80-blanka-100-pack\/"},"modified":"2026-04-09T11:12:55","modified_gmt":"2026-04-09T09:12:55","slug":"plastkort-076mm-cr80-blanka-100-pack","status":"publish","type":"product","link":"https:\/\/secureus.se\/de\/plastkort-076mm-cr80-blanka-100-pack\/","title":{"rendered":"Plastikkarten 0,76mm CR80 Blanko (100er Pack)"},"content":{"rendered":"<p>Wei\u00dfe Plastikkarten in Premiumqualit\u00e4t, das perfekte Medium f\u00fcr herausragenden personalisierten Ausweisdruck. Das hochwertige PVC-Material sorgt daf\u00fcr, dass Ihre Kunden oder Mitarbeiter lebendige und stilvolle Drucke erhalten. Sie haben die gleiche Gr\u00f6\u00dfe wie normale Kreditkarten und sind 760 Mikrometer dick.<\/p>\n<ul>\n<li>Verkauft in Packungen mit 100 St\u00fcck<\/li>\n<li>Standardgr\u00f6\u00dfe der CR80-Karte (85,60 x 53,98 mm)<\/li>\n<li>760 Mikrometer\/30 Mil<\/li>\n<li>Geeignet f\u00fcr den Einsatz mit allen Plastikkartendruckern<\/li>\n<li>Eingeschwei\u00dft und staubfrei<\/li>\n<\/ul>\n<p>Produktgewicht:<br \/>\n0,50 kg<\/p>","protected":false},"excerpt":{"rendered":"<p>Wei\u00dfe Plastikkarten in Premiumqualit\u00e4t, das perfekte Medium f\u00fcr herausragenden personalisierten Ausweisdruck. Das hochwertige PVC-Material sorgt daf\u00fcr, dass Ihre Kunden oder Mitarbeiter lebendige und stilvolle Drucke erhalten. Sie sind gleich gro\u00df wie<\/p>","protected":false},"featured_media":147099,"template":"","meta":{"_acf_changed":false},"product_brand":[],"product_cat":[1653,4235],"product_tag":[],"class_list":{"0":"post-147100","1":"product","2":"type-product","3":"status-publish","4":"has-post-thumbnail","6":"product_cat-gor-dina-egna-foretagskort","7":"product_cat-plastkort-utan-chip","8":"tm-no-options","10":"first","11":"instock","12":"taxable","13":"shipping-taxable","14":"purchasable","15":"product-type-simple"},"acf":[],"_links":{"self":[{"href":"https:\/\/secureus.se\/de\/wp-json\/wp\/v2\/product\/147100","targetHints":{"allow":["GET"]}}],"collection":[{"href":"https:\/\/secureus.se\/de\/wp-json\/wp\/v2\/product"}],"about":[{"href":"https:\/\/secureus.se\/de\/wp-json\/wp\/v2\/types\/product"}],"wp:featuredmedia":[{"embeddable":true,"href":"https:\/\/secureus.se\/de\/wp-json\/wp\/v2\/media\/147099"}],"wp:attachment":[{"href":"https:\/\/secureus.se\/de\/wp-json\/wp\/v2\/media?parent=147100"}],"wp:term":[{"taxonomy":"product_brand","embeddable":true,"href":"https:\/\/secureus.se\/de\/wp-json\/wp\/v2\/product_brand?post=147100"},{"taxonomy":"product_cat","embeddable":true,"href":"https:\/\/secureus.se\/de\/wp-json\/wp\/v2\/product_cat?post=147100"},{"taxonomy":"product_tag","embeddable":true,"href":"https:\/\/secureus.se\/de\/wp-json\/wp\/v2\/product_tag?post=147100"}],"curies":[{"name":"wp","href":"https:\/\/api.w.org\/{rel}","templated":true}]}}