{"id":147328,"date":"2023-09-26T13:10:35","date_gmt":"2023-09-26T11:10:35","guid":{"rendered":"https:\/\/secureus.se\/elslutbleck-step-40-rattvand-24v\/"},"modified":"2026-04-08T16:00:10","modified_gmt":"2026-04-08T14:00:10","slug":"elslutbleck-step-40-rattvand-24v","status":"publish","type":"product","link":"https:\/\/secureus.se\/de\/elslutbleck-step-40-rattvand-24v\/","title":{"rendered":"Elektro-T\u00fcr\u00f6ffner STEP 40 Rechtsseitig 24V"},"content":{"rendered":"<h1>Elektro-T\u00fcr\u00f6ffner STEP 40 Rechtsseitig 24V<\/h1>\n<p>Der Elektro-T\u00fcr\u00f6ffner STEP 40 ist ein hochwertiger Elektro-T\u00fcr\u00f6ffner mit Rechtsfunktion und patentierter HPR\u00ae-Technologie. Es ist f\u00fcr eine sichere und zuverl\u00e4ssige Tagesverriegelung ausgelegt, auch bei hohem Druck auf die T\u00fcr.<\/p>\n<p class=\"\" data-start=\"318\" data-end=\"772\">STEP 40 Preload HPR setzt mit seinen kompakten Abmessungen und der patentierten HPR\u00ae-Technologie einen hohen Standard f\u00fcr elektrische Schlie\u00dfbleche. Dieser T\u00fcr\u00f6ffner eignet sich optimal als Tagesschloss in verschiedenen Sicherheitsanwendungen und garantiert eine hohe Betriebssicherheit und Langlebigkeit.<\/p>\n<p class=\"\" data-start=\"318\" data-end=\"772\">Mit seiner minimalen Gr\u00f6\u00dfe und der Leistendrucktechnik, die eine Entriegelung der T\u00fcr selbst bei einem Druck von bis zu 250 kg erm\u00f6glicht, bietet STEP 40 zuverl\u00e4ssige Funktion auch unter harten Bedingungen.<\/p>\n<p class=\"\" data-start=\"774\" data-end=\"1111\">Das Produkt wurde im Werk auf 1.500.000 Zyklen getestet und ist somit eine langlebige L\u00f6sung f\u00fcr sowohl ein- als auch zweifl\u00fcgelige Schl\u00f6sser. Das umkehrbare Design passt sowohl f\u00fcr rechte als auch f\u00fcr linke T\u00fcren und die Schutzdiode verhindert elektrische Sch\u00e4den.<\/p>\n<p class=\"\" data-start=\"774\" data-end=\"1111\">STEP 40 ist au\u00dferdem sto\u00dffest und erf\u00fcllt die hohen Anforderungen an Sicherheit und Haltbarkeit gem\u00e4\u00df SS-EN 14846.<\/p>\n<p class=\"\" data-start=\"1113\" data-end=\"1128\"><strong data-start=\"1113\" data-end=\"1128\">Eigenschaften:<\/strong><\/p>\n<ul data-start=\"1129\" data-end=\"1462\">\n<li class=\"\" data-start=\"1129\" data-end=\"1172\">\n<p class=\"\" data-start=\"1131\" data-end=\"1172\">Rechtsdrehende Funktion (im stromlosen Zustand gesperrt)<\/p>\n<\/li>\n<li class=\"\" data-start=\"1173\" data-end=\"1247\">\n<p class=\"\" data-start=\"1175\" data-end=\"1247\">HPR\u00ae-Technologie, die das \u00d6ffnen der T\u00fcr trotz Druck von bis zu 250 kg erm\u00f6glicht<\/p>\n<\/li>\n<li class=\"\" data-start=\"1248\" data-end=\"1288\">\n<p class=\"\" data-start=\"1250\" data-end=\"1288\">Bruchfestigkeit von 1.200 kg (ca. 12 kN)<\/p>\n<\/li>\n<li class=\"\" data-start=\"1289\" data-end=\"1326\">\n<p class=\"\" data-start=\"1291\" data-end=\"1326\">Im Werk auf 1.500.000 Zyklen getestet<\/p>\n<\/li>\n<li class=\"\" data-start=\"1327\" data-end=\"1386\">\n<p class=\"\" data-start=\"1329\" data-end=\"1386\">Sto\u00dffest und umkehrbar f\u00fcr rechte und linke T\u00fcren<\/p>\n<\/li>\n<li class=\"\" data-start=\"1387\" data-end=\"1417\">\n<p class=\"\" data-start=\"1389\" data-end=\"1417\">F\u00fcr Einzel- oder Doppelfallverriegelung<\/p>\n<\/li>\n<li class=\"\" data-start=\"1418\" data-end=\"1462\">\n<p class=\"\" data-start=\"1420\" data-end=\"1462\">Schraubl\u00f6cher f\u00fcr Schr\u00e4gschrauben in der Hinterkante<\/p>\n<\/li>\n<\/ul>\n<p class=\"\" data-start=\"1464\" data-end=\"1493\"><strong data-start=\"1464\" data-end=\"1493\">Technische Spezifikationen:<\/strong><\/p>\n<ul data-start=\"1494\" data-end=\"2011\">\n<li class=\"\" data-start=\"1494\" data-end=\"1601\">\n<p class=\"\" data-start=\"1496\" data-end=\"1601\">Stromversorgung: 12 V DC (+15% -10%) 220 mAh \/ max. 600 mA oder 24 V DC (+15% -10%) 110 mAh \/ max. 300 mA<\/p>\n<\/li>\n<li class=\"\" data-start=\"1602\" data-end=\"1642\">\n<p class=\"\" data-start=\"1604\" data-end=\"1642\">Haltbarkeit: Klasse X gem\u00e4\u00df SS-EN 14846<\/p>\n<\/li>\n<li class=\"\" data-start=\"1643\" data-end=\"1682\">\n<p class=\"\" data-start=\"1645\" data-end=\"1682\">Korrosion: Klasse M gem\u00e4\u00df SS-EN 14846<\/p>\n<\/li>\n<li class=\"\" data-start=\"1683\" data-end=\"1721\">\n<p class=\"\" data-start=\"1685\" data-end=\"1721\">Sicherheit: Klasse 3 gem\u00e4\u00df SS-EN 14846<\/p>\n<\/li>\n<li class=\"\" data-start=\"1722\" data-end=\"1784\">\n<p class=\"\" data-start=\"1724\" data-end=\"1784\">Sicherheit gegen elektrische Manipulation: Klasse 1 gem\u00e4\u00df SS-EN 14846<\/p>\n<\/li>\n<li class=\"\" data-start=\"1785\" data-end=\"1811\">\n<p class=\"\" data-start=\"1787\" data-end=\"1811\">Bruchfestigkeit: 1200 kg<\/p>\n<\/li>\n<li class=\"\" data-start=\"1812\" data-end=\"1842\">\n<p class=\"\" data-start=\"1814\" data-end=\"1842\">T\u00fcranschlag: Rechts, Links<\/p>\n<\/li>\n<li class=\"\" data-start=\"1843\" data-end=\"1861\">\n<p class=\"\" data-start=\"1845\" data-end=\"1861\">Kabel enthalten: Nein<\/p>\n<\/li>\n<li class=\"\" data-start=\"1862\" data-end=\"1881\">\n<p class=\"\" data-start=\"1864\" data-end=\"1881\">Banddruck: 250 kg<\/p>\n<\/li>\n<li class=\"\" data-start=\"1882\" data-end=\"1917\">\n<p class=\"\" data-start=\"1884\" data-end=\"1917\">Schlosstyp: Einzelriegelschloss, Doppelriegelschloss<\/p>\n<\/li>\n<li class=\"\" data-start=\"1918\" data-end=\"1971\">\n<p class=\"\" data-start=\"1920\" data-end=\"1971\">Produktabmessungen: Breite: 25 mm, Tiefe: 28 mm, H\u00f6he: 90 mm<\/p>\n<\/li>\n<li class=\"\" data-start=\"1972\" data-end=\"1990\">\n<p class=\"\" data-start=\"1974\" data-end=\"1990\">Kolbenkontakt: Nein<\/p>\n<\/li>\n<li class=\"\" data-start=\"1991\" data-end=\"2011\">\n<p class=\"\" data-start=\"1993\" data-end=\"2011\">Spannung AC\/DC: DC<\/p>\n<\/li>\n<\/ul>","protected":false},"excerpt":{"rendered":"<p>Das elektrische T\u00fcr\u00f6ffnerblech STEP 40 Preload 24V rechtwinklig bietet h\u00f6chste Betriebssicherheit und Flexibilit\u00e4t.<\/p>\n<p>Dank der patentierten Streifendrucktechnologie von STEP kann es T\u00fcren mit einem Druck von bis zu 250 kg bew\u00e4ltigen und ist somit ideal f\u00fcr den h\u00e4ufigen Einsatz.<\/p>\n<p>Hier sehen Sie, welche Pfosten und Modelle aus dem STEP-Sortiment der elektrischen T\u00fcrstopper zusammenpassen.<\/p>\n<h5><strong><a href=\"https:\/\/steplock.com\/sv\/stolpguide\/#!?lang=sv&amp;blog_id=1&amp;paged=1&amp;number=50\" target=\"_blank\" rel=\"noopener\">STEP-Pfostenf\u00fchrung\u00a0<\/a><\/strong><\/h5>\n<h5><strong><a href=\"https:\/\/steplock.com\/sv\/projekteringsguide\/#!?lang=sv&amp;blog_id=1&amp;paged=1&amp;number=999\" target=\"_blank\" rel=\"noopener\">STEP-Designleitfaden<\/a><\/strong><\/h5>","protected":false},"featured_media":147325,"template":"","meta":{"_acf_changed":false},"product_brand":[],"product_cat":[3355],"product_tag":[4197,4200],"class_list":{"0":"post-147328","1":"product","2":"type-product","3":"status-publish","4":"has-post-thumbnail","6":"product_cat-elslutbleck","7":"product_tag-24v","8":"product_tag-rattvand","9":"product_shipping_class-tunga-paket","10":"pa_brands-step","11":"tm-no-options","13":"first","14":"instock","15":"sale","16":"taxable","17":"shipping-taxable","18":"purchasable","19":"product-type-simple"},"acf":[],"_links":{"self":[{"href":"https:\/\/secureus.se\/de\/wp-json\/wp\/v2\/product\/147328","targetHints":{"allow":["GET"]}}],"collection":[{"href":"https:\/\/secureus.se\/de\/wp-json\/wp\/v2\/product"}],"about":[{"href":"https:\/\/secureus.se\/de\/wp-json\/wp\/v2\/types\/product"}],"wp:featuredmedia":[{"embeddable":true,"href":"https:\/\/secureus.se\/de\/wp-json\/wp\/v2\/media\/147325"}],"wp:attachment":[{"href":"https:\/\/secureus.se\/de\/wp-json\/wp\/v2\/media?parent=147328"}],"wp:term":[{"taxonomy":"product_brand","embeddable":true,"href":"https:\/\/secureus.se\/de\/wp-json\/wp\/v2\/product_brand?post=147328"},{"taxonomy":"product_cat","embeddable":true,"href":"https:\/\/secureus.se\/de\/wp-json\/wp\/v2\/product_cat?post=147328"},{"taxonomy":"product_tag","embeddable":true,"href":"https:\/\/secureus.se\/de\/wp-json\/wp\/v2\/product_tag?post=147328"}],"curies":[{"name":"wp","href":"https:\/\/api.w.org\/{rel}","templated":true}]}}