{"id":147332,"date":"2023-09-26T13:10:34","date_gmt":"2023-09-26T11:10:34","guid":{"rendered":"https:\/\/secureus.se\/elslutbleck-step-90-rattvand-24v\/"},"modified":"2026-03-26T09:43:27","modified_gmt":"2026-03-26T08:43:27","slug":"elslutbleck-step-90-rattvand-24v","status":"publish","type":"product","link":"https:\/\/secureus.se\/de\/elslutbleck-step-90-rattvand-24v\/","title":{"rendered":"Elektro-T\u00fcr\u00f6ffner STEP 90 Rechtsseitig 24V"},"content":{"rendered":"<h1>Elektro-T\u00fcr\u00f6ffner STEP 90 Rechtsseitig 24V<\/h1>\n<p class=\"\" data-start=\"121\" data-end=\"327\">STEP 90 ist ein feuerzugelassener T\u00fcr\u00f6ffner mit minimalen Abmessungen und hoher Betriebssicherheit. Perfekt f\u00fcr den Einsatz in Hochsicherheitsumgebungen und an Brandabschnittsgrenzen, mit einer Bruchfestigkeit von 1.200 kg.<\/p>\n<p class=\"\" data-start=\"329\" data-end=\"758\">STEP 90 Preload HPR ist ein hochwertiges elektrisches T\u00fcr\u00f6ffnerblech, das minimale Abmessungen mit h\u00f6chster Betriebssicherheit und langer Lebensdauer verbindet.<\/p>\n<p class=\"\" data-start=\"329\" data-end=\"758\">Es ist gem\u00e4\u00df SS-EN 14846:2008 feuerfest bis E\/EI120 und somit eine ausgezeichnete Wahl f\u00fcr Sicherheitsl\u00f6sungen in Brandabschnittsgrenzen.<\/p>\n<p class=\"\" data-start=\"329\" data-end=\"758\">Auch dieser T\u00fcr\u00f6ffner ist mit der patentierten HPR\u00ae-Technologie von STEP ausgestattet, die ein \u00d6ffnen selbst bei einem Druck von bis zu 250 kg garantiert.<\/p>\n<p class=\"\" data-start=\"760\" data-end=\"1164\">Durch seine geringen Abmessungen und die umkehrbare Bauweise passt er sowohl an rechts- als auch an linksangeschlagene T\u00fcren und l\u00e4sst sich problemlos in T\u00fcrsysteme mit Ein- oder Doppelfallenschl\u00f6ssern einbauen.<\/p>\n<p class=\"\" data-start=\"760\" data-end=\"1164\">STEP 90 ist zudem auf Feuerbest\u00e4ndigkeit gepr\u00fcft und zertifiziert und verf\u00fcgt \u00fcber eine Bruchfestigkeit von 1.200 kg (ca. 12 kN), wodurch sichergestellt wird, dass es hohen Belastungen standh\u00e4lt.<\/p>\n<p class=\"\" data-start=\"760\" data-end=\"1164\">Dar\u00fcber hinaus ist es manipulationssicher und verf\u00fcgt \u00fcber eine eingebaute Schutzdiode f\u00fcr erh\u00f6hte elektrische Sicherheit.<\/p>\n<p class=\"\" data-start=\"1166\" data-end=\"1181\"><strong data-start=\"1166\" data-end=\"1181\">Eigenschaften:<\/strong><\/p>\n<ul data-start=\"1182\" data-end=\"1702\">\n<li class=\"\" data-start=\"1182\" data-end=\"1225\">\n<p class=\"\" data-start=\"1184\" data-end=\"1225\">Rechtsdrehende Funktion (im stromlosen Zustand gesperrt)<\/p>\n<\/li>\n<li class=\"\" data-start=\"1226\" data-end=\"1292\">\n<p class=\"\" data-start=\"1228\" data-end=\"1292\">Feuerzugelassen bis Klasse E\/EI 120 gem\u00e4\u00df SS-EN 14846:2008<\/p>\n<\/li>\n<li class=\"\" data-start=\"1293\" data-end=\"1332\">\n<p class=\"\" data-start=\"1295\" data-end=\"1332\">Eingebaute Schutzdiode f\u00fcr zus\u00e4tzliche Sicherheit<\/p>\n<\/li>\n<li class=\"\" data-start=\"1333\" data-end=\"1404\">\n<p class=\"\" data-start=\"1335\" data-end=\"1404\">T\u00fcrzustandsanzeige (geschlossen\/offen) bei Produkten mit Kolbenkontakt<\/p>\n<\/li>\n<li class=\"\" data-start=\"1405\" data-end=\"1445\">\n<p class=\"\" data-start=\"1407\" data-end=\"1445\">Bruchfestigkeit von 1.200 kg (ca. 12 kN)<\/p>\n<\/li>\n<li class=\"\" data-start=\"1446\" data-end=\"1516\">\n<p class=\"\" data-start=\"1448\" data-end=\"1516\">HPR\u00ae-Technologie garantiert \u00d6ffnung trotz 250 kg Leistendruck (ca. 2,5 kN)<\/p>\n<\/li>\n<li class=\"\" data-start=\"1517\" data-end=\"1576\">\n<p class=\"\" data-start=\"1519\" data-end=\"1576\">Sto\u00dffest und umkehrbar f\u00fcr rechte und linke T\u00fcren<\/p>\n<\/li>\n<li class=\"\" data-start=\"1577\" data-end=\"1621\">\n<p class=\"\" data-start=\"1579\" data-end=\"1621\">Schraubl\u00f6cher f\u00fcr Schr\u00e4gschrauben in der Hinterkante<\/p>\n<\/li>\n<li class=\"\" data-start=\"1622\" data-end=\"1702\">\n<p class=\"\" data-start=\"1624\" data-end=\"1702\">Passend f\u00fcr Einfallen- und Doppelfallenschl\u00f6sser der Serien Connect, Modul und Schmalprofil<\/p>\n<\/li>\n<\/ul>\n<p class=\"\" data-start=\"1704\" data-end=\"1733\"><strong data-start=\"1704\" data-end=\"1733\">Technische Spezifikationen:<\/strong><\/p>\n<ul data-start=\"1734\" data-end=\"2274\">\n<li class=\"\" data-start=\"1734\" data-end=\"1841\">\n<p class=\"\" data-start=\"1736\" data-end=\"1841\">Stromversorgung: 12 V DC (+15% -10%) 220 mAh \/ max. 600 mA oder 24 V DC (+15% -10%) 110 mAh \/ max. 300 mA<\/p>\n<\/li>\n<li class=\"\" data-start=\"1842\" data-end=\"1882\">\n<p class=\"\" data-start=\"1844\" data-end=\"1882\">Haltbarkeit: Klasse X gem\u00e4\u00df SS-EN 14846<\/p>\n<\/li>\n<li class=\"\" data-start=\"1883\" data-end=\"1922\">\n<p class=\"\" data-start=\"1885\" data-end=\"1922\">Korrosion: Klasse M gem\u00e4\u00df SS-EN 14846<\/p>\n<\/li>\n<li class=\"\" data-start=\"1923\" data-end=\"1961\">\n<p class=\"\" data-start=\"1925\" data-end=\"1961\">Sicherheit: Klasse 3 gem\u00e4\u00df SS-EN 14846<\/p>\n<\/li>\n<li class=\"\" data-start=\"1962\" data-end=\"2024\">\n<p class=\"\" data-start=\"1964\" data-end=\"2024\">Sicherheit gegen elektrische Manipulation: Klasse 1 gem\u00e4\u00df SS-EN 14846<\/p>\n<\/li>\n<li class=\"\" data-start=\"2025\" data-end=\"2047\">\n<p class=\"\" data-start=\"2027\" data-end=\"2047\">Feuergetestet: 120 min<\/p>\n<\/li>\n<li class=\"\" data-start=\"2048\" data-end=\"2074\">\n<p class=\"\" data-start=\"2050\" data-end=\"2074\">Bruchfestigkeit: 1200 kg<\/p>\n<\/li>\n<li class=\"\" data-start=\"2075\" data-end=\"2105\">\n<p class=\"\" data-start=\"2077\" data-end=\"2105\">T\u00fcranschlag: Rechts, Links<\/p>\n<\/li>\n<li class=\"\" data-start=\"2106\" data-end=\"2124\">\n<p class=\"\" data-start=\"2108\" data-end=\"2124\">Kabel enthalten: Nein<\/p>\n<\/li>\n<li class=\"\" data-start=\"2125\" data-end=\"2144\">\n<p class=\"\" data-start=\"2127\" data-end=\"2144\">Banddruck: 250 kg<\/p>\n<\/li>\n<li class=\"\" data-start=\"2145\" data-end=\"2180\">\n<p class=\"\" data-start=\"2147\" data-end=\"2180\">Schlosstyp: Einzelriegelschloss, Doppelriegelschloss<\/p>\n<\/li>\n<li class=\"\" data-start=\"2181\" data-end=\"2234\">\n<p class=\"\" data-start=\"2183\" data-end=\"2234\">Produktabmessungen: Breite: 25 mm, Tiefe: 28 mm, H\u00f6he: 90 mm<\/p>\n<\/li>\n<li class=\"\" data-start=\"2235\" data-end=\"2253\">\n<p class=\"\" data-start=\"2237\" data-end=\"2253\">Kolbenkontakt: Nein<\/p>\n<\/li>\n<li class=\"\" data-start=\"2254\" data-end=\"2274\">\n<p class=\"\" data-start=\"2256\" data-end=\"2274\">Spannung AC\/DC: D<\/p>\n<\/li>\n<\/ul>\n<p data-start=\"329\" data-end=\"561\">","protected":false},"excerpt":{"rendered":"<p>Hier sehen Sie, welche Pfosten und Modelle aus dem STEP-Sortiment der elektrischen T\u00fcrstopper zusammenpassen.<\/p>\n<h5><strong><a href=\"https:\/\/steplock.com\/sv\/stolpguide\/#!?lang=sv&amp;blog_id=1&amp;paged=1&amp;number=50\" target=\"_blank\" rel=\"noopener\">STEP-Pfostenf\u00fchrung\u00a0<\/a><\/strong><\/h5>\n<h5><strong><a href=\"https:\/\/steplock.com\/sv\/projekteringsguide\/#!?lang=sv&amp;blog_id=1&amp;paged=1&amp;number=999\" target=\"_blank\" rel=\"noopener\">STEP-Designleitfaden<\/a><\/strong><\/h5>","protected":false},"featured_media":147329,"template":"","meta":{"_acf_changed":false},"product_brand":[],"product_cat":[3355],"product_tag":[4197,4200],"class_list":{"0":"post-147332","1":"product","2":"type-product","3":"status-publish","4":"has-post-thumbnail","6":"product_cat-elslutbleck","7":"product_tag-24v","8":"product_tag-rattvand","9":"product_shipping_class-tunga-paket","10":"pa_brands-step","11":"tm-no-options","13":"first","14":"instock","15":"sale","16":"taxable","17":"shipping-taxable","18":"purchasable","19":"product-type-simple"},"acf":[],"_links":{"self":[{"href":"https:\/\/secureus.se\/de\/wp-json\/wp\/v2\/product\/147332","targetHints":{"allow":["GET"]}}],"collection":[{"href":"https:\/\/secureus.se\/de\/wp-json\/wp\/v2\/product"}],"about":[{"href":"https:\/\/secureus.se\/de\/wp-json\/wp\/v2\/types\/product"}],"wp:featuredmedia":[{"embeddable":true,"href":"https:\/\/secureus.se\/de\/wp-json\/wp\/v2\/media\/147329"}],"wp:attachment":[{"href":"https:\/\/secureus.se\/de\/wp-json\/wp\/v2\/media?parent=147332"}],"wp:term":[{"taxonomy":"product_brand","embeddable":true,"href":"https:\/\/secureus.se\/de\/wp-json\/wp\/v2\/product_brand?post=147332"},{"taxonomy":"product_cat","embeddable":true,"href":"https:\/\/secureus.se\/de\/wp-json\/wp\/v2\/product_cat?post=147332"},{"taxonomy":"product_tag","embeddable":true,"href":"https:\/\/secureus.se\/de\/wp-json\/wp\/v2\/product_tag?post=147332"}],"curies":[{"name":"wp","href":"https:\/\/api.w.org\/{rel}","templated":true}]}}