{"id":147336,"date":"2023-09-26T13:10:32","date_gmt":"2023-09-26T11:10:32","guid":{"rendered":"https:\/\/secureus.se\/elslutbleck-step-40-rattvand-24v-kolvkontakt\/"},"modified":"2026-03-26T09:43:45","modified_gmt":"2026-03-26T08:43:45","slug":"elslutbleck-step-40-rattvand-24v-kolvkontakt","status":"publish","type":"product","link":"https:\/\/secureus.se\/de\/elslutbleck-step-40-rattvand-24v-kolvkontakt\/","title":{"rendered":"Elektro-T\u00fcr\u00f6ffner STEP 40 Rechtsseitig 24V Kolbenkontakt"},"content":{"rendered":"<h1>Elektro-T\u00fcr\u00f6ffner STEP 40 Rechtsseitig 24V Kolbenkontakt<\/h1>\n<p>STEP 40 ist ein hochwertiger Elektro-T\u00fcr\u00f6ffner mit HPR\u00ae-Technologie und Kolbenkontakt, perfekt f\u00fcr die sichere Tagesverriegelung. Es ist kompakt, zuverl\u00e4ssig und kann einem Banddruck von bis zu 250 kg standhalten.<\/p>\n<p class=\"\" data-start=\"339\" data-end=\"704\">Der elektrische T\u00fcr\u00f6ffner STEP 40 Preload HPR ist ein elektrischer T\u00fcr\u00f6ffner, der einen hohen Standard in puncto Sicherheit und Zuverl\u00e4ssigkeit setzt. Es ist f\u00fcr den Einsatz als Tagesschloss konzipiert und vereint minimale Abmessungen mit hochwertiger Technik. STEP 40 ist Teil der Preload-Serie von STEP und wurde auf hohe \u00d6ffnungsfrequenzen getestet, was es zu einer langfristigen und nachhaltigen L\u00f6sung macht.<\/p>\n<p class=\"\" data-start=\"706\" data-end=\"1100\">Dank der patentierten HPR\u00ae-Technologie l\u00e4sst sich die T\u00fcr selbst bei einem Druck von bis zu 250 kg entriegeln und gew\u00e4hrleistet so die Funktionalit\u00e4t auch unter schwierigen Bedingungen. Der Kolbenschalter erm\u00f6glicht die Anzeige, ob die T\u00fcr geschlossen oder offen ist. Das elektrische T\u00fcr\u00f6ffnerblech hat eine Bruchfestigkeit von 1.200 kg (ca. 12 kN) und ist werkseitig auf bis zu 1.500.000 Zyklen getestet, was eine langfristige Haltbarkeit gew\u00e4hrleistet.<\/p>\n<p class=\"\" data-start=\"1102\" data-end=\"1241\">STEP 40 ist au\u00dferdem manipulationssicher und f\u00fcr rechts- und linksangeschlagene T\u00fcren umkehrbar, sodass es sich problemlos in verschiedene T\u00fcrsysteme einbauen l\u00e4sst.<\/p>\n<p class=\"\" data-start=\"1243\" data-end=\"1258\"><strong data-start=\"1243\" data-end=\"1258\">Eigenschaften:<\/strong><\/p>\n<ul data-start=\"1259\" data-end=\"1692\">\n<li class=\"\" data-start=\"1259\" data-end=\"1302\">\n<p class=\"\" data-start=\"1261\" data-end=\"1302\">Rechtsdrehende Funktion (im stromlosen Zustand gesperrt)<\/p>\n<\/li>\n<li class=\"\" data-start=\"1303\" data-end=\"1361\">\n<p class=\"\" data-start=\"1305\" data-end=\"1361\">Kolbenkontakt mit T\u00fcrzustandsanzeige (geschlossen\/offen)<\/p>\n<\/li>\n<li class=\"\" data-start=\"1362\" data-end=\"1405\">\n<p class=\"\" data-start=\"1364\" data-end=\"1405\">Eingebaute Schutzdiode f\u00fcr elektrische Sicherheit<\/p>\n<\/li>\n<li class=\"\" data-start=\"1406\" data-end=\"1471\">\n<p class=\"\" data-start=\"1408\" data-end=\"1471\">HPR\u00ae-Technologie, die das \u00d6ffnen auch bei einem Streifendruck von 250 kg garantiert<\/p>\n<\/li>\n<li class=\"\" data-start=\"1472\" data-end=\"1512\">\n<p class=\"\" data-start=\"1474\" data-end=\"1512\">Bruchfestigkeit von 1.200 kg (ca. 12 kN)<\/p>\n<\/li>\n<li class=\"\" data-start=\"1513\" data-end=\"1550\">\n<p class=\"\" data-start=\"1515\" data-end=\"1550\">Im Werk auf 1.500.000 Zyklen getestet<\/p>\n<\/li>\n<li class=\"\" data-start=\"1551\" data-end=\"1610\">\n<p class=\"\" data-start=\"1553\" data-end=\"1610\">Sto\u00dffest und umkehrbar f\u00fcr rechte und linke T\u00fcren<\/p>\n<\/li>\n<li class=\"\" data-start=\"1611\" data-end=\"1655\">\n<p class=\"\" data-start=\"1613\" data-end=\"1655\">Schraubl\u00f6cher f\u00fcr Schr\u00e4gschrauben in der Hinterkante<\/p>\n<\/li>\n<li class=\"\" data-start=\"1656\" data-end=\"1692\">\n<p class=\"\" data-start=\"1658\" data-end=\"1692\">Passend f\u00fcr ein- und zweifl\u00fcgelige Schl\u00f6sser<\/p>\n<\/li>\n<\/ul>\n<p class=\"\" data-start=\"1694\" data-end=\"1723\"><strong data-start=\"1694\" data-end=\"1723\">Technische Spezifikationen:<\/strong><\/p>\n<ul data-start=\"1724\" data-end=\"2303\">\n<li class=\"\" data-start=\"1724\" data-end=\"1831\">\n<p class=\"\" data-start=\"1726\" data-end=\"1831\">Stromversorgung: 12 V DC (+15% -10%) 220 mAh \/ max. 600 mA oder 24 V DC (+15% -10%) 110 mAh \/ max. 300 mA<\/p>\n<\/li>\n<li class=\"\" data-start=\"1832\" data-end=\"1895\">\n<p class=\"\" data-start=\"1834\" data-end=\"1895\">Kolbenkontakt: Mikroschalter einpoliger Wechsler, max. 30 V DC, 1 A<\/p>\n<\/li>\n<li class=\"\" data-start=\"1896\" data-end=\"1936\">\n<p class=\"\" data-start=\"1898\" data-end=\"1936\">Haltbarkeit: Klasse X gem\u00e4\u00df SS-EN 14846<\/p>\n<\/li>\n<li class=\"\" data-start=\"1937\" data-end=\"1976\">\n<p class=\"\" data-start=\"1939\" data-end=\"1976\">Korrosion: Klasse M gem\u00e4\u00df SS-EN 14846<\/p>\n<\/li>\n<li class=\"\" data-start=\"1977\" data-end=\"2015\">\n<p class=\"\" data-start=\"1979\" data-end=\"2015\">Sicherheit: Klasse 3 gem\u00e4\u00df SS-EN 14846<\/p>\n<\/li>\n<li class=\"\" data-start=\"2016\" data-end=\"2078\">\n<p class=\"\" data-start=\"2018\" data-end=\"2078\">Sicherheit gegen elektrische Manipulation: Klasse 1 gem\u00e4\u00df SS-EN 14846<\/p>\n<\/li>\n<li class=\"\" data-start=\"2079\" data-end=\"2105\">\n<p class=\"\" data-start=\"2081\" data-end=\"2105\">Bruchfestigkeit: 1200 kg<\/p>\n<\/li>\n<li class=\"\" data-start=\"2106\" data-end=\"2136\">\n<p class=\"\" data-start=\"2108\" data-end=\"2136\">T\u00fcranschlag: Rechts, Links<\/p>\n<\/li>\n<li class=\"\" data-start=\"2137\" data-end=\"2155\">\n<p class=\"\" data-start=\"2139\" data-end=\"2155\">Kabel enthalten: Nein<\/p>\n<\/li>\n<li class=\"\" data-start=\"2156\" data-end=\"2174\">\n<p class=\"\" data-start=\"2158\" data-end=\"2174\">Streifendruck: 40 kg<\/p>\n<\/li>\n<li class=\"\" data-start=\"2175\" data-end=\"2210\">\n<p class=\"\" data-start=\"2177\" data-end=\"2210\">Schlosstyp: Einzelriegelschloss, Doppelriegelschloss<\/p>\n<\/li>\n<li class=\"\" data-start=\"2211\" data-end=\"2264\">\n<p class=\"\" data-start=\"2213\" data-end=\"2264\">Produktabmessungen: Breite: 25 mm, Tiefe: 28 mm, H\u00f6he: 90 mm<\/p>\n<\/li>\n<li class=\"\" data-start=\"2265\" data-end=\"2282\">\n<p class=\"\" data-start=\"2267\" data-end=\"2282\">Kolbenkontakt: Ja<\/p>\n<\/li>\n<li class=\"\" data-start=\"2283\" data-end=\"2303\">\n<p class=\"\" data-start=\"2285\" data-end=\"2303\">Spannung AC\/DC: DC<\/p>\n<\/li>\n<\/ul>","protected":false},"excerpt":{"rendered":"<p>Hier sehen Sie, welche Pfosten und Modelle aus dem STEP-Sortiment der elektrischen T\u00fcrstopper zusammenpassen.<\/p>\n<h5><strong><a href=\"https:\/\/steplock.com\/sv\/stolpguide\/#!?lang=sv&amp;blog_id=1&amp;paged=1&amp;number=50\" target=\"_blank\" rel=\"noopener\">STEP-Pfostenf\u00fchrung\u00a0<\/a><\/strong><\/h5>\n<h5><strong><a href=\"https:\/\/steplock.com\/sv\/projekteringsguide\/#!?lang=sv&amp;blog_id=1&amp;paged=1&amp;number=999\" target=\"_blank\" rel=\"noopener\">STEP-Designleitfaden<\/a><\/strong><\/h5>","protected":false},"featured_media":147333,"template":"","meta":{"_acf_changed":false},"product_brand":[],"product_cat":[3355],"product_tag":[4197,4200],"class_list":{"0":"post-147336","1":"product","2":"type-product","3":"status-publish","4":"has-post-thumbnail","6":"product_cat-elslutbleck","7":"product_tag-24v","8":"product_tag-rattvand","9":"product_shipping_class-tunga-paket","10":"pa_brands-step","11":"tm-no-options","13":"first","14":"instock","15":"sale","16":"taxable","17":"shipping-taxable","18":"purchasable","19":"product-type-simple"},"acf":[],"_links":{"self":[{"href":"https:\/\/secureus.se\/de\/wp-json\/wp\/v2\/product\/147336","targetHints":{"allow":["GET"]}}],"collection":[{"href":"https:\/\/secureus.se\/de\/wp-json\/wp\/v2\/product"}],"about":[{"href":"https:\/\/secureus.se\/de\/wp-json\/wp\/v2\/types\/product"}],"wp:featuredmedia":[{"embeddable":true,"href":"https:\/\/secureus.se\/de\/wp-json\/wp\/v2\/media\/147333"}],"wp:attachment":[{"href":"https:\/\/secureus.se\/de\/wp-json\/wp\/v2\/media?parent=147336"}],"wp:term":[{"taxonomy":"product_brand","embeddable":true,"href":"https:\/\/secureus.se\/de\/wp-json\/wp\/v2\/product_brand?post=147336"},{"taxonomy":"product_cat","embeddable":true,"href":"https:\/\/secureus.se\/de\/wp-json\/wp\/v2\/product_cat?post=147336"},{"taxonomy":"product_tag","embeddable":true,"href":"https:\/\/secureus.se\/de\/wp-json\/wp\/v2\/product_tag?post=147336"}],"curies":[{"name":"wp","href":"https:\/\/api.w.org\/{rel}","templated":true}]}}