{"id":147341,"date":"2023-09-26T13:10:31","date_gmt":"2023-09-26T11:10:31","guid":{"rendered":"https:\/\/secureus.se\/elslutbleck-step-90-rattvand-24v-kolvkontakt\/"},"modified":"2026-04-23T12:30:40","modified_gmt":"2026-04-23T10:30:40","slug":"elslutbleck-step-90-rattvand-24v-kolvkontakt","status":"publish","type":"product","link":"https:\/\/secureus.se\/de\/elslutbleck-step-90-rattvand-24v-kolvkontakt\/","title":{"rendered":"Elektro-T\u00fcr\u00f6ffner STEP 90 Rechtsseitig 24V Kolbenkontakt"},"content":{"rendered":"<h1>Elektro-T\u00fcr\u00f6ffner STEP 90 Rechtsseitig 24V Kolbenkontakt<\/h1>\n<p>STEP 90 ist ein feuerfester elektrischer T\u00fcr\u00f6ffner mit minimalen Abmessungen und HPR\u00ae-Technologie, ideal f\u00fcr Brandabschnittsgrenzen. Ausgestattet mit einem Kolbenkontakt und einer Bruchkraft von 1.200 kg garantiert es eine zuverl\u00e4ssige Funktion auch bei hohem Banddruck.<\/p>\n<p>Elektrisches T\u00fcr\u00f6ffnerblech STEP 90<\/p>\n<p class=\"\" data-start=\"381\" data-end=\"831\">Preload HPR ist ein hochwertiger elektrischer T\u00fcr\u00f6ffner, der sowohl Sicherheit als auch Zuverl\u00e4ssigkeit bietet.<\/p>\n<p class=\"\" data-start=\"381\" data-end=\"831\">Mit seinen minimalen Abmessungen und der fortschrittlichen Streifendrucktechnologie ist es auf hohe Betriebszuverl\u00e4ssigkeit und lange Lebensdauer ausgelegt und eignet sich daher perfekt f\u00fcr Anwendungen, bei denen Platz und Haltbarkeit wichtig sind.<\/p>\n<p class=\"\" data-start=\"381\" data-end=\"831\">STEP 90 ist gem\u00e4\u00df SS-EN 14846:2008 brandschutzgepr\u00fcft bis E\/EI120 und stellt somit eine ideale L\u00f6sung f\u00fcr Brandabschnittsbegrenzungen dar.<\/p>\n<p class=\"\" data-start=\"833\" data-end=\"1185\">Die patentierte HPR\u00ae-Technologie sorgt daf\u00fcr, dass sich die T\u00fcr auch bei einer Druckbelastung von bis zu 250 kg \u00f6ffnen l\u00e4sst.<\/p>\n<p class=\"\" data-start=\"833\" data-end=\"1185\">STEP 90 ist au\u00dferdem mit einem Kolbenschalter ausgestattet, der anzeigt, ob die T\u00fcr geschlossen oder offen ist.<\/p>\n<p class=\"\" data-start=\"833\" data-end=\"1185\">Es ist auf Feuerbest\u00e4ndigkeit gepr\u00fcft und zertifiziert und verf\u00fcgt \u00fcber eine Bruchfestigkeit von 1.200 kg (ca. 12 kN), was es robust und langlebig macht.<\/p>\n<p class=\"\" data-start=\"1187\" data-end=\"1202\"><strong data-start=\"1187\" data-end=\"1202\">Eigenschaften:<\/strong><\/p>\n<ul data-start=\"1203\" data-end=\"1718\">\n<li class=\"\" data-start=\"1203\" data-end=\"1246\">\n<p class=\"\" data-start=\"1205\" data-end=\"1246\">Rechtsdrehende Funktion (im stromlosen Zustand gesperrt)<\/p>\n<\/li>\n<li class=\"\" data-start=\"1247\" data-end=\"1305\">\n<p class=\"\" data-start=\"1249\" data-end=\"1305\">Kolbenkontakt mit T\u00fcrzustandsanzeige (geschlossen\/offen)<\/p>\n<\/li>\n<li class=\"\" data-start=\"1306\" data-end=\"1371\">\n<p class=\"\" data-start=\"1308\" data-end=\"1371\">Feuergepr\u00fcft bis Klasse E\/EI 120 gem\u00e4\u00df SS-EN 14846:2008<\/p>\n<\/li>\n<li class=\"\" data-start=\"1372\" data-end=\"1420\">\n<p class=\"\" data-start=\"1374\" data-end=\"1420\">Eingebaute Schutzdiode f\u00fcr erh\u00f6hte elektrische Sicherheit<\/p>\n<\/li>\n<li class=\"\" data-start=\"1421\" data-end=\"1491\">\n<p class=\"\" data-start=\"1423\" data-end=\"1491\">HPR\u00ae-Technologie garantiert \u00d6ffnung trotz 250 kg Leistendruck (ca. 2,5 kN)<\/p>\n<\/li>\n<li class=\"\" data-start=\"1492\" data-end=\"1532\">\n<p class=\"\" data-start=\"1494\" data-end=\"1532\">Bruchfestigkeit von 1.200 kg (ca. 12 kN)<\/p>\n<\/li>\n<li class=\"\" data-start=\"1533\" data-end=\"1592\">\n<p class=\"\" data-start=\"1535\" data-end=\"1592\">Sto\u00dffest und umkehrbar f\u00fcr rechte und linke T\u00fcren<\/p>\n<\/li>\n<li class=\"\" data-start=\"1593\" data-end=\"1637\">\n<p class=\"\" data-start=\"1595\" data-end=\"1637\">Schraubl\u00f6cher f\u00fcr Schr\u00e4gschrauben in der Hinterkante<\/p>\n<\/li>\n<li class=\"\" data-start=\"1638\" data-end=\"1718\">\n<p class=\"\" data-start=\"1640\" data-end=\"1718\">Passend f\u00fcr Einfallen- und Doppelfallenschl\u00f6sser der Serien Connect, Modul und Schmalprofil<\/p>\n<\/li>\n<\/ul>\n<p class=\"\" data-start=\"1720\" data-end=\"1749\"><strong data-start=\"1720\" data-end=\"1749\">Technische Spezifikationen:<\/strong><\/p>\n<ul data-start=\"1750\" data-end=\"2353\">\n<li class=\"\" data-start=\"1750\" data-end=\"1857\">\n<p class=\"\" data-start=\"1752\" data-end=\"1857\">Stromversorgung: 12 V DC (+15% -10%) 220 mAh \/ max. 600 mA oder 24 V DC (+15% -10%) 110 mAh \/ max. 300 mA<\/p>\n<\/li>\n<li class=\"\" data-start=\"1858\" data-end=\"1921\">\n<p class=\"\" data-start=\"1860\" data-end=\"1921\">Kolbenkontakt: Mikroschalter einpoliger Wechsler, max. 30 V DC, 1 A<\/p>\n<\/li>\n<li class=\"\" data-start=\"1922\" data-end=\"1962\">\n<p class=\"\" data-start=\"1924\" data-end=\"1962\">Haltbarkeit: Klasse X gem\u00e4\u00df SS-EN 14846<\/p>\n<\/li>\n<li class=\"\" data-start=\"1963\" data-end=\"2002\">\n<p class=\"\" data-start=\"1965\" data-end=\"2002\">Korrosion: Klasse M gem\u00e4\u00df SS-EN 14846<\/p>\n<\/li>\n<li class=\"\" data-start=\"2003\" data-end=\"2041\">\n<p class=\"\" data-start=\"2005\" data-end=\"2041\">Sicherheit: Klasse 3 gem\u00e4\u00df SS-EN 14846<\/p>\n<\/li>\n<li class=\"\" data-start=\"2042\" data-end=\"2104\">\n<p class=\"\" data-start=\"2044\" data-end=\"2104\">Sicherheit gegen elektrische Manipulation: Klasse 1 gem\u00e4\u00df SS-EN 14846<\/p>\n<\/li>\n<li class=\"\" data-start=\"2105\" data-end=\"2127\">\n<p class=\"\" data-start=\"2107\" data-end=\"2127\">Feuergetestet: 120 min<\/p>\n<\/li>\n<li class=\"\" data-start=\"2128\" data-end=\"2154\">\n<p class=\"\" data-start=\"2130\" data-end=\"2154\">Bruchfestigkeit: 1200 kg<\/p>\n<\/li>\n<li class=\"\" data-start=\"2155\" data-end=\"2185\">\n<p class=\"\" data-start=\"2157\" data-end=\"2185\">T\u00fcranschlag: Rechts, Links<\/p>\n<\/li>\n<li class=\"\" data-start=\"2186\" data-end=\"2204\">\n<p class=\"\" data-start=\"2188\" data-end=\"2204\">Kabel enthalten: Nein<\/p>\n<\/li>\n<li class=\"\" data-start=\"2205\" data-end=\"2224\">\n<p class=\"\" data-start=\"2207\" data-end=\"2224\">Banddruck: 250 kg<\/p>\n<\/li>\n<li class=\"\" data-start=\"2225\" data-end=\"2260\">\n<p class=\"\" data-start=\"2227\" data-end=\"2260\">Schlosstyp: Einzelriegelschloss, Doppelriegelschloss<\/p>\n<\/li>\n<li class=\"\" data-start=\"2261\" data-end=\"2314\">\n<p class=\"\" data-start=\"2263\" data-end=\"2314\">Produktabmessungen: Breite: 25 mm, Tiefe: 28 mm, H\u00f6he: 90 mm<\/p>\n<\/li>\n<li class=\"\" data-start=\"2315\" data-end=\"2332\">\n<p class=\"\" data-start=\"2317\" data-end=\"2332\">Kolbenkontakt: Ja<\/p>\n<\/li>\n<li class=\"\" data-start=\"2333\" data-end=\"2353\">\n<p class=\"\" data-start=\"2335\" data-end=\"2353\">Spannung AC\/DC: DC<\/p>\n<\/li>\n<\/ul>\n<p>&nbsp;<\/p>","protected":false},"excerpt":{"rendered":"<p>Hier sehen Sie, welche Pfosten und Modelle aus dem STEP-Sortiment der elektrischen T\u00fcrstopper zusammenpassen.<\/p>\n<h5><strong><a href=\"https:\/\/steplock.com\/sv\/stolpguide\/#!?lang=sv&amp;blog_id=1&amp;paged=1&amp;number=50\" target=\"_blank\" rel=\"noopener\">STEP-Pfostenf\u00fchrung\u00a0<\/a><\/strong><\/h5>\n<h5><strong><a href=\"https:\/\/steplock.com\/sv\/projekteringsguide\/#!?lang=sv&amp;blog_id=1&amp;paged=1&amp;number=999\" target=\"_blank\" rel=\"noopener\">STEP-Designleitfaden<\/a><\/strong><\/h5>","protected":false},"featured_media":147337,"template":"","meta":{"_acf_changed":false},"product_brand":[],"product_cat":[3355],"product_tag":[4197,4200],"class_list":{"0":"post-147341","1":"product","2":"type-product","3":"status-publish","4":"has-post-thumbnail","6":"product_cat-elslutbleck","7":"product_tag-24v","8":"product_tag-rattvand","9":"product_shipping_class-tunga-paket","10":"pa_brands-step","11":"tm-no-options","13":"first","14":"onbackorder","15":"sale","16":"taxable","17":"shipping-taxable","18":"purchasable","19":"product-type-simple"},"acf":[],"_links":{"self":[{"href":"https:\/\/secureus.se\/de\/wp-json\/wp\/v2\/product\/147341","targetHints":{"allow":["GET"]}}],"collection":[{"href":"https:\/\/secureus.se\/de\/wp-json\/wp\/v2\/product"}],"about":[{"href":"https:\/\/secureus.se\/de\/wp-json\/wp\/v2\/types\/product"}],"wp:featuredmedia":[{"embeddable":true,"href":"https:\/\/secureus.se\/de\/wp-json\/wp\/v2\/media\/147337"}],"wp:attachment":[{"href":"https:\/\/secureus.se\/de\/wp-json\/wp\/v2\/media?parent=147341"}],"wp:term":[{"taxonomy":"product_brand","embeddable":true,"href":"https:\/\/secureus.se\/de\/wp-json\/wp\/v2\/product_brand?post=147341"},{"taxonomy":"product_cat","embeddable":true,"href":"https:\/\/secureus.se\/de\/wp-json\/wp\/v2\/product_cat?post=147341"},{"taxonomy":"product_tag","embeddable":true,"href":"https:\/\/secureus.se\/de\/wp-json\/wp\/v2\/product_tag?post=147341"}],"curies":[{"name":"wp","href":"https:\/\/api.w.org\/{rel}","templated":true}]}}