{"id":147349,"date":"2023-09-26T13:10:28","date_gmt":"2023-09-26T11:10:28","guid":{"rendered":"https:\/\/secureus.se\/elslutbleck-step-40-omvand-24v\/"},"modified":"2026-03-26T09:44:18","modified_gmt":"2026-03-26T08:44:18","slug":"elslutbleck-step-40-omvand-24v","status":"publish","type":"product","link":"https:\/\/secureus.se\/de\/elslutbleck-step-40-omvand-24v\/","title":{"rendered":"Elektro-T\u00fcr\u00f6ffner STEP 40 Reverse 24V"},"content":{"rendered":"<div><\/div>\n<div>\n<h1>Elektro-T\u00fcr\u00f6ffner STEP 40 Reverse 24V<\/h1>\n<p>STEP 40 ist ein elektrischer T\u00fcr\u00f6ffner mit Umkehrfunktion, konzipiert f\u00fcr eine sichere Tagesverriegelung. Ausgestattet mit der HPR\u00ae-Technologie und einer Bruchfestigkeit von 1.200 kg h\u00e4lt es hohem Formdruck stand und ist im Werk auf lange Haltbarkeit gepr\u00fcft.<\/p>\n<p class=\"\" data-start=\"348\" data-end=\"712\">Der Elektro-T\u00fcr\u00f6ffner STEP 40 Preload HPR ist ein hochwertiger Elektro-T\u00fcr\u00f6ffner, der zuverl\u00e4ssige Sicherheit und lange Lebensdauer bietet. Durch die Umkehrfunktion wird der T\u00fcr\u00f6ffner im stromlosen Zustand entriegelt und bietet so eine sichere und flexible L\u00f6sung f\u00fcr den Tagesverschluss. STEP 40 ist Teil der Preload-Serie von STEP und kombiniert minimale Abmessungen mit hoher Qualit\u00e4t und Flexibilit\u00e4t.<\/p>\n<p class=\"\" data-start=\"714\" data-end=\"1105\">Die patentierte HPR\u00ae-Technologie sorgt daf\u00fcr, dass sich die T\u00fcr auch bei einem Druck von bis zu 250 kg \u00f6ffnet. Das elektrische Schlie\u00dfblech hat eine werkseitig getestete Lebensdauer von 1.500.000 Zyklen und ist damit eine zuverl\u00e4ssige und langlebige L\u00f6sung f\u00fcr Schl\u00f6sser mit einem oder zwei Riegeln. Es ist manipulationssicher und f\u00fcr rechts- und linksangeschlagene T\u00fcren umkehrbar und verf\u00fcgt zur einfachen Montage \u00fcber Schraubenl\u00f6cher f\u00fcr diagonale Schrauben.<\/p>\n<p class=\"\" data-start=\"1107\" data-end=\"1122\"><strong data-start=\"1107\" data-end=\"1122\">Eigenschaften:<\/strong><\/p>\n<ul data-start=\"1123\" data-end=\"1512\">\n<li class=\"\" data-start=\"1123\" data-end=\"1165\">\n<p class=\"\" data-start=\"1125\" data-end=\"1165\">Reversierfunktion (im stromlosen Zustand entriegelt)<\/p>\n<\/li>\n<li class=\"\" data-start=\"1166\" data-end=\"1215\">\n<p class=\"\" data-start=\"1168\" data-end=\"1215\">Eingebaute Schutzdiode f\u00fcr zus\u00e4tzliche elektrische Sicherheit<\/p>\n<\/li>\n<li class=\"\" data-start=\"1216\" data-end=\"1286\">\n<p class=\"\" data-start=\"1218\" data-end=\"1286\">HPR\u00ae-Technologie garantiert \u00d6ffnung trotz 250 kg Leistendruck (ca. 2,5 kN)<\/p>\n<\/li>\n<li class=\"\" data-start=\"1287\" data-end=\"1327\">\n<p class=\"\" data-start=\"1289\" data-end=\"1327\">Bruchfestigkeit von 1.200 kg (ca. 12 kN)<\/p>\n<\/li>\n<li class=\"\" data-start=\"1328\" data-end=\"1365\">\n<p class=\"\" data-start=\"1330\" data-end=\"1365\">Im Werk auf 1.500.000 Zyklen getestet<\/p>\n<\/li>\n<li class=\"\" data-start=\"1366\" data-end=\"1425\">\n<p class=\"\" data-start=\"1368\" data-end=\"1425\">Sto\u00dffest und umkehrbar f\u00fcr rechte und linke T\u00fcren<\/p>\n<\/li>\n<li class=\"\" data-start=\"1426\" data-end=\"1470\">\n<p class=\"\" data-start=\"1428\" data-end=\"1470\">Schraubl\u00f6cher f\u00fcr Schr\u00e4gschrauben in der Hinterkante<\/p>\n<\/li>\n<li class=\"\" data-start=\"1471\" data-end=\"1512\">\n<p class=\"\" data-start=\"1473\" data-end=\"1512\">Passend f\u00fcr 1-fl\u00fcgelige und 2-fl\u00fcgelige Schl\u00f6sser<\/p>\n<\/li>\n<\/ul>\n<p class=\"\" data-start=\"1514\" data-end=\"1543\"><strong data-start=\"1514\" data-end=\"1543\">Technische Spezifikationen:<\/strong><\/p>\n<ul data-start=\"1544\" data-end=\"2061\">\n<li class=\"\" data-start=\"1544\" data-end=\"1651\">\n<p class=\"\" data-start=\"1546\" data-end=\"1651\">Stromversorgung: 12 V DC (+15% -10%) 220 mAh \/ max. 600 mA oder 24 V DC (+15% -10%) 110 mAh \/ max. 300 mA<\/p>\n<\/li>\n<li class=\"\" data-start=\"1652\" data-end=\"1692\">\n<p class=\"\" data-start=\"1654\" data-end=\"1692\">Haltbarkeit: Klasse X gem\u00e4\u00df SS-EN 14846<\/p>\n<\/li>\n<li class=\"\" data-start=\"1693\" data-end=\"1732\">\n<p class=\"\" data-start=\"1695\" data-end=\"1732\">Korrosion: Klasse M gem\u00e4\u00df SS-EN 14846<\/p>\n<\/li>\n<li class=\"\" data-start=\"1733\" data-end=\"1771\">\n<p class=\"\" data-start=\"1735\" data-end=\"1771\">Sicherheit: Klasse 3 gem\u00e4\u00df SS-EN 14846<\/p>\n<\/li>\n<li class=\"\" data-start=\"1772\" data-end=\"1834\">\n<p class=\"\" data-start=\"1774\" data-end=\"1834\">Sicherheit gegen elektrische Manipulation: Klasse 1 gem\u00e4\u00df SS-EN 14846<\/p>\n<\/li>\n<li class=\"\" data-start=\"1835\" data-end=\"1861\">\n<p class=\"\" data-start=\"1837\" data-end=\"1861\">Bruchfestigkeit: 1200 kg<\/p>\n<\/li>\n<li class=\"\" data-start=\"1862\" data-end=\"1892\">\n<p class=\"\" data-start=\"1864\" data-end=\"1892\">T\u00fcranschlag: Rechts, Links<\/p>\n<\/li>\n<li class=\"\" data-start=\"1893\" data-end=\"1911\">\n<p class=\"\" data-start=\"1895\" data-end=\"1911\">Kabel enthalten: Nein<\/p>\n<\/li>\n<li class=\"\" data-start=\"1912\" data-end=\"1931\">\n<p class=\"\" data-start=\"1914\" data-end=\"1931\">Banddruck: 250 kg<\/p>\n<\/li>\n<li class=\"\" data-start=\"1932\" data-end=\"1967\">\n<p class=\"\" data-start=\"1934\" data-end=\"1967\">Schlosstyp: Einzelriegelschloss, Doppelriegelschloss<\/p>\n<\/li>\n<li class=\"\" data-start=\"1968\" data-end=\"2021\">\n<p class=\"\" data-start=\"1970\" data-end=\"2021\">Produktabmessungen: Breite: 25 mm, Tiefe: 28 mm, H\u00f6he: 90 mm<\/p>\n<\/li>\n<li class=\"\" data-start=\"2022\" data-end=\"2040\">\n<p class=\"\" data-start=\"2024\" data-end=\"2040\">Kolbenkontakt: Nein<\/p>\n<\/li>\n<li class=\"\" data-start=\"2041\" data-end=\"2061\">\n<p class=\"\" data-start=\"2043\" data-end=\"2061\">Spannung AC\/DC: DC<\/p>\n<\/li>\n<\/ul>\n<\/div>\n<div>\n<\/div>","protected":false},"excerpt":{"rendered":"<p>Hier sehen Sie, welche Pfosten und Modelle aus dem STEP-Sortiment der elektrischen T\u00fcrstopper zusammenpassen.<\/p>\n<h5><strong><a href=\"https:\/\/steplock.com\/sv\/stolpguide\/#!?lang=sv&amp;blog_id=1&amp;paged=1&amp;number=50\" target=\"_blank\" rel=\"noopener\">STEP-Pfostenf\u00fchrung\u00a0<\/a><\/strong><\/h5>\n<h5><strong><a href=\"https:\/\/steplock.com\/sv\/projekteringsguide\/#!?lang=sv&amp;blog_id=1&amp;paged=1&amp;number=999\" target=\"_blank\" rel=\"noopener\">STEP-Designleitfaden<\/a><\/strong><\/h5>","protected":false},"featured_media":147346,"template":"","meta":{"_acf_changed":false},"product_brand":[],"product_cat":[3355],"product_tag":[4197,4201],"class_list":{"0":"post-147349","1":"product","2":"type-product","3":"status-publish","4":"has-post-thumbnail","6":"product_cat-elslutbleck","7":"product_tag-24v","8":"product_tag-omvand","9":"product_shipping_class-tunga-paket","10":"pa_brands-step","11":"tm-no-options","13":"first","14":"instock","15":"sale","16":"taxable","17":"shipping-taxable","18":"purchasable","19":"product-type-simple"},"acf":[],"_links":{"self":[{"href":"https:\/\/secureus.se\/de\/wp-json\/wp\/v2\/product\/147349","targetHints":{"allow":["GET"]}}],"collection":[{"href":"https:\/\/secureus.se\/de\/wp-json\/wp\/v2\/product"}],"about":[{"href":"https:\/\/secureus.se\/de\/wp-json\/wp\/v2\/types\/product"}],"wp:featuredmedia":[{"embeddable":true,"href":"https:\/\/secureus.se\/de\/wp-json\/wp\/v2\/media\/147346"}],"wp:attachment":[{"href":"https:\/\/secureus.se\/de\/wp-json\/wp\/v2\/media?parent=147349"}],"wp:term":[{"taxonomy":"product_brand","embeddable":true,"href":"https:\/\/secureus.se\/de\/wp-json\/wp\/v2\/product_brand?post=147349"},{"taxonomy":"product_cat","embeddable":true,"href":"https:\/\/secureus.se\/de\/wp-json\/wp\/v2\/product_cat?post=147349"},{"taxonomy":"product_tag","embeddable":true,"href":"https:\/\/secureus.se\/de\/wp-json\/wp\/v2\/product_tag?post=147349"}],"curies":[{"name":"wp","href":"https:\/\/api.w.org\/{rel}","templated":true}]}}