{"id":147353,"date":"2023-09-26T13:10:26","date_gmt":"2023-09-26T11:10:26","guid":{"rendered":"https:\/\/secureus.se\/elslutbleck-step-40-omstallbar-24v-kolvkontakt\/"},"modified":"2026-04-23T12:35:40","modified_gmt":"2026-04-23T10:35:40","slug":"elslutbleck-step-40-omstallbar-24v-kolvkontakt","status":"publish","type":"product","link":"https:\/\/secureus.se\/de\/elslutbleck-step-40-omstallbar-24v-kolvkontakt\/","title":{"rendered":"Elektro-T\u00fcr\u00f6ffner STEP 40 Einstellbar 24V Kolbenkontakt"},"content":{"rendered":"<h1>Elektro-T\u00fcr\u00f6ffner STEP 40 Einstellbar 24V Kolbenkontakt<\/h1>\n<p>STEP 40 ist ein elektrischer T\u00fcr\u00f6ffner mit einstellbarer Funktion und Kolbenkontakt, konzipiert f\u00fcr eine sichere und zuverl\u00e4ssige Tagesverriegelung. Ausgestattet mit der HPR\u00ae-Technologie h\u00e4lt es hohem Formdruck stand und ist im Werk auf lange Haltbarkeit gepr\u00fcft.<\/p>\n<p>Der STEP 40 Preload HPR Elektro-T\u00fcr\u00f6ffner ist ein hochwertiger Elektro-T\u00fcr\u00f6ffner mit einstellbarer Funktion und Kolbenkontakt, der sich ideal f\u00fcr die Tagesverriegelung in Sicherheitsumgebungen eignet.<\/p>\n<p>Es ist auf hohe Betriebssicherheit und lange Lebensdauer ausgelegt und ist Teil der Preload-Serie von STEP, die minimale Abmessungen mit hoher Qualit\u00e4t und Flexibilit\u00e4t verbindet.<\/p>\n<p class=\"\" data-start=\"719\" data-end=\"1175\">Durch die Umschaltfunktion kann STEP 40 entweder nach vorne oder nach hinten ausgerichtet sein (in der stromlosen Position verriegelt oder entriegelt) und bietet so eine flexible L\u00f6sung f\u00fcr unterschiedliche Installationsanforderungen.<\/p>\n<p class=\"\" data-start=\"719\" data-end=\"1175\">Dank der patentierten HPR\u00ae-Technologie l\u00e4sst sich die T\u00fcr selbst bei einem Druck von bis zu 250 kg \u00f6ffnen und gew\u00e4hrleistet so einen zuverl\u00e4ssigen Betrieb auch unter rauen Bedingungen.<\/p>\n<p class=\"\" data-start=\"719\" data-end=\"1175\">Der St\u00f6\u00dfelschalter bietet au\u00dferdem eine Anzeige des geschlossenen\/offenen Status der T\u00fcr, was die Funktionalit\u00e4t erh\u00f6ht.<\/p>\n<p class=\"\" data-start=\"1177\" data-end=\"1419\">STEP 40 wurde im Werk auf bis zu 1.500.000 Zyklen getestet und ist eine langlebige L\u00f6sung f\u00fcr Schl\u00f6sser mit Einzel- und Doppelriegel. Dar\u00fcber hinaus ist es manipulationssicher und f\u00fcr rechts- und linksangeschlagene T\u00fcren umkehrbar, sodass es sich problemlos in verschiedene T\u00fcrsysteme einbauen l\u00e4sst.<\/p>\n<p class=\"\" data-start=\"1421\" data-end=\"1436\"><strong data-start=\"1421\" data-end=\"1436\">Eigenschaften:<\/strong><\/p>\n<ul data-start=\"1437\" data-end=\"1890\">\n<li class=\"\" data-start=\"1437\" data-end=\"1494\">\n<p class=\"\" data-start=\"1439\" data-end=\"1494\">Umschaltbare Funktion (im stromlosen Zustand verriegelt oder entriegelt)<\/p>\n<\/li>\n<li class=\"\" data-start=\"1495\" data-end=\"1553\">\n<p class=\"\" data-start=\"1497\" data-end=\"1553\">Kolbenkontakt mit T\u00fcrzustandsanzeige (geschlossen\/offen)<\/p>\n<\/li>\n<li class=\"\" data-start=\"1554\" data-end=\"1593\">\n<p class=\"\" data-start=\"1556\" data-end=\"1593\">Eingebaute Schutzdiode f\u00fcr zus\u00e4tzliche Sicherheit<\/p>\n<\/li>\n<li class=\"\" data-start=\"1594\" data-end=\"1664\">\n<p class=\"\" data-start=\"1596\" data-end=\"1664\">HPR\u00ae-Technologie garantiert \u00d6ffnung trotz 250 kg Leistendruck (ca. 2,5 kN)<\/p>\n<\/li>\n<li class=\"\" data-start=\"1665\" data-end=\"1705\">\n<p class=\"\" data-start=\"1667\" data-end=\"1705\">Bruchfestigkeit von 1.200 kg (ca. 12 kN)<\/p>\n<\/li>\n<li class=\"\" data-start=\"1706\" data-end=\"1743\">\n<p class=\"\" data-start=\"1708\" data-end=\"1743\">Im Werk auf 1.500.000 Zyklen getestet<\/p>\n<\/li>\n<li class=\"\" data-start=\"1744\" data-end=\"1803\">\n<p class=\"\" data-start=\"1746\" data-end=\"1803\">Sto\u00dffest und umkehrbar f\u00fcr rechte und linke T\u00fcren<\/p>\n<\/li>\n<li class=\"\" data-start=\"1804\" data-end=\"1848\">\n<p class=\"\" data-start=\"1806\" data-end=\"1848\">Schraubl\u00f6cher f\u00fcr Schr\u00e4gschrauben in der Hinterkante<\/p>\n<\/li>\n<li class=\"\" data-start=\"1849\" data-end=\"1890\">\n<p class=\"\" data-start=\"1851\" data-end=\"1890\">Passend f\u00fcr 1-fl\u00fcgelige und 2-fl\u00fcgelige Schl\u00f6sser<\/p>\n<\/li>\n<\/ul>\n<p class=\"\" data-start=\"1892\" data-end=\"1921\"><strong data-start=\"1892\" data-end=\"1921\">Technische Spezifikationen:<\/strong><\/p>\n<ul data-start=\"1922\" data-end=\"2502\">\n<li class=\"\" data-start=\"1922\" data-end=\"2029\">\n<p class=\"\" data-start=\"1924\" data-end=\"2029\">Stromversorgung: 12 V DC (+15% -10%) 220 mAh \/ max. 600 mA oder 24 V DC (+15% -10%) 110 mAh \/ max. 300 mA<\/p>\n<\/li>\n<li class=\"\" data-start=\"2030\" data-end=\"2093\">\n<p class=\"\" data-start=\"2032\" data-end=\"2093\">Kolbenkontakt: Mikroschalter einpoliger Wechsler, max. 30 V DC, 1 A<\/p>\n<\/li>\n<li class=\"\" data-start=\"2094\" data-end=\"2134\">\n<p class=\"\" data-start=\"2096\" data-end=\"2134\">Haltbarkeit: Klasse X gem\u00e4\u00df SS-EN 14846<\/p>\n<\/li>\n<li class=\"\" data-start=\"2135\" data-end=\"2174\">\n<p class=\"\" data-start=\"2137\" data-end=\"2174\">Korrosion: Klasse M gem\u00e4\u00df SS-EN 14846<\/p>\n<\/li>\n<li class=\"\" data-start=\"2175\" data-end=\"2213\">\n<p class=\"\" data-start=\"2177\" data-end=\"2213\">Sicherheit: Klasse 3 gem\u00e4\u00df SS-EN 14846<\/p>\n<\/li>\n<li class=\"\" data-start=\"2214\" data-end=\"2276\">\n<p class=\"\" data-start=\"2216\" data-end=\"2276\">Sicherheit gegen elektrische Manipulation: Klasse 1 gem\u00e4\u00df SS-EN 14846<\/p>\n<\/li>\n<li class=\"\" data-start=\"2277\" data-end=\"2303\">\n<p class=\"\" data-start=\"2279\" data-end=\"2303\">Bruchfestigkeit: 1200 kg<\/p>\n<\/li>\n<li class=\"\" data-start=\"2304\" data-end=\"2334\">\n<p class=\"\" data-start=\"2306\" data-end=\"2334\">T\u00fcranschlag: Rechts, Links<\/p>\n<\/li>\n<li class=\"\" data-start=\"2335\" data-end=\"2353\">\n<p class=\"\" data-start=\"2337\" data-end=\"2353\">Kabel enthalten: Nein<\/p>\n<\/li>\n<li class=\"\" data-start=\"2354\" data-end=\"2373\">\n<p class=\"\" data-start=\"2356\" data-end=\"2373\">Banddruck: 250 kg<\/p>\n<\/li>\n<li class=\"\" data-start=\"2374\" data-end=\"2409\">\n<p class=\"\" data-start=\"2376\" data-end=\"2409\">Schlosstyp: Einzelriegelschloss, Doppelriegelschloss<\/p>\n<\/li>\n<li class=\"\" data-start=\"2410\" data-end=\"2463\">\n<p class=\"\" data-start=\"2412\" data-end=\"2463\">Produktabmessungen: Breite: 25 mm, Tiefe: 28 mm, H\u00f6he: 90 mm<\/p>\n<\/li>\n<li class=\"\" data-start=\"2464\" data-end=\"2481\">\n<p class=\"\" data-start=\"2466\" data-end=\"2481\">Kolbenkontakt: Ja<\/p>\n<\/li>\n<li class=\"\" data-start=\"2482\" data-end=\"2502\">\n<p class=\"\" data-start=\"2484\" data-end=\"2502\">Spannung AC\/DC: DC<\/p>\n<\/li>\n<\/ul>","protected":false},"excerpt":{"rendered":"<p>Hier sehen Sie, welche Pfosten und Modelle aus dem STEP-Sortiment der elektrischen T\u00fcrstopper zusammenpassen.<\/p>\n<h5><strong><a href=\"https:\/\/steplock.com\/sv\/stolpguide\/#!?lang=sv&amp;blog_id=1&amp;paged=1&amp;number=50\" target=\"_blank\" rel=\"noopener\">STEP-Pfostenf\u00fchrung\u00a0<\/a><\/strong><\/h5>\n<h5><strong><a href=\"https:\/\/steplock.com\/sv\/projekteringsguide\/#!?lang=sv&amp;blog_id=1&amp;paged=1&amp;number=999\" target=\"_blank\" rel=\"noopener\">STEP-Designleitfaden<\/a><\/strong><\/h5>","protected":false},"featured_media":147350,"template":"","meta":{"_acf_changed":false},"product_brand":[],"product_cat":[3355],"product_tag":[4197,4202],"class_list":{"0":"post-147353","1":"product","2":"type-product","3":"status-publish","4":"has-post-thumbnail","6":"product_cat-elslutbleck","7":"product_tag-24v","8":"product_tag-omstallbar-rattvand-omvand","9":"product_shipping_class-tunga-paket","10":"pa_brands-step","11":"tm-no-options","13":"first","14":"instock","15":"sale","16":"taxable","17":"shipping-taxable","18":"purchasable","19":"product-type-simple"},"acf":[],"_links":{"self":[{"href":"https:\/\/secureus.se\/de\/wp-json\/wp\/v2\/product\/147353","targetHints":{"allow":["GET"]}}],"collection":[{"href":"https:\/\/secureus.se\/de\/wp-json\/wp\/v2\/product"}],"about":[{"href":"https:\/\/secureus.se\/de\/wp-json\/wp\/v2\/types\/product"}],"wp:featuredmedia":[{"embeddable":true,"href":"https:\/\/secureus.se\/de\/wp-json\/wp\/v2\/media\/147350"}],"wp:attachment":[{"href":"https:\/\/secureus.se\/de\/wp-json\/wp\/v2\/media?parent=147353"}],"wp:term":[{"taxonomy":"product_brand","embeddable":true,"href":"https:\/\/secureus.se\/de\/wp-json\/wp\/v2\/product_brand?post=147353"},{"taxonomy":"product_cat","embeddable":true,"href":"https:\/\/secureus.se\/de\/wp-json\/wp\/v2\/product_cat?post=147353"},{"taxonomy":"product_tag","embeddable":true,"href":"https:\/\/secureus.se\/de\/wp-json\/wp\/v2\/product_tag?post=147353"}],"curies":[{"name":"wp","href":"https:\/\/api.w.org\/{rel}","templated":true}]}}