{"id":147361,"date":"2023-09-26T13:10:24","date_gmt":"2023-09-26T11:10:24","guid":{"rendered":"https:\/\/secureus.se\/elslutbleck-step-90-omstallbar-24v\/"},"modified":"2026-04-23T12:38:06","modified_gmt":"2026-04-23T10:38:06","slug":"elslutbleck-step-90-omstallbar-24v","status":"publish","type":"product","link":"https:\/\/secureus.se\/de\/elslutbleck-step-90-omstallbar-24v\/","title":{"rendered":"Elektro-T\u00fcr\u00f6ffner STEP 90 Einstellbar 24V"},"content":{"rendered":"<h1>Elektro-T\u00fcr\u00f6ffner STEP 90 Einstellbar 24V<\/h1>\n<p>STEP 90 ist ein feuerzugelassener elektrischer T\u00fcr\u00f6ffner mit einstellbarer Funktion und hoher Sicherheit. Ausgestattet mit HPR\u00ae-Technologie und einer Bruchfestigkeit von 1.200 kg, ausgelegt f\u00fcr hohe \u00d6ffnungsfrequenz und Feuerwiderstand bis E\/EI120.<\/p>\n<p>Elektrische Endplatte<\/p>\n<p class=\"\" data-start=\"368\" data-end=\"786\">STEP 90 Preload HPR ist ein hochwertiges elektrisches T\u00fcrschlie\u00dfblech, das minimale Abmessungen mit h\u00f6chster Sicherheit und langer Lebensdauer verbindet.<\/p>\n<p class=\"\" data-start=\"368\" data-end=\"786\">Es ist f\u00fcr den Einsatz bis E\/EI120 gem\u00e4\u00df SS-EN 14846:2008 feuerfest zugelassen und wurde strengen Tests unterzogen, um die Feuerbest\u00e4ndigkeit zu gew\u00e4hrleisten und einen zuverl\u00e4ssigen Betrieb sicherzustellen.<\/p>\n<p class=\"\" data-start=\"368\" data-end=\"786\">Die patentierte HPR\u00ae-Technologie erm\u00f6glicht das \u00d6ffnen der T\u00fcr auch bei hohem Leistendruck von bis zu 250 kg.<\/p>\n<p class=\"\" data-start=\"788\" data-end=\"1116\">Durch die Umkehrfunktion kann STEP 90 entweder nach vorne oder nach hinten ausgerichtet sein (in stromloser Position verriegelt oder entriegelt), wodurch es flexibel in verschiedene T\u00fcrsysteme eingebaut werden kann.<\/p>\n<p class=\"\" data-start=\"788\" data-end=\"1116\">Mit einer Bruchfestigkeit von 1.200 kg (ca. 12 kN) und werkseitig auf bis zu 1.500.000 Zyklen getestet, bietet STEP 90 eine langlebige und zuverl\u00e4ssige Funktion.<\/p>\n<p class=\"\" data-start=\"1118\" data-end=\"1133\"><strong data-start=\"1118\" data-end=\"1133\">Eigenschaften:<\/strong><\/p>\n<ul data-start=\"1134\" data-end=\"1634\">\n<li class=\"\" data-start=\"1134\" data-end=\"1213\">\n<p class=\"\" data-start=\"1136\" data-end=\"1213\">Umschaltbare Vorw\u00e4rts- oder R\u00fcckw\u00e4rtsfunktion (im stromlosen Zustand verriegelt oder entriegelt)<\/p>\n<\/li>\n<li class=\"\" data-start=\"1214\" data-end=\"1287\">\n<p class=\"\" data-start=\"1216\" data-end=\"1287\">Zertifiziert f\u00fcr Feuerwiderstand bis E\/EI 120 gem\u00e4\u00df SS-EN 14846:2008<\/p>\n<\/li>\n<li class=\"\" data-start=\"1288\" data-end=\"1336\">\n<p class=\"\" data-start=\"1290\" data-end=\"1336\">Eingebaute Schutzdiode f\u00fcr erh\u00f6hte elektrische Sicherheit<\/p>\n<\/li>\n<li class=\"\" data-start=\"1337\" data-end=\"1407\">\n<p class=\"\" data-start=\"1339\" data-end=\"1407\">HPR\u00ae-Technologie garantiert \u00d6ffnung trotz 250 kg Leistendruck (ca. 2,5 kN)<\/p>\n<\/li>\n<li class=\"\" data-start=\"1408\" data-end=\"1448\">\n<p class=\"\" data-start=\"1410\" data-end=\"1448\">Bruchfestigkeit von 1.200 kg (ca. 12 kN)<\/p>\n<\/li>\n<li class=\"\" data-start=\"1449\" data-end=\"1508\">\n<p class=\"\" data-start=\"1451\" data-end=\"1508\">Sto\u00dffest und umkehrbar f\u00fcr rechte und linke T\u00fcren<\/p>\n<\/li>\n<li class=\"\" data-start=\"1509\" data-end=\"1553\">\n<p class=\"\" data-start=\"1511\" data-end=\"1553\">Schraubl\u00f6cher f\u00fcr Schr\u00e4gschrauben in der Hinterkante<\/p>\n<\/li>\n<li class=\"\" data-start=\"1554\" data-end=\"1634\">\n<p class=\"\" data-start=\"1556\" data-end=\"1634\">Passend f\u00fcr Einfallen- und Doppelfallenschl\u00f6sser der Serien Connect, Modul und Schmalprofil<\/p>\n<\/li>\n<\/ul>\n<p class=\"\" data-start=\"1636\" data-end=\"1665\"><strong data-start=\"1636\" data-end=\"1665\">Technische Spezifikationen:<\/strong><\/p>\n<ul data-start=\"1666\" data-end=\"2206\">\n<li class=\"\" data-start=\"1666\" data-end=\"1773\">\n<p class=\"\" data-start=\"1668\" data-end=\"1773\">Stromversorgung: 12 V DC (+15% -10%) 220 mAh \/ max. 600 mA oder 24 V DC (+15% -10%) 110 mAh \/ max. 300 mA<\/p>\n<\/li>\n<li class=\"\" data-start=\"1774\" data-end=\"1814\">\n<p class=\"\" data-start=\"1776\" data-end=\"1814\">Haltbarkeit: Klasse X gem\u00e4\u00df SS-EN 14846<\/p>\n<\/li>\n<li class=\"\" data-start=\"1815\" data-end=\"1854\">\n<p class=\"\" data-start=\"1817\" data-end=\"1854\">Korrosion: Klasse M gem\u00e4\u00df SS-EN 14846<\/p>\n<\/li>\n<li class=\"\" data-start=\"1855\" data-end=\"1893\">\n<p class=\"\" data-start=\"1857\" data-end=\"1893\">Sicherheit: Klasse 3 gem\u00e4\u00df SS-EN 14846<\/p>\n<\/li>\n<li class=\"\" data-start=\"1894\" data-end=\"1956\">\n<p class=\"\" data-start=\"1896\" data-end=\"1956\">Sicherheit gegen elektrische Manipulation: Klasse 1 gem\u00e4\u00df SS-EN 14846<\/p>\n<\/li>\n<li class=\"\" data-start=\"1957\" data-end=\"1979\">\n<p class=\"\" data-start=\"1959\" data-end=\"1979\">Feuergetestet: 120 min<\/p>\n<\/li>\n<li class=\"\" data-start=\"1980\" data-end=\"2006\">\n<p class=\"\" data-start=\"1982\" data-end=\"2006\">Bruchfestigkeit: 1200 kg<\/p>\n<\/li>\n<li class=\"\" data-start=\"2007\" data-end=\"2037\">\n<p class=\"\" data-start=\"2009\" data-end=\"2037\">T\u00fcranschlag: Rechts, Links<\/p>\n<\/li>\n<li class=\"\" data-start=\"2038\" data-end=\"2056\">\n<p class=\"\" data-start=\"2040\" data-end=\"2056\">Kabel enthalten: Nein<\/p>\n<\/li>\n<li class=\"\" data-start=\"2057\" data-end=\"2076\">\n<p class=\"\" data-start=\"2059\" data-end=\"2076\">Banddruck: 250 kg<\/p>\n<\/li>\n<li class=\"\" data-start=\"2077\" data-end=\"2112\">\n<p class=\"\" data-start=\"2079\" data-end=\"2112\">Schlosstyp: Einzelriegelschloss, Doppelriegelschloss<\/p>\n<\/li>\n<li class=\"\" data-start=\"2113\" data-end=\"2166\">\n<p class=\"\" data-start=\"2115\" data-end=\"2166\">Produktabmessungen: Breite: 25 mm, Tiefe: 28 mm, H\u00f6he: 90 mm<\/p>\n<\/li>\n<li class=\"\" data-start=\"2167\" data-end=\"2185\">\n<p class=\"\" data-start=\"2169\" data-end=\"2185\">Kolbenkontakt: Nein<\/p>\n<\/li>\n<li class=\"\" data-start=\"2186\" data-end=\"2206\">\n<p class=\"\" data-start=\"2188\" data-end=\"2206\">Spannung AC\/DC: DC<\/p>\n<\/li>\n<\/ul>","protected":false},"excerpt":{"rendered":"<p>Hier sehen Sie, welche Pfosten und Modelle aus dem STEP-Sortiment der elektrischen T\u00fcrstopper zusammenpassen.<\/p>\n<h5><strong><a href=\"https:\/\/steplock.com\/sv\/stolpguide\/#!?lang=sv&amp;blog_id=1&amp;paged=1&amp;number=50\" target=\"_blank\" rel=\"noopener\">STEP-Pfostenf\u00fchrung\u00a0<\/a><\/strong><\/h5>\n<h5><strong><a href=\"https:\/\/steplock.com\/sv\/projekteringsguide\/#!?lang=sv&amp;blog_id=1&amp;paged=1&amp;number=999\" target=\"_blank\" rel=\"noopener\">STEP-Designleitfaden<\/a><\/strong><\/h5>","protected":false},"featured_media":147358,"template":"","meta":{"_acf_changed":false},"product_brand":[],"product_cat":[3355],"product_tag":[4197,4202],"class_list":{"0":"post-147361","1":"product","2":"type-product","3":"status-publish","4":"has-post-thumbnail","6":"product_cat-elslutbleck","7":"product_tag-24v","8":"product_tag-omstallbar-rattvand-omvand","9":"product_shipping_class-tunga-paket","10":"pa_brands-step","11":"tm-no-options","13":"first","14":"instock","15":"sale","16":"taxable","17":"shipping-taxable","18":"purchasable","19":"product-type-simple"},"acf":[],"_links":{"self":[{"href":"https:\/\/secureus.se\/de\/wp-json\/wp\/v2\/product\/147361","targetHints":{"allow":["GET"]}}],"collection":[{"href":"https:\/\/secureus.se\/de\/wp-json\/wp\/v2\/product"}],"about":[{"href":"https:\/\/secureus.se\/de\/wp-json\/wp\/v2\/types\/product"}],"wp:featuredmedia":[{"embeddable":true,"href":"https:\/\/secureus.se\/de\/wp-json\/wp\/v2\/media\/147358"}],"wp:attachment":[{"href":"https:\/\/secureus.se\/de\/wp-json\/wp\/v2\/media?parent=147361"}],"wp:term":[{"taxonomy":"product_brand","embeddable":true,"href":"https:\/\/secureus.se\/de\/wp-json\/wp\/v2\/product_brand?post=147361"},{"taxonomy":"product_cat","embeddable":true,"href":"https:\/\/secureus.se\/de\/wp-json\/wp\/v2\/product_cat?post=147361"},{"taxonomy":"product_tag","embeddable":true,"href":"https:\/\/secureus.se\/de\/wp-json\/wp\/v2\/product_tag?post=147361"}],"curies":[{"name":"wp","href":"https:\/\/api.w.org\/{rel}","templated":true}]}}