{"id":147367,"date":"2023-09-26T13:10:21","date_gmt":"2023-09-26T11:10:21","guid":{"rendered":"https:\/\/secureus.se\/elslutbleck-step-60-rattvand-24v-kolvkontakt-10m-kabel\/"},"modified":"2026-04-23T12:28:41","modified_gmt":"2026-04-23T10:28:41","slug":"elslutbleck-step-60-rattvand-24v-kolvkontakt-10m-kabel","status":"publish","type":"product","link":"https:\/\/secureus.se\/de\/elslutbleck-step-60-rattvand-24v-kolvkontakt-10m-kabel\/","title":{"rendered":"Elektro-T\u00fcr\u00f6ffner STEP 60 Rechtsseitig 24V Kolbenkontakt 10m Kabel"},"content":{"rendered":"<h1>Elektro-T\u00fcr\u00f6ffner STEP 60 Rechtsseitig 24V Kolbenkontakt 10m Kabel<\/h1>\n<p>STEP 60 Silent ist ein leistungsstarker T\u00fcr\u00f6ffner mit einfacher Funktion, leisem Betrieb und hoher Sicherheit. Ausgestattet mit Kolbenkontakt und 10 m halogenfreiem Kabel, Brandschutzklasse E\/EI120 und ideal f\u00fcr h\u00e4ufig benutzte T\u00fcren.<\/p>\n<div>\n<div>Der elektrische T\u00fcr\u00f6ffner STEP 60 Silent bietet h\u00f6chste Sicherheit und leisen Betrieb und ist daher ideal f\u00fcr Umgebungen, in denen Ger\u00e4uschreduzierung und Betriebszuverl\u00e4ssigkeit wichtig sind.<\/div>\n<div>Durch die robuste Konstruktion und die patentierte Silent-Technologie von STEP eignet es sich besonders f\u00fcr stark frequentierte T\u00fcren, wie sie beispielsweise in Schulen, B\u00fcros oder Mehrfamilienh\u00e4usern vorkommen.<\/div>\n<div>\n<p class=\"\" data-start=\"815\" data-end=\"1201\">Dieses elektrische T\u00fcr\u00f6ffnerblech ist gem\u00e4\u00df SS-EN 14846:2008 feuerfest bis E\/EI120 und verf\u00fcgt \u00fcber eine beeindruckende Bruchfestigkeit von 16 kN (ca. 1600 kg).<\/p>\n<p class=\"\" data-start=\"815\" data-end=\"1201\">Es ist nach rechts gerichtet \u2013 d. h. in der stromlosen Position verriegelt \u2013 und mit einem eingebauten Kolbenschalter ausgestattet, der eine Anzeige des T\u00fcrstatus (offen\/geschlossen, verriegelt\/entriegelt) erm\u00f6glicht.<\/p>\n<p class=\"\" data-start=\"815\" data-end=\"1201\">Das mitgelieferte 10 Meter lange halogenfreie Kabel erleichtert die Installation auch \u00fcber gr\u00f6\u00dfere Entfernungen.<\/p>\n<p class=\"\" data-start=\"1203\" data-end=\"1432\">STEP 60 ist manipulationssicher, verf\u00fcgt \u00fcber eine eingebaute Schutzdiode und einen Sperrkontakt zur Integration in Zugangskontrollsysteme und Alarmsysteme.<\/p>\n<p class=\"\" data-start=\"1203\" data-end=\"1432\">Trotz eines Banddrucks von bis zu 100 kg ist das \u00d6ffnen gew\u00e4hrleistet und somit auch in anspruchsvollen Umgebungen sehr zuverl\u00e4ssig.<\/p>\n<p class=\"\" data-start=\"1434\" data-end=\"1460\"><strong data-start=\"1434\" data-end=\"1460\">Eigenschaften und Vorteile:<\/strong><\/p>\n<ul data-start=\"1461\" data-end=\"1698\">\n<li class=\"\" data-start=\"1461\" data-end=\"1498\">\n<p class=\"\" data-start=\"1463\" data-end=\"1498\">Korrekte Funktion (stromlos gesperrt)<\/p>\n<\/li>\n<li class=\"\" data-start=\"1499\" data-end=\"1541\">\n<p class=\"\" data-start=\"1501\" data-end=\"1541\">Kolbenkontakt und Riegelkontakt integriert<\/p>\n<\/li>\n<li class=\"\" data-start=\"1542\" data-end=\"1565\">\n<p class=\"\" data-start=\"1544\" data-end=\"1565\">Bruchfestigkeit 16 kN<\/p>\n<\/li>\n<li class=\"\" data-start=\"1566\" data-end=\"1600\">\n<p class=\"\" data-start=\"1568\" data-end=\"1600\">Leiser Betrieb mit STEP Silent-Technologie<\/p>\n<\/li>\n<li class=\"\" data-start=\"1601\" data-end=\"1634\">\n<p class=\"\" data-start=\"1603\" data-end=\"1634\">10 m halogenfreies Kabel inklusive<\/p>\n<\/li>\n<li class=\"\" data-start=\"1635\" data-end=\"1657\">\n<p class=\"\" data-start=\"1637\" data-end=\"1657\">Feuerwiderstandsklasse E\/EI120<\/p>\n<\/li>\n<li class=\"\" data-start=\"1658\" data-end=\"1698\">\n<p class=\"\" data-start=\"1660\" data-end=\"1698\">Sto\u00dffest und mit eingebauter Schutzdiode<\/p>\n<\/li>\n<\/ul>\n<p class=\"\" data-start=\"1700\" data-end=\"1856\"><strong data-start=\"1700\" data-end=\"1723\">Einsatzgebiete:<\/strong><br data-start=\"1723\" data-end=\"1726\" \/>Geeignet f\u00fcr \u00f6ffentliche Umgebungen, Schulen, Gesundheitseinrichtungen, B\u00fcros und Wohnh\u00e4user, in denen sowohl Sicherheit als auch ein leiser Betrieb erw\u00fcnscht sind.<\/p>\n<p class=\"\" data-start=\"1858\" data-end=\"1887\"><strong data-start=\"1858\" data-end=\"1887\">Technische Spezifikationen:<\/strong><\/p>\n<ul data-start=\"1888\" data-end=\"2198\">\n<li class=\"\" data-start=\"1888\" data-end=\"1926\">\n<p class=\"\" data-start=\"1890\" data-end=\"1926\">Betriebsspannung: 24 V DC (21,6-27,6 V)<\/p>\n<\/li>\n<li class=\"\" data-start=\"1927\" data-end=\"1960\">\n<p class=\"\" data-start=\"1929\" data-end=\"1960\">Max. Strom: 250 mA, 121 mA entriegelt<\/p>\n<\/li>\n<li class=\"\" data-start=\"1961\" data-end=\"1987\">\n<p class=\"\" data-start=\"1963\" data-end=\"1987\">Bruchfestigkeit: 1600 kg<\/p>\n<\/li>\n<li class=\"\" data-start=\"1988\" data-end=\"2017\">\n<p class=\"\" data-start=\"1990\" data-end=\"2017\">T\u00fcranschlag: Rechts\/Links<\/p>\n<\/li>\n<li class=\"\" data-start=\"2018\" data-end=\"2040\">\n<p class=\"\" data-start=\"2020\" data-end=\"2040\">Kabell\u00e4nge: 10 Meter<\/p>\n<\/li>\n<li class=\"\" data-start=\"2041\" data-end=\"2060\">\n<p class=\"\" data-start=\"2043\" data-end=\"2060\">Streifendruck: 100 kg<\/p>\n<\/li>\n<li class=\"\" data-start=\"2061\" data-end=\"2095\">\n<p class=\"\" data-start=\"2063\" data-end=\"2095\">Abmessungen (BxTxH): 28 x 34 x 149,5 mm<\/p>\n<\/li>\n<li class=\"\" data-start=\"2096\" data-end=\"2124\">\n<p class=\"\" data-start=\"2098\" data-end=\"2124\">Farbe\/Oberfl\u00e4che: Edelstahl<\/p>\n<\/li>\n<li class=\"\" data-start=\"2125\" data-end=\"2158\">\n<p class=\"\" data-start=\"2127\" data-end=\"2158\">Schlossart: Einzel- und Doppelriegelschloss<\/p>\n<\/li>\n<li class=\"\" data-start=\"2159\" data-end=\"2198\">\n<p class=\"\" data-start=\"2161\" data-end=\"2198\">Bewertungen: SundaHus, Baustoffbewertung<\/p>\n<\/li>\n<\/ul>\n<\/div>\n<\/div>","protected":false},"excerpt":{"rendered":"<p>Hier sehen Sie, welche Pfosten und Modelle aus dem STEP-Sortiment der elektrischen T\u00fcrstopper zusammenpassen.<\/p>\n<h5><strong><a href=\"https:\/\/steplock.com\/sv\/stolpguide\/#!?lang=sv&amp;blog_id=1&amp;paged=1&amp;number=50\" target=\"_blank\" rel=\"noopener\">STEP-Pfostenf\u00fchrung\u00a0<\/a><\/strong><\/h5>\n<h5><strong><a href=\"https:\/\/steplock.com\/sv\/projekteringsguide\/#!?lang=sv&amp;blog_id=1&amp;paged=1&amp;number=999\" target=\"_blank\" rel=\"noopener\">STEP-Designleitfaden<\/a><\/strong><\/h5>","protected":false},"featured_media":147365,"template":"","meta":{"_acf_changed":false},"product_brand":[],"product_cat":[3355],"product_tag":[4197,4200],"class_list":{"0":"post-147367","1":"product","2":"type-product","3":"status-publish","4":"has-post-thumbnail","6":"product_cat-elslutbleck","7":"product_tag-24v","8":"product_tag-rattvand","9":"product_shipping_class-tunga-paket","10":"pa_brands-step","11":"tm-no-options","13":"first","14":"instock","15":"sale","16":"taxable","17":"shipping-taxable","18":"purchasable","19":"product-type-simple"},"acf":[],"_links":{"self":[{"href":"https:\/\/secureus.se\/de\/wp-json\/wp\/v2\/product\/147367","targetHints":{"allow":["GET"]}}],"collection":[{"href":"https:\/\/secureus.se\/de\/wp-json\/wp\/v2\/product"}],"about":[{"href":"https:\/\/secureus.se\/de\/wp-json\/wp\/v2\/types\/product"}],"wp:featuredmedia":[{"embeddable":true,"href":"https:\/\/secureus.se\/de\/wp-json\/wp\/v2\/media\/147365"}],"wp:attachment":[{"href":"https:\/\/secureus.se\/de\/wp-json\/wp\/v2\/media?parent=147367"}],"wp:term":[{"taxonomy":"product_brand","embeddable":true,"href":"https:\/\/secureus.se\/de\/wp-json\/wp\/v2\/product_brand?post=147367"},{"taxonomy":"product_cat","embeddable":true,"href":"https:\/\/secureus.se\/de\/wp-json\/wp\/v2\/product_cat?post=147367"},{"taxonomy":"product_tag","embeddable":true,"href":"https:\/\/secureus.se\/de\/wp-json\/wp\/v2\/product_tag?post=147367"}],"curies":[{"name":"wp","href":"https:\/\/api.w.org\/{rel}","templated":true}]}}