{"id":147370,"date":"2023-09-26T13:10:18","date_gmt":"2023-09-26T11:10:18","guid":{"rendered":"https:\/\/secureus.se\/elslutbleck-step-18-hoger-rattvand-24v-for-assa-511\/"},"modified":"2026-04-23T12:39:44","modified_gmt":"2026-04-23T10:39:44","slug":"elslutbleck-step-18-hoger-rattvand-24v-for-assa-511","status":"publish","type":"product","link":"https:\/\/secureus.se\/de\/elslutbleck-step-18-hoger-rattvand-24v-for-assa-511\/","title":{"rendered":"Elektro-T\u00fcr\u00f6ffner STEP 18 Rechts Rechtsgerichtet 24V f\u00fcr Assa 511"},"content":{"rendered":"<h1>Elektro-T\u00fcr\u00f6ffner STEP 18 Rechts Rechtsgerichtet 24V f\u00fcr Assa 511<\/h1>\n<p class=\"\" data-start=\"401\" data-end=\"779\">Der elektrische T\u00fcr\u00f6ffner STEP 18 Secure geh\u00f6rt zur Secure-Serie von STEP, die f\u00fcr T\u00fcrumgebungen mit extremen Sicherheitsanforderungen entwickelt wurde.<\/p>\n<p class=\"\" data-start=\"401\" data-end=\"779\">Dieses Modell ist speziell f\u00fcr rechts angeschlagene T\u00fcren mit Hakenriegelschl\u00f6ssern vom Typ Assa 511 und 10 mm Kolben entwickelt und bietet schnelles und sicheres Ver- und Entriegeln.<\/p>\n<p class=\"\" data-start=\"781\" data-end=\"1051\">Dank der nach rechts gerichteten Funktion \u2013 Verriegelung in der stromlosen Position \u2013 und einer Bruchfestigkeit von 15 kN (ca. 1500 kg) h\u00e4lt STEP 18 Secure rauen Umgebungen stand, in denen sowohl h\u00e4ufige Nutzung als auch hohe Sicherheit erforderlich sind.<\/p>\n<p class=\"\" data-start=\"781\" data-end=\"1051\">Es ist f\u00fcr Sicherheitst\u00fcren bis RC4 zugelassen und feuergepr\u00fcft bis E\/EI60.<\/p>\n<p class=\"\" data-start=\"1053\" data-end=\"1352\">Eingebauter Kolbenschalter und Riegelschalter erm\u00f6glichen die Status\u00fcberwachung der verriegelten und offenen Position der T\u00fcr, wodurch sich das Produkt perfekt f\u00fcr die Integration in Zugangskontrollsysteme oder Alarme eignet.<\/p>\n<p class=\"\" data-start=\"1053\" data-end=\"1352\">Der elektrische T\u00fcr\u00f6ffner ist zudem manipulationssicher, verf\u00fcgt \u00fcber eine eingebaute Schutzdiode und wird mit einem 5 Meter langen halogenfreien Kabel f\u00fcr den einfachen Anschluss geliefert.<\/p>\n<p class=\"\" data-start=\"1354\" data-end=\"1380\"><strong data-start=\"1354\" data-end=\"1380\">Eigenschaften und Vorteile:<\/strong><\/p>\n<ul data-start=\"1381\" data-end=\"1704\">\n<li class=\"\" data-start=\"1381\" data-end=\"1429\">\n<p class=\"\" data-start=\"1383\" data-end=\"1429\">Passend f\u00fcr Assa 511 Hakenriegelschloss (10 mm Kolben)<\/p>\n<\/li>\n<li class=\"\" data-start=\"1430\" data-end=\"1467\">\n<p class=\"\" data-start=\"1432\" data-end=\"1467\">Korrekte Funktion \u2013 stromlos verriegelt<\/p>\n<\/li>\n<li class=\"\" data-start=\"1468\" data-end=\"1492\">\n<p class=\"\" data-start=\"1470\" data-end=\"1492\">F\u00fcr rechtsangeschlagene T\u00fcren<\/p>\n<\/li>\n<li class=\"\" data-start=\"1493\" data-end=\"1543\">\n<p class=\"\" data-start=\"1495\" data-end=\"1543\">Eingebaute Statusschalter: Kolben- und Riegelschalter<\/p>\n<\/li>\n<li class=\"\" data-start=\"1544\" data-end=\"1572\">\n<p class=\"\" data-start=\"1546\" data-end=\"1572\">Hohe Bruchfestigkeit: 15 kN<\/p>\n<\/li>\n<li class=\"\" data-start=\"1573\" data-end=\"1613\">\n<p class=\"\" data-start=\"1575\" data-end=\"1613\">\u00d6ffnet trotz Druck bis 500 kg<\/p>\n<\/li>\n<li class=\"\" data-start=\"1614\" data-end=\"1633\">\n<p class=\"\" data-start=\"1616\" data-end=\"1633\">Brandklasse E\/EI60<\/p>\n<\/li>\n<li class=\"\" data-start=\"1634\" data-end=\"1674\">\n<p class=\"\" data-start=\"1636\" data-end=\"1674\">Lieferung mit 5 Meter halogenfreiem Kabel<\/p>\n<\/li>\n<li class=\"\" data-start=\"1675\" data-end=\"1704\">\n<p class=\"\" data-start=\"1677\" data-end=\"1704\">Schutzdiode und \u00dcberspannungsschutz<\/p>\n<\/li>\n<\/ul>\n<p class=\"\" data-start=\"1706\" data-end=\"1863\"><strong data-start=\"1706\" data-end=\"1729\">Einsatzgebiete:<\/strong><br data-start=\"1729\" data-end=\"1732\" \/>Ideal f\u00fcr sicherheitsklassifizierte Umgebungen wie Banken, Gef\u00e4ngnisse, Beh\u00f6rden und andere R\u00e4umlichkeiten mit hohen Anforderungen an zuverl\u00e4ssige Verriegelung.<\/p>\n<p class=\"\" data-start=\"1865\" data-end=\"1894\"><strong data-start=\"1865\" data-end=\"1894\">Technische Spezifikationen:<\/strong><\/p>\n<ul data-start=\"1895\" data-end=\"2191\">\n<li class=\"\" data-start=\"1895\" data-end=\"1933\">\n<p class=\"\" data-start=\"1897\" data-end=\"1933\">Betriebsspannung: 24 V DC (21,6-27,6 V)<\/p>\n<\/li>\n<li class=\"\" data-start=\"1934\" data-end=\"1966\">\n<p class=\"\" data-start=\"1936\" data-end=\"1966\">Stromverbrauch: 313 mA entriegelt<\/p>\n<\/li>\n<li class=\"\" data-start=\"1967\" data-end=\"1988\">\n<p class=\"\" data-start=\"1969\" data-end=\"1988\">T\u00fcranschlag: Rechts<\/p>\n<\/li>\n<li class=\"\" data-start=\"1989\" data-end=\"2010\">\n<p class=\"\" data-start=\"1991\" data-end=\"2010\">Kabell\u00e4nge: 5 Meter<\/p>\n<\/li>\n<li class=\"\" data-start=\"2011\" data-end=\"2030\">\n<p class=\"\" data-start=\"2013\" data-end=\"2030\">Listendruck: 500 kg<\/p>\n<\/li>\n<li class=\"\" data-start=\"2031\" data-end=\"2057\">\n<p class=\"\" data-start=\"2033\" data-end=\"2057\">Bruchfestigkeit: 1500 kg<\/p>\n<\/li>\n<li class=\"\" data-start=\"2058\" data-end=\"2090\">\n<p class=\"\" data-start=\"2060\" data-end=\"2090\">Abmessungen (BxTxH): 35 x 40 x 230 mm<\/p>\n<\/li>\n<li class=\"\" data-start=\"2091\" data-end=\"2119\">\n<p class=\"\" data-start=\"2093\" data-end=\"2119\">Farbe\/Oberfl\u00e4che: Edelstahl<\/p>\n<\/li>\n<li class=\"\" data-start=\"2120\" data-end=\"2151\">\n<p class=\"\" data-start=\"2122\" data-end=\"2151\">Schlosstyp: Hakenfallenschloss, Riegelschloss<\/p>\n<\/li>\n<li class=\"\" data-start=\"2152\" data-end=\"2191\">\n<p class=\"\" data-start=\"2154\" data-end=\"2191\">Bewertungen: SundaHus, Baustoffbewertung<\/p>\n<\/li>\n<\/ul>","protected":false},"excerpt":{"rendered":"<p>Hier sehen Sie, welche Pfosten und Modelle aus dem STEP-Sortiment der elektrischen T\u00fcrstopper zusammenpassen.<\/p>\n<h5><strong><a href=\"https:\/\/steplock.com\/sv\/stolpguide\/#!?lang=sv&amp;blog_id=1&amp;paged=1&amp;number=50\" target=\"_blank\" rel=\"noopener\">STEP-Pfostenf\u00fchrung\u00a0<\/a><\/strong><\/h5>\n<h5><strong><a href=\"https:\/\/steplock.com\/sv\/projekteringsguide\/#!?lang=sv&amp;blog_id=1&amp;paged=1&amp;number=999\" target=\"_blank\" rel=\"noopener\">STEP-Designleitfaden<\/a><\/strong><\/h5>","protected":false},"featured_media":147368,"template":"","meta":{"_acf_changed":false},"product_brand":[],"product_cat":[3355],"product_tag":[4197,4200],"class_list":{"0":"post-147370","1":"product","2":"type-product","3":"status-publish","4":"has-post-thumbnail","6":"product_cat-elslutbleck","7":"product_tag-24v","8":"product_tag-rattvand","9":"product_shipping_class-tunga-paket","10":"pa_brands-step","11":"tm-no-options","13":"first","14":"outofstock","15":"sale","16":"taxable","17":"shipping-taxable","18":"purchasable","19":"product-type-simple"},"acf":[],"_links":{"self":[{"href":"https:\/\/secureus.se\/de\/wp-json\/wp\/v2\/product\/147370","targetHints":{"allow":["GET"]}}],"collection":[{"href":"https:\/\/secureus.se\/de\/wp-json\/wp\/v2\/product"}],"about":[{"href":"https:\/\/secureus.se\/de\/wp-json\/wp\/v2\/types\/product"}],"wp:featuredmedia":[{"embeddable":true,"href":"https:\/\/secureus.se\/de\/wp-json\/wp\/v2\/media\/147368"}],"wp:attachment":[{"href":"https:\/\/secureus.se\/de\/wp-json\/wp\/v2\/media?parent=147370"}],"wp:term":[{"taxonomy":"product_brand","embeddable":true,"href":"https:\/\/secureus.se\/de\/wp-json\/wp\/v2\/product_brand?post=147370"},{"taxonomy":"product_cat","embeddable":true,"href":"https:\/\/secureus.se\/de\/wp-json\/wp\/v2\/product_cat?post=147370"},{"taxonomy":"product_tag","embeddable":true,"href":"https:\/\/secureus.se\/de\/wp-json\/wp\/v2\/product_tag?post=147370"}],"curies":[{"name":"wp","href":"https:\/\/api.w.org\/{rel}","templated":true}]}}