{"id":147375,"date":"2023-09-26T13:10:14","date_gmt":"2023-09-26T11:10:14","guid":{"rendered":"https:\/\/secureus.se\/elslutbleck-step-60-omvand-24v-kolvkontakt-5m-kabel\/"},"modified":"2026-04-08T16:02:32","modified_gmt":"2026-04-08T14:02:32","slug":"elslutbleck-step-60-omvand-24v-kolvkontakt-5m-kabel","status":"publish","type":"product","link":"https:\/\/secureus.se\/de\/elslutbleck-step-60-omvand-24v-kolvkontakt-5m-kabel\/","title":{"rendered":"Elektro-T\u00fcr\u00f6ffner STEP 60 Reverse 24V Kolbenkontakt 5m Kabel"},"content":{"rendered":"<h1>Elektro-T\u00fcr\u00f6ffner STEP 60 Reverse 24V Kolbenkontakt 5m Kabel<\/h1>\n<p>STEP 60 Silent mit R\u00fcckw\u00e4rtsfunktion sorgt f\u00fcr einen leisen und zuverl\u00e4ssigen Betrieb von T\u00fcren mit hoher Frequenz. Mit Kolbenanschluss, 5 m Kabel und Brandklasse E\/EI120 ist es ideal f\u00fcr Umgebungen, in denen Ger\u00e4uschpegel und Sicherheit entscheidend sind.<\/p>\n<p>Der elektrische T\u00fcr\u00f6ffner STEP 60 Silent ist ein Premium-T\u00fcr\u00f6ffner aus der Silent-Serie von STEP, entwickelt f\u00fcr T\u00fcren mit hohen Anforderungen an Sicherheit und Schalld\u00e4mmung.<\/p>\n<p>Dieses Modell verf\u00fcgt \u00fcber eine R\u00fcckw\u00e4rtsfunktion, was bedeutet, dass die T\u00fcr in einer stromlosen Position entriegelt wird \u2013 eine wichtige Funktion in Umgebungen mit Anforderungen an eine sichere Evakuierung.<\/p>\n<p class=\"\" data-start=\"852\" data-end=\"1197\">Dank der patentierten Silent-Technologie bietet STEP 60 einen nahezu ger\u00e4uschlosen Betrieb und eignet sich daher besonders f\u00fcr \u00f6ffentliche Umgebungen, B\u00fcros, Schulen oder Krankenh\u00e4user, in denen der Ger\u00e4uschpegel niedrig gehalten werden muss.<\/p>\n<p class=\"\" data-start=\"852\" data-end=\"1197\">Seine robuste Konstruktion bietet eine Bruchfestigkeit von 16 kN (ca. 1600 kg) und gew\u00e4hrleistet das \u00d6ffnen auch bei einem Banddruck von bis zu 100 kg.<\/p>\n<p class=\"\" data-start=\"1199\" data-end=\"1536\">Das integrierte Mikroschalterpaket mit Kolbenkontakt und Rastkontakt erm\u00f6glicht eine eindeutige Anzeige des T\u00fcrzustands und erleichtert die Einbindung in Zutrittskontrollsysteme und Alarmanlagen.<\/p>\n<p class=\"\" data-start=\"1199\" data-end=\"1536\">Das Produkt ist au\u00dferdem feuerbest\u00e4ndig bis E\/EI120, manipulationssicher und mit einer eingebauten Schutzdiode ausgestattet. Wird komplett mit 5 Metern halogenfreiem Kabel geliefert.<\/p>\n<p class=\"\" data-start=\"1538\" data-end=\"1564\">Eigenschaften und Vorteile:<\/p>\n<ul data-start=\"1565\" data-end=\"1845\">\n<li class=\"\" data-start=\"1565\" data-end=\"1601\">\n<p class=\"\" data-start=\"1567\" data-end=\"1601\">R\u00fcckw\u00e4rtsfunktion (ohne Strom entriegelt)<\/p>\n<\/li>\n<li class=\"\" data-start=\"1602\" data-end=\"1649\">\n<p class=\"\" data-start=\"1604\" data-end=\"1649\">Patentierte Silent-Technologie \u2013 leiser und ruhiger Lauf<\/p>\n<\/li>\n<li class=\"\" data-start=\"1650\" data-end=\"1672\">\n<p class=\"\" data-start=\"1652\" data-end=\"1672\">Feuerwiderstandsklasse E\/EI120<\/p>\n<\/li>\n<li class=\"\" data-start=\"1673\" data-end=\"1719\">\n<p class=\"\" data-start=\"1675\" data-end=\"1719\">Kolben- und Riegelkontakt zur Zustands\u00fcberwachung<\/p>\n<\/li>\n<li class=\"\" data-start=\"1720\" data-end=\"1743\">\n<p class=\"\" data-start=\"1722\" data-end=\"1743\">Bruchfestigkeit 16 kN<\/p>\n<\/li>\n<li class=\"\" data-start=\"1744\" data-end=\"1769\">\n<p class=\"\" data-start=\"1746\" data-end=\"1769\">H\u00e4lt 100 kg Streifendruck stand<\/p>\n<\/li>\n<li class=\"\" data-start=\"1770\" data-end=\"1804\">\n<p class=\"\" data-start=\"1772\" data-end=\"1804\">Antiklopf- und Schutzdiode inklusive<\/p>\n<\/li>\n<li class=\"\" data-start=\"1805\" data-end=\"1845\">\n<p class=\"\" data-start=\"1807\" data-end=\"1845\">Lieferung mit 5 Meter halogenfreiem Kabel<\/p>\n<\/li>\n<\/ul>\n<p class=\"\" data-start=\"1847\" data-end=\"2006\">Einsatzgebiete:<br data-start=\"1870\" data-end=\"1873\" \/>Ideal f\u00fcr stark frequentierte T\u00fcren in Schulen, B\u00fcros, im Gesundheitswesen und in \u00f6ffentlichen Umgebungen, in denen L\u00e4rmpegel und Sicherheit wichtige Faktoren sind.<\/p>\n<p class=\"\" data-start=\"2008\" data-end=\"2037\">Technische Spezifikationen:<\/p>\n<ul data-start=\"2038\" data-end=\"2401\">\n<li class=\"\" data-start=\"2038\" data-end=\"2076\">\n<p class=\"\" data-start=\"2040\" data-end=\"2076\">Betriebsspannung: 24 V DC (21,6-27,6 V)<\/p>\n<\/li>\n<li class=\"\" data-start=\"2077\" data-end=\"2121\">\n<p class=\"\" data-start=\"2079\" data-end=\"2121\">Stromaufnahme: 121 mA entriegelt, max. 250 mA<\/p>\n<\/li>\n<li class=\"\" data-start=\"2122\" data-end=\"2151\">\n<p class=\"\" data-start=\"2124\" data-end=\"2151\">T\u00fcranschlag: Rechts\/Links<\/p>\n<\/li>\n<li class=\"\" data-start=\"2152\" data-end=\"2173\">\n<p class=\"\" data-start=\"2154\" data-end=\"2173\">Kabell\u00e4nge: 5 Meter<\/p>\n<\/li>\n<li class=\"\" data-start=\"2174\" data-end=\"2193\">\n<p class=\"\" data-start=\"2176\" data-end=\"2193\">Streifendruck: 100 kg<\/p>\n<\/li>\n<li class=\"\" data-start=\"2194\" data-end=\"2220\">\n<p class=\"\" data-start=\"2196\" data-end=\"2220\">Bruchfestigkeit: 1600 kg<\/p>\n<\/li>\n<li class=\"\" data-start=\"2221\" data-end=\"2255\">\n<p class=\"\" data-start=\"2223\" data-end=\"2255\">Abmessungen (BxTxH): 28 x 34 x 149,5 mm<\/p>\n<\/li>\n<li class=\"\" data-start=\"2256\" data-end=\"2289\">\n<p class=\"\" data-start=\"2258\" data-end=\"2289\">Schlossart: Einzel- und Doppelriegelschloss<\/p>\n<\/li>\n<li class=\"\" data-start=\"2290\" data-end=\"2332\">\n<p class=\"\" data-start=\"2292\" data-end=\"2332\">Kolbenkontakt: Mikroschalter, 30 V DC \/ 1 A<\/p>\n<\/li>\n<li class=\"\" data-start=\"2333\" data-end=\"2361\">\n<p class=\"\" data-start=\"2335\" data-end=\"2361\">Farbe\/Oberfl\u00e4che: Edelstahl<\/p>\n<\/li>\n<li class=\"\" data-start=\"2362\" data-end=\"2401\">\n<p class=\"\" data-start=\"2364\" data-end=\"2401\">Bewertungen: SundaHus, Baustoffbewertung<\/p>\n<\/li>\n<\/ul>","protected":false},"excerpt":{"rendered":"<p>Hier sehen Sie, welche Pfosten und Modelle aus dem STEP-Sortiment der elektrischen T\u00fcrstopper zusammenpassen.<\/p>\n<h5><strong><a href=\"https:\/\/steplock.com\/sv\/stolpguide\/#!?lang=sv&amp;blog_id=1&amp;paged=1&amp;number=50\" target=\"_blank\" rel=\"noopener\">STEP-Pfostenf\u00fchrung\u00a0<\/a><\/strong><\/h5>\n<h5><strong><a href=\"https:\/\/steplock.com\/sv\/projekteringsguide\/#!?lang=sv&amp;blog_id=1&amp;paged=1&amp;number=999\" target=\"_blank\" rel=\"noopener\">STEP-Designleitfaden<\/a><\/strong><\/h5>","protected":false},"featured_media":147372,"template":"","meta":{"_acf_changed":false},"product_brand":[],"product_cat":[3355],"product_tag":[4197,4201],"class_list":{"0":"post-147375","1":"product","2":"type-product","3":"status-publish","4":"has-post-thumbnail","6":"product_cat-elslutbleck","7":"product_tag-24v","8":"product_tag-omvand","9":"product_shipping_class-tunga-paket","10":"pa_brands-step","11":"tm-no-options","13":"first","14":"instock","15":"sale","16":"taxable","17":"shipping-taxable","18":"purchasable","19":"product-type-simple"},"acf":[],"_links":{"self":[{"href":"https:\/\/secureus.se\/de\/wp-json\/wp\/v2\/product\/147375","targetHints":{"allow":["GET"]}}],"collection":[{"href":"https:\/\/secureus.se\/de\/wp-json\/wp\/v2\/product"}],"about":[{"href":"https:\/\/secureus.se\/de\/wp-json\/wp\/v2\/types\/product"}],"wp:featuredmedia":[{"embeddable":true,"href":"https:\/\/secureus.se\/de\/wp-json\/wp\/v2\/media\/147372"}],"wp:attachment":[{"href":"https:\/\/secureus.se\/de\/wp-json\/wp\/v2\/media?parent=147375"}],"wp:term":[{"taxonomy":"product_brand","embeddable":true,"href":"https:\/\/secureus.se\/de\/wp-json\/wp\/v2\/product_brand?post=147375"},{"taxonomy":"product_cat","embeddable":true,"href":"https:\/\/secureus.se\/de\/wp-json\/wp\/v2\/product_cat?post=147375"},{"taxonomy":"product_tag","embeddable":true,"href":"https:\/\/secureus.se\/de\/wp-json\/wp\/v2\/product_tag?post=147375"}],"curies":[{"name":"wp","href":"https:\/\/api.w.org\/{rel}","templated":true}]}}