{"id":147378,"date":"2023-09-26T13:10:20","date_gmt":"2023-09-26T11:10:20","guid":{"rendered":"https:\/\/secureus.se\/elslutbleck-step-18-vanster-rattvand-24v-9mm-regel-connect\/"},"modified":"2026-03-26T09:44:32","modified_gmt":"2026-03-26T08:44:32","slug":"elslutbleck-step-18-vanster-rattvand-24v-9mm-regel-connect","status":"publish","type":"product","link":"https:\/\/secureus.se\/de\/elslutbleck-step-18-vanster-rattvand-24v-9mm-regel-connect\/","title":{"rendered":"Elektro-T\u00fcr\u00f6ffner STEP 18 Links Rechts 24V 9mm Rule Connect"},"content":{"rendered":"<h1>Elektro-T\u00fcr\u00f6ffner STEP 18 Links Rechts 24V 9mm Rule Connect<\/h1>\n<p>STEP 18 Secure ist ein Hochsicherheits-T\u00fcr\u00f6ffner mit Rechtsfunktion f\u00fcr links angeschlagene T\u00fcren. Mit Schnellverriegelung, 9 mm Riegelfunktion und 5 m Kabel eignet es sich f\u00fcr T\u00fcrumgebungen mit hohen Anforderungen wie Sicherheitst\u00fcren und Fluchtwege.<\/p>\n<p>Der elektrische T\u00fcr\u00f6ffner STEP 18 Secure ist ein Hochsicherheits-Elektroschloss, das f\u00fcr Umgebungen mit extremen Anforderungen an Einbruchschutz und Betriebssicherheit entwickelt wurde.<\/p>\n<p>Es ist f\u00fcr Riegelschl\u00f6sser mit 9 mm Kolben innerhalb der Connect-Serie optimiert und verf\u00fcgt \u00fcber eine R\u00fccklauffunktion \u2013 also eine Verriegelung im stromlosen Zustand \u2013 was f\u00fcr erh\u00f6hte Sicherheit sorgt.<\/p>\n<p class=\"\" data-start=\"861\" data-end=\"1122\">Mit einer Bruchfestigkeit von satten 15 kN (ca. 1500 kg) ist STEP 18 Secure f\u00fcr Sicherheitst\u00fcren bis RC4 und Feuerwiderstandsklasse E\/EI60 zugelassen.<\/p>\n<p class=\"\" data-start=\"861\" data-end=\"1122\">Die robuste Konstruktion ist langlebig genug f\u00fcr T\u00fcren mit h\u00e4ufigem Gebrauch, beispielsweise in Banken, Gef\u00e4ngnissen und anderen Hochrisikoumgebungen.<\/p>\n<p class=\"\" data-start=\"1124\" data-end=\"1431\">Die integrierten St\u00f6\u00dfel- und Riegelkontakte des Produkts erm\u00f6glichen eine Statusanzeige (verriegelt\/entriegelt, offen\/geschlossen) f\u00fcr den Anschluss an Zugangskontrollsysteme und Alarme.<\/p>\n<p class=\"\" data-start=\"1124\" data-end=\"1431\">Trotz Druck von bis zu 500 kg funktioniert das \u00d6ffnen einwandfrei. Das Produkt ist zudem manipulationssicher, mit einer Schutzdiode ausgestattet und wird mit einem 5 Meter langen halogenfreien Kabel geliefert.<\/p>\n<p class=\"\" data-start=\"1433\" data-end=\"1459\"><strong data-start=\"1433\" data-end=\"1459\">Eigenschaften und Vorteile:<\/strong><\/p>\n<ul data-start=\"1460\" data-end=\"1727\">\n<li class=\"\" data-start=\"1460\" data-end=\"1497\">\n<p class=\"\" data-start=\"1462\" data-end=\"1497\">Korrekte Funktion (stromlos gesperrt)<\/p>\n<\/li>\n<li class=\"\" data-start=\"1498\" data-end=\"1527\">\n<p class=\"\" data-start=\"1500\" data-end=\"1527\">Passend f\u00fcr linksseitige T\u00fcren<\/p>\n<\/li>\n<li class=\"\" data-start=\"1528\" data-end=\"1567\">\n<p class=\"\" data-start=\"1530\" data-end=\"1567\">9 mm Linealfunktion f\u00fcr die Connect-Serie<\/p>\n<\/li>\n<li class=\"\" data-start=\"1568\" data-end=\"1613\">\n<p class=\"\" data-start=\"1570\" data-end=\"1613\">Kolben- und Riegelkontakt zur Statusanzeige<\/p>\n<\/li>\n<li class=\"\" data-start=\"1614\" data-end=\"1637\">\n<p class=\"\" data-start=\"1616\" data-end=\"1637\">Bruchfestigkeit 15 kN<\/p>\n<\/li>\n<li class=\"\" data-start=\"1638\" data-end=\"1659\">\n<p class=\"\" data-start=\"1640\" data-end=\"1659\">Feuerwiderstandsklasse E\/EI60<\/p>\n<\/li>\n<li class=\"\" data-start=\"1660\" data-end=\"1689\">\n<p class=\"\" data-start=\"1662\" data-end=\"1689\">Schutzdiode und \u00dcberspannungsschutz<\/p>\n<\/li>\n<li class=\"\" data-start=\"1690\" data-end=\"1727\">\n<p class=\"\" data-start=\"1692\" data-end=\"1727\">5 Meter halogenfreies Anschlusskabel<\/p>\n<\/li>\n<\/ul>\n<p class=\"\" data-start=\"1729\" data-end=\"1907\"><strong data-start=\"1729\" data-end=\"1752\">Einsatzgebiete:<\/strong><br data-start=\"1752\" data-end=\"1755\" \/>Perfekt f\u00fcr Hochsicherheitsumgebungen wie Gef\u00e4ngnisse, Banken, Regierungsgeb\u00e4ude und andere R\u00e4ume mit hohen Anforderungen an Sicherheit und zuverl\u00e4ssige Zugangskontrolle.<\/p>\n<p class=\"\" data-start=\"1909\" data-end=\"1938\"><strong data-start=\"1909\" data-end=\"1938\">Technische Spezifikationen:<\/strong><\/p>\n<ul data-start=\"1939\" data-end=\"2234\">\n<li class=\"\" data-start=\"1939\" data-end=\"1977\">\n<p class=\"\" data-start=\"1941\" data-end=\"1977\">Betriebsspannung: 24 V DC (21,6-27,6 V)<\/p>\n<\/li>\n<li class=\"\" data-start=\"1978\" data-end=\"2010\">\n<p class=\"\" data-start=\"1980\" data-end=\"2010\">Stromverbrauch: 313 mA entriegelt<\/p>\n<\/li>\n<li class=\"\" data-start=\"2011\" data-end=\"2034\">\n<p class=\"\" data-start=\"2013\" data-end=\"2034\">T\u00fcranschlag: Links<\/p>\n<\/li>\n<li class=\"\" data-start=\"2035\" data-end=\"2056\">\n<p class=\"\" data-start=\"2037\" data-end=\"2056\">Kabell\u00e4nge: 5 Meter<\/p>\n<\/li>\n<li class=\"\" data-start=\"2057\" data-end=\"2083\">\n<p class=\"\" data-start=\"2059\" data-end=\"2083\">Bruchfestigkeit: 1500 kg<\/p>\n<\/li>\n<li class=\"\" data-start=\"2084\" data-end=\"2103\">\n<p class=\"\" data-start=\"2086\" data-end=\"2103\">Listendruck: 500 kg<\/p>\n<\/li>\n<li class=\"\" data-start=\"2104\" data-end=\"2136\">\n<p class=\"\" data-start=\"2106\" data-end=\"2136\">Abmessungen (BxTxH): 35 x 40 x 230 mm<\/p>\n<\/li>\n<li class=\"\" data-start=\"2137\" data-end=\"2165\">\n<p class=\"\" data-start=\"2139\" data-end=\"2165\">Farbe\/Oberfl\u00e4che: Edelstahl<\/p>\n<\/li>\n<li class=\"\" data-start=\"2166\" data-end=\"2194\">\n<p class=\"\" data-start=\"2168\" data-end=\"2194\">Schlossart: Hakenverschluss, Riegelschloss<\/p>\n<\/li>\n<li class=\"\" data-start=\"2195\" data-end=\"2234\">\n<p class=\"\" data-start=\"2197\" data-end=\"2234\">Bewertungen: SundaHus, Baustoffbewertung<\/p>\n<\/li>\n<\/ul>","protected":false},"excerpt":{"rendered":"<p>Hier sehen Sie, welche Pfosten und Modelle aus dem STEP-Sortiment der elektrischen T\u00fcrstopper zusammenpassen.<\/p>\n<h5><strong><a href=\"https:\/\/steplock.com\/sv\/stolpguide\/#!?lang=sv&amp;blog_id=1&amp;paged=1&amp;number=50\" target=\"_blank\" rel=\"noopener\">STEP-Pfostenf\u00fchrung\u00a0<\/a><\/strong><\/h5>\n<h5><strong><a href=\"https:\/\/steplock.com\/sv\/projekteringsguide\/#!?lang=sv&amp;blog_id=1&amp;paged=1&amp;number=999\" target=\"_blank\" rel=\"noopener\">STEP-Designleitfaden<\/a><\/strong><\/h5>","protected":false},"featured_media":147371,"template":"","meta":{"_acf_changed":false},"product_brand":[],"product_cat":[3355],"product_tag":[4197,4200],"class_list":{"0":"post-147378","1":"product","2":"type-product","3":"status-publish","4":"has-post-thumbnail","6":"product_cat-elslutbleck","7":"product_tag-24v","8":"product_tag-rattvand","9":"product_shipping_class-tunga-paket","10":"pa_brands-step","11":"tm-no-options","13":"first","14":"instock","15":"sale","16":"taxable","17":"shipping-taxable","18":"purchasable","19":"product-type-simple"},"acf":[],"_links":{"self":[{"href":"https:\/\/secureus.se\/de\/wp-json\/wp\/v2\/product\/147378","targetHints":{"allow":["GET"]}}],"collection":[{"href":"https:\/\/secureus.se\/de\/wp-json\/wp\/v2\/product"}],"about":[{"href":"https:\/\/secureus.se\/de\/wp-json\/wp\/v2\/types\/product"}],"wp:featuredmedia":[{"embeddable":true,"href":"https:\/\/secureus.se\/de\/wp-json\/wp\/v2\/media\/147371"}],"wp:attachment":[{"href":"https:\/\/secureus.se\/de\/wp-json\/wp\/v2\/media?parent=147378"}],"wp:term":[{"taxonomy":"product_brand","embeddable":true,"href":"https:\/\/secureus.se\/de\/wp-json\/wp\/v2\/product_brand?post=147378"},{"taxonomy":"product_cat","embeddable":true,"href":"https:\/\/secureus.se\/de\/wp-json\/wp\/v2\/product_cat?post=147378"},{"taxonomy":"product_tag","embeddable":true,"href":"https:\/\/secureus.se\/de\/wp-json\/wp\/v2\/product_tag?post=147378"}],"curies":[{"name":"wp","href":"https:\/\/api.w.org\/{rel}","templated":true}]}}