{"id":147387,"date":"2023-09-26T13:10:15","date_gmt":"2023-09-26T11:10:15","guid":{"rendered":"https:\/\/secureus.se\/elslutbleck-step-40-omvand-24v-kolvkontakt\/"},"modified":"2026-03-26T09:44:54","modified_gmt":"2026-03-26T08:44:54","slug":"elslutbleck-step-40-omvand-24v-kolvkontakt","status":"publish","type":"product","link":"https:\/\/secureus.se\/de\/elslutbleck-step-40-omvand-24v-kolvkontakt\/","title":{"rendered":"Elektro-T\u00fcr\u00f6ffner STEP 40 Reverse 24V Kolbenkontakt"},"content":{"rendered":"<h1>Elektro-T\u00fcr\u00f6ffner STEP 40 Reverse 24V Kolbenkontakt<\/h1>\n<p>STEP 40 Preload ist ein kompakter und zuverl\u00e4ssiger elektrischer T\u00fcr\u00f6ffner mit R\u00fcckw\u00e4rtsfunktion, Kolbenkontakt und HPR-Technologie. H\u00e4lt einem Druck von bis zu 250 kg stand und passt sowohl f\u00fcr ein- als auch f\u00fcr zweifl\u00fcgelige Schl\u00f6sser.<\/p>\n<p>Der elektrische T\u00fcr\u00f6ffner STEP 40 Preload setzt mit seiner kompakten Bauweise und hohen Betriebssicherheit einen neuen Ma\u00dfstab in der Tagesverriegelung.<\/p>\n<p>Es ist Teil der Preload-Serie von STEP, die f\u00fcr ihre Kombination aus kleinen Abmessungen, hoher Qualit\u00e4t und Flexibilit\u00e4t bekannt ist.<\/p>\n<p>Perfekt f\u00fcr T\u00fcren, die h\u00e4ufig ge\u00f6ffnet werden, bei denen aber dennoch eine zuverl\u00e4ssige Funktion erforderlich ist.<\/p>\n<p class=\"\" data-start=\"809\" data-end=\"1135\">Dieses Modell ist umgedreht, d. h. es ist in der stromlosen Position entriegelt \u2013 eine allgemeine Anforderung in Umgebungen, in denen eine sichere Evakuierung oder ein fehlerfreier Durchgang Priorit\u00e4t haben.<\/p>\n<p class=\"\" data-start=\"809\" data-end=\"1135\">Dank der patentierten HPR\u00ae-Technologie ist die Entriegelung auch bei Banddr\u00fccken von bis zu 250 kg gew\u00e4hrleistet, was STEP 40 zu einer zuverl\u00e4ssigen Wahl bei anspruchsvollen Installationen macht.<\/p>\n<p class=\"\" data-start=\"1137\" data-end=\"1479\">Mit einer Bruchfestigkeit von 1.200 kg und 1,5 Millionen Zyklen getestet, ist der STEP 40 f\u00fcr den Dauerbetrieb gebaut. Es ist umkehrbar und kann sowohl in rechts als auch in links angeschlagene T\u00fcren eingebaut werden.<\/p>\n<p class=\"\" data-start=\"1137\" data-end=\"1479\">Der Kolbenkontakt zeigt an, ob die T\u00fcr geschlossen oder offen ist, und erm\u00f6glicht die Integration in Zugangskontrollsysteme. Zudem ist es manipulationssicher und mit einer Schutzdiode ausgestattet.<\/p>\n<p class=\"\" data-start=\"1481\" data-end=\"1507\"><strong data-start=\"1481\" data-end=\"1507\">Eigenschaften und Vorteile:<\/strong><\/p>\n<ul data-start=\"1508\" data-end=\"1821\">\n<li class=\"\" data-start=\"1508\" data-end=\"1544\">\n<p class=\"\" data-start=\"1510\" data-end=\"1544\">R\u00fcckw\u00e4rtsfunktion (ohne Strom entriegelt)<\/p>\n<\/li>\n<li class=\"\" data-start=\"1545\" data-end=\"1590\">\n<p class=\"\" data-start=\"1547\" data-end=\"1590\">HPR\u00ae-Technologie \u2013 \u00f6ffnet trotz 250 kg Banddruck<\/p>\n<\/li>\n<li class=\"\" data-start=\"1591\" data-end=\"1619\">\n<p class=\"\" data-start=\"1593\" data-end=\"1619\">St\u00f6\u00dfelschalter f\u00fcr T\u00fcrstatus<\/p>\n<\/li>\n<li class=\"\" data-start=\"1620\" data-end=\"1654\">\n<p class=\"\" data-start=\"1622\" data-end=\"1654\">Kompaktes Design: nur 90 mm hoch<\/p>\n<\/li>\n<li class=\"\" data-start=\"1655\" data-end=\"1681\">\n<p class=\"\" data-start=\"1657\" data-end=\"1681\">Bruchfestigkeit 1.200 kg<\/p>\n<\/li>\n<li class=\"\" data-start=\"1682\" data-end=\"1719\">\n<p class=\"\" data-start=\"1684\" data-end=\"1719\">Getestet auf 1.500.000 \u00d6ffnungszyklen<\/p>\n<\/li>\n<li class=\"\" data-start=\"1720\" data-end=\"1752\">\n<p class=\"\" data-start=\"1722\" data-end=\"1752\">Schlagfest und mit Schutzdiode<\/p>\n<\/li>\n<li class=\"\" data-start=\"1753\" data-end=\"1791\">\n<p class=\"\" data-start=\"1755\" data-end=\"1791\">Passt sowohl f\u00fcr rechte als auch f\u00fcr linke T\u00fcren<\/p>\n<\/li>\n<li class=\"\" data-start=\"1792\" data-end=\"1821\">\n<p class=\"\" data-start=\"1794\" data-end=\"1821\">F\u00fcr ein- und zweifl\u00fcgelige Schl\u00f6sser<\/p>\n<\/li>\n<\/ul>\n<p class=\"\" data-start=\"1823\" data-end=\"1979\"><strong data-start=\"1823\" data-end=\"1846\">Einsatzgebiete:<\/strong><br data-start=\"1846\" data-end=\"1849\" \/>Geeignet f\u00fcr \u00f6ffentliche R\u00e4ume, B\u00fcros, Innent\u00fcren oder Fluchtwege, wo hohe Betriebssicherheit und niedrige Ger\u00e4uschpegel erforderlich sind.<\/p>\n<p class=\"\" data-start=\"1981\" data-end=\"2010\"><strong data-start=\"1981\" data-end=\"2010\">Technische Spezifikationen:<\/strong><\/p>\n<ul data-start=\"2011\" data-end=\"2386\">\n<li class=\"\" data-start=\"2011\" data-end=\"2049\">\n<p class=\"\" data-start=\"2013\" data-end=\"2049\">Betriebsspannung: 24 V DC (21,6-27,6 V)<\/p>\n<\/li>\n<li class=\"\" data-start=\"2050\" data-end=\"2096\">\n<p class=\"\" data-start=\"2052\" data-end=\"2096\">Stromaufnahme: 110 mA (entriegelt), max. 300 mA<\/p>\n<\/li>\n<li class=\"\" data-start=\"2097\" data-end=\"2144\">\n<p class=\"\" data-start=\"2099\" data-end=\"2144\">Kolbenkontakt: Mikroschalter, max. 30 V DC \/ 1 A<\/p>\n<\/li>\n<li class=\"\" data-start=\"2145\" data-end=\"2184\">\n<p class=\"\" data-start=\"2147\" data-end=\"2184\">T\u00fcranschlag: Rechts\/Links (umkehrbar)<\/p>\n<\/li>\n<li class=\"\" data-start=\"2185\" data-end=\"2216\">\n<p class=\"\" data-start=\"2187\" data-end=\"2216\">Abmessungen (BxTxH): 25 x 28 x 90 mm<\/p>\n<\/li>\n<li class=\"\" data-start=\"2217\" data-end=\"2243\">\n<p class=\"\" data-start=\"2219\" data-end=\"2243\">Bruchfestigkeit: 1200 kg<\/p>\n<\/li>\n<li class=\"\" data-start=\"2244\" data-end=\"2263\">\n<p class=\"\" data-start=\"2246\" data-end=\"2263\">Banddruck: 250 kg<\/p>\n<\/li>\n<li class=\"\" data-start=\"2264\" data-end=\"2299\">\n<p class=\"\" data-start=\"2266\" data-end=\"2299\">Schlossart: Einzel- oder Doppelriegelschloss<\/p>\n<\/li>\n<li class=\"\" data-start=\"2300\" data-end=\"2328\">\n<p class=\"\" data-start=\"2302\" data-end=\"2328\">Farbe\/Oberfl\u00e4che: Edelstahl<\/p>\n<\/li>\n<li class=\"\" data-start=\"2329\" data-end=\"2346\">\n<p class=\"\" data-start=\"2331\" data-end=\"2346\">Kabel: Nicht enthalten<\/p>\n<\/li>\n<li class=\"\" data-start=\"2347\" data-end=\"2386\">\n<p class=\"\" data-start=\"2349\" data-end=\"2386\">Bewertungen: SundaHus, Baustoffbewertung<\/p>\n<\/li>\n<\/ul>","protected":false},"excerpt":{"rendered":"<p>Hier sehen Sie, welche Pfosten und Modelle aus dem STEP-Sortiment der elektrischen T\u00fcrstopper zusammenpassen.<\/p>\n<h5><strong><a href=\"https:\/\/steplock.com\/sv\/stolpguide\/#!?lang=sv&amp;blog_id=1&amp;paged=1&amp;number=50\" target=\"_blank\" rel=\"noopener\">STEP-Pfostenf\u00fchrung\u00a0<\/a><\/strong><\/h5>\n<h5><strong><a href=\"https:\/\/steplock.com\/sv\/projekteringsguide\/#!?lang=sv&amp;blog_id=1&amp;paged=1&amp;number=999\" target=\"_blank\" rel=\"noopener\">STEP-Designleitfaden<\/a><\/strong><\/h5>","protected":false},"featured_media":147384,"template":"","meta":{"_acf_changed":false},"product_brand":[],"product_cat":[3355],"product_tag":[4197,4201],"class_list":{"0":"post-147387","1":"product","2":"type-product","3":"status-publish","4":"has-post-thumbnail","6":"product_cat-elslutbleck","7":"product_tag-24v","8":"product_tag-omvand","9":"product_shipping_class-tunga-paket","10":"pa_brands-step","11":"tm-no-options","13":"first","14":"instock","15":"sale","16":"taxable","17":"shipping-taxable","18":"purchasable","19":"product-type-simple"},"acf":[],"_links":{"self":[{"href":"https:\/\/secureus.se\/de\/wp-json\/wp\/v2\/product\/147387","targetHints":{"allow":["GET"]}}],"collection":[{"href":"https:\/\/secureus.se\/de\/wp-json\/wp\/v2\/product"}],"about":[{"href":"https:\/\/secureus.se\/de\/wp-json\/wp\/v2\/types\/product"}],"wp:featuredmedia":[{"embeddable":true,"href":"https:\/\/secureus.se\/de\/wp-json\/wp\/v2\/media\/147384"}],"wp:attachment":[{"href":"https:\/\/secureus.se\/de\/wp-json\/wp\/v2\/media?parent=147387"}],"wp:term":[{"taxonomy":"product_brand","embeddable":true,"href":"https:\/\/secureus.se\/de\/wp-json\/wp\/v2\/product_brand?post=147387"},{"taxonomy":"product_cat","embeddable":true,"href":"https:\/\/secureus.se\/de\/wp-json\/wp\/v2\/product_cat?post=147387"},{"taxonomy":"product_tag","embeddable":true,"href":"https:\/\/secureus.se\/de\/wp-json\/wp\/v2\/product_tag?post=147387"}],"curies":[{"name":"wp","href":"https:\/\/api.w.org\/{rel}","templated":true}]}}