{"id":147397,"date":"2023-09-26T13:10:06","date_gmt":"2023-09-26T11:10:06","guid":{"rendered":"https:\/\/secureus.se\/elslutbleck-step-28e-hoger-rattvand-24v-9mm-regel\/"},"modified":"2026-04-08T16:03:05","modified_gmt":"2026-04-08T14:03:05","slug":"elslutbleck-step-28e-hoger-rattvand-24v-9mm-regel","status":"publish","type":"product","link":"https:\/\/secureus.se\/de\/elslutbleck-step-28e-hoger-rattvand-24v-9mm-regel\/","title":{"rendered":"Elektro-T\u00fcr\u00f6ffner STEP 28E Rechts Gerade 24V 9mm Rule"},"content":{"rendered":"<h1>Elektro-T\u00fcr\u00f6ffner STEP 28E Rechts Gerade 24V 9mm Rule<\/h1>\n<p>STEP 28E Secure ist ein feuerbest\u00e4ndiger elektrischer T\u00fcr\u00f6ffner mit Rechtsfunktion, Kolbenkontakt und 5 m Kabel. Passend f\u00fcr rechts angeschlagene T\u00fcren mit 9 mm Riegelschl\u00f6ssern der Connect-Serie und erf\u00fcllt hohe Sicherheits- und Evakuierungsanforderungen.<\/p>\n<p>Der elektrische T\u00fcr\u00f6ffner STEP 28E Secure ist ein robuster elektrischer T\u00fcr\u00f6ffner, der die Kombination von sicherem Verriegeln, Brandschutzanforderungen und Evakuierung zusammen mit T\u00fcrautomatisierung erm\u00f6glicht.<\/p>\n<p class=\"\" data-start=\"425\" data-end=\"914\">Dieses Modell ist f\u00fcr rechts angeschlagene T\u00fcren vorgesehen und wird mit einem Riegelschloss oder einem Riegelschloss mit 9 mm Riegel der Connect-Serie verwendet, das eine hohe Einbruchsicherheit bietet, ohne die Fluchtfunktionalit\u00e4t zu beeintr\u00e4chtigen.<\/p>\n<p class=\"\" data-start=\"916\" data-end=\"1248\">Mit seiner nach vorn gerichteten Funktion \u2013 das hei\u00dft, der T\u00fcr\u00f6ffner ist in der stromlosen Position verriegelt \u2013 erf\u00fcllt STEP 28E die Sicherheitsanforderungen in kritischen Umgebungen.<\/p>\n<p class=\"\" data-start=\"916\" data-end=\"1248\">Es ist bis zu E\/EI60 feuerbest\u00e4ndig und wird h\u00e4ufig in T\u00fcrumgebungen eingesetzt, in denen Notausg\u00e4nge gem\u00e4\u00df SS-EN 179 verwendet werden, beispielsweise in Schulen, Gesundheitseinrichtungen und \u00f6ffentlichen Geb\u00e4uden.<\/p>\n<p class=\"\" data-start=\"1250\" data-end=\"1624\">Der elektrische T\u00fcr\u00f6ffner verf\u00fcgt \u00fcber einen integrierten Kolbenkontakt und einen Rastkontakt, der eine klare Status\u00fcberwachung bietet und die Integration in Zugangskontrollsysteme oder Alarme erm\u00f6glicht.<\/p>\n<p class=\"\" data-start=\"1250\" data-end=\"1624\">Mit einer Bruchfestigkeit von \u00fcber 15 kN und der F\u00e4higkeit, sich trotz eines Streifendrucks von bis zu 500 kg zu \u00f6ffnen, ist STEP 28E eine starke und zuverl\u00e4ssige L\u00f6sung. Das Produkt ist manipulationssicher, verf\u00fcgt \u00fcber eine Schutzdiode und wird mit einem 5 Meter langen halogenfreien Kabel geliefert.<\/p>\n<p class=\"\" data-start=\"1626\" data-end=\"1652\"><strong data-start=\"1626\" data-end=\"1652\">Eigenschaften und Vorteile:<\/strong><\/p>\n<ul data-start=\"1653\" data-end=\"1956\">\n<li class=\"\" data-start=\"1653\" data-end=\"1690\">\n<p class=\"\" data-start=\"1655\" data-end=\"1690\">Korrekte Funktion \u2013 stromlos verriegelt<\/p>\n<\/li>\n<li class=\"\" data-start=\"1691\" data-end=\"1733\">\n<p class=\"\" data-start=\"1693\" data-end=\"1733\">F\u00fcr rechts angeschlagene T\u00fcren mit 9 mm Riegelschloss<\/p>\n<\/li>\n<li class=\"\" data-start=\"1734\" data-end=\"1779\">\n<p class=\"\" data-start=\"1736\" data-end=\"1779\">Feuerwiderstandsklasse E\/EI60 gem\u00e4\u00df SS-EN 14846:2008<\/p>\n<\/li>\n<li class=\"\" data-start=\"1780\" data-end=\"1826\">\n<p class=\"\" data-start=\"1782\" data-end=\"1826\">Kolben- und Riegelkontakt zur Zustands\u00fcberwachung<\/p>\n<\/li>\n<li class=\"\" data-start=\"1827\" data-end=\"1883\">\n<p class=\"\" data-start=\"1829\" data-end=\"1883\">H\u00e4lt 500 kg Streifendruck und \u00fcber 15 kN Bruchfestigkeit stand<\/p>\n<\/li>\n<li class=\"\" data-start=\"1884\" data-end=\"1915\">\n<p class=\"\" data-start=\"1886\" data-end=\"1915\">Sto\u00dffest, Schutzdiode inklusive<\/p>\n<\/li>\n<li class=\"\" data-start=\"1916\" data-end=\"1956\">\n<p class=\"\" data-start=\"1918\" data-end=\"1956\">Lieferung mit 5 Meter halogenfreiem Kabel<\/p>\n<\/li>\n<\/ul>\n<p class=\"\" data-start=\"1958\" data-end=\"2148\"><strong data-start=\"1958\" data-end=\"1981\">Einsatzgebiete:<\/strong><br data-start=\"1981\" data-end=\"1984\" \/>Perfekt f\u00fcr sicherheitsklassifizierte Innent\u00fcren in Umgebungen, in denen Anforderungen an Evakuierung, Feuerwiderstand und Zugangskontrollsysteme interagieren \u2013 z. B. Schulen, B\u00fcros und \u00f6ffentliche Geb\u00e4ude.<\/p>\n<p class=\"\" data-start=\"2150\" data-end=\"2179\"><strong data-start=\"2150\" data-end=\"2179\">Technische Spezifikationen:<\/strong><\/p>\n<ul data-start=\"2180\" data-end=\"2524\">\n<li class=\"\" data-start=\"2180\" data-end=\"2218\">\n<p class=\"\" data-start=\"2182\" data-end=\"2218\">Betriebsspannung: 24 V DC (21,6-27,6 V)<\/p>\n<\/li>\n<li class=\"\" data-start=\"2219\" data-end=\"2251\">\n<p class=\"\" data-start=\"2221\" data-end=\"2251\">Stromverbrauch: 500 mA entriegelt<\/p>\n<\/li>\n<li class=\"\" data-start=\"2252\" data-end=\"2273\">\n<p class=\"\" data-start=\"2254\" data-end=\"2273\">T\u00fcranschlag: Rechts<\/p>\n<\/li>\n<li class=\"\" data-start=\"2274\" data-end=\"2295\">\n<p class=\"\" data-start=\"2276\" data-end=\"2295\">Kabell\u00e4nge: 5 Meter<\/p>\n<\/li>\n<li class=\"\" data-start=\"2296\" data-end=\"2322\">\n<p class=\"\" data-start=\"2298\" data-end=\"2322\">Bruchfestigkeit: 1500 kg<\/p>\n<\/li>\n<li class=\"\" data-start=\"2323\" data-end=\"2342\">\n<p class=\"\" data-start=\"2325\" data-end=\"2342\">Listendruck: 500 kg<\/p>\n<\/li>\n<li class=\"\" data-start=\"2343\" data-end=\"2375\">\n<p class=\"\" data-start=\"2345\" data-end=\"2375\">Abmessungen (BxTxH): 35 x 40 x 230 mm<\/p>\n<\/li>\n<li class=\"\" data-start=\"2376\" data-end=\"2407\">\n<p class=\"\" data-start=\"2378\" data-end=\"2407\">Schlosstyp: Hakenfallenschloss, Riegelschloss<\/p>\n<\/li>\n<li class=\"\" data-start=\"2408\" data-end=\"2455\">\n<p class=\"\" data-start=\"2410\" data-end=\"2455\">Kolbenkontakt: Mikroschalter, max. 30 V DC \/ 1 A<\/p>\n<\/li>\n<li class=\"\" data-start=\"2456\" data-end=\"2484\">\n<p class=\"\" data-start=\"2458\" data-end=\"2484\">Farbe\/Oberfl\u00e4che: Edelstahl<\/p>\n<\/li>\n<li class=\"\" data-start=\"2485\" data-end=\"2524\">\n<p class=\"\" data-start=\"2487\" data-end=\"2524\">Bewertungen: SundaHus, Baustoffbewertung<\/p>\n<\/li>\n<\/ul>","protected":false},"excerpt":{"rendered":"<p>Hier sehen Sie, welche Pfosten und Modelle aus dem STEP-Sortiment der elektrischen T\u00fcrstopper zusammenpassen.<\/p>\n<h5><strong><a href=\"https:\/\/steplock.com\/sv\/stolpguide\/#!?lang=sv&amp;blog_id=1&amp;paged=1&amp;number=50\" target=\"_blank\" rel=\"noopener\">STEP-Pfostenf\u00fchrung\u00a0<\/a><\/strong><\/h5>\n<h5><strong><a href=\"https:\/\/steplock.com\/sv\/projekteringsguide\/#!?lang=sv&amp;blog_id=1&amp;paged=1&amp;number=999\" target=\"_blank\" rel=\"noopener\">STEP-Designleitfaden<\/a><\/strong><\/h5>","protected":false},"featured_media":147393,"template":"","meta":{"_acf_changed":false},"product_brand":[],"product_cat":[3355],"product_tag":[4197,4200],"class_list":{"0":"post-147397","1":"product","2":"type-product","3":"status-publish","4":"has-post-thumbnail","6":"product_cat-elslutbleck","7":"product_tag-24v","8":"product_tag-rattvand","9":"product_shipping_class-tunga-paket","10":"pa_brands-step","11":"tm-no-options","13":"first","14":"instock","15":"sale","16":"taxable","17":"shipping-taxable","18":"purchasable","19":"product-type-simple"},"acf":[],"_links":{"self":[{"href":"https:\/\/secureus.se\/de\/wp-json\/wp\/v2\/product\/147397","targetHints":{"allow":["GET"]}}],"collection":[{"href":"https:\/\/secureus.se\/de\/wp-json\/wp\/v2\/product"}],"about":[{"href":"https:\/\/secureus.se\/de\/wp-json\/wp\/v2\/types\/product"}],"wp:featuredmedia":[{"embeddable":true,"href":"https:\/\/secureus.se\/de\/wp-json\/wp\/v2\/media\/147393"}],"wp:attachment":[{"href":"https:\/\/secureus.se\/de\/wp-json\/wp\/v2\/media?parent=147397"}],"wp:term":[{"taxonomy":"product_brand","embeddable":true,"href":"https:\/\/secureus.se\/de\/wp-json\/wp\/v2\/product_brand?post=147397"},{"taxonomy":"product_cat","embeddable":true,"href":"https:\/\/secureus.se\/de\/wp-json\/wp\/v2\/product_cat?post=147397"},{"taxonomy":"product_tag","embeddable":true,"href":"https:\/\/secureus.se\/de\/wp-json\/wp\/v2\/product_tag?post=147397"}],"curies":[{"name":"wp","href":"https:\/\/api.w.org\/{rel}","templated":true}]}}