{"id":147400,"date":"2023-09-26T13:10:12","date_gmt":"2023-09-26T11:10:12","guid":{"rendered":"https:\/\/secureus.se\/elslutbleck-step-48-rattvand-24v\/"},"modified":"2026-03-26T09:45:11","modified_gmt":"2026-03-26T08:45:11","slug":"elslutbleck-step-48-rattvand-24v","status":"publish","type":"product","link":"https:\/\/secureus.se\/de\/elslutbleck-step-48-rattvand-24v\/","title":{"rendered":"Elektro-T\u00fcr\u00f6ffner STEP 48 Rechtsseitig 24V"},"content":{"rendered":"<h1>Elektro-T\u00fcr\u00f6ffner STEP 48 Rechtsseitig 24V<\/h1>\n<p>STEP 48 Preload ist ein kompakter und sicherer elektrischer T\u00fcr\u00f6ffner mit Rechtsfunktion und der Streifendrucktechnologie von STEP. H\u00e4lt einem Formdruck von bis zu 40 kg stand und ist f\u00fcr rechte\/linke T\u00fcren umkehrbar.<\/p>\n<p>Der elektrische T\u00fcr\u00f6ffner STEP 48 Preload ist ein leichtg\u00e4ngiger und zuverl\u00e4ssiger elektrischer T\u00fcr\u00f6ffner mit nach vorne gerichteter Funktion, der f\u00fcr Umgebungen konzipiert ist, in denen die T\u00fcr mit einem Schl\u00fcssel oder Knauf verschlossen werden soll.<\/p>\n<p>Es ist Teil der Preload-Serie von STEP und bietet ein kompaktes Design in Kombination mit fortschrittlicher Technologie, um einen zuverl\u00e4ssigen Betrieb zu gew\u00e4hrleisten \u2013 auch wenn es gegen die T\u00fcr gedr\u00fcckt wird.<\/p>\n<p class=\"\" data-start=\"812\" data-end=\"1088\">Dank der patentierten Leistendrucktechnologie von STEP kann die T\u00fcr auch dann entriegelt werden, wenn sie einem Leistendruck von bis zu 40 kg ausgesetzt ist.<\/p>\n<p class=\"\" data-start=\"812\" data-end=\"1088\">Dadurch eignet sich das Produkt besonders f\u00fcr R\u00e4ume, in denen ein sanftes \u00d6ffnen auch unter Last erforderlich ist, wie etwa in B\u00fcror\u00e4umen, Mehrfamilienh\u00e4usern oder \u00f6ffentlichen Umgebungen.<\/p>\n<p class=\"\" data-start=\"1090\" data-end=\"1454\">Der elektrische T\u00fcr\u00f6ffner ist f\u00fcr rechts- und linksangeschlagene T\u00fcren umkehrbar, manipulationssicher und mit einer eingebauten Schutzdiode ausgestattet.<\/p>\n<p class=\"\" data-start=\"1090\" data-end=\"1454\">Es verf\u00fcgt \u00fcber eine Bruchfestigkeit von 9 kN (ca. 900 kg) und kann sowohl mit Ein- als auch mit Doppelfallenschl\u00f6ssern verwendet werden.<\/p>\n<p class=\"\" data-start=\"1090\" data-end=\"1454\">Zus\u00e4tzlich ist eine Erg\u00e4nzung mit einem Verriegelungsindikator (ST4880) m\u00f6glich, der bei mechanischer Verriegelung das Zugangssystem sperrt \u2013 f\u00fcr mehr Sicherheit.<\/p>\n<p class=\"\" data-start=\"1456\" data-end=\"1482\"><strong data-start=\"1456\" data-end=\"1482\">Eigenschaften und Vorteile:<\/strong><\/p>\n<ul data-start=\"1483\" data-end=\"1754\">\n<li class=\"\" data-start=\"1483\" data-end=\"1520\">\n<p class=\"\" data-start=\"1485\" data-end=\"1520\">Korrekte Funktion (stromlos gesperrt)<\/p>\n<\/li>\n<li class=\"\" data-start=\"1521\" data-end=\"1560\">\n<p class=\"\" data-start=\"1523\" data-end=\"1560\">Kompatibel mit Haken- und geraden Stangen<\/p>\n<\/li>\n<li class=\"\" data-start=\"1561\" data-end=\"1592\">\n<p class=\"\" data-start=\"1563\" data-end=\"1592\">Bruchfestigkeit 9 kN (900 kg)<\/p>\n<\/li>\n<li class=\"\" data-start=\"1593\" data-end=\"1626\">\n<p class=\"\" data-start=\"1595\" data-end=\"1626\">H\u00e4lt einem Druck von bis zu 40 kg stand<\/p>\n<\/li>\n<li class=\"\" data-start=\"1627\" data-end=\"1675\">\n<p class=\"\" data-start=\"1629\" data-end=\"1675\">Umkehrbar \u2013 passt sowohl an rechte als auch an linke T\u00fcren<\/p>\n<\/li>\n<li class=\"\" data-start=\"1676\" data-end=\"1708\">\n<p class=\"\" data-start=\"1678\" data-end=\"1708\">Schlagfest und mit Schutzdiode<\/p>\n<\/li>\n<li class=\"\" data-start=\"1709\" data-end=\"1754\">\n<p class=\"\" data-start=\"1711\" data-end=\"1754\">Kann mit der Regelangabe ST4880 erg\u00e4nzt werden<\/p>\n<\/li>\n<\/ul>\n<p class=\"\" data-start=\"1756\" data-end=\"1910\"><strong data-start=\"1756\" data-end=\"1779\">Einsatzgebiete:<\/strong><br data-start=\"1779\" data-end=\"1782\" \/>Geeignet f\u00fcr Mehrfamilienh\u00e4user, B\u00fcros, Durchgangst\u00fcren und andere Innenr\u00e4ume, in denen eine sichere, flexible und kompakte L\u00f6sung erforderlich ist.<\/p>\n<p class=\"\" data-start=\"1912\" data-end=\"1941\"><strong data-start=\"1912\" data-end=\"1941\">Technische Spezifikationen:<\/strong><\/p>\n<ul data-start=\"1942\" data-end=\"2284\">\n<li class=\"\" data-start=\"1942\" data-end=\"1980\">\n<p class=\"\" data-start=\"1944\" data-end=\"1980\">Betriebsspannung: 24 V DC (21,6-27,6 V)<\/p>\n<\/li>\n<li class=\"\" data-start=\"1981\" data-end=\"2027\">\n<p class=\"\" data-start=\"1983\" data-end=\"2027\">Stromaufnahme: 110 mA (entriegelt), max. 300 mA<\/p>\n<\/li>\n<li class=\"\" data-start=\"2028\" data-end=\"2067\">\n<p class=\"\" data-start=\"2030\" data-end=\"2067\">T\u00fcranschlag: Rechts\/Links (umkehrbar)<\/p>\n<\/li>\n<li class=\"\" data-start=\"2068\" data-end=\"2099\">\n<p class=\"\" data-start=\"2070\" data-end=\"2099\">Abmessungen (BxTxH): 25 x 35 x 90 mm<\/p>\n<\/li>\n<li class=\"\" data-start=\"2100\" data-end=\"2125\">\n<p class=\"\" data-start=\"2102\" data-end=\"2125\">Bruchfestigkeit: 900 kg<\/p>\n<\/li>\n<li class=\"\" data-start=\"2126\" data-end=\"2144\">\n<p class=\"\" data-start=\"2128\" data-end=\"2144\">Streifendruck: 40 kg<\/p>\n<\/li>\n<li class=\"\" data-start=\"2145\" data-end=\"2178\">\n<p class=\"\" data-start=\"2147\" data-end=\"2178\">Schlossart: Einzel- und Doppelriegelschloss<\/p>\n<\/li>\n<li class=\"\" data-start=\"2179\" data-end=\"2197\">\n<p class=\"\" data-start=\"2181\" data-end=\"2197\">Kolbenkontakt: Nein<\/p>\n<\/li>\n<li class=\"\" data-start=\"2198\" data-end=\"2226\">\n<p class=\"\" data-start=\"2200\" data-end=\"2226\">Farbe\/Oberfl\u00e4che: Edelstahl<\/p>\n<\/li>\n<li class=\"\" data-start=\"2227\" data-end=\"2244\">\n<p class=\"\" data-start=\"2229\" data-end=\"2244\">Kabel: Nicht enthalten<\/p>\n<\/li>\n<li class=\"\" data-start=\"2245\" data-end=\"2284\">\n<p class=\"\" data-start=\"2247\" data-end=\"2284\">Bewertungen: SundaHus, Baustoffbewertung<\/p>\n<\/li>\n<\/ul>","protected":false},"excerpt":{"rendered":"<p>Hier sehen Sie, welche Pfosten und Modelle aus dem STEP-Sortiment der elektrischen T\u00fcrstopper zusammenpassen.<\/p>\n<h5><strong><a href=\"https:\/\/steplock.com\/sv\/stolpguide\/#!?lang=sv&amp;blog_id=1&amp;paged=1&amp;number=50\" target=\"_blank\" rel=\"noopener\">STEP-Pfostenf\u00fchrung\u00a0<\/a><\/strong><\/h5>\n<h5><strong><a href=\"https:\/\/steplock.com\/sv\/projekteringsguide\/#!?lang=sv&amp;blog_id=1&amp;paged=1&amp;number=999\" target=\"_blank\" rel=\"noopener\">STEP-Designleitfaden<\/a><\/strong><\/h5>","protected":false},"featured_media":147398,"template":"","meta":{"_acf_changed":false},"product_brand":[],"product_cat":[3355],"product_tag":[4197,4200],"class_list":{"0":"post-147400","1":"product","2":"type-product","3":"status-publish","4":"has-post-thumbnail","6":"product_cat-elslutbleck","7":"product_tag-24v","8":"product_tag-rattvand","9":"product_shipping_class-tunga-paket","10":"pa_brands-step","11":"tm-no-options","13":"first","14":"instock","15":"sale","16":"taxable","17":"shipping-taxable","18":"purchasable","19":"product-type-simple"},"acf":[],"_links":{"self":[{"href":"https:\/\/secureus.se\/de\/wp-json\/wp\/v2\/product\/147400","targetHints":{"allow":["GET"]}}],"collection":[{"href":"https:\/\/secureus.se\/de\/wp-json\/wp\/v2\/product"}],"about":[{"href":"https:\/\/secureus.se\/de\/wp-json\/wp\/v2\/types\/product"}],"wp:featuredmedia":[{"embeddable":true,"href":"https:\/\/secureus.se\/de\/wp-json\/wp\/v2\/media\/147398"}],"wp:attachment":[{"href":"https:\/\/secureus.se\/de\/wp-json\/wp\/v2\/media?parent=147400"}],"wp:term":[{"taxonomy":"product_brand","embeddable":true,"href":"https:\/\/secureus.se\/de\/wp-json\/wp\/v2\/product_brand?post=147400"},{"taxonomy":"product_cat","embeddable":true,"href":"https:\/\/secureus.se\/de\/wp-json\/wp\/v2\/product_cat?post=147400"},{"taxonomy":"product_tag","embeddable":true,"href":"https:\/\/secureus.se\/de\/wp-json\/wp\/v2\/product_tag?post=147400"}],"curies":[{"name":"wp","href":"https:\/\/api.w.org\/{rel}","templated":true}]}}