{"id":147404,"date":"2023-09-26T13:10:01","date_gmt":"2023-09-26T11:10:01","guid":{"rendered":"https:\/\/secureus.se\/elslutbleck-step-40-rattvand-12v\/"},"modified":"2026-04-08T16:09:03","modified_gmt":"2026-04-08T14:09:03","slug":"elslutbleck-step-40-rattvand-12v","status":"publish","type":"product","link":"https:\/\/secureus.se\/de\/elslutbleck-step-40-rattvand-12v\/","title":{"rendered":"Elektrisches T\u00fcr\u00f6ffnerblech STEP 40 Rechtsseitig 12V"},"content":{"rendered":"<h1>Elektrisches T\u00fcr\u00f6ffnerblech STEP 40 Rechtsseitig 12V<\/h1>\n<p>STEP 40 Preload ist ein kompakter Elektro-T\u00fcr\u00f6ffner mit Vorw\u00e4rtsfunktion und 12V Betriebsspannung. Mit HPR-Technologie und hoher Bruchfestigkeit ist es eine zuverl\u00e4ssige Wahl f\u00fcr den Tagesverschluss h\u00e4ufig genutzter T\u00fcren.<\/p>\n<p>Der elektrische T\u00fcr\u00f6ffner STEP 40 Preload ist ein elektrischer T\u00fcr\u00f6ffner der Preload-Serie von STEP \u2013 einer Serie, die kompaktes Format mit hoher Betriebszuverl\u00e4ssigkeit und Qualit\u00e4t vereint.<\/p>\n<p>Mit der Rechtsfunktion (Verriegelung bei Stromausfall) eignet sich STEP 40 f\u00fcr T\u00fcren, die einen sicheren Tagesverschluss erfordern.<\/p>\n<p class=\"\" data-start=\"763\" data-end=\"1143\">Dieser elektrische T\u00fcr\u00f6ffner ist mit der patentierten HPR\u00ae-Technologie ausgestattet, die eine Entriegelung auch bei einem T\u00fcrbanddruck von bis zu 250 kg erm\u00f6glicht und so eine zuverl\u00e4ssige Funktion auch in Druckumgebungen gew\u00e4hrleistet.<\/p>\n<p class=\"\" data-start=\"763\" data-end=\"1143\">Mit einer Bruchfestigkeit von 1200 kg und einer Lebensdauer von 1,5 Millionen Zyklen ist STEP 40 darauf ausgelegt, sehr h\u00e4ufigem Gebrauch \u00fcber einen langen Zeitraum standzuhalten.<\/p>\n<p class=\"\" data-start=\"1145\" data-end=\"1466\">STEP 40 ist f\u00fcr rechts- und linksangeschlagene T\u00fcren umkehrbar und passt zu Schlossgeh\u00e4usen f\u00fcr Ein- und Doppelriegelschl\u00f6sser. Es verf\u00fcgt \u00fcber ein kompaktes Design mit nur 90 mm H\u00f6he und Schraubenl\u00f6chern an der Hinterkante f\u00fcr eine abgewinkelte Montage.<\/p>\n<p class=\"\" data-start=\"1145\" data-end=\"1466\">Dar\u00fcber hinaus ist es manipulationssicher und verf\u00fcgt \u00fcber eine eingebaute Schutzdiode, die sowohl physische als auch elektronische Sicherheit bietet.<\/p>\n<p class=\"\" data-start=\"1468\" data-end=\"1494\"><strong data-start=\"1468\" data-end=\"1494\">Eigenschaften und Vorteile:<\/strong><\/p>\n<ul data-start=\"1495\" data-end=\"1768\">\n<li class=\"\" data-start=\"1495\" data-end=\"1532\">\n<p class=\"\" data-start=\"1497\" data-end=\"1532\">Korrekte Funktion \u2013 stromlos verriegelt<\/p>\n<\/li>\n<li class=\"\" data-start=\"1533\" data-end=\"1556\">\n<p class=\"\" data-start=\"1535\" data-end=\"1556\">Betriebsspannung: 12V DC<\/p>\n<\/li>\n<li class=\"\" data-start=\"1557\" data-end=\"1605\">\n<p class=\"\" data-start=\"1559\" data-end=\"1605\">HPR\u00ae-Technologie \u2013 h\u00e4lt Formdr\u00fccken bis zu 250 kg stand<\/p>\n<\/li>\n<li class=\"\" data-start=\"1606\" data-end=\"1632\">\n<p class=\"\" data-start=\"1608\" data-end=\"1632\">Bruchfestigkeit: 1200 kg<\/p>\n<\/li>\n<li class=\"\" data-start=\"1633\" data-end=\"1662\">\n<p class=\"\" data-start=\"1635\" data-end=\"1662\">Getestet f\u00fcr 1.500.000 Zyklen<\/p>\n<\/li>\n<li class=\"\" data-start=\"1663\" data-end=\"1691\">\n<p class=\"\" data-start=\"1665\" data-end=\"1691\">Antiklopf mit Schutzdiode<\/p>\n<\/li>\n<li class=\"\" data-start=\"1692\" data-end=\"1735\">\n<p class=\"\" data-start=\"1694\" data-end=\"1735\">Umkehrbar \u2013 passt f\u00fcr rechte und linke T\u00fcren<\/p>\n<\/li>\n<li class=\"\" data-start=\"1736\" data-end=\"1768\">\n<p class=\"\" data-start=\"1738\" data-end=\"1768\">Passend f\u00fcr ein- und zweifl\u00fcgelige Schl\u00f6sser<\/p>\n<\/li>\n<\/ul>\n<p class=\"\" data-start=\"1770\" data-end=\"1938\"><strong data-start=\"1770\" data-end=\"1793\">Einsatzgebiete:<\/strong><br data-start=\"1793\" data-end=\"1796\" \/>Geeignet f\u00fcr B\u00fcros, Durchgangst\u00fcren, Wohnungseing\u00e4nge und andere Innenr\u00e4ume, in denen ein zuverl\u00e4ssiger und sicherer Tagesverschluss in einem kompakten Format erforderlich ist.<\/p>\n<p class=\"\" data-start=\"1940\" data-end=\"1969\"><strong data-start=\"1940\" data-end=\"1969\">Technische Spezifikationen:<\/strong><\/p>\n<ul data-start=\"1970\" data-end=\"2314\">\n<li class=\"\" data-start=\"1970\" data-end=\"2008\">\n<p class=\"\" data-start=\"1972\" data-end=\"2008\">Betriebsspannung: 12 V DC (10,8-13,8 V)<\/p>\n<\/li>\n<li class=\"\" data-start=\"2009\" data-end=\"2055\">\n<p class=\"\" data-start=\"2011\" data-end=\"2055\">Stromaufnahme: 220 mA (entriegelt), max. 600 mA<\/p>\n<\/li>\n<li class=\"\" data-start=\"2056\" data-end=\"2095\">\n<p class=\"\" data-start=\"2058\" data-end=\"2095\">T\u00fcranschlag: Rechts\/Links (umkehrbar)<\/p>\n<\/li>\n<li class=\"\" data-start=\"2096\" data-end=\"2127\">\n<p class=\"\" data-start=\"2098\" data-end=\"2127\">Abmessungen (BxTxH): 25 x 28 x 90 mm<\/p>\n<\/li>\n<li class=\"\" data-start=\"2128\" data-end=\"2154\">\n<p class=\"\" data-start=\"2130\" data-end=\"2154\">Bruchfestigkeit: 1200 kg<\/p>\n<\/li>\n<li class=\"\" data-start=\"2155\" data-end=\"2174\">\n<p class=\"\" data-start=\"2157\" data-end=\"2174\">Banddruck: 250 kg<\/p>\n<\/li>\n<li class=\"\" data-start=\"2175\" data-end=\"2193\">\n<p class=\"\" data-start=\"2177\" data-end=\"2193\">Kolbenkontakt: Nein<\/p>\n<\/li>\n<li class=\"\" data-start=\"2194\" data-end=\"2211\">\n<p class=\"\" data-start=\"2196\" data-end=\"2211\">Kabel: Nicht enthalten<\/p>\n<\/li>\n<li class=\"\" data-start=\"2212\" data-end=\"2245\">\n<p class=\"\" data-start=\"2214\" data-end=\"2245\">Schlossart: Einzel- und Doppelriegelschloss<\/p>\n<\/li>\n<li class=\"\" data-start=\"2246\" data-end=\"2274\">\n<p class=\"\" data-start=\"2248\" data-end=\"2274\">Farbe\/Oberfl\u00e4che: Edelstahl<\/p>\n<\/li>\n<li class=\"\" data-start=\"2275\" data-end=\"2314\">\n<p class=\"\" data-start=\"2277\" data-end=\"2314\">Bewertungen: SundaHus, Baustoffbewertung<\/p>\n<\/li>\n<\/ul>","protected":false},"excerpt":{"rendered":"<p>Hier sehen Sie, welche Pfosten und Modelle aus dem STEP-Sortiment der elektrischen T\u00fcrstopper zusammenpassen.<\/p>\n<h5><strong><a href=\"https:\/\/steplock.com\/sv\/stolpguide\/#!?lang=sv&amp;blog_id=1&amp;paged=1&amp;number=50\" target=\"_blank\" rel=\"noopener\">STEP-Pfostenf\u00fchrung\u00a0<\/a><\/strong><\/h5>\n<h5><strong><a href=\"https:\/\/steplock.com\/sv\/projekteringsguide\/#!?lang=sv&amp;blog_id=1&amp;paged=1&amp;number=999\" target=\"_blank\" rel=\"noopener\">STEP-Designleitfaden<\/a><\/strong><\/h5>","protected":false},"featured_media":147401,"template":"","meta":{"_acf_changed":false},"product_brand":[],"product_cat":[3355],"product_tag":[4198,4200],"class_list":{"0":"post-147404","1":"product","2":"type-product","3":"status-publish","4":"has-post-thumbnail","6":"product_cat-elslutbleck","7":"product_tag-12v","8":"product_tag-rattvand","9":"product_shipping_class-tunga-paket","10":"pa_brands-step","11":"tm-no-options","13":"first","14":"instock","15":"sale","16":"taxable","17":"shipping-taxable","18":"purchasable","19":"product-type-simple"},"acf":[],"_links":{"self":[{"href":"https:\/\/secureus.se\/de\/wp-json\/wp\/v2\/product\/147404","targetHints":{"allow":["GET"]}}],"collection":[{"href":"https:\/\/secureus.se\/de\/wp-json\/wp\/v2\/product"}],"about":[{"href":"https:\/\/secureus.se\/de\/wp-json\/wp\/v2\/types\/product"}],"wp:featuredmedia":[{"embeddable":true,"href":"https:\/\/secureus.se\/de\/wp-json\/wp\/v2\/media\/147401"}],"wp:attachment":[{"href":"https:\/\/secureus.se\/de\/wp-json\/wp\/v2\/media?parent=147404"}],"wp:term":[{"taxonomy":"product_brand","embeddable":true,"href":"https:\/\/secureus.se\/de\/wp-json\/wp\/v2\/product_brand?post=147404"},{"taxonomy":"product_cat","embeddable":true,"href":"https:\/\/secureus.se\/de\/wp-json\/wp\/v2\/product_cat?post=147404"},{"taxonomy":"product_tag","embeddable":true,"href":"https:\/\/secureus.se\/de\/wp-json\/wp\/v2\/product_tag?post=147404"}],"curies":[{"name":"wp","href":"https:\/\/api.w.org\/{rel}","templated":true}]}}