{"id":147408,"date":"2023-09-26T13:08:37","date_gmt":"2023-09-26T11:08:37","guid":{"rendered":"https:\/\/secureus.se\/elslutbleck-step-40-rattvand-12v-kolvkontakt\/"},"modified":"2026-04-23T12:34:10","modified_gmt":"2026-04-23T10:34:10","slug":"elslutbleck-step-40-rattvand-12v-kolvkontakt","status":"publish","type":"product","link":"https:\/\/secureus.se\/de\/elslutbleck-step-40-rattvand-12v-kolvkontakt\/","title":{"rendered":"Elektro-T\u00fcr\u00f6ffner STEP 40 Rechtsseitig 12V Kolbenkontakt"},"content":{"rendered":"<h1>Elektro-T\u00fcr\u00f6ffner STEP 40 Rechtsseitig 12V Kolbenkontakt<\/h1>\n<p>STEP 40 Preload ist ein kompakter Elektro-T\u00fcr\u00f6ffner mit Vorw\u00e4rtsfunktion, Kolbenkontakt und 12V-Betrieb. Mit HPR-Technologie, hoher Bruchfestigkeit und 1,5 Millionen Zyklen ist es eine zuverl\u00e4ssige Wahl f\u00fcr die Tagesverriegelung.<\/p>\n<p>Der elektrische T\u00fcr\u00f6ffner STEP 40 Preload ist ein elektrischer T\u00fcr\u00f6ffner der Preload-Serie von STEP, der kompaktes Design mit au\u00dfergew\u00f6hnlicher Betriebssicherheit und langer Lebensdauer verbindet.<\/p>\n<p>Mit der Rechtsfunktion (Verriegelung im stromlosen Zustand) eignet sich STEP 40 f\u00fcr Umgebungen, in denen es auf eine sichere Verriegelung am Tag ankommt, wie beispielsweise B\u00fcrot\u00fcren, Eing\u00e4nge und Durchgangst\u00fcren.<\/p>\n<p class=\"\" data-start=\"835\" data-end=\"1162\">Dank der patentierten HPR\u00ae-Technologie von STEP ist das \u00d6ffnen auch bei einem Leistendruck von bis zu 250 kg auf die T\u00fcr gew\u00e4hrleistet und bietet so eine hervorragende Funktionalit\u00e4t im Alltagsgebrauch.<\/p>\n<p class=\"\" data-start=\"835\" data-end=\"1162\">Die hohe Bruchfestigkeit von 1.200 kg und die Pr\u00fcfung auf bis zu 1.500.000 Zyklen stellen sicher, dass STEP 40 hohen \u00d6ffnungsfrequenzen lange standh\u00e4lt.<\/p>\n<p class=\"\" data-start=\"1164\" data-end=\"1459\">Durch den eingebauten Kolbenkontakt erhalten Sie eine klare Anzeige, ob die T\u00fcr offen oder geschlossen ist \u2013 ideal f\u00fcr die Integration in Zutrittskontrollsysteme.<\/p>\n<p class=\"\" data-start=\"1164\" data-end=\"1459\">Der elektrische T\u00fcr\u00f6ffner ist zudem manipulationssicher, verf\u00fcgt \u00fcber eine eingebaute Schutzdiode und ist f\u00fcr rechts- und linksangeschlagene T\u00fcren umkehrbar. Passend f\u00fcr ein- und zweifl\u00fcgelige Schl\u00f6sser.<\/p>\n<p class=\"\" data-start=\"1461\" data-end=\"1487\"><strong data-start=\"1461\" data-end=\"1487\">Eigenschaften und Vorteile:<\/strong><\/p>\n<ul data-start=\"1488\" data-end=\"1786\">\n<li class=\"\" data-start=\"1488\" data-end=\"1525\">\n<p class=\"\" data-start=\"1490\" data-end=\"1525\">Korrekte Funktion \u2013 stromlos verriegelt<\/p>\n<\/li>\n<li class=\"\" data-start=\"1526\" data-end=\"1549\">\n<p class=\"\" data-start=\"1528\" data-end=\"1549\">Betriebsspannung: 12V DC<\/p>\n<\/li>\n<li class=\"\" data-start=\"1550\" data-end=\"1584\">\n<p class=\"\" data-start=\"1552\" data-end=\"1584\">Kolbenkontakt zur Statusanzeige<\/p>\n<\/li>\n<li class=\"\" data-start=\"1585\" data-end=\"1630\">\n<p class=\"\" data-start=\"1587\" data-end=\"1630\">HPR\u00ae-Technologie \u2013 \u00f6ffnet trotz 250 kg Banddruck<\/p>\n<\/li>\n<li class=\"\" data-start=\"1631\" data-end=\"1658\">\n<p class=\"\" data-start=\"1633\" data-end=\"1658\">Bruchfestigkeit: 1.200 kg<\/p>\n<\/li>\n<li class=\"\" data-start=\"1659\" data-end=\"1688\">\n<p class=\"\" data-start=\"1661\" data-end=\"1688\">Getestet f\u00fcr 1.500.000 Zyklen<\/p>\n<\/li>\n<li class=\"\" data-start=\"1689\" data-end=\"1723\">\n<p class=\"\" data-start=\"1691\" data-end=\"1723\">Umkehrbar f\u00fcr rechte\/linke T\u00fcren<\/p>\n<\/li>\n<li class=\"\" data-start=\"1724\" data-end=\"1753\">\n<p class=\"\" data-start=\"1726\" data-end=\"1753\">Schutzdiode und \u00dcberspannungsschutz<\/p>\n<\/li>\n<li class=\"\" data-start=\"1754\" data-end=\"1786\">\n<p class=\"\" data-start=\"1756\" data-end=\"1786\">Passend f\u00fcr ein- und zweifl\u00fcgelige Schl\u00f6sser<\/p>\n<\/li>\n<\/ul>\n<p class=\"\" data-start=\"1788\" data-end=\"1935\"><strong data-start=\"1788\" data-end=\"1811\">Einsatzgebiete:<\/strong><br data-start=\"1811\" data-end=\"1814\" \/>Perfekt f\u00fcr T\u00fcren, die einen leisen und zuverl\u00e4ssigen Tagesverschluss erfordern, zB. in B\u00fcros, \u00f6ffentlichen R\u00e4umen und Wohnungseing\u00e4ngen.<\/p>\n<p class=\"\" data-start=\"1937\" data-end=\"1966\"><strong data-start=\"1937\" data-end=\"1966\">Technische Spezifikationen:<\/strong><\/p>\n<ul data-start=\"1967\" data-end=\"2339\">\n<li class=\"\" data-start=\"1967\" data-end=\"2005\">\n<p class=\"\" data-start=\"1969\" data-end=\"2005\">Betriebsspannung: 12 V DC (10,8-13,8 V)<\/p>\n<\/li>\n<li class=\"\" data-start=\"2006\" data-end=\"2050\">\n<p class=\"\" data-start=\"2008\" data-end=\"2050\">Stromaufnahme: 220 mA entriegelt, max. 600 mA<\/p>\n<\/li>\n<li class=\"\" data-start=\"2051\" data-end=\"2098\">\n<p class=\"\" data-start=\"2053\" data-end=\"2098\">Kolbenkontakt: Mikroschalter, max. 30 V DC \/ 1 A<\/p>\n<\/li>\n<li class=\"\" data-start=\"2099\" data-end=\"2138\">\n<p class=\"\" data-start=\"2101\" data-end=\"2138\">T\u00fcranschlag: Rechts\/Links (umkehrbar)<\/p>\n<\/li>\n<li class=\"\" data-start=\"2139\" data-end=\"2170\">\n<p class=\"\" data-start=\"2141\" data-end=\"2170\">Abmessungen (BxTxH): 25 x 28 x 90 mm<\/p>\n<\/li>\n<li class=\"\" data-start=\"2171\" data-end=\"2198\">\n<p class=\"\" data-start=\"2173\" data-end=\"2198\">Bruchfestigkeit: 1.200 kg<\/p>\n<\/li>\n<li class=\"\" data-start=\"2199\" data-end=\"2218\">\n<p class=\"\" data-start=\"2201\" data-end=\"2218\">Banddruck: 250 kg<\/p>\n<\/li>\n<li class=\"\" data-start=\"2219\" data-end=\"2236\">\n<p class=\"\" data-start=\"2221\" data-end=\"2236\">Kabel: Nicht enthalten<\/p>\n<\/li>\n<li class=\"\" data-start=\"2237\" data-end=\"2270\">\n<p class=\"\" data-start=\"2239\" data-end=\"2270\">Schlossart: Einzel- und Doppelriegelschloss<\/p>\n<\/li>\n<li class=\"\" data-start=\"2271\" data-end=\"2299\">\n<p class=\"\" data-start=\"2273\" data-end=\"2299\">Farbe\/Oberfl\u00e4che: Edelstahl<\/p>\n<\/li>\n<li class=\"\" data-start=\"2300\" data-end=\"2339\">\n<p class=\"\" data-start=\"2302\" data-end=\"2339\">Bewertungen: SundaHus, Baustoffbewertung<\/p>\n<\/li>\n<\/ul>","protected":false},"excerpt":{"rendered":"<p>Hier sehen Sie, welche Pfosten und Modelle aus dem STEP-Sortiment der elektrischen T\u00fcrstopper zusammenpassen.<\/p>\n<h5><strong><a href=\"https:\/\/steplock.com\/sv\/stolpguide\/#!?lang=sv&amp;blog_id=1&amp;paged=1&amp;number=50\" target=\"_blank\" rel=\"noopener\">STEP-Pfostenf\u00fchrung\u00a0<\/a><\/strong><\/h5>\n<h5><strong><a href=\"https:\/\/steplock.com\/sv\/projekteringsguide\/#!?lang=sv&amp;blog_id=1&amp;paged=1&amp;number=999\" target=\"_blank\" rel=\"noopener\">STEP-Designleitfaden<\/a><\/strong><\/h5>","protected":false},"featured_media":147405,"template":"","meta":{"_acf_changed":false},"product_brand":[],"product_cat":[3355],"product_tag":[4198,4200],"class_list":{"0":"post-147408","1":"product","2":"type-product","3":"status-publish","4":"has-post-thumbnail","6":"product_cat-elslutbleck","7":"product_tag-12v","8":"product_tag-rattvand","9":"product_shipping_class-tunga-paket","10":"pa_brands-step","11":"tm-no-options","13":"first","14":"onbackorder","15":"sale","16":"taxable","17":"shipping-taxable","18":"purchasable","19":"product-type-simple"},"acf":[],"_links":{"self":[{"href":"https:\/\/secureus.se\/de\/wp-json\/wp\/v2\/product\/147408","targetHints":{"allow":["GET"]}}],"collection":[{"href":"https:\/\/secureus.se\/de\/wp-json\/wp\/v2\/product"}],"about":[{"href":"https:\/\/secureus.se\/de\/wp-json\/wp\/v2\/types\/product"}],"wp:featuredmedia":[{"embeddable":true,"href":"https:\/\/secureus.se\/de\/wp-json\/wp\/v2\/media\/147405"}],"wp:attachment":[{"href":"https:\/\/secureus.se\/de\/wp-json\/wp\/v2\/media?parent=147408"}],"wp:term":[{"taxonomy":"product_brand","embeddable":true,"href":"https:\/\/secureus.se\/de\/wp-json\/wp\/v2\/product_brand?post=147408"},{"taxonomy":"product_cat","embeddable":true,"href":"https:\/\/secureus.se\/de\/wp-json\/wp\/v2\/product_cat?post=147408"},{"taxonomy":"product_tag","embeddable":true,"href":"https:\/\/secureus.se\/de\/wp-json\/wp\/v2\/product_tag?post=147408"}],"curies":[{"name":"wp","href":"https:\/\/api.w.org\/{rel}","templated":true}]}}