{"id":147414,"date":"2023-09-26T13:08:34","date_gmt":"2023-09-26T11:08:34","guid":{"rendered":"https:\/\/secureus.se\/elslutbleck-step-60-rattvand-12v-kolvkontakt-5m-kabel\/"},"modified":"2026-04-23T12:34:27","modified_gmt":"2026-04-23T10:34:27","slug":"elslutbleck-step-60-rattvand-12v-kolvkontakt-5m-kabel","status":"publish","type":"product","link":"https:\/\/secureus.se\/de\/elslutbleck-step-60-rattvand-12v-kolvkontakt-5m-kabel\/","title":{"rendered":"Elektro-T\u00fcr\u00f6ffner STEP 60 abgewinkelt 12V Kolbenkontakt 5m Kabel"},"content":{"rendered":"<h1>Elektro-T\u00fcr\u00f6ffner STEP 60 abgewinkelt 12V Kolbenkontakt 5m Kabel<\/h1>\n<p>STEP 60 Silent ist ein ger\u00e4uschloser T\u00fcr\u00f6ffner mit Vorw\u00e4rtsfunktion, 12V-Betrieb, Kolbenkontakt und 5 m halogenfreiem Kabel. Ideal f\u00fcr T\u00fcren mit hoher Nutzungsfrequenz, bei denen Schalld\u00e4mmung und Sicherheit entscheidend sind.<\/p>\n<p>Der elektrische T\u00fcr\u00f6ffner STEP 60 Silent vereint eine robuste Konstruktion mit einem sanften, ger\u00e4uschlosen Betrieb \u2013 perfekt f\u00fcr Umgebungen, in denen sowohl Sicherheit als auch Komfort entscheidend sind.<\/p>\n<p>Der elektrische T\u00fcr\u00f6ffner ist Teil der Silent-Serie von STEP, die sich durch eine patentierte Technologie f\u00fcr nahezu ger\u00e4uschloses \u00d6ffnen und Schlie\u00dfen auszeichnet.<\/p>\n<p class=\"\" data-start=\"840\" data-end=\"1274\">Mit der Rechtsanschlagfunktion \u2013 Verriegelung im stromlosen Zustand \u2013 und einer Betriebsspannung von 12V DC eignet sich STEP 60 besonders f\u00fcr T\u00fcren, bei denen ein sicheres Schlie\u00dfen auch bei Stromausfall entscheidend ist.<\/p>\n<p class=\"\" data-start=\"840\" data-end=\"1274\">Es ist gem\u00e4\u00df SS-EN 14846:2008 bis zu E\/EI120 feuerbest\u00e4ndig und kann trotz eines Streifendrucks von bis zu 100 kg ge\u00f6ffnet werden. Mit einer Bruchfestigkeit von 16 kN (1600 kg) ist der T\u00fcr\u00f6ffner f\u00fcr Umgebungen mit hohem Sicherheitsbed\u00fcrfnis und t\u00e4glicher Nutzung konzipiert.<\/p>\n<p class=\"\" data-start=\"1276\" data-end=\"1541\">Das Produkt verf\u00fcgt \u00fcber einen integrierten Kolben- und Riegelkontakt, der eine vollst\u00e4ndige Status\u00fcberwachung (offen\/geschlossen, verriegelt\/entriegelt) bietet \u2013 ideal f\u00fcr die Integration mit Alarm- und Zugangskontrollsystemen.<\/p>\n<p class=\"\" data-start=\"1276\" data-end=\"1541\">Es ist au\u00dferdem manipulationssicher, verf\u00fcgt \u00fcber eine eingebaute Schutzdiode und wird mit einem 5 Meter langen halogenfreien Kabel geliefert.<\/p>\n<p class=\"\" data-start=\"1543\" data-end=\"1569\"><strong data-start=\"1543\" data-end=\"1569\">Eigenschaften und Vorteile:<\/strong><\/p>\n<ul data-start=\"1570\" data-end=\"1879\">\n<li class=\"\" data-start=\"1570\" data-end=\"1607\">\n<p class=\"\" data-start=\"1572\" data-end=\"1607\">Korrekte Funktion \u2013 stromlos verriegelt<\/p>\n<\/li>\n<li class=\"\" data-start=\"1608\" data-end=\"1646\">\n<p class=\"\" data-start=\"1610\" data-end=\"1646\">Leiser und ruhiger Betrieb dank Silent-Technologie<\/p>\n<\/li>\n<li class=\"\" data-start=\"1647\" data-end=\"1661\">\n<p class=\"\" data-start=\"1649\" data-end=\"1661\">12-V-Gleichstrombetrieb<\/p>\n<\/li>\n<li class=\"\" data-start=\"1662\" data-end=\"1708\">\n<p class=\"\" data-start=\"1664\" data-end=\"1708\">Kolben- und Riegelkontakt zur Zustands\u00fcberwachung<\/p>\n<\/li>\n<li class=\"\" data-start=\"1709\" data-end=\"1734\">\n<p class=\"\" data-start=\"1711\" data-end=\"1734\">H\u00e4lt 100 kg Streifendruck stand<\/p>\n<\/li>\n<li class=\"\" data-start=\"1735\" data-end=\"1758\">\n<p class=\"\" data-start=\"1737\" data-end=\"1758\">Bruchfestigkeit 16 kN<\/p>\n<\/li>\n<li class=\"\" data-start=\"1759\" data-end=\"1781\">\n<p class=\"\" data-start=\"1761\" data-end=\"1781\">Feuerwiderstandsklasse E\/EI120<\/p>\n<\/li>\n<li class=\"\" data-start=\"1782\" data-end=\"1811\">\n<p class=\"\" data-start=\"1784\" data-end=\"1811\">Schutzdiode und \u00dcberspannungsschutz<\/p>\n<\/li>\n<li class=\"\" data-start=\"1812\" data-end=\"1840\">\n<p class=\"\" data-start=\"1814\" data-end=\"1840\">5 m halogenfreies Kabel inklusive<\/p>\n<\/li>\n<li class=\"\" data-start=\"1841\" data-end=\"1879\">\n<p class=\"\" data-start=\"1843\" data-end=\"1879\">Passt sowohl f\u00fcr rechte als auch f\u00fcr linke T\u00fcren<\/p>\n<\/li>\n<\/ul>\n<p class=\"\" data-start=\"1881\" data-end=\"2038\"><strong data-start=\"1881\" data-end=\"1904\">Einsatzgebiete:<\/strong><br data-start=\"1904\" data-end=\"1907\" \/>Geeignet f\u00fcr \u00f6ffentliche Umgebungen, B\u00fcros, Krankenh\u00e4user, Schulen und Wohnungseing\u00e4nge, wo sowohl ein niedriger Ger\u00e4uschpegel als auch eine sichere Funktion wichtig sind.<\/p>\n<p class=\"\" data-start=\"2040\" data-end=\"2069\"><strong data-start=\"2040\" data-end=\"2069\">Technische Spezifikationen:<\/strong><\/p>\n<ul data-start=\"2070\" data-end=\"2443\">\n<li class=\"\" data-start=\"2070\" data-end=\"2108\">\n<p class=\"\" data-start=\"2072\" data-end=\"2108\">Betriebsspannung: 12 V DC (10,8-13,8 V)<\/p>\n<\/li>\n<li class=\"\" data-start=\"2109\" data-end=\"2153\">\n<p class=\"\" data-start=\"2111\" data-end=\"2153\">Stromaufnahme: 242 mA entriegelt, max. 500 mA<\/p>\n<\/li>\n<li class=\"\" data-start=\"2154\" data-end=\"2193\">\n<p class=\"\" data-start=\"2156\" data-end=\"2193\">T\u00fcranschlag: Rechts\/Links (umkehrbar)<\/p>\n<\/li>\n<li class=\"\" data-start=\"2194\" data-end=\"2215\">\n<p class=\"\" data-start=\"2196\" data-end=\"2215\">Kabell\u00e4nge: 5 Meter<\/p>\n<\/li>\n<li class=\"\" data-start=\"2216\" data-end=\"2242\">\n<p class=\"\" data-start=\"2218\" data-end=\"2242\">Bruchfestigkeit: 1600 kg<\/p>\n<\/li>\n<li class=\"\" data-start=\"2243\" data-end=\"2262\">\n<p class=\"\" data-start=\"2245\" data-end=\"2262\">Streifendruck: 100 kg<\/p>\n<\/li>\n<li class=\"\" data-start=\"2263\" data-end=\"2297\">\n<p class=\"\" data-start=\"2265\" data-end=\"2297\">Abmessungen (BxTxH): 28 x 34 x 149,5 mm<\/p>\n<\/li>\n<li class=\"\" data-start=\"2298\" data-end=\"2340\">\n<p class=\"\" data-start=\"2300\" data-end=\"2340\">Kolbenkontakt: Mikroschalter, 30 V DC \/ 1 A<\/p>\n<\/li>\n<li class=\"\" data-start=\"2341\" data-end=\"2374\">\n<p class=\"\" data-start=\"2343\" data-end=\"2374\">Schlossart: Einzel- und Doppelriegelschloss<\/p>\n<\/li>\n<li class=\"\" data-start=\"2375\" data-end=\"2403\">\n<p class=\"\" data-start=\"2377\" data-end=\"2403\">Farbe\/Oberfl\u00e4che: Edelstahl<\/p>\n<\/li>\n<li class=\"\" data-start=\"2404\" data-end=\"2443\">\n<p class=\"\" data-start=\"2406\" data-end=\"2443\">Bewertungen: SundaHus, Baustoffbewertung<\/p>\n<\/li>\n<\/ul>","protected":false},"excerpt":{"rendered":"<p>Hier sehen Sie, welche Pfosten und Modelle aus dem STEP-Sortiment der elektrischen T\u00fcrstopper zusammenpassen.<\/p>\n<h5><strong><a href=\"https:\/\/steplock.com\/sv\/stolpguide\/#!?lang=sv&amp;blog_id=1&amp;paged=1&amp;number=50\" target=\"_blank\" rel=\"noopener\">STEP-Pfostenf\u00fchrung\u00a0<\/a><\/strong><\/h5>\n<h5><strong><a href=\"https:\/\/steplock.com\/sv\/projekteringsguide\/#!?lang=sv&amp;blog_id=1&amp;paged=1&amp;number=999\" target=\"_blank\" rel=\"noopener\">STEP-Designleitfaden<\/a><\/strong><\/h5>","protected":false},"featured_media":147410,"template":"","meta":{"_acf_changed":false},"product_brand":[],"product_cat":[3355],"product_tag":[4198,4200],"class_list":{"0":"post-147414","1":"product","2":"type-product","3":"status-publish","4":"has-post-thumbnail","6":"product_cat-elslutbleck","7":"product_tag-12v","8":"product_tag-rattvand","9":"product_shipping_class-tunga-paket","10":"pa_brands-step","11":"tm-no-options","13":"first","14":"instock","15":"sale","16":"taxable","17":"shipping-taxable","18":"purchasable","19":"product-type-simple"},"acf":[],"_links":{"self":[{"href":"https:\/\/secureus.se\/de\/wp-json\/wp\/v2\/product\/147414","targetHints":{"allow":["GET"]}}],"collection":[{"href":"https:\/\/secureus.se\/de\/wp-json\/wp\/v2\/product"}],"about":[{"href":"https:\/\/secureus.se\/de\/wp-json\/wp\/v2\/types\/product"}],"wp:featuredmedia":[{"embeddable":true,"href":"https:\/\/secureus.se\/de\/wp-json\/wp\/v2\/media\/147410"}],"wp:attachment":[{"href":"https:\/\/secureus.se\/de\/wp-json\/wp\/v2\/media?parent=147414"}],"wp:term":[{"taxonomy":"product_brand","embeddable":true,"href":"https:\/\/secureus.se\/de\/wp-json\/wp\/v2\/product_brand?post=147414"},{"taxonomy":"product_cat","embeddable":true,"href":"https:\/\/secureus.se\/de\/wp-json\/wp\/v2\/product_cat?post=147414"},{"taxonomy":"product_tag","embeddable":true,"href":"https:\/\/secureus.se\/de\/wp-json\/wp\/v2\/product_tag?post=147414"}],"curies":[{"name":"wp","href":"https:\/\/api.w.org\/{rel}","templated":true}]}}