{"id":147420,"date":"2023-09-26T13:08:31","date_gmt":"2023-09-26T11:08:31","guid":{"rendered":"https:\/\/secureus.se\/elslutbleck-step-18-hoger-omvand-24v-9mm-regel-connect\/"},"modified":"2026-04-08T16:14:01","modified_gmt":"2026-04-08T14:14:01","slug":"elslutbleck-step-18-hoger-omvand-24v-9mm-regel-connect","status":"publish","type":"product","link":"https:\/\/secureus.se\/de\/elslutbleck-step-18-hoger-omvand-24v-9mm-regel-connect\/","title":{"rendered":"Elektrischer T\u00fcr\u00f6ffner STEP 18 Rechts R\u00fcckw\u00e4rts 24V 9mm Rule Connect"},"content":{"rendered":"<h1>Elektrischer T\u00fcr\u00f6ffner STEP 18 Rechts R\u00fcckw\u00e4rts 24V 9mm Rule Connect<\/h1>\n<p>Secure ist ein Hochsicherheits-T\u00fcr\u00f6ffner mit Umkehrfunktion f\u00fcr rechts angeschlagene T\u00fcren mit 9 mm Riegel. Brandklasse E\/EI60, Kolbenstecker und 5 m halogenfreies Kabel inklusive. H\u00e4lt 500 kg Streifendruck stand.<\/p>\n<p>Der STEP 18 Secure T\u00fcr\u00f6ffner ist ein fortschrittlicher T\u00fcr\u00f6ffner der Secure-Serie von STEP \u2013 entwickelt f\u00fcr T\u00fcrumgebungen mit sehr hohen Anforderungen an Sicherheit und zuverl\u00e4ssiger Funktion.<\/p>\n<p>Dieses Modell ist f\u00fcr rechts angeschlagene T\u00fcren mit Riegelschl\u00f6ssern der Connect-Serie (9 mm St\u00f6\u00dfel) geeignet.<\/p>\n<p class=\"\" data-start=\"820\" data-end=\"1169\">Durch die Umkehrfunktion wird der T\u00fcr\u00f6ffner im stromlosen Zustand entriegelt, wodurch er sich besonders f\u00fcr T\u00fcren mit Evakuierungsanforderungen und in Umgebungen mit st\u00e4ndigem Durchgangsverkehr eignet \u2013 beispielsweise in Banken, Beh\u00f6rden, Gef\u00e4ngnissen und sicherheitsklassifizierten Geb\u00e4uden.<\/p>\n<p class=\"\" data-start=\"820\" data-end=\"1169\">STEP 18 ist bis E\/EI60 feuerbest\u00e4ndig und f\u00fcr Sicherheitst\u00fcren bis RC4 zugelassen.<\/p>\n<p class=\"\" data-start=\"1171\" data-end=\"1565\">Der elektrische T\u00fcr\u00f6ffner ist sowohl mit einem Kolbenkontakt als auch einem Riegelkontakt ausgestattet, der den T\u00fcrstatus (offen\/geschlossen, verriegelt\/entriegelt) pr\u00e4zise anzeigt und so eine Integration in Alarm- und Zugangskontrollsysteme erm\u00f6glicht.<\/p>\n<p class=\"\" data-start=\"1171\" data-end=\"1565\">Es ist manipulationssicher, verf\u00fcgt \u00fcber eine eingebaute Schutzdiode und \u00f6ffnet selbst bei einem Banddruck von bis zu 5 kN (ca. 500 kg). Mit einer Bruchfestigkeit von 15 kN ist STEP 18 eine der robustesten Optionen auf dem Markt.<\/p>\n<p class=\"\" data-start=\"1567\" data-end=\"1593\"><strong data-start=\"1567\" data-end=\"1593\">Eigenschaften und Vorteile:<\/strong><\/p>\n<ul data-start=\"1594\" data-end=\"1923\">\n<li class=\"\" data-start=\"1594\" data-end=\"1636\">\n<p class=\"\" data-start=\"1596\" data-end=\"1636\">R\u00fcckw\u00e4rtsfunktion \u2013 Entriegelung im stromlosen Zustand<\/p>\n<\/li>\n<li class=\"\" data-start=\"1637\" data-end=\"1679\">\n<p class=\"\" data-start=\"1639\" data-end=\"1679\">Angepasst an das 9-mm-Ma\u00df der Connect-Serie<\/p>\n<\/li>\n<li class=\"\" data-start=\"1680\" data-end=\"1704\">\n<p class=\"\" data-start=\"1682\" data-end=\"1704\">F\u00fcr rechtsangeschlagene T\u00fcren<\/p>\n<\/li>\n<li class=\"\" data-start=\"1705\" data-end=\"1751\">\n<p class=\"\" data-start=\"1707\" data-end=\"1751\">Kolben- und Riegelkontakt zur Zustands\u00fcberwachung<\/p>\n<\/li>\n<li class=\"\" data-start=\"1752\" data-end=\"1787\">\n<p class=\"\" data-start=\"1754\" data-end=\"1787\">Zugelassen f\u00fcr Brandklasse E\/EI60 und RC4<\/p>\n<\/li>\n<li class=\"\" data-start=\"1788\" data-end=\"1821\">\n<p class=\"\" data-start=\"1790\" data-end=\"1821\">Bruchfestigkeit 15 kN (1500 kg)<\/p>\n<\/li>\n<li class=\"\" data-start=\"1822\" data-end=\"1856\">\n<p class=\"\" data-start=\"1824\" data-end=\"1856\">H\u00e4lt Formdr\u00fccken bis zu 500 kg stand<\/p>\n<\/li>\n<li class=\"\" data-start=\"1857\" data-end=\"1886\">\n<p class=\"\" data-start=\"1859\" data-end=\"1886\">Schutzdiode und \u00dcberspannungsschutz<\/p>\n<\/li>\n<li class=\"\" data-start=\"1887\" data-end=\"1923\">\n<p class=\"\" data-start=\"1889\" data-end=\"1923\">Lieferung mit 5 m halogenfreiem Kabel<\/p>\n<\/li>\n<\/ul>\n<p class=\"\" data-start=\"1925\" data-end=\"2113\"><strong data-start=\"1925\" data-end=\"1948\">Einsatzgebiete:<\/strong><br data-start=\"1948\" data-end=\"1951\" \/>Empfohlen f\u00fcr T\u00fcrumgebungen in sicherheitsklassifizierten Geb\u00e4uden, Fluchtwegen und Anlagen mit hohem Verkehrsaufkommen und Anforderungen an eine leistungsstarke elektrische Verriegelung.<\/p>\n<p class=\"\" data-start=\"2115\" data-end=\"2144\"><strong data-start=\"2115\" data-end=\"2144\">Technische Spezifikationen:<\/strong><\/p>\n<ul data-start=\"2145\" data-end=\"2489\">\n<li class=\"\" data-start=\"2145\" data-end=\"2183\">\n<p class=\"\" data-start=\"2147\" data-end=\"2183\">Betriebsspannung: 24 V DC (21,6-27,6 V)<\/p>\n<\/li>\n<li class=\"\" data-start=\"2184\" data-end=\"2216\">\n<p class=\"\" data-start=\"2186\" data-end=\"2216\">Stromverbrauch: 313 mA entriegelt<\/p>\n<\/li>\n<li class=\"\" data-start=\"2217\" data-end=\"2238\">\n<p class=\"\" data-start=\"2219\" data-end=\"2238\">T\u00fcranschlag: Rechts<\/p>\n<\/li>\n<li class=\"\" data-start=\"2239\" data-end=\"2260\">\n<p class=\"\" data-start=\"2241\" data-end=\"2260\">Kabell\u00e4nge: 5 Meter<\/p>\n<\/li>\n<li class=\"\" data-start=\"2261\" data-end=\"2287\">\n<p class=\"\" data-start=\"2263\" data-end=\"2287\">Bruchfestigkeit: 1500 kg<\/p>\n<\/li>\n<li class=\"\" data-start=\"2288\" data-end=\"2307\">\n<p class=\"\" data-start=\"2290\" data-end=\"2307\">Listendruck: 500 kg<\/p>\n<\/li>\n<li class=\"\" data-start=\"2308\" data-end=\"2340\">\n<p class=\"\" data-start=\"2310\" data-end=\"2340\">Abmessungen (BxTxH): 35 x 40 x 230 mm<\/p>\n<\/li>\n<li class=\"\" data-start=\"2341\" data-end=\"2372\">\n<p class=\"\" data-start=\"2343\" data-end=\"2372\">Schlosstyp: Hakenfallenschloss, Riegelschloss<\/p>\n<\/li>\n<li class=\"\" data-start=\"2373\" data-end=\"2420\">\n<p class=\"\" data-start=\"2375\" data-end=\"2420\">Kolbenkontakt: Mikroschalter, max. 30 V DC \/ 1 A<\/p>\n<\/li>\n<li class=\"\" data-start=\"2421\" data-end=\"2449\">\n<p class=\"\" data-start=\"2423\" data-end=\"2449\">Farbe\/Oberfl\u00e4che: Edelstahl<\/p>\n<\/li>\n<li class=\"\" data-start=\"2450\" data-end=\"2489\">\n<p class=\"\" data-start=\"2452\" data-end=\"2489\">Bewertungen: SundaHus, Baustoffbewertung<\/p>\n<\/li>\n<\/ul>","protected":false},"excerpt":{"rendered":"<p>Hier sehen Sie, welche Pfosten und Modelle aus dem STEP-Sortiment der elektrischen T\u00fcrstopper zusammenpassen.<\/p>\n<h5><strong><a href=\"https:\/\/steplock.com\/sv\/stolpguide\/#!?lang=sv&amp;blog_id=1&amp;paged=1&amp;number=50\" target=\"_blank\" rel=\"noopener\">STEP-Pfostenf\u00fchrung\u00a0<\/a><\/strong><\/h5>\n<h5><strong><a href=\"https:\/\/steplock.com\/sv\/projekteringsguide\/#!?lang=sv&amp;blog_id=1&amp;paged=1&amp;number=999\" target=\"_blank\" rel=\"noopener\">STEP-Designleitfaden<\/a><\/strong><\/h5>","protected":false},"featured_media":147416,"template":"","meta":{"_acf_changed":false},"product_brand":[],"product_cat":[3355],"product_tag":[4197,4201],"class_list":{"0":"post-147420","1":"product","2":"type-product","3":"status-publish","4":"has-post-thumbnail","6":"product_cat-elslutbleck","7":"product_tag-24v","8":"product_tag-omvand","9":"product_shipping_class-tunga-paket","10":"pa_brands-step","11":"tm-no-options","13":"first","14":"instock","15":"sale","16":"taxable","17":"shipping-taxable","18":"purchasable","19":"product-type-simple"},"acf":[],"_links":{"self":[{"href":"https:\/\/secureus.se\/de\/wp-json\/wp\/v2\/product\/147420","targetHints":{"allow":["GET"]}}],"collection":[{"href":"https:\/\/secureus.se\/de\/wp-json\/wp\/v2\/product"}],"about":[{"href":"https:\/\/secureus.se\/de\/wp-json\/wp\/v2\/types\/product"}],"wp:featuredmedia":[{"embeddable":true,"href":"https:\/\/secureus.se\/de\/wp-json\/wp\/v2\/media\/147416"}],"wp:attachment":[{"href":"https:\/\/secureus.se\/de\/wp-json\/wp\/v2\/media?parent=147420"}],"wp:term":[{"taxonomy":"product_brand","embeddable":true,"href":"https:\/\/secureus.se\/de\/wp-json\/wp\/v2\/product_brand?post=147420"},{"taxonomy":"product_cat","embeddable":true,"href":"https:\/\/secureus.se\/de\/wp-json\/wp\/v2\/product_cat?post=147420"},{"taxonomy":"product_tag","embeddable":true,"href":"https:\/\/secureus.se\/de\/wp-json\/wp\/v2\/product_tag?post=147420"}],"curies":[{"name":"wp","href":"https:\/\/api.w.org\/{rel}","templated":true}]}}