{"id":147422,"date":"2023-09-26T13:10:07","date_gmt":"2023-09-26T11:10:07","guid":{"rendered":"https:\/\/secureus.se\/elslutbleck-step-98-rattvand-24v\/"},"modified":"2026-03-26T09:45:38","modified_gmt":"2026-03-26T08:45:38","slug":"elslutbleck-step-98-rattvand-24v","status":"publish","type":"product","link":"https:\/\/secureus.se\/de\/elslutbleck-step-98-rattvand-24v\/","title":{"rendered":"Elektro-T\u00fcr\u00f6ffner STEP 98 Rechtsseitig 24V"},"content":{"rendered":"<h1>Elektro-T\u00fcr\u00f6ffner STEP 98 Rechtsseitig 24V<\/h1>\n<p>STEP 98 Preload ist ein kompakter, feuerfester elektrischer T\u00fcr\u00f6ffner mit Rechtsdrehfunktion und integrierter Formtechnologie. Geeignet f\u00fcr Knauf- oder Schl\u00fcsselschl\u00f6sser, h\u00e4lt 40 kg Leistendruck stand und ist f\u00fcr rechte\/linke T\u00fcren umkehrbar.<\/p>\n<p>Der elektrische T\u00fcr\u00f6ffner STEP 98 Preload ist ein zuverl\u00e4ssiger elektrischer T\u00fcr\u00f6ffner aus der Preload-Serie von STEP \u2013 konzipiert f\u00fcr T\u00fcrumgebungen, in denen Funktion, Sicherheit und einfache Installation im Mittelpunkt stehen.<\/p>\n<p>Mit der Rechtsfunktion (Verriegelung bei Stromausfall) eignet es sich ideal f\u00fcr T\u00fcren, die mit Knauf oder Schl\u00fcssel verschlossen werden, beispielsweise in Mehrfamilienh\u00e4usern, B\u00fcros oder Technikr\u00e4umen.<\/p>\n<p class=\"\" data-start=\"843\" data-end=\"1137\">Der T\u00fcr\u00f6ffner ist feuerbest\u00e4ndig nach E\/EI120 und kann dank der patentierten STEP-Streifendrucktechnologie auch bei einem Streifendruck von bis zu 40 kg auf die T\u00fcr entriegelt werden.<\/p>\n<p class=\"\" data-start=\"843\" data-end=\"1137\">Es ist au\u00dferdem manipulationssicher, verf\u00fcgt \u00fcber eine eingebaute Schutzdiode und ist f\u00fcr rechts- und linksangeschlagene T\u00fcren umkehrbar.<\/p>\n<p class=\"\" data-start=\"1139\" data-end=\"1431\">STEP 98 ist sowohl mit Einzel- als auch mit Doppelriegelschl\u00f6ssern sowie mit Notausstiegsschl\u00f6ssern kompatibel, bei denen eine manuelle Verriegelung erforderlich ist.<\/p>\n<p class=\"\" data-start=\"1139\" data-end=\"1431\">Zus\u00e4tzlich ist eine Erg\u00e4nzung mit dem Riegelmelder ST4880 m\u00f6glich, der eine automatische Sperrung des Zugangssystems bei ausgesperrtem Haken- oder Schubriegel erm\u00f6glicht.<\/p>\n<p class=\"\" data-start=\"1433\" data-end=\"1459\"><strong data-start=\"1433\" data-end=\"1459\">Eigenschaften und Vorteile:<\/strong><\/p>\n<ul data-start=\"1460\" data-end=\"1768\">\n<li class=\"\" data-start=\"1460\" data-end=\"1503\">\n<p class=\"\" data-start=\"1462\" data-end=\"1503\">Korrekte Funktion \u2013 Verriegelung im stromlosen Zustand<\/p>\n<\/li>\n<li class=\"\" data-start=\"1504\" data-end=\"1548\">\n<p class=\"\" data-start=\"1506\" data-end=\"1548\">Brandklasse E\/EI120 gem\u00e4\u00df SS-EN 14846:2008<\/p>\n<\/li>\n<li class=\"\" data-start=\"1549\" data-end=\"1582\">\n<p class=\"\" data-start=\"1551\" data-end=\"1582\">H\u00e4lt einem Druck von bis zu 40 kg stand<\/p>\n<\/li>\n<li class=\"\" data-start=\"1583\" data-end=\"1607\">\n<p class=\"\" data-start=\"1585\" data-end=\"1607\">Bruchfestigkeit 900 kg<\/p>\n<\/li>\n<li class=\"\" data-start=\"1608\" data-end=\"1642\">\n<p class=\"\" data-start=\"1610\" data-end=\"1642\">Antiklopf- und Schutzdiode inklusive<\/p>\n<\/li>\n<li class=\"\" data-start=\"1643\" data-end=\"1682\">\n<p class=\"\" data-start=\"1645\" data-end=\"1682\">Kompatibel mit Haken- und geraden Stangen<\/p>\n<\/li>\n<li class=\"\" data-start=\"1683\" data-end=\"1726\">\n<p class=\"\" data-start=\"1685\" data-end=\"1726\">Umkehrbar \u2013 passt f\u00fcr rechte und linke T\u00fcren<\/p>\n<\/li>\n<li class=\"\" data-start=\"1727\" data-end=\"1768\">\n<p class=\"\" data-start=\"1729\" data-end=\"1768\">M\u00f6glichkeit der Regelanzeige (ST4880)<\/p>\n<\/li>\n<\/ul>\n<p class=\"\" data-start=\"1770\" data-end=\"1966\"><strong data-start=\"1770\" data-end=\"1793\">Einsatzgebiete:<\/strong><br data-start=\"1793\" data-end=\"1796\" \/>Ideal f\u00fcr Innent\u00fcren, Durchgangst\u00fcren, Technikr\u00e4ume oder Mehrfamilienhauseing\u00e4nge, bei denen Sicherheit und Betriebszuverl\u00e4ssigkeit in Kombination mit Feuerbest\u00e4ndigkeit und einfacher Montage erforderlich sind.<\/p>\n<p class=\"\" data-start=\"1968\" data-end=\"1997\"><strong data-start=\"1968\" data-end=\"1997\">Technische Spezifikationen:<\/strong><\/p>\n<ul data-start=\"1998\" data-end=\"2338\">\n<li class=\"\" data-start=\"1998\" data-end=\"2036\">\n<p class=\"\" data-start=\"2000\" data-end=\"2036\">Betriebsspannung: 24 V DC (21,6-27,6 V)<\/p>\n<\/li>\n<li class=\"\" data-start=\"2037\" data-end=\"2081\">\n<p class=\"\" data-start=\"2039\" data-end=\"2081\">Stromaufnahme: 110 mA entriegelt, max. 300 mA<\/p>\n<\/li>\n<li class=\"\" data-start=\"2082\" data-end=\"2121\">\n<p class=\"\" data-start=\"2084\" data-end=\"2121\">T\u00fcranschlag: Rechts\/Links (umkehrbar)<\/p>\n<\/li>\n<li class=\"\" data-start=\"2122\" data-end=\"2153\">\n<p class=\"\" data-start=\"2124\" data-end=\"2153\">Abmessungen (BxTxH): 25 x 35 x 90 mm<\/p>\n<\/li>\n<li class=\"\" data-start=\"2154\" data-end=\"2179\">\n<p class=\"\" data-start=\"2156\" data-end=\"2179\">Bruchfestigkeit: 900 kg<\/p>\n<\/li>\n<li class=\"\" data-start=\"2180\" data-end=\"2198\">\n<p class=\"\" data-start=\"2182\" data-end=\"2198\">Streifendruck: 40 kg<\/p>\n<\/li>\n<li class=\"\" data-start=\"2199\" data-end=\"2217\">\n<p class=\"\" data-start=\"2201\" data-end=\"2217\">Kolbenkontakt: Nein<\/p>\n<\/li>\n<li class=\"\" data-start=\"2218\" data-end=\"2235\">\n<p class=\"\" data-start=\"2220\" data-end=\"2235\">Kabel: Nicht enthalten<\/p>\n<\/li>\n<li class=\"\" data-start=\"2236\" data-end=\"2269\">\n<p class=\"\" data-start=\"2238\" data-end=\"2269\">Schlossart: Einzel- und Doppelriegelschloss<\/p>\n<\/li>\n<li class=\"\" data-start=\"2270\" data-end=\"2298\">\n<p class=\"\" data-start=\"2272\" data-end=\"2298\">Farbe\/Oberfl\u00e4che: Edelstahl<\/p>\n<\/li>\n<li class=\"\" data-start=\"2299\" data-end=\"2338\">\n<p class=\"\" data-start=\"2301\" data-end=\"2338\">Bewertungen: SundaHus, Baustoffbewertung<\/p>\n<\/li>\n<\/ul>","protected":false},"excerpt":{"rendered":"<p>Hier sehen Sie, welche Pfosten und Modelle aus dem STEP-Sortiment der elektrischen T\u00fcrstopper zusammenpassen.<\/p>\n<h5><strong><a href=\"https:\/\/steplock.com\/sv\/stolpguide\/#!?lang=sv&amp;blog_id=1&amp;paged=1&amp;number=50\" target=\"_blank\" rel=\"noopener\">STEP-Pfostenf\u00fchrung\u00a0<\/a><\/strong><\/h5>\n<h5><strong><a href=\"https:\/\/steplock.com\/sv\/projekteringsguide\/#!?lang=sv&amp;blog_id=1&amp;paged=1&amp;number=999\" target=\"_blank\" rel=\"noopener\">STEP-Designleitfaden<\/a><\/strong><\/h5>","protected":false},"featured_media":147421,"template":"","meta":{"_acf_changed":false},"product_brand":[],"product_cat":[3355],"product_tag":[4197,4200],"class_list":{"0":"post-147422","1":"product","2":"type-product","3":"status-publish","4":"has-post-thumbnail","6":"product_cat-elslutbleck","7":"product_tag-24v","8":"product_tag-rattvand","9":"product_shipping_class-tunga-paket","10":"pa_brands-step","11":"tm-no-options","13":"first","14":"instock","15":"sale","16":"taxable","17":"shipping-taxable","18":"purchasable","19":"product-type-simple"},"acf":[],"_links":{"self":[{"href":"https:\/\/secureus.se\/de\/wp-json\/wp\/v2\/product\/147422","targetHints":{"allow":["GET"]}}],"collection":[{"href":"https:\/\/secureus.se\/de\/wp-json\/wp\/v2\/product"}],"about":[{"href":"https:\/\/secureus.se\/de\/wp-json\/wp\/v2\/types\/product"}],"wp:featuredmedia":[{"embeddable":true,"href":"https:\/\/secureus.se\/de\/wp-json\/wp\/v2\/media\/147421"}],"wp:attachment":[{"href":"https:\/\/secureus.se\/de\/wp-json\/wp\/v2\/media?parent=147422"}],"wp:term":[{"taxonomy":"product_brand","embeddable":true,"href":"https:\/\/secureus.se\/de\/wp-json\/wp\/v2\/product_brand?post=147422"},{"taxonomy":"product_cat","embeddable":true,"href":"https:\/\/secureus.se\/de\/wp-json\/wp\/v2\/product_cat?post=147422"},{"taxonomy":"product_tag","embeddable":true,"href":"https:\/\/secureus.se\/de\/wp-json\/wp\/v2\/product_tag?post=147422"}],"curies":[{"name":"wp","href":"https:\/\/api.w.org\/{rel}","templated":true}]}}