{"id":147425,"date":"2023-09-26T13:08:28","date_gmt":"2023-09-26T11:08:28","guid":{"rendered":"https:\/\/secureus.se\/elslutbleck-step-18-vanster-rattvand-24v-12mm-regel\/"},"modified":"2026-04-08T16:04:01","modified_gmt":"2026-04-08T14:04:01","slug":"elslutbleck-step-18-vanster-rattvand-24v-12mm-regel","status":"publish","type":"product","link":"https:\/\/secureus.se\/de\/elslutbleck-step-18-vanster-rattvand-24v-12mm-regel\/","title":{"rendered":"Elektrisches T\u00fcrschloss STEP 18 Links Rechts 24V 12mm Lineal"},"content":{"rendered":"<h1>Elektrisches T\u00fcrschloss STEP 18 Links Rechts 24V 12mm Lineal<\/h1>\n<p>STEP 18 Secure ist ein Hochsicherheits-T\u00fcr\u00f6ffner mit Rechtsfunktion f\u00fcr links angeschlagene T\u00fcren. Angepasst f\u00fcr 12 mm Kolben der Modul-Serie. Feuerbest\u00e4ndig E\/EI60, mit Kolbenanschluss und 5 Meter Kabel.<\/p>\n<p>Der STEP 18 Secure-Elektrot\u00fcr\u00f6ffner ist ein leistungsstarker Elektrot\u00fcr\u00f6ffner der Secure-Serie von STEP \u2013 speziell entwickelt f\u00fcr T\u00fcrumgebungen, in denen Sicherheit, Zuverl\u00e4ssigkeit und schnelles \u00d6ffnen entscheidend sind.<\/p>\n<p>Dieses Modell ist f\u00fcr Riegelschl\u00f6sser mit 12 mm Kolben der Modul-Serie angepasst und wird in links angeschlagene T\u00fcren eingebaut.<\/p>\n<p class=\"\" data-start=\"817\" data-end=\"1104\">Bei der Rechtsausf\u00fchrung ist der T\u00fcr\u00f6ffner in der stromlosen Stellung verriegelt, was sich f\u00fcr Sicherheitst\u00fcren eignet, bei denen bei einem Stromausfall ein unbefugtes Betreten verhindert werden muss.<\/p>\n<p class=\"\" data-start=\"817\" data-end=\"1104\">Das Produkt ist bis zu E\/EI60 feuerbest\u00e4ndig und gem\u00e4\u00df den aktuellen Normen f\u00fcr Sicherheitst\u00fcren der Klasse RC4 zugelassen.<\/p>\n<p class=\"\" data-start=\"1106\" data-end=\"1496\">Dank Kolben- und Fallenkontakt ist eine vollst\u00e4ndige \u00dcberwachung des T\u00fcrzustands (offen\/geschlossen, verriegelt\/entriegelt) m\u00f6glich, wodurch sich der T\u00fcr\u00f6ffner optimal f\u00fcr die Integration in Zutrittskontrollsysteme und Alarml\u00f6sungen eignet.<\/p>\n<p class=\"\" data-start=\"1106\" data-end=\"1496\">Mit einer Bruchfestigkeit von 15 kN (1500 kg) und der F\u00e4higkeit, sich trotz eines Streifendrucks von bis zu 5 kN (500 kg) zu \u00f6ffnen, ist STEP 18 f\u00fcr den intensiven Einsatz in Umgebungen mit hohem Durchsatz konzipiert.<\/p>\n<p class=\"\" data-start=\"1498\" data-end=\"1681\">Das Produkt wird komplett mit einem 5 Meter langen halogenfreien Anschlusskabel geliefert, verf\u00fcgt \u00fcber eine eingebaute Schutzdiode, ist sto\u00dffest und f\u00fcr die Vorw\u00e4rts- und R\u00fcckw\u00e4rtsfunktion optimiert.<\/p>\n<p class=\"\" data-start=\"1683\" data-end=\"1709\"><strong data-start=\"1683\" data-end=\"1709\">Eigenschaften und Vorteile:<\/strong><\/p>\n<ul data-start=\"1710\" data-end=\"2033\">\n<li class=\"\" data-start=\"1710\" data-end=\"1747\">\n<p class=\"\" data-start=\"1712\" data-end=\"1747\">Korrekte Funktion \u2013 stromlos verriegelt<\/p>\n<\/li>\n<li class=\"\" data-start=\"1748\" data-end=\"1787\">\n<p class=\"\" data-start=\"1750\" data-end=\"1787\">Angepasst f\u00fcr die Modul-Serie, 12 mm Kolben<\/p>\n<\/li>\n<li class=\"\" data-start=\"1788\" data-end=\"1814\">\n<p class=\"\" data-start=\"1790\" data-end=\"1814\">F\u00fcr linksangeschlagene T\u00fcren<\/p>\n<\/li>\n<li class=\"\" data-start=\"1815\" data-end=\"1852\">\n<p class=\"\" data-start=\"1817\" data-end=\"1852\">Feuerwiderstandsklasse E\/EI60 und RC4-Zulassung<\/p>\n<\/li>\n<li class=\"\" data-start=\"1853\" data-end=\"1899\">\n<p class=\"\" data-start=\"1855\" data-end=\"1899\">Kolben- und Riegelkontakt zur Zustands\u00fcberwachung<\/p>\n<\/li>\n<li class=\"\" data-start=\"1900\" data-end=\"1923\">\n<p class=\"\" data-start=\"1902\" data-end=\"1923\">Bruchfestigkeit 15 kN<\/p>\n<\/li>\n<li class=\"\" data-start=\"1924\" data-end=\"1958\">\n<p class=\"\" data-start=\"1926\" data-end=\"1958\">H\u00e4lt Formdr\u00fccken bis zu 500 kg stand<\/p>\n<\/li>\n<li class=\"\" data-start=\"1959\" data-end=\"1992\">\n<p class=\"\" data-start=\"1961\" data-end=\"1992\">Sto\u00dffest, eingebaute Schutzdiode<\/p>\n<\/li>\n<li class=\"\" data-start=\"1993\" data-end=\"2033\">\n<p class=\"\" data-start=\"1995\" data-end=\"2033\">Lieferung mit 5 Meter halogenfreiem Kabel<\/p>\n<\/li>\n<\/ul>\n<p class=\"\" data-start=\"2035\" data-end=\"2188\"><strong data-start=\"2035\" data-end=\"2058\">Einsatzgebiete:<\/strong><br data-start=\"2058\" data-end=\"2061\" \/>Geeignet f\u00fcr Sicherheitst\u00fcren, Gef\u00e4ngnisse, Banken und andere Hochsicherheitsumgebungen, in denen eine elektrische Verriegelung mit hoher Betriebszuverl\u00e4ssigkeit erforderlich ist.<\/p>\n<p class=\"\" data-start=\"2190\" data-end=\"2219\"><strong data-start=\"2190\" data-end=\"2219\">Technische Spezifikationen:<\/strong><\/p>\n<ul data-start=\"2220\" data-end=\"2566\">\n<li class=\"\" data-start=\"2220\" data-end=\"2258\">\n<p class=\"\" data-start=\"2222\" data-end=\"2258\">Betriebsspannung: 24 V DC (21,6-27,6 V)<\/p>\n<\/li>\n<li class=\"\" data-start=\"2259\" data-end=\"2291\">\n<p class=\"\" data-start=\"2261\" data-end=\"2291\">Stromverbrauch: 313 mA entriegelt<\/p>\n<\/li>\n<li class=\"\" data-start=\"2292\" data-end=\"2315\">\n<p class=\"\" data-start=\"2294\" data-end=\"2315\">T\u00fcranschlag: Links<\/p>\n<\/li>\n<li class=\"\" data-start=\"2316\" data-end=\"2337\">\n<p class=\"\" data-start=\"2318\" data-end=\"2337\">Kabell\u00e4nge: 5 Meter<\/p>\n<\/li>\n<li class=\"\" data-start=\"2338\" data-end=\"2364\">\n<p class=\"\" data-start=\"2340\" data-end=\"2364\">Bruchfestigkeit: 1500 kg<\/p>\n<\/li>\n<li class=\"\" data-start=\"2365\" data-end=\"2384\">\n<p class=\"\" data-start=\"2367\" data-end=\"2384\">Listendruck: 500 kg<\/p>\n<\/li>\n<li class=\"\" data-start=\"2385\" data-end=\"2417\">\n<p class=\"\" data-start=\"2387\" data-end=\"2417\">Abmessungen (BxTxH): 35 x 40 x 230 mm<\/p>\n<\/li>\n<li class=\"\" data-start=\"2418\" data-end=\"2449\">\n<p class=\"\" data-start=\"2420\" data-end=\"2449\">Schlosstyp: Hakenfallenschloss, Riegelschloss<\/p>\n<\/li>\n<li class=\"\" data-start=\"2450\" data-end=\"2497\">\n<p class=\"\" data-start=\"2452\" data-end=\"2497\">Kolbenkontakt: Mikroschalter, max. 30 V DC \/ 1 A<\/p>\n<\/li>\n<li class=\"\" data-start=\"2498\" data-end=\"2526\">\n<p class=\"\" data-start=\"2500\" data-end=\"2526\">Farbe\/Oberfl\u00e4che: Edelstahl<\/p>\n<\/li>\n<li class=\"\" data-start=\"2527\" data-end=\"2566\">\n<p class=\"\" data-start=\"2529\" data-end=\"2566\">Bewertungen: SundaHus, Baustoffbewertung<\/p>\n<\/li>\n<\/ul>","protected":false},"excerpt":{"rendered":"<p>Hier sehen Sie, welche Pfosten und Modelle aus dem STEP-Sortiment der elektrischen T\u00fcrstopper zusammenpassen.<\/p>\n<h5><strong><a href=\"https:\/\/steplock.com\/sv\/stolpguide\/#!?lang=sv&amp;blog_id=1&amp;paged=1&amp;number=50\" target=\"_blank\" rel=\"noopener\">STEP-Pfostenf\u00fchrung\u00a0<\/a><\/strong><\/h5>\n<h5><strong><a href=\"https:\/\/steplock.com\/sv\/projekteringsguide\/#!?lang=sv&amp;blog_id=1&amp;paged=1&amp;number=999\" target=\"_blank\" rel=\"noopener\">STEP-Designleitfaden<\/a><\/strong><\/h5>","protected":false},"featured_media":147423,"template":"","meta":{"_acf_changed":false},"product_brand":[],"product_cat":[3355],"product_tag":[4197,4200],"class_list":{"0":"post-147425","1":"product","2":"type-product","3":"status-publish","4":"has-post-thumbnail","6":"product_cat-elslutbleck","7":"product_tag-24v","8":"product_tag-rattvand","9":"product_shipping_class-tunga-paket","10":"pa_brands-step","11":"tm-no-options","13":"first","14":"onbackorder","15":"sale","16":"taxable","17":"shipping-taxable","18":"purchasable","19":"product-type-simple"},"acf":[],"_links":{"self":[{"href":"https:\/\/secureus.se\/de\/wp-json\/wp\/v2\/product\/147425","targetHints":{"allow":["GET"]}}],"collection":[{"href":"https:\/\/secureus.se\/de\/wp-json\/wp\/v2\/product"}],"about":[{"href":"https:\/\/secureus.se\/de\/wp-json\/wp\/v2\/types\/product"}],"wp:featuredmedia":[{"embeddable":true,"href":"https:\/\/secureus.se\/de\/wp-json\/wp\/v2\/media\/147423"}],"wp:attachment":[{"href":"https:\/\/secureus.se\/de\/wp-json\/wp\/v2\/media?parent=147425"}],"wp:term":[{"taxonomy":"product_brand","embeddable":true,"href":"https:\/\/secureus.se\/de\/wp-json\/wp\/v2\/product_brand?post=147425"},{"taxonomy":"product_cat","embeddable":true,"href":"https:\/\/secureus.se\/de\/wp-json\/wp\/v2\/product_cat?post=147425"},{"taxonomy":"product_tag","embeddable":true,"href":"https:\/\/secureus.se\/de\/wp-json\/wp\/v2\/product_tag?post=147425"}],"curies":[{"name":"wp","href":"https:\/\/api.w.org\/{rel}","templated":true}]}}