{"id":147427,"date":"2023-09-26T13:08:27","date_gmt":"2023-09-26T11:08:27","guid":{"rendered":"https:\/\/secureus.se\/elslutbleck-step-60-omvand-12v-kolvkontakt-5m-kabel\/"},"modified":"2026-03-26T09:45:35","modified_gmt":"2026-03-26T08:45:35","slug":"elslutbleck-step-60-omvand-12v-kolvkontakt-5m-kabel","status":"publish","type":"product","link":"https:\/\/secureus.se\/de\/elslutbleck-step-60-omvand-12v-kolvkontakt-5m-kabel\/","title":{"rendered":"Elektro-T\u00fcr\u00f6ffner STEP 60 Reverse 12V Kolbenkontakt 5m Kabel"},"content":{"rendered":"<h1>Elektro-T\u00fcr\u00f6ffner STEP 60 Reverse 12V Kolbenkontakt 5m Kabel<\/h1>\n<p>STEP 60 Silent ist ein leiser und robuster T\u00fcr\u00f6ffner mit R\u00fccklauffunktion, Kolbenkontakt und 5 m Kabel. Geeignet f\u00fcr T\u00fcren mit hoher Nutzungsfrequenz, bei denen ein niedriger Ger\u00e4uschpegel und hohe Sicherheit erforderlich sind. 12V-Betrieb und Brandklasse E\/EI120.<\/p>\n<p>Der elektrische T\u00fcr\u00f6ffner STEP 60 Silent aus der bekannten Silent-Serie von STEP bietet eine einzigartige Kombination aus nahezu ger\u00e4uschlosem Betrieb und robuster Konstruktion.<\/p>\n<p>Dadurch eignet sich dieser T\u00fcr\u00f6ffner besonders f\u00fcr Umgebungen mit hohen Anspr\u00fcchen an Komfort und Sicherheit, wie beispielsweise Krankenh\u00e4user, Schulen, B\u00fcros und Mehrfamilienhauseing\u00e4nge.<\/p>\n<p class=\"\" data-start=\"866\" data-end=\"1249\">Mit der Umkehrfunktion \u2013 Entriegelung bei Stromausfall \u2013 ist STEP 60 ideal f\u00fcr Fluchtwege und Durchgangst\u00fcren, bei denen die Barrierefreiheit stets gew\u00e4hrleistet sein muss.<\/p>\n<p class=\"\" data-start=\"866\" data-end=\"1249\">Das elektrische T\u00fcr\u00f6ffnerblech ist gem\u00e4\u00df SS-EN 14846:2008 bis zu E\/EI120 feuerbest\u00e4ndig und auf eine Streifenbelastung von bis zu 100 kg getestet. Mit einer Bruchfestigkeit von 16 kN (1600 kg) erf\u00fcllt es hohe Anforderungen an den Einbruchschutz.<\/p>\n<p class=\"\" data-start=\"1251\" data-end=\"1569\">Der eingebaute Kolbenkontakt zeigt den T\u00fcrzustand (offen\/geschlossen) an und zusammen mit dem Verriegelungskontakt kann der T\u00fcr\u00f6ffner an eine Alarmanlage oder ein Zutrittskontrollsystem angeschlossen werden.<\/p>\n<p class=\"\" data-start=\"1251\" data-end=\"1569\">Es ist au\u00dferdem manipulationssicher, verf\u00fcgt \u00fcber eine eingebaute Schutzdiode und wird mit einem 5 Meter langen halogenfreien Kabel f\u00fcr eine einfache und flexible Installation geliefert.<\/p>\n<p class=\"\" data-start=\"1571\" data-end=\"1597\"><strong data-start=\"1571\" data-end=\"1597\">Eigenschaften und Vorteile:<\/strong><\/p>\n<ul data-start=\"1598\" data-end=\"1952\">\n<li class=\"\" data-start=\"1598\" data-end=\"1640\">\n<p class=\"\" data-start=\"1600\" data-end=\"1640\">R\u00fcckw\u00e4rtsfunktion \u2013 Entriegelung im stromlosen Zustand<\/p>\n<\/li>\n<li class=\"\" data-start=\"1641\" data-end=\"1689\">\n<p class=\"\" data-start=\"1643\" data-end=\"1689\">Silent-Technologie \u2013 extrem leises \u00d6ffnen\/Schlie\u00dfen<\/p>\n<\/li>\n<li class=\"\" data-start=\"1690\" data-end=\"1712\">\n<p class=\"\" data-start=\"1692\" data-end=\"1712\">Feuerwiderstandsklasse E\/EI120<\/p>\n<\/li>\n<li class=\"\" data-start=\"1713\" data-end=\"1743\">\n<p class=\"\" data-start=\"1715\" data-end=\"1743\">Kolbenkontakt und Riegelkontakt<\/p>\n<\/li>\n<li class=\"\" data-start=\"1744\" data-end=\"1777\">\n<p class=\"\" data-start=\"1746\" data-end=\"1777\">Bruchfestigkeit 16 kN (1600 kg)<\/p>\n<\/li>\n<li class=\"\" data-start=\"1778\" data-end=\"1812\">\n<p class=\"\" data-start=\"1780\" data-end=\"1812\">H\u00e4lt Formdr\u00fccken bis zu 100 kg stand<\/p>\n<\/li>\n<li class=\"\" data-start=\"1813\" data-end=\"1836\">\n<p class=\"\" data-start=\"1815\" data-end=\"1836\">Betriebsspannung: 12V DC<\/p>\n<\/li>\n<li class=\"\" data-start=\"1837\" data-end=\"1865\">\n<p class=\"\" data-start=\"1839\" data-end=\"1865\">Antiklopf mit Schutzdiode<\/p>\n<\/li>\n<li class=\"\" data-start=\"1866\" data-end=\"1906\">\n<p class=\"\" data-start=\"1868\" data-end=\"1906\">Lieferung mit 5 Meter halogenfreiem Kabel<\/p>\n<\/li>\n<li class=\"\" data-start=\"1907\" data-end=\"1952\">\n<p class=\"\" data-start=\"1909\" data-end=\"1952\">Passt sowohl f\u00fcr rechts- als auch linksangeschlagene T\u00fcren<\/p>\n<\/li>\n<\/ul>\n<p class=\"\" data-start=\"1954\" data-end=\"2140\"><strong data-start=\"1954\" data-end=\"1977\">Einsatzgebiete:<\/strong><br data-start=\"1977\" data-end=\"1980\" \/>Perfekt geeignet f\u00fcr Innenr\u00e4ume, in denen geringe Ger\u00e4uschentwicklung, Zuverl\u00e4ssigkeit und Sicherheit wichtig sind \u2013 z. B. Eing\u00e4nge, \u00f6ffentliche Geb\u00e4ude, Gesundheitseinrichtungen und B\u00fcros.<\/p>\n<p class=\"\" data-start=\"2142\" data-end=\"2171\"><strong data-start=\"2142\" data-end=\"2171\">Technische Spezifikationen:<\/strong><\/p>\n<ul data-start=\"2172\" data-end=\"2550\">\n<li class=\"\" data-start=\"2172\" data-end=\"2210\">\n<p class=\"\" data-start=\"2174\" data-end=\"2210\">Betriebsspannung: 12 V DC (10,8-13,8 V)<\/p>\n<\/li>\n<li class=\"\" data-start=\"2211\" data-end=\"2255\">\n<p class=\"\" data-start=\"2213\" data-end=\"2255\">Stromaufnahme: 242 mA entriegelt, max. 500 mA<\/p>\n<\/li>\n<li class=\"\" data-start=\"2256\" data-end=\"2295\">\n<p class=\"\" data-start=\"2258\" data-end=\"2295\">T\u00fcranschlag: Rechts\/Links (umkehrbar)<\/p>\n<\/li>\n<li class=\"\" data-start=\"2296\" data-end=\"2317\">\n<p class=\"\" data-start=\"2298\" data-end=\"2317\">Kabell\u00e4nge: 5 Meter<\/p>\n<\/li>\n<li class=\"\" data-start=\"2318\" data-end=\"2344\">\n<p class=\"\" data-start=\"2320\" data-end=\"2344\">Bruchfestigkeit: 1600 kg<\/p>\n<\/li>\n<li class=\"\" data-start=\"2345\" data-end=\"2364\">\n<p class=\"\" data-start=\"2347\" data-end=\"2364\">Streifendruck: 100 kg<\/p>\n<\/li>\n<li class=\"\" data-start=\"2365\" data-end=\"2399\">\n<p class=\"\" data-start=\"2367\" data-end=\"2399\">Abmessungen (BxTxH): 28 x 34 x 149,5 mm<\/p>\n<\/li>\n<li class=\"\" data-start=\"2400\" data-end=\"2433\">\n<p class=\"\" data-start=\"2402\" data-end=\"2433\">Schlossart: Einzel- und Doppelriegelschloss<\/p>\n<\/li>\n<li class=\"\" data-start=\"2434\" data-end=\"2481\">\n<p class=\"\" data-start=\"2436\" data-end=\"2481\">Kolbenkontakt: Mikroschalter, max. 30 V DC \/ 1 A<\/p>\n<\/li>\n<li class=\"\" data-start=\"2482\" data-end=\"2510\">\n<p class=\"\" data-start=\"2484\" data-end=\"2510\">Farbe\/Oberfl\u00e4che: Edelstahl<\/p>\n<\/li>\n<li class=\"\" data-start=\"2511\" data-end=\"2550\">\n<p class=\"\" data-start=\"2513\" data-end=\"2550\">Bewertungen: SundaHus, Baustoffbewertung<\/p>\n<\/li>\n<\/ul>","protected":false},"excerpt":{"rendered":"<p>Hier sehen Sie, welche Pfosten und Modelle aus dem STEP-Sortiment der elektrischen T\u00fcrstopper zusammenpassen.<\/p>\n<h5><strong><a href=\"https:\/\/steplock.com\/sv\/stolpguide\/#!?lang=sv&amp;blog_id=1&amp;paged=1&amp;number=50\" target=\"_blank\" rel=\"noopener\">STEP-Pfostenf\u00fchrung\u00a0<\/a><\/strong><\/h5>\n<h5><strong><a href=\"https:\/\/steplock.com\/sv\/projekteringsguide\/#!?lang=sv&amp;blog_id=1&amp;paged=1&amp;number=999\" target=\"_blank\" rel=\"noopener\">STEP-Designleitfaden<\/a><\/strong><\/h5>","protected":false},"featured_media":147426,"template":"","meta":{"_acf_changed":false},"product_brand":[],"product_cat":[3355],"product_tag":[4198,4201],"class_list":{"0":"post-147427","1":"product","2":"type-product","3":"status-publish","4":"has-post-thumbnail","6":"product_cat-elslutbleck","7":"product_tag-12v","8":"product_tag-omvand","9":"product_shipping_class-tunga-paket","10":"pa_brands-step","11":"tm-no-options","13":"first","14":"instock","15":"sale","16":"taxable","17":"shipping-taxable","18":"purchasable","19":"product-type-simple"},"acf":[],"_links":{"self":[{"href":"https:\/\/secureus.se\/de\/wp-json\/wp\/v2\/product\/147427","targetHints":{"allow":["GET"]}}],"collection":[{"href":"https:\/\/secureus.se\/de\/wp-json\/wp\/v2\/product"}],"about":[{"href":"https:\/\/secureus.se\/de\/wp-json\/wp\/v2\/types\/product"}],"wp:featuredmedia":[{"embeddable":true,"href":"https:\/\/secureus.se\/de\/wp-json\/wp\/v2\/media\/147426"}],"wp:attachment":[{"href":"https:\/\/secureus.se\/de\/wp-json\/wp\/v2\/media?parent=147427"}],"wp:term":[{"taxonomy":"product_brand","embeddable":true,"href":"https:\/\/secureus.se\/de\/wp-json\/wp\/v2\/product_brand?post=147427"},{"taxonomy":"product_cat","embeddable":true,"href":"https:\/\/secureus.se\/de\/wp-json\/wp\/v2\/product_cat?post=147427"},{"taxonomy":"product_tag","embeddable":true,"href":"https:\/\/secureus.se\/de\/wp-json\/wp\/v2\/product_tag?post=147427"}],"curies":[{"name":"wp","href":"https:\/\/api.w.org\/{rel}","templated":true}]}}