{"id":147432,"date":"2023-09-26T13:08:23","date_gmt":"2023-09-26T11:08:23","guid":{"rendered":"https:\/\/secureus.se\/elslutbleck-step-28e-vanster-omvand-24v-9mm-regel\/"},"modified":"2026-04-08T16:17:43","modified_gmt":"2026-04-08T14:17:43","slug":"elslutbleck-step-28e-vanster-omvand-24v-9mm-regel","status":"publish","type":"product","link":"https:\/\/secureus.se\/de\/elslutbleck-step-28e-vanster-omvand-24v-9mm-regel\/","title":{"rendered":"Elektro-T\u00fcr\u00f6ffner STEP 28E Links R\u00fcckw\u00e4rts 24V 9mm Regel"},"content":{"rendered":"<h1>Elektro-T\u00fcr\u00f6ffner STEP 28E Links R\u00fcckw\u00e4rts 24V 9mm Regel<\/h1>\n<p>STEP 28E Secure ist ein robuster elektrischer T\u00fcr\u00f6ffner mit Umkehrfunktion f\u00fcr links angeschlagene T\u00fcren. Passend f\u00fcr 9 mm Connect-Balken, Brandklasse E\/EI60 und hohe Bruchfestigkeit. Kolbenverbinder und 5 m Kabel inklusive.<\/p>\n<p>Der elektrische T\u00fcr\u00f6ffner STEP 28E Secure geh\u00f6rt zur Secure-Serie von STEP und kombiniert hohe Sicherheit mit der Unterst\u00fctzung sowohl von Brandschutzanforderungen als auch von Evakuierungsl\u00f6sungen.<\/p>\n<p>Dieses Modell ist f\u00fcr links angeschlagene T\u00fcren entwickelt und wird zusammen mit Riegelschl\u00f6ssern der Connect-Serie mit einem 9-mm-Kolben verwendet.<\/p>\n<p class=\"\" data-start=\"795\" data-end=\"1096\">Mit der Umkehrfunktion \u2013 Entriegelung bei Stromausfall \u2013 eignet sich STEP 28E f\u00fcr T\u00fcren in Fluchtwegen oder dort, wo die Barrierefreiheit bei Stromausfall gew\u00e4hrleistet sein muss.<\/p>\n<p class=\"\" data-start=\"795\" data-end=\"1096\">Das Produkt ist bis zu E\/EI60 feuerbest\u00e4ndig und erf\u00fcllt die Anforderungen der SS-EN 179, wenn es zusammen mit zugelassenen Notschl\u00f6ssern installiert wird.<\/p>\n<p class=\"\" data-start=\"1098\" data-end=\"1421\">Der elektrische T\u00fcr\u00f6ffner ist mit einem Kolbenkontakt und einem Riegelkontakt zur \u00dcberwachung des T\u00fcrzustands ausgestattet, was die Integration in Alarm- und Zutrittskontrollsysteme erm\u00f6glicht.<\/p>\n<p class=\"\" data-start=\"1098\" data-end=\"1421\">Mit einer Bruchfestigkeit von \u00fcber 15 kN (ca. 1500 kg) und der F\u00e4higkeit, sich trotz eines Streifendrucks von 500 kg zu \u00f6ffnen, ist STEP 28E f\u00fcr Hochsicherheitsumgebungen mit h\u00e4ufigem Durchgangsverkehr konzipiert.<\/p>\n<p class=\"\" data-start=\"1423\" data-end=\"1557\">Das Produkt ist manipulationssicher, verf\u00fcgt \u00fcber eine eingebaute Schutzdiode, eine doppelte Dreh-Fall-Funktion und wird mit einem 5 Meter langen halogenfreien Kabel geliefert.<\/p>\n<p class=\"\" data-start=\"1559\" data-end=\"1585\"><strong data-start=\"1559\" data-end=\"1585\">Eigenschaften und Vorteile:<\/strong><\/p>\n<ul data-start=\"1586\" data-end=\"1896\">\n<li class=\"\" data-start=\"1586\" data-end=\"1622\">\n<p class=\"\" data-start=\"1588\" data-end=\"1622\">R\u00fcckfahrfunktion \u2013 Entriegelung ohne Strom<\/p>\n<\/li>\n<li class=\"\" data-start=\"1623\" data-end=\"1656\">\n<p class=\"\" data-start=\"1625\" data-end=\"1656\">Passend f\u00fcr 9 mm Connect Bolzen<\/p>\n<\/li>\n<li class=\"\" data-start=\"1657\" data-end=\"1683\">\n<p class=\"\" data-start=\"1659\" data-end=\"1683\">F\u00fcr linksangeschlagene T\u00fcren<\/p>\n<\/li>\n<li class=\"\" data-start=\"1684\" data-end=\"1714\">\n<p class=\"\" data-start=\"1686\" data-end=\"1714\">Feuerbest\u00e4ndigkeit bis E\/EI60<\/p>\n<\/li>\n<li class=\"\" data-start=\"1715\" data-end=\"1761\">\n<p class=\"\" data-start=\"1717\" data-end=\"1761\">Kolben- und Riegelkontakt zur Zustands\u00fcberwachung<\/p>\n<\/li>\n<li class=\"\" data-start=\"1762\" data-end=\"1797\">\n<p class=\"\" data-start=\"1764\" data-end=\"1797\">Bruchfestigkeit: &gt;15 kN (1500 kg)<\/p>\n<\/li>\n<li class=\"\" data-start=\"1798\" data-end=\"1832\">\n<p class=\"\" data-start=\"1800\" data-end=\"1832\">H\u00e4lt Formdr\u00fccken bis zu 500 kg stand<\/p>\n<\/li>\n<li class=\"\" data-start=\"1833\" data-end=\"1867\">\n<p class=\"\" data-start=\"1835\" data-end=\"1867\">Doppelter Drehverschluss und Antiklopf<\/p>\n<\/li>\n<li class=\"\" data-start=\"1868\" data-end=\"1896\">\n<p class=\"\" data-start=\"1870\" data-end=\"1896\">5 m halogenfreies Kabel inklusive<\/p>\n<\/li>\n<\/ul>\n<p class=\"\" data-start=\"1898\" data-end=\"2097\"><strong data-start=\"1898\" data-end=\"1921\">Einsatzgebiete:<\/strong><br data-start=\"1921\" data-end=\"1924\" \/>Geeignet f\u00fcr Sicherheitst\u00fcren in \u00f6ffentlichen Umgebungen, die sowohl einen hohen Einbruchschutz, eine Evakuierungsfunktion als auch Feuerbest\u00e4ndigkeit erfordern \u2013 beispielsweise Beh\u00f6rden, Schulen und Einrichtungen im Gesundheitswesen.<\/p>\n<p class=\"\" data-start=\"2099\" data-end=\"2128\"><strong data-start=\"2099\" data-end=\"2128\">Technische Spezifikationen:<\/strong><\/p>\n<ul data-start=\"2129\" data-end=\"2476\">\n<li class=\"\" data-start=\"2129\" data-end=\"2167\">\n<p class=\"\" data-start=\"2131\" data-end=\"2167\">Betriebsspannung: 24 V DC (21,6-27,6 V)<\/p>\n<\/li>\n<li class=\"\" data-start=\"2168\" data-end=\"2200\">\n<p class=\"\" data-start=\"2170\" data-end=\"2200\">Stromverbrauch: 500 mA entriegelt<\/p>\n<\/li>\n<li class=\"\" data-start=\"2201\" data-end=\"2224\">\n<p class=\"\" data-start=\"2203\" data-end=\"2224\">T\u00fcranschlag: Links<\/p>\n<\/li>\n<li class=\"\" data-start=\"2225\" data-end=\"2246\">\n<p class=\"\" data-start=\"2227\" data-end=\"2246\">Kabell\u00e4nge: 5 Meter<\/p>\n<\/li>\n<li class=\"\" data-start=\"2247\" data-end=\"2274\">\n<p class=\"\" data-start=\"2249\" data-end=\"2274\">Bruchfestigkeit: &gt;1500 kg<\/p>\n<\/li>\n<li class=\"\" data-start=\"2275\" data-end=\"2294\">\n<p class=\"\" data-start=\"2277\" data-end=\"2294\">Listendruck: 500 kg<\/p>\n<\/li>\n<li class=\"\" data-start=\"2295\" data-end=\"2327\">\n<p class=\"\" data-start=\"2297\" data-end=\"2327\">Abmessungen (BxTxH): 35 x 40 x 230 mm<\/p>\n<\/li>\n<li class=\"\" data-start=\"2328\" data-end=\"2375\">\n<p class=\"\" data-start=\"2330\" data-end=\"2375\">Kolbenkontakt: Mikroschalter, max. 30 V DC \/ 1 A<\/p>\n<\/li>\n<li class=\"\" data-start=\"2376\" data-end=\"2407\">\n<p class=\"\" data-start=\"2378\" data-end=\"2407\">Schlosstyp: Hakenfallenschloss, Riegelschloss<\/p>\n<\/li>\n<li class=\"\" data-start=\"2408\" data-end=\"2436\">\n<p class=\"\" data-start=\"2410\" data-end=\"2436\">Farbe\/Oberfl\u00e4che: Edelstahl<\/p>\n<\/li>\n<li class=\"\" data-start=\"2437\" data-end=\"2476\">\n<p class=\"\" data-start=\"2439\" data-end=\"2476\">Bewertungen: SundaHus, Baustoffbewertung<\/p>\n<\/li>\n<\/ul>","protected":false},"excerpt":{"rendered":"<p>Hier sehen Sie, welche Pfosten und Modelle aus dem STEP-Sortiment der elektrischen T\u00fcrstopper zusammenpassen.<\/p>\n<h5><strong><a href=\"https:\/\/steplock.com\/sv\/stolpguide\/#!?lang=sv&amp;blog_id=1&amp;paged=1&amp;number=50\" target=\"_blank\" rel=\"noopener\">STEP-Pfostenf\u00fchrung\u00a0<\/a><\/strong><\/h5>\n<h5><strong><a href=\"https:\/\/steplock.com\/sv\/projekteringsguide\/#!?lang=sv&amp;blog_id=1&amp;paged=1&amp;number=999\" target=\"_blank\" rel=\"noopener\">STEP-Designleitfaden<\/a><\/strong><\/h5>","protected":false},"featured_media":147428,"template":"","meta":{"_acf_changed":false},"product_brand":[],"product_cat":[3355],"product_tag":[4197,4201],"class_list":{"0":"post-147432","1":"product","2":"type-product","3":"status-publish","4":"has-post-thumbnail","6":"product_cat-elslutbleck","7":"product_tag-24v","8":"product_tag-omvand","9":"product_shipping_class-tunga-paket","10":"pa_brands-step","11":"tm-no-options","13":"first","14":"instock","15":"sale","16":"taxable","17":"shipping-taxable","18":"purchasable","19":"product-type-simple"},"acf":[],"_links":{"self":[{"href":"https:\/\/secureus.se\/de\/wp-json\/wp\/v2\/product\/147432","targetHints":{"allow":["GET"]}}],"collection":[{"href":"https:\/\/secureus.se\/de\/wp-json\/wp\/v2\/product"}],"about":[{"href":"https:\/\/secureus.se\/de\/wp-json\/wp\/v2\/types\/product"}],"wp:featuredmedia":[{"embeddable":true,"href":"https:\/\/secureus.se\/de\/wp-json\/wp\/v2\/media\/147428"}],"wp:attachment":[{"href":"https:\/\/secureus.se\/de\/wp-json\/wp\/v2\/media?parent=147432"}],"wp:term":[{"taxonomy":"product_brand","embeddable":true,"href":"https:\/\/secureus.se\/de\/wp-json\/wp\/v2\/product_brand?post=147432"},{"taxonomy":"product_cat","embeddable":true,"href":"https:\/\/secureus.se\/de\/wp-json\/wp\/v2\/product_cat?post=147432"},{"taxonomy":"product_tag","embeddable":true,"href":"https:\/\/secureus.se\/de\/wp-json\/wp\/v2\/product_tag?post=147432"}],"curies":[{"name":"wp","href":"https:\/\/api.w.org\/{rel}","templated":true}]}}