{"id":147437,"date":"2023-09-26T13:08:20","date_gmt":"2023-09-26T11:08:20","guid":{"rendered":"https:\/\/secureus.se\/elslutbleck-step-18-hoger-rattvand-24v-12mm-regel\/"},"modified":"2026-04-08T16:10:12","modified_gmt":"2026-04-08T14:10:12","slug":"elslutbleck-step-18-hoger-rattvand-24v-12mm-regel","status":"publish","type":"product","link":"https:\/\/secureus.se\/de\/elslutbleck-step-18-hoger-rattvand-24v-12mm-regel\/","title":{"rendered":"Elektrisches T\u00fcrschloss STEP 18 Rechts Gerade 24V 12mm Rule"},"content":{"rendered":"<h1>Elektrisches T\u00fcrschloss STEP 18 Rechts Gerade 24V 12mm Rule<\/h1>\n<p>STEP 18 Secure ist ein Hochsicherheits-T\u00fcr\u00f6ffner mit Rechtsfunktion f\u00fcr rechts angeschlagene T\u00fcren mit 12 mm Modulriegel. Brandklasse E\/EI60, Kolbenstecker und 5 Meter halogenfreies Kabel inklusive. Bruchfestigkeit 15 kN.<\/p>\n<p>Elektrisches T\u00fcrschloss STEP 18 STEP 18 Secure aus der Secure-Serie von STEP ist ein Hochsicherheits-Elektrot\u00fcrschloss, das f\u00fcr T\u00fcrumgebungen entwickelt wurde, in denen Anforderungen an Einbruchschutz, Brandschutz und zuverl\u00e4ssige Funktion kombiniert werden.<\/p>\n<p>Dieses Modell ist f\u00fcr rechts angeschlagene T\u00fcren geeignet und wird mit Riegelschl\u00f6ssern mit 12 mm Kolben der Modul-Serie verwendet.<\/p>\n<p class=\"\" data-start=\"841\" data-end=\"1171\">Durch die Umkehrfunktion wird das elektrische T\u00fcr\u00f6ffnerblech bei Stromausfall verriegelt und bietet so auch bei Stromausfall eine sichere Verriegelung.<\/p>\n<p class=\"\" data-start=\"841\" data-end=\"1171\">Es ist bis zu Feuerwiderstandsklasse E\/EI60 und f\u00fcr die Verriegelung von Sicherheitst\u00fcren bis RC4 zugelassen und eignet sich daher beispielsweise f\u00fcr den Einsatz in Banken, Gef\u00e4ngnissen und \u00f6ffentlichen Geb\u00e4uden mit hohen Sicherheitsanforderungen.<\/p>\n<p class=\"\" data-start=\"1173\" data-end=\"1509\">Der elektrische T\u00fcr\u00f6ffner ist mit einem Kolbenkontakt und einem Fallenkontakt ausgestattet, der die Anzeige erm\u00f6glicht, ob die T\u00fcr offen\/geschlossen und verriegelt\/entriegelt ist, perfekt f\u00fcr die Integration in Zugangskontrollsysteme und Alarml\u00f6sungen.<\/p>\n<p class=\"\" data-start=\"1173\" data-end=\"1509\">Die eingebaute Schutzdiode, die Antiklopfsicherung und das mitgelieferte 5 Meter lange halogenfreie Kabel sorgen f\u00fcr eine langlebige und sichere Installation.<\/p>\n<p class=\"\" data-start=\"1511\" data-end=\"1698\">Mit einer Bruchfestigkeit von 15 kN (ca. 1500 kg) und der F\u00e4higkeit, sich trotz eines Streifendrucks von bis zu 500 kg zu \u00f6ffnen, bietet STEP 18 sowohl Sicherheit als auch Leistung in Umgebungen mit hochbelasteten T\u00fcren.<\/p>\n<p class=\"\" data-start=\"1700\" data-end=\"1726\"><strong data-start=\"1700\" data-end=\"1726\">Eigenschaften und Vorteile:<\/strong><\/p>\n<ul data-start=\"1727\" data-end=\"2030\">\n<li class=\"\" data-start=\"1727\" data-end=\"1771\">\n<p class=\"\" data-start=\"1729\" data-end=\"1771\">F\u00fcr Riegelschl\u00f6sser mit 12 mm Kolben (Modul-Serie)<\/p>\n<\/li>\n<li class=\"\" data-start=\"1772\" data-end=\"1816\">\n<p class=\"\" data-start=\"1774\" data-end=\"1816\">R\u00fccklauffunktion \u2013 bei Stromausfall gesperrt<\/p>\n<\/li>\n<li class=\"\" data-start=\"1817\" data-end=\"1834\">\n<p class=\"\" data-start=\"1819\" data-end=\"1834\">Rechte T\u00fcr<\/p>\n<\/li>\n<li class=\"\" data-start=\"1835\" data-end=\"1870\">\n<p class=\"\" data-start=\"1837\" data-end=\"1870\">Brandklasse E\/EI60 \u2013 gepr\u00fcft 60 Min.<\/p>\n<\/li>\n<li class=\"\" data-start=\"1871\" data-end=\"1895\">\n<p class=\"\" data-start=\"1873\" data-end=\"1895\">Kolben- und Riegelkontakt<\/p>\n<\/li>\n<li class=\"\" data-start=\"1896\" data-end=\"1930\">\n<p class=\"\" data-start=\"1898\" data-end=\"1930\">H\u00e4lt Formdr\u00fccken bis zu 500 kg stand<\/p>\n<\/li>\n<li class=\"\" data-start=\"1931\" data-end=\"1954\">\n<p class=\"\" data-start=\"1933\" data-end=\"1954\">Bruchfestigkeit 15 kN<\/p>\n<\/li>\n<li class=\"\" data-start=\"1955\" data-end=\"1989\">\n<p class=\"\" data-start=\"1957\" data-end=\"1989\">Eingebaute Schutzdiode, Antiklopfschutz<\/p>\n<\/li>\n<li class=\"\" data-start=\"1990\" data-end=\"2030\">\n<p class=\"\" data-start=\"1992\" data-end=\"2030\">Lieferung mit 5 Meter halogenfreiem Kabel<\/p>\n<\/li>\n<\/ul>\n<p class=\"\" data-start=\"2032\" data-end=\"2207\"><strong data-start=\"2032\" data-end=\"2055\">Einsatzgebiete:<\/strong><br data-start=\"2055\" data-end=\"2058\" \/>Ideal f\u00fcr sicherheitsgepr\u00fcfte T\u00fcrumgebungen in \u00f6ffentlichen Geb\u00e4uden, Industrieanlagen, Justizvollzugsanstalten und an Orten, an denen hohe Sicherheit und h\u00e4ufige Passagen erforderlich sind.<\/p>\n<p class=\"\" data-start=\"2209\" data-end=\"2238\"><strong data-start=\"2209\" data-end=\"2238\">Technische Spezifikationen:<\/strong><\/p>\n<ul data-start=\"2239\" data-end=\"2583\">\n<li class=\"\" data-start=\"2239\" data-end=\"2277\">\n<p class=\"\" data-start=\"2241\" data-end=\"2277\">Betriebsspannung: 24 V DC (21,6-27,6 V)<\/p>\n<\/li>\n<li class=\"\" data-start=\"2278\" data-end=\"2310\">\n<p class=\"\" data-start=\"2280\" data-end=\"2310\">Stromverbrauch: 313 mA entriegelt<\/p>\n<\/li>\n<li class=\"\" data-start=\"2311\" data-end=\"2332\">\n<p class=\"\" data-start=\"2313\" data-end=\"2332\">T\u00fcranschlag: Rechts<\/p>\n<\/li>\n<li class=\"\" data-start=\"2333\" data-end=\"2354\">\n<p class=\"\" data-start=\"2335\" data-end=\"2354\">Kabell\u00e4nge: 5 Meter<\/p>\n<\/li>\n<li class=\"\" data-start=\"2355\" data-end=\"2381\">\n<p class=\"\" data-start=\"2357\" data-end=\"2381\">Bruchfestigkeit: 1500 kg<\/p>\n<\/li>\n<li class=\"\" data-start=\"2382\" data-end=\"2401\">\n<p class=\"\" data-start=\"2384\" data-end=\"2401\">Listendruck: 500 kg<\/p>\n<\/li>\n<li class=\"\" data-start=\"2402\" data-end=\"2434\">\n<p class=\"\" data-start=\"2404\" data-end=\"2434\">Abmessungen (BxTxH): 35 x 40 x 230 mm<\/p>\n<\/li>\n<li class=\"\" data-start=\"2435\" data-end=\"2466\">\n<p class=\"\" data-start=\"2437\" data-end=\"2466\">Schlosstyp: Hakenfallenschloss, Riegelschloss<\/p>\n<\/li>\n<li class=\"\" data-start=\"2467\" data-end=\"2514\">\n<p class=\"\" data-start=\"2469\" data-end=\"2514\">Kolbenkontakt: Mikroschalter, max. 30 V DC \/ 1 A<\/p>\n<\/li>\n<li class=\"\" data-start=\"2515\" data-end=\"2543\">\n<p class=\"\" data-start=\"2517\" data-end=\"2543\">Farbe\/Oberfl\u00e4che: Edelstahl<\/p>\n<\/li>\n<li class=\"\" data-start=\"2544\" data-end=\"2583\">\n<p class=\"\" data-start=\"2546\" data-end=\"2583\">Bewertungen: SundaHus, Baustoffbewertung<\/p>\n<\/li>\n<\/ul>","protected":false},"excerpt":{"rendered":"<p>Hier sehen Sie, welche Pfosten und Modelle aus dem STEP-Sortiment der elektrischen T\u00fcrstopper zusammenpassen.<\/p>\n<h5><strong><a href=\"https:\/\/steplock.com\/sv\/stolpguide\/#!?lang=sv&amp;blog_id=1&amp;paged=1&amp;number=50\" target=\"_blank\" rel=\"noopener\">STEP-Pfostenf\u00fchrung\u00a0<\/a><\/strong><\/h5>\n<h5><strong><a href=\"https:\/\/steplock.com\/sv\/projekteringsguide\/#!?lang=sv&amp;blog_id=1&amp;paged=1&amp;number=999\" target=\"_blank\" rel=\"noopener\">STEP-Designleitfaden<\/a><\/strong><\/h5>","protected":false},"featured_media":147435,"template":"","meta":{"_acf_changed":false},"product_brand":[],"product_cat":[3355],"product_tag":[4198,4200],"class_list":{"0":"post-147437","1":"product","2":"type-product","3":"status-publish","4":"has-post-thumbnail","6":"product_cat-elslutbleck","7":"product_tag-12v","8":"product_tag-rattvand","9":"product_shipping_class-tunga-paket","10":"pa_brands-step","11":"tm-no-options","13":"first","14":"instock","15":"sale","16":"taxable","17":"shipping-taxable","18":"purchasable","19":"product-type-simple"},"acf":[],"_links":{"self":[{"href":"https:\/\/secureus.se\/de\/wp-json\/wp\/v2\/product\/147437","targetHints":{"allow":["GET"]}}],"collection":[{"href":"https:\/\/secureus.se\/de\/wp-json\/wp\/v2\/product"}],"about":[{"href":"https:\/\/secureus.se\/de\/wp-json\/wp\/v2\/types\/product"}],"wp:featuredmedia":[{"embeddable":true,"href":"https:\/\/secureus.se\/de\/wp-json\/wp\/v2\/media\/147435"}],"wp:attachment":[{"href":"https:\/\/secureus.se\/de\/wp-json\/wp\/v2\/media?parent=147437"}],"wp:term":[{"taxonomy":"product_brand","embeddable":true,"href":"https:\/\/secureus.se\/de\/wp-json\/wp\/v2\/product_brand?post=147437"},{"taxonomy":"product_cat","embeddable":true,"href":"https:\/\/secureus.se\/de\/wp-json\/wp\/v2\/product_cat?post=147437"},{"taxonomy":"product_tag","embeddable":true,"href":"https:\/\/secureus.se\/de\/wp-json\/wp\/v2\/product_tag?post=147437"}],"curies":[{"name":"wp","href":"https:\/\/api.w.org\/{rel}","templated":true}]}}