{"id":147440,"date":"2023-09-26T13:09:58","date_gmt":"2023-09-26T11:09:58","guid":{"rendered":"https:\/\/secureus.se\/elslutbleck-step-60-omvand-24v-kolvkontakt-10m-kabel\/"},"modified":"2026-03-26T09:44:14","modified_gmt":"2026-03-26T08:44:14","slug":"elslutbleck-step-60-omvand-24v-kolvkontakt-10m-kabel","status":"publish","type":"product","link":"https:\/\/secureus.se\/de\/elslutbleck-step-60-omvand-24v-kolvkontakt-10m-kabel\/","title":{"rendered":"Elektro-T\u00fcr\u00f6ffner STEP 60 Reverse 24V Kolbenkontakt 10m Kabel"},"content":{"rendered":"<h1>Elektro-T\u00fcr\u00f6ffner STEP 60 Reverse 24V Kolbenkontakt 10m Kabel<\/h1>\n<p>STEP 60 Silent ist ein leiser und leistungsstarker T\u00fcr\u00f6ffner mit R\u00fccklauffunktion und 10 m Kabel. Mit Kolbenkontakt, Brandklasse E\/EI120 und hoher Bruchfestigkeit eignet es sich perfekt f\u00fcr T\u00fcren, die h\u00e4ufig benutzt werden und einen niedrigen Ger\u00e4uschpegel erfordern.<\/p>\n<p>Der elektrische T\u00fcr\u00f6ffner STEP 60 Silent ist ein fortschrittlicher elektrischer T\u00fcr\u00f6ffner aus der Silent-Serie von STEP, der speziell f\u00fcr Umgebungen entwickelt wurde, in denen ein leiser und reibungsloser Betrieb erforderlich ist.<\/p>\n<p>Dank seiner robusten Konstruktion und der patentierten Silent-Technologie von STEP bietet es einen nahezu ger\u00e4uschlosen Betrieb und ist daher ideal f\u00fcr Schulen, B\u00fcros, Krankenh\u00e4user oder Mehrfamilienh\u00e4user.<\/p>\n<p class=\"\" data-start=\"901\" data-end=\"1236\">Durch die Reversierfunktion \u2013 das hei\u00dft, die T\u00fcr ist im stromlosen Zustand entriegelt \u2013 erf\u00fcllt STEP 60 wichtige Anforderungen in Fluchtweg- und Zutrittskontrollsystemen.<\/p>\n<p class=\"\" data-start=\"901\" data-end=\"1236\">Das Produkt hat eine Feuerbest\u00e4ndigkeit bis E\/EI120 und wurde gem\u00e4\u00df SS-EN 14846:2008 gepr\u00fcft. Es h\u00e4lt einem Banddruck von bis zu 100 kg stand und \u00fcberzeugt mit einer Bruchfestigkeit von 16 kN (ca. 1600 kg).<\/p>\n<p class=\"\" data-start=\"1238\" data-end=\"1552\">Es ist mit einem eingebauten Kolben- und Riegelkontakt ausgestattet, der eine Statusanzeige f\u00fcr die Positionen offen\/geschlossen und verriegelt\/entriegelt bietet \u2013 perfekt f\u00fcr die Integration mit Alarmen oder Zugangskontrollen.<\/p>\n<p class=\"\" data-start=\"1238\" data-end=\"1552\">Es ist manipulationssicher, verf\u00fcgt \u00fcber eine eingebaute Schutzdiode und wird mit einem 10 Meter langen halogenfreien Anschlusskabel f\u00fcr eine flexible Installation geliefert.<\/p>\n<p class=\"\" data-start=\"1554\" data-end=\"1580\"><strong data-start=\"1554\" data-end=\"1580\">Eigenschaften und Vorteile:<\/strong><\/p>\n<ul data-start=\"1581\" data-end=\"1911\">\n<li class=\"\" data-start=\"1581\" data-end=\"1617\">\n<p class=\"\" data-start=\"1583\" data-end=\"1617\">R\u00fcckw\u00e4rtsfunktion (ohne Strom entriegelt)<\/p>\n<\/li>\n<li class=\"\" data-start=\"1618\" data-end=\"1656\">\n<p class=\"\" data-start=\"1620\" data-end=\"1656\">Silent-Technologie f\u00fcr leisen und ruhigen Lauf<\/p>\n<\/li>\n<li class=\"\" data-start=\"1657\" data-end=\"1677\">\n<p class=\"\" data-start=\"1659\" data-end=\"1677\">Brandklasse E\/EI120<\/p>\n<\/li>\n<li class=\"\" data-start=\"1678\" data-end=\"1708\">\n<p class=\"\" data-start=\"1680\" data-end=\"1708\">Kolbenkontakt und Riegelkontakt<\/p>\n<\/li>\n<li class=\"\" data-start=\"1709\" data-end=\"1732\">\n<p class=\"\" data-start=\"1711\" data-end=\"1732\">Bruchfestigkeit 16 kN<\/p>\n<\/li>\n<li class=\"\" data-start=\"1733\" data-end=\"1767\">\n<p class=\"\" data-start=\"1735\" data-end=\"1767\">H\u00e4lt Formdr\u00fccken bis zu 100 kg stand<\/p>\n<\/li>\n<li class=\"\" data-start=\"1768\" data-end=\"1805\">\n<p class=\"\" data-start=\"1770\" data-end=\"1805\">Eingebaute Schutzdiode und Klopfschutz<\/p>\n<\/li>\n<li class=\"\" data-start=\"1806\" data-end=\"1839\">\n<p class=\"\" data-start=\"1808\" data-end=\"1839\">10 Meter halogenfreies Kabel inklusive<\/p>\n<\/li>\n<li class=\"\" data-start=\"1840\" data-end=\"1872\">\n<p class=\"\" data-start=\"1842\" data-end=\"1872\">Passend f\u00fcr ein- und zweifl\u00fcgelige Schl\u00f6sser<\/p>\n<\/li>\n<li class=\"\" data-start=\"1873\" data-end=\"1911\">\n<p class=\"\" data-start=\"1875\" data-end=\"1911\">Umkehrbar f\u00fcr rechte und linke T\u00fcren<\/p>\n<\/li>\n<\/ul>\n<p class=\"\" data-start=\"1913\" data-end=\"2072\"><strong data-start=\"1913\" data-end=\"1936\">Einsatzgebiete:<\/strong><br data-start=\"1936\" data-end=\"1939\" \/>Geeignet f\u00fcr Umgebungen mit hohen Anforderungen an Ger\u00e4uscharmut und Sicherheit \u2013 beispielsweise B\u00fcros, Schulen, Gesundheitseinrichtungen und Eing\u00e4nge zu Mehrfamilienh\u00e4usern.<\/p>\n<p class=\"\" data-start=\"2074\" data-end=\"2103\"><strong data-start=\"2074\" data-end=\"2103\">Technische Spezifikationen:<\/strong><\/p>\n<ul data-start=\"2104\" data-end=\"2478\">\n<li class=\"\" data-start=\"2104\" data-end=\"2142\">\n<p class=\"\" data-start=\"2106\" data-end=\"2142\">Betriebsspannung: 24 V DC (21,6-27,6 V)<\/p>\n<\/li>\n<li class=\"\" data-start=\"2143\" data-end=\"2187\">\n<p class=\"\" data-start=\"2145\" data-end=\"2187\">Stromaufnahme: 121 mA entriegelt, max. 250 mA<\/p>\n<\/li>\n<li class=\"\" data-start=\"2188\" data-end=\"2227\">\n<p class=\"\" data-start=\"2190\" data-end=\"2227\">T\u00fcranschlag: Rechts\/Links (umkehrbar)<\/p>\n<\/li>\n<li class=\"\" data-start=\"2228\" data-end=\"2250\">\n<p class=\"\" data-start=\"2230\" data-end=\"2250\">Kabell\u00e4nge: 10 Meter<\/p>\n<\/li>\n<li class=\"\" data-start=\"2251\" data-end=\"2277\">\n<p class=\"\" data-start=\"2253\" data-end=\"2277\">Bruchfestigkeit: 1600 kg<\/p>\n<\/li>\n<li class=\"\" data-start=\"2278\" data-end=\"2297\">\n<p class=\"\" data-start=\"2280\" data-end=\"2297\">Streifendruck: 100 kg<\/p>\n<\/li>\n<li class=\"\" data-start=\"2298\" data-end=\"2332\">\n<p class=\"\" data-start=\"2300\" data-end=\"2332\">Abmessungen (BxTxH): 28 x 34 x 149,5 mm<\/p>\n<\/li>\n<li class=\"\" data-start=\"2333\" data-end=\"2366\">\n<p class=\"\" data-start=\"2335\" data-end=\"2366\">Schlossart: Einzel- und Doppelriegelschloss<\/p>\n<\/li>\n<li class=\"\" data-start=\"2367\" data-end=\"2409\">\n<p class=\"\" data-start=\"2369\" data-end=\"2409\">Kolbenkontakt: Mikroschalter, 30 V DC \/ 1 A<\/p>\n<\/li>\n<li class=\"\" data-start=\"2410\" data-end=\"2438\">\n<p class=\"\" data-start=\"2412\" data-end=\"2438\">Farbe\/Oberfl\u00e4che: Edelstahl<\/p>\n<\/li>\n<li class=\"\" data-start=\"2439\" data-end=\"2478\">\n<p class=\"\" data-start=\"2441\" data-end=\"2478\">Bewertungen: SundaHus, Baustoffbewertung<\/p>\n<\/li>\n<\/ul>","protected":false},"excerpt":{"rendered":"<p>Hier sehen Sie, welche Pfosten und Modelle aus dem STEP-Sortiment der elektrischen T\u00fcrstopper zusammenpassen.<\/p>\n<h5><strong><a href=\"https:\/\/steplock.com\/sv\/stolpguide\/#!?lang=sv&amp;blog_id=1&amp;paged=1&amp;number=50\" target=\"_blank\" rel=\"noopener\">STEP-Pfostenf\u00fchrung\u00a0<\/a><\/strong><\/h5>\n<h5><strong><a href=\"https:\/\/steplock.com\/sv\/projekteringsguide\/#!?lang=sv&amp;blog_id=1&amp;paged=1&amp;number=999\" target=\"_blank\" rel=\"noopener\">STEP-Designleitfaden<\/a><\/strong><\/h5>","protected":false},"featured_media":147439,"template":"","meta":{"_acf_changed":false},"product_brand":[],"product_cat":[3355],"product_tag":[4197,4201],"class_list":{"0":"post-147440","1":"product","2":"type-product","3":"status-publish","4":"has-post-thumbnail","6":"product_cat-elslutbleck","7":"product_tag-24v","8":"product_tag-omvand","9":"product_shipping_class-tunga-paket","10":"pa_brands-step","11":"tm-no-options","13":"first","14":"instock","15":"sale","16":"taxable","17":"shipping-taxable","18":"purchasable","19":"product-type-simple"},"acf":[],"_links":{"self":[{"href":"https:\/\/secureus.se\/de\/wp-json\/wp\/v2\/product\/147440","targetHints":{"allow":["GET"]}}],"collection":[{"href":"https:\/\/secureus.se\/de\/wp-json\/wp\/v2\/product"}],"about":[{"href":"https:\/\/secureus.se\/de\/wp-json\/wp\/v2\/types\/product"}],"wp:featuredmedia":[{"embeddable":true,"href":"https:\/\/secureus.se\/de\/wp-json\/wp\/v2\/media\/147439"}],"wp:attachment":[{"href":"https:\/\/secureus.se\/de\/wp-json\/wp\/v2\/media?parent=147440"}],"wp:term":[{"taxonomy":"product_brand","embeddable":true,"href":"https:\/\/secureus.se\/de\/wp-json\/wp\/v2\/product_brand?post=147440"},{"taxonomy":"product_cat","embeddable":true,"href":"https:\/\/secureus.se\/de\/wp-json\/wp\/v2\/product_cat?post=147440"},{"taxonomy":"product_tag","embeddable":true,"href":"https:\/\/secureus.se\/de\/wp-json\/wp\/v2\/product_tag?post=147440"}],"curies":[{"name":"wp","href":"https:\/\/api.w.org\/{rel}","templated":true}]}}