{"id":147443,"date":"2023-09-26T13:08:18","date_gmt":"2023-09-26T11:08:18","guid":{"rendered":"https:\/\/secureus.se\/elslutbleck-step-92-omstallbar-12v-kolvkontakt\/"},"modified":"2026-03-26T09:46:14","modified_gmt":"2026-03-26T08:46:14","slug":"elslutbleck-step-92-omstallbar-12v-kolvkontakt","status":"publish","type":"product","link":"https:\/\/secureus.se\/de\/elslutbleck-step-92-omstallbar-12v-kolvkontakt\/","title":{"rendered":"Elektro-T\u00fcr\u00f6ffner STEP 92 Einstellbar 12V Kolbenkontakt"},"content":{"rendered":"<h1>Elektro-T\u00fcr\u00f6ffner STEP 92 Einstellbar 12V Kolbenkontakt<\/h1>\n<p class=\"\" data-start=\"465\" data-end=\"921\">STEP 92 ist ein fortschrittlicher elektrischer T\u00fcr\u00f6ffner aus der Preload-Serie von STEP, der speziell f\u00fcr T\u00fcren mit Doppelriegelschl\u00f6ssern entwickelt wurde.<\/p>\n<p class=\"\" data-start=\"465\" data-end=\"921\">Dank seiner zwei separaten Drehpunkte, die f\u00fcr Druckknopf- und Zylinderriegel geeignet sind, bietet es eine flexible Steuerung und elektrische Verriegelung \u2013 perfekt f\u00fcr T\u00fcren mit automatischen T\u00fcrsystemen, Brandschutzanforderungen und Zuggriffen.<\/p>\n<p class=\"\" data-start=\"923\" data-end=\"1272\">Das Besondere am STEP 92 ist sein individuell einstellbarer Schwenkbereich, bei dem jedes Teil f\u00fcr die Vorw\u00e4rts- oder R\u00fcckw\u00e4rtsfunktion konfiguriert werden kann.<\/p>\n<p class=\"\" data-start=\"923\" data-end=\"1272\">Dadurch kann die T\u00fcr beispielsweise tags\u00fcber w\u00e4hrend der B\u00fcrozeiten ge\u00f6ffnet bleiben und ist gleichzeitig brandschutzgepr\u00fcft bis Klasse E\/EI120 \u2013 ideal also beispielsweise f\u00fcr Schulen, Krankenh\u00e4user, B\u00fcros und \u00f6ffentliche Umgebungen.<\/p>\n<p class=\"\" data-start=\"1274\" data-end=\"1614\">Mit einem eingebauten Kolbenkontakt in beiden Schwingen kann der Status der T\u00fcr (offen\/geschlossen) \u00fcberwacht werden, wodurch STEP 92 mit Zugangskontrollsystemen und Feuermeldern kompatibel ist.<\/p>\n<p class=\"\" data-start=\"1274\" data-end=\"1614\">Es verf\u00fcgt \u00fcber eine Bruchfestigkeit von 1.200 kg, die HPR\u00ae-Streifendrucktechnologie h\u00e4lt einem Druck von bis zu 250 kg stand und bietet eine langfristige Leistung mit werkseitig getesteten 1,5 Millionen Zyklen.<\/p>\n<p class=\"\" data-start=\"1616\" data-end=\"1743\">STEP 92 ist reversibel, manipulationssicher, verf\u00fcgt \u00fcber eine eingebaute Schutzdiode und passt in Schlossgeh\u00e4use der Serien Connect, Modul und Narrow Profile.<\/p>\n<p class=\"\" data-start=\"1750\" data-end=\"1776\"><strong data-start=\"1750\" data-end=\"1776\">Eigenschaften und Vorteile:<\/strong><\/p>\n<ul data-start=\"1777\" data-end=\"2121\">\n<li class=\"\" data-start=\"1777\" data-end=\"1828\">\n<p class=\"\" data-start=\"1779\" data-end=\"1828\">Zwei separate Drehriegel \u2013 angepasst f\u00fcr Doppelriegelschl\u00f6sser<\/p>\n<\/li>\n<li class=\"\" data-start=\"1829\" data-end=\"1868\">\n<p class=\"\" data-start=\"1831\" data-end=\"1868\">Reversible Funktion (vorw\u00e4rts\/r\u00fcckw\u00e4rts)<\/p>\n<\/li>\n<li class=\"\" data-start=\"1869\" data-end=\"1900\">\n<p class=\"\" data-start=\"1871\" data-end=\"1900\">Feuerbest\u00e4ndigkeit bis E\/EI120<\/p>\n<\/li>\n<li class=\"\" data-start=\"1901\" data-end=\"1932\">\n<p class=\"\" data-start=\"1903\" data-end=\"1932\">Kolbenkontakt in beiden Rotationsf\u00e4llen<\/p>\n<\/li>\n<li class=\"\" data-start=\"1933\" data-end=\"1967\">\n<p class=\"\" data-start=\"1935\" data-end=\"1967\">H\u00e4lt Formdr\u00fccken bis zu 250 kg stand<\/p>\n<\/li>\n<li class=\"\" data-start=\"1968\" data-end=\"1995\">\n<p class=\"\" data-start=\"1970\" data-end=\"1995\">Bruchfestigkeit: 1.200 kg<\/p>\n<\/li>\n<li class=\"\" data-start=\"1996\" data-end=\"2010\">\n<p class=\"\" data-start=\"1998\" data-end=\"2010\">12-V-Gleichstrombetrieb<\/p>\n<\/li>\n<li class=\"\" data-start=\"2011\" data-end=\"2036\">\n<p class=\"\" data-start=\"2013\" data-end=\"2036\">Schutzdiode, sto\u00dffest<\/p>\n<\/li>\n<li class=\"\" data-start=\"2037\" data-end=\"2070\">\n<p class=\"\" data-start=\"2039\" data-end=\"2070\">Passt f\u00fcr rechte und linke T\u00fcren<\/p>\n<\/li>\n<li class=\"\" data-start=\"2071\" data-end=\"2121\">\n<p class=\"\" data-start=\"2073\" data-end=\"2121\">Doppelfallenschl\u00f6sser der Serien Connect, Module, Narrow Profile<\/p>\n<\/li>\n<\/ul>\n<p class=\"\" data-start=\"2128\" data-end=\"2345\"><strong data-start=\"2128\" data-end=\"2151\">Einsatzgebiete:<\/strong><br data-start=\"2151\" data-end=\"2154\" \/>Ideal f\u00fcr T\u00fcren mit automatischen T\u00fcrsystemen in Umgebungen, in denen Brandklassifizierung und Evakuierungsfunktion mit Anforderungen an Flexibilit\u00e4t kombiniert werden, z. B. B\u00fcros, Schulen, Gesundheitseinrichtungen und \u00f6ffentliche Geb\u00e4ude.<\/p>\n<p class=\"\" data-start=\"2352\" data-end=\"2381\"><strong data-start=\"2352\" data-end=\"2381\">Technische Spezifikationen:<\/strong><\/p>\n<ul data-start=\"2382\" data-end=\"2749\">\n<li class=\"\" data-start=\"2382\" data-end=\"2420\">\n<p class=\"\" data-start=\"2384\" data-end=\"2420\">Betriebsspannung: 12 V DC (10,8-13,8 V)<\/p>\n<\/li>\n<li class=\"\" data-start=\"2421\" data-end=\"2465\">\n<p class=\"\" data-start=\"2423\" data-end=\"2465\">Stromaufnahme: 220 mA entriegelt, max. 600 mA<\/p>\n<\/li>\n<li class=\"\" data-start=\"2466\" data-end=\"2493\">\n<p class=\"\" data-start=\"2468\" data-end=\"2493\">Bruchfestigkeit: 1.200 kg<\/p>\n<\/li>\n<li class=\"\" data-start=\"2494\" data-end=\"2513\">\n<p class=\"\" data-start=\"2496\" data-end=\"2513\">Banddruck: 250 kg<\/p>\n<\/li>\n<li class=\"\" data-start=\"2514\" data-end=\"2553\">\n<p class=\"\" data-start=\"2516\" data-end=\"2553\">T\u00fcranschlag: Rechts\/Links (umkehrbar)<\/p>\n<\/li>\n<li class=\"\" data-start=\"2554\" data-end=\"2606\">\n<p class=\"\" data-start=\"2556\" data-end=\"2606\">Kolbenkontakt: Ja (Mikroschalter, max. 30 V DC \/ 1 A)<\/p>\n<\/li>\n<li class=\"\" data-start=\"2607\" data-end=\"2629\">\n<p class=\"\" data-start=\"2609\" data-end=\"2629\">Schlosstyp: Doppelriegelschloss<\/p>\n<\/li>\n<li class=\"\" data-start=\"2630\" data-end=\"2662\">\n<p class=\"\" data-start=\"2632\" data-end=\"2662\">Abmessungen (BxTxH): 25 x 28 x 133 mm<\/p>\n<\/li>\n<li class=\"\" data-start=\"2663\" data-end=\"2691\">\n<p class=\"\" data-start=\"2665\" data-end=\"2691\">Farbe\/Oberfl\u00e4che: Edelstahl<\/p>\n<\/li>\n<li class=\"\" data-start=\"2692\" data-end=\"2709\">\n<p class=\"\" data-start=\"2694\" data-end=\"2709\">Kabel: Nicht enthalten<\/p>\n<\/li>\n<li class=\"\" data-start=\"2710\" data-end=\"2749\">\n<p class=\"\" data-start=\"2712\" data-end=\"2749\">Bewertungen: SundaHus, Baustoffbewertung<\/p>\n<\/li>\n<\/ul>","protected":false},"excerpt":{"rendered":"<p>Hier sehen Sie, welche Pfosten und Modelle aus dem STEP-Sortiment der elektrischen T\u00fcrstopper zusammenpassen.<\/p>\n<h5><strong><a href=\"https:\/\/steplock.com\/sv\/stolpguide\/#!?lang=sv&amp;blog_id=1&amp;paged=1&amp;number=50\" target=\"_blank\" rel=\"noopener\">STEP-Pfostenf\u00fchrung\u00a0<\/a><\/strong><\/h5>\n<h5><strong><a href=\"https:\/\/steplock.com\/sv\/projekteringsguide\/#!?lang=sv&amp;blog_id=1&amp;paged=1&amp;number=999\" target=\"_blank\" rel=\"noopener\">STEP-Designleitfaden<\/a><\/strong><\/h5>","protected":false},"featured_media":147438,"template":"","meta":{"_acf_changed":false},"product_brand":[],"product_cat":[3355],"product_tag":[4198,4202],"class_list":{"0":"post-147443","1":"product","2":"type-product","3":"status-publish","4":"has-post-thumbnail","6":"product_cat-elslutbleck","7":"product_tag-12v","8":"product_tag-omstallbar-rattvand-omvand","9":"product_shipping_class-tunga-paket","10":"pa_brands-step","11":"tm-no-options","13":"first","14":"instock","15":"sale","16":"taxable","17":"shipping-taxable","18":"purchasable","19":"product-type-simple"},"acf":[],"_links":{"self":[{"href":"https:\/\/secureus.se\/de\/wp-json\/wp\/v2\/product\/147443","targetHints":{"allow":["GET"]}}],"collection":[{"href":"https:\/\/secureus.se\/de\/wp-json\/wp\/v2\/product"}],"about":[{"href":"https:\/\/secureus.se\/de\/wp-json\/wp\/v2\/types\/product"}],"wp:featuredmedia":[{"embeddable":true,"href":"https:\/\/secureus.se\/de\/wp-json\/wp\/v2\/media\/147438"}],"wp:attachment":[{"href":"https:\/\/secureus.se\/de\/wp-json\/wp\/v2\/media?parent=147443"}],"wp:term":[{"taxonomy":"product_brand","embeddable":true,"href":"https:\/\/secureus.se\/de\/wp-json\/wp\/v2\/product_brand?post=147443"},{"taxonomy":"product_cat","embeddable":true,"href":"https:\/\/secureus.se\/de\/wp-json\/wp\/v2\/product_cat?post=147443"},{"taxonomy":"product_tag","embeddable":true,"href":"https:\/\/secureus.se\/de\/wp-json\/wp\/v2\/product_tag?post=147443"}],"curies":[{"name":"wp","href":"https:\/\/api.w.org\/{rel}","templated":true}]}}