{"id":147447,"date":"2023-09-26T13:08:17","date_gmt":"2023-09-26T11:08:17","guid":{"rendered":"https:\/\/secureus.se\/elslutbleck-step-40-omvand-12v\/"},"modified":"2026-03-26T09:46:57","modified_gmt":"2026-03-26T08:46:57","slug":"elslutbleck-step-40-omvand-12v","status":"publish","type":"product","link":"https:\/\/secureus.se\/de\/elslutbleck-step-40-omvand-12v\/","title":{"rendered":"Elektro-T\u00fcr\u00f6ffner STEP 40 Reverse 12V"},"content":{"rendered":"<h1>Elektro-T\u00fcr\u00f6ffner STEP 40 Reverse 12V<\/h1>\n<p class=\"\" data-start=\"403\" data-end=\"872\">STEP 40 Preload aus der Preload-Serie von STEP ist ein kompakter, zuverl\u00e4ssiger elektrischer T\u00fcr\u00f6ffner, der sich perfekt f\u00fcr die Tagesverriegelung in T\u00fcrumgebungen mit hoher \u00d6ffnungsfrequenz eignet.<\/p>\n<p class=\"\" data-start=\"403\" data-end=\"872\">Diese Variante verf\u00fcgt \u00fcber eine Reversierfunktion, das hei\u00dft, der T\u00fcr\u00f6ffner ist im stromlosen Zustand entriegelt \u2013 eine Eigenschaft, die ihn besonders f\u00fcr Fluchtwege und barrierefreie T\u00fcren geeignet macht.<\/p>\n<p class=\"\" data-start=\"874\" data-end=\"1218\">Die integrierte HPR\u00ae-Technologie (High Preload Release) garantiert eine sichere Entriegelung auch bei Leistendr\u00fccken bis 250 kg und erm\u00f6glicht so eine zuverl\u00e4ssige Funktion auch bei unter Druck stehenden T\u00fcren.<\/p>\n<p class=\"\" data-start=\"874\" data-end=\"1218\">Das elektrische T\u00fcr\u00f6ffnerblech verf\u00fcgt zudem \u00fcber eine Bruchfestigkeit von 1.200 kg (12 kN) und ist auf 1.500.000 Zyklen gepr\u00fcft, was eine lange Lebensdauer garantiert.<\/p>\n<p class=\"\" data-start=\"1220\" data-end=\"1430\">Elektrisches T\u00fcrschlie\u00dfblech STEP 40 STEP 40 ist f\u00fcr rechts- und linksangeschlagene T\u00fcren umkehrbar, manipulationssicher und verf\u00fcgt \u00fcber eine eingebaute Schutzdiode f\u00fcr erh\u00f6hte Lebensdauer.<\/p>\n<p class=\"\" data-start=\"1220\" data-end=\"1430\">Die flexible Konstruktion erm\u00f6glicht eine einfache Installation, auch in bestehenden T\u00fcrsektionen.<\/p>\n<p class=\"\" data-start=\"1437\" data-end=\"1463\"><strong data-start=\"1437\" data-end=\"1463\">Eigenschaften und Vorteile:<\/strong><\/p>\n<ul data-start=\"1464\" data-end=\"1756\">\n<li class=\"\" data-start=\"1464\" data-end=\"1507\">\n<p class=\"\" data-start=\"1466\" data-end=\"1507\">R\u00fccklauffunktion \u2013 Entriegelung bei Stromausfall<\/p>\n<\/li>\n<li class=\"\" data-start=\"1508\" data-end=\"1527\">\n<p class=\"\" data-start=\"1510\" data-end=\"1527\">12V Betriebsspannung<\/p>\n<\/li>\n<li class=\"\" data-start=\"1528\" data-end=\"1570\">\n<p class=\"\" data-start=\"1530\" data-end=\"1570\">Kompaktes Format \u2013 ideal f\u00fcr den Tagesverschluss<\/p>\n<\/li>\n<li class=\"\" data-start=\"1571\" data-end=\"1616\">\n<p class=\"\" data-start=\"1573\" data-end=\"1616\">HPR\u00ae-Technologie \u2013 \u00f6ffnet trotz 250 kg Banddruck<\/p>\n<\/li>\n<li class=\"\" data-start=\"1617\" data-end=\"1644\">\n<p class=\"\" data-start=\"1619\" data-end=\"1644\">Bruchfestigkeit: 1.200 kg<\/p>\n<\/li>\n<li class=\"\" data-start=\"1645\" data-end=\"1681\">\n<p class=\"\" data-start=\"1647\" data-end=\"1681\">Sto\u00dffest durch eingebaute Schutzdiode<\/p>\n<\/li>\n<li class=\"\" data-start=\"1682\" data-end=\"1718\">\n<p class=\"\" data-start=\"1684\" data-end=\"1718\">Umkehrbar \u2013 rechte und linke T\u00fcren<\/p>\n<\/li>\n<li class=\"\" data-start=\"1719\" data-end=\"1756\">\n<p class=\"\" data-start=\"1721\" data-end=\"1756\">Passt sowohl auf einfl\u00fcgelige als auch auf zweifl\u00fcgelige Schl\u00f6sser<\/p>\n<\/li>\n<\/ul>\n<p class=\"\" data-start=\"1763\" data-end=\"1938\"><strong data-start=\"1763\" data-end=\"1786\">Einsatzgebiete:<\/strong><br data-start=\"1786\" data-end=\"1789\" \/>Perfekt f\u00fcr T\u00fcren in B\u00fcroumgebungen, Gesundheitseinrichtungen, Eing\u00e4ngen und Fluchtwegen, wo hohe Anforderungen an Zug\u00e4nglichkeit, Sicherheit und reibungslosen Durchgang bestehen.<\/p>\n<p class=\"\" data-start=\"1945\" data-end=\"1974\"><strong data-start=\"1945\" data-end=\"1974\">Technische Spezifikationen:<\/strong><\/p>\n<ul data-start=\"1975\" data-end=\"2320\">\n<li class=\"\" data-start=\"1975\" data-end=\"2013\">\n<p class=\"\" data-start=\"1977\" data-end=\"2013\">Betriebsspannung: 12 V DC (10,8-13,8 V)<\/p>\n<\/li>\n<li class=\"\" data-start=\"2014\" data-end=\"2058\">\n<p class=\"\" data-start=\"2016\" data-end=\"2058\">Stromaufnahme: 220 mA entriegelt, max. 600 mA<\/p>\n<\/li>\n<li class=\"\" data-start=\"2059\" data-end=\"2098\">\n<p class=\"\" data-start=\"2061\" data-end=\"2098\">T\u00fcranschlag: Rechts\/Links (umkehrbar)<\/p>\n<\/li>\n<li class=\"\" data-start=\"2099\" data-end=\"2126\">\n<p class=\"\" data-start=\"2101\" data-end=\"2126\">Bruchfestigkeit: 1.200 kg<\/p>\n<\/li>\n<li class=\"\" data-start=\"2127\" data-end=\"2146\">\n<p class=\"\" data-start=\"2129\" data-end=\"2146\">Banddruck: 250 kg<\/p>\n<\/li>\n<li class=\"\" data-start=\"2147\" data-end=\"2182\">\n<p class=\"\" data-start=\"2149\" data-end=\"2182\">Schlosstyp: Einzelriegelschloss, Doppelriegelschloss<\/p>\n<\/li>\n<li class=\"\" data-start=\"2183\" data-end=\"2214\">\n<p class=\"\" data-start=\"2185\" data-end=\"2214\">Abmessungen (BxTxH): 25 x 28 x 90 mm<\/p>\n<\/li>\n<li class=\"\" data-start=\"2215\" data-end=\"2233\">\n<p class=\"\" data-start=\"2217\" data-end=\"2233\">Kolbenkontakt: Nein<\/p>\n<\/li>\n<li class=\"\" data-start=\"2234\" data-end=\"2251\">\n<p class=\"\" data-start=\"2236\" data-end=\"2251\">Kabel: Nicht enthalten<\/p>\n<\/li>\n<li class=\"\" data-start=\"2252\" data-end=\"2280\">\n<p class=\"\" data-start=\"2254\" data-end=\"2280\">Farbe\/Oberfl\u00e4che: Edelstahl<\/p>\n<\/li>\n<li class=\"\" data-start=\"2281\" data-end=\"2320\">\n<p class=\"\" data-start=\"2283\" data-end=\"2320\">Bewertungen: SundaHus, Baustoffbewertung<\/p>\n<\/li>\n<\/ul>","protected":false},"excerpt":{"rendered":"<p>Hier sehen Sie, welche Pfosten und Modelle aus dem STEP-Sortiment der elektrischen T\u00fcrstopper zusammenpassen.<\/p>\n<h5><strong><a href=\"https:\/\/steplock.com\/sv\/stolpguide\/#!?lang=sv&amp;blog_id=1&amp;paged=1&amp;number=50\" target=\"_blank\" rel=\"noopener\">STEP-Pfostenf\u00fchrung\u00a0<\/a><\/strong><\/h5>\n<h5><strong><a href=\"https:\/\/steplock.com\/sv\/projekteringsguide\/#!?lang=sv&amp;blog_id=1&amp;paged=1&amp;number=999\" target=\"_blank\" rel=\"noopener\">STEP-Designleitfaden<\/a><\/strong><\/h5>","protected":false},"featured_media":147444,"template":"","meta":{"_acf_changed":false},"product_brand":[],"product_cat":[3355],"product_tag":[4198,4201],"class_list":{"0":"post-147447","1":"product","2":"type-product","3":"status-publish","4":"has-post-thumbnail","6":"product_cat-elslutbleck","7":"product_tag-12v","8":"product_tag-omvand","9":"product_shipping_class-tunga-paket","10":"pa_brands-step","11":"tm-no-options","13":"first","14":"instock","15":"sale","16":"taxable","17":"shipping-taxable","18":"purchasable","19":"product-type-simple"},"acf":[],"_links":{"self":[{"href":"https:\/\/secureus.se\/de\/wp-json\/wp\/v2\/product\/147447","targetHints":{"allow":["GET"]}}],"collection":[{"href":"https:\/\/secureus.se\/de\/wp-json\/wp\/v2\/product"}],"about":[{"href":"https:\/\/secureus.se\/de\/wp-json\/wp\/v2\/types\/product"}],"wp:featuredmedia":[{"embeddable":true,"href":"https:\/\/secureus.se\/de\/wp-json\/wp\/v2\/media\/147444"}],"wp:attachment":[{"href":"https:\/\/secureus.se\/de\/wp-json\/wp\/v2\/media?parent=147447"}],"wp:term":[{"taxonomy":"product_brand","embeddable":true,"href":"https:\/\/secureus.se\/de\/wp-json\/wp\/v2\/product_brand?post=147447"},{"taxonomy":"product_cat","embeddable":true,"href":"https:\/\/secureus.se\/de\/wp-json\/wp\/v2\/product_cat?post=147447"},{"taxonomy":"product_tag","embeddable":true,"href":"https:\/\/secureus.se\/de\/wp-json\/wp\/v2\/product_tag?post=147447"}],"curies":[{"name":"wp","href":"https:\/\/api.w.org\/{rel}","templated":true}]}}