{"id":147454,"date":"2023-09-26T13:08:10","date_gmt":"2023-09-26T11:08:10","guid":{"rendered":"https:\/\/secureus.se\/elslutbleck-step-90-omvand-12v-kolvkontakt\/"},"modified":"2026-04-08T16:05:55","modified_gmt":"2026-04-08T14:05:55","slug":"elslutbleck-step-90-omvand-12v-kolvkontakt","status":"publish","type":"product","link":"https:\/\/secureus.se\/de\/elslutbleck-step-90-omvand-12v-kolvkontakt\/","title":{"rendered":"Elektro-T\u00fcr\u00f6ffner STEP 90 Reverse 12V Kolbenkontakt"},"content":{"rendered":"<h1>Elektro-T\u00fcr\u00f6ffner STEP 90 Reverse 12V Kolbenkontakt<\/h1>\n<p>STEP 90 Preload ist ein elektrischer T\u00fcr\u00f6ffner mit R\u00fcckw\u00e4rtsfunktion und 12V-Betrieb. Kompakt, Feuerwiderstandsklasse bis E\/EI120 mit Kolbenkontakt, Streifendrucktechnik und hoher Betriebssicherheit.<\/p>\n<p class=\"\" data-start=\"246\" data-end=\"602\">Der elektrische T\u00fcr\u00f6ffner STEP 90 Preload aus der Preload-Serie von STEP ist ein kompakter und zuverl\u00e4ssiger elektrischer T\u00fcr\u00f6ffner, der f\u00fcr professionelle T\u00fcrumgebungen entwickelt wurde, in denen Platzbedarf und hohe \u00d6ffnungsfrequenz auf Sicherheitsanforderungen treffen.<\/p>\n<p class=\"\" data-start=\"246\" data-end=\"602\">Durch die R\u00fccklauffunktion wird STEP 90 bei einem Stromausfall entriegelt \u2013 eine wichtige Funktion in Fluchtwegen und Sicherheitsanwendungen.<\/p>\n<p class=\"\" data-start=\"604\" data-end=\"904\">Durch die patentierte HPR\u00ae-Technologie ist eine Entriegelung des T\u00fcr\u00f6ffners auch bei hohem Leistendruck von bis zu 250 kg m\u00f6glich.<\/p>\n<p class=\"\" data-start=\"604\" data-end=\"904\">Zusammen mit einer Bruchfestigkeit von 1200 kg und der Zertifizierung nach Brandklasse E\/EI120 (120 min) gem\u00e4\u00df SS-EN 14846:2008 erf\u00fcllt das Produkt die Anforderungen an Sicherheit und Zuverl\u00e4ssigkeit.<\/p>\n<p class=\"\" data-start=\"906\" data-end=\"1165\">STEP 90 ist mit einem Kolbenkontakt ausgestattet, der den T\u00fcrstatus (offen oder geschlossen) klar anzeigt und ihn mit Zugangskontrollsystemen und Alarmen kompatibel macht.<\/p>\n<p class=\"\" data-start=\"906\" data-end=\"1165\">Die kompakte Bauweise eignet sich sowohl f\u00fcr Neuinstallationen als auch f\u00fcr die Nachr\u00fcstung bestehender Torsektionen.<\/p>\n<p class=\"\" data-start=\"1167\" data-end=\"1355\">Schutzdiode, Ansto\u00dfschutz und reversible Montage f\u00fcr rechts- und linksangeschlagene T\u00fcren machen diesen elektrischen T\u00fcr\u00f6ffner zu einer flexiblen und langlebigen Wahl f\u00fcr \u00f6ffentliche Umgebungen, B\u00fcros und Eing\u00e4nge.<\/p>\n<p class=\"\" data-start=\"1357\" data-end=\"1385\"><strong data-start=\"1357\" data-end=\"1383\">Eigenschaften und Vorteile:<\/strong><\/p>\n<ul data-start=\"1386\" data-end=\"1714\">\n<li class=\"\" data-start=\"1386\" data-end=\"1431\">\n<p class=\"\" data-start=\"1388\" data-end=\"1431\">R\u00fccklauffunktion \u2013 Entriegelung bei Stromausfall<\/p>\n<\/li>\n<li class=\"\" data-start=\"1432\" data-end=\"1473\">\n<p class=\"\" data-start=\"1434\" data-end=\"1473\">Kompaktes Format f\u00fcr einfache Installation<\/p>\n<\/li>\n<li class=\"\" data-start=\"1474\" data-end=\"1515\">\n<p class=\"\" data-start=\"1476\" data-end=\"1515\">Brandklasse E\/EI120 gem\u00e4\u00df SS-EN 14846<\/p>\n<\/li>\n<li class=\"\" data-start=\"1516\" data-end=\"1560\">\n<p class=\"\" data-start=\"1518\" data-end=\"1560\">St\u00f6\u00dfelschalter zur T\u00fcrzustandsanzeige<\/p>\n<\/li>\n<li class=\"\" data-start=\"1561\" data-end=\"1608\">\n<p class=\"\" data-start=\"1563\" data-end=\"1608\">HPR\u00ae-Technologie \u2013 \u00f6ffnet trotz 250 kg Banddruck<\/p>\n<\/li>\n<li class=\"\" data-start=\"1609\" data-end=\"1636\">\n<p class=\"\" data-start=\"1611\" data-end=\"1636\">Bruchfestigkeit 1200 kg<\/p>\n<\/li>\n<li class=\"\" data-start=\"1637\" data-end=\"1679\">\n<p class=\"\" data-start=\"1639\" data-end=\"1679\">Umkehrbar f\u00fcr rechts\/links angeschlagene T\u00fcren<\/p>\n<\/li>\n<li class=\"\" data-start=\"1680\" data-end=\"1714\">\n<p class=\"\" data-start=\"1682\" data-end=\"1714\">Schlagfest und mit Schutzdiode<\/p>\n<\/li>\n<\/ul>\n<p class=\"\" data-start=\"1716\" data-end=\"1856\"><strong data-start=\"1716\" data-end=\"1739\">Einsatzgebiete:<\/strong><br data-start=\"1739\" data-end=\"1742\" \/>Ideal f\u00fcr Fluchtt\u00fcren, \u00f6ffentliche Geb\u00e4ude, Eing\u00e4nge und T\u00fcren mit hohen Sicherheitsanforderungen und Feuerwiderstand.<\/p>\n<p class=\"\" data-start=\"1858\" data-end=\"2261\"><strong data-start=\"1858\" data-end=\"1887\">Technische Spezifikationen:<\/strong><br data-start=\"1887\" data-end=\"1890\" \/>Betriebsspannung: 12 V DC (10,8-13,8 V)<br data-start=\"1926\" data-end=\"1929\" \/>Stromaufnahme: 220 mA entriegelt \/ max. 600 mA<br data-start=\"1972\" data-end=\"1975\" \/>Kolbenkontakt: Mikroschalter, 30 V DC \/ 1 A<br data-start=\"2015\" data-end=\"2018\" \/>T\u00fcranschlag: Rechts\/Links (umkehrbar)<br data-start=\"2055\" data-end=\"2058\" \/>Kabell\u00e4nge: Nicht im Lieferumfang enthalten<br data-start=\"2078\" data-end=\"2081\" \/>Bruchfestigkeit: 1200 kg<br data-start=\"2105\" data-end=\"2108\" \/>Banddruck: 250 kg<br data-start=\"2125\" data-end=\"2128\" data-is-only-node=\"\" \/>Schlosstyp: Einzelriegelschloss, Doppelriegelschloss<br data-start=\"2161\" data-end=\"2164\" \/>Abmessungen (BxTxH): 25 x 28 x 90 mm<br data-start=\"2193\" data-end=\"2196\" \/>Oberfl\u00e4chenbehandlung: Edelstahl<br data-start=\"2217\" data-end=\"2220\" \/>Bauprodukt bewertet: Ja<br data-start=\"2238\" data-end=\"2241\" \/>SundaHouse-Bewertung: Ja<\/p>","protected":false},"excerpt":{"rendered":"<p>Hier sehen Sie, welche Pfosten und Modelle aus dem STEP-Sortiment der elektrischen T\u00fcrstopper zusammenpassen.<\/p>\n<h5><strong><a href=\"https:\/\/steplock.com\/sv\/stolpguide\/#!?lang=sv&amp;blog_id=1&amp;paged=1&amp;number=50\" target=\"_blank\" rel=\"noopener\">STEP-Pfostenf\u00fchrung\u00a0<\/a><\/strong><\/h5>\n<h5><strong><a href=\"https:\/\/steplock.com\/sv\/projekteringsguide\/#!?lang=sv&amp;blog_id=1&amp;paged=1&amp;number=999\" target=\"_blank\" rel=\"noopener\">STEP-Designleitfaden<\/a><\/strong><\/h5>","protected":false},"featured_media":147449,"template":"","meta":{"_acf_changed":false},"product_brand":[],"product_cat":[3355],"product_tag":[4196,4201],"class_list":{"0":"post-147454","1":"product","2":"type-product","3":"status-publish","4":"has-post-thumbnail","6":"product_cat-elslutbleck","7":"product_tag-12-24v","8":"product_tag-omvand","9":"product_shipping_class-tunga-paket","10":"pa_brands-step","11":"tm-no-options","13":"first","14":"onbackorder","15":"sale","16":"taxable","17":"shipping-taxable","18":"purchasable","19":"product-type-simple"},"acf":[],"_links":{"self":[{"href":"https:\/\/secureus.se\/de\/wp-json\/wp\/v2\/product\/147454","targetHints":{"allow":["GET"]}}],"collection":[{"href":"https:\/\/secureus.se\/de\/wp-json\/wp\/v2\/product"}],"about":[{"href":"https:\/\/secureus.se\/de\/wp-json\/wp\/v2\/types\/product"}],"wp:featuredmedia":[{"embeddable":true,"href":"https:\/\/secureus.se\/de\/wp-json\/wp\/v2\/media\/147449"}],"wp:attachment":[{"href":"https:\/\/secureus.se\/de\/wp-json\/wp\/v2\/media?parent=147454"}],"wp:term":[{"taxonomy":"product_brand","embeddable":true,"href":"https:\/\/secureus.se\/de\/wp-json\/wp\/v2\/product_brand?post=147454"},{"taxonomy":"product_cat","embeddable":true,"href":"https:\/\/secureus.se\/de\/wp-json\/wp\/v2\/product_cat?post=147454"},{"taxonomy":"product_tag","embeddable":true,"href":"https:\/\/secureus.se\/de\/wp-json\/wp\/v2\/product_tag?post=147454"}],"curies":[{"name":"wp","href":"https:\/\/api.w.org\/{rel}","templated":true}]}}