{"id":147456,"date":"2023-09-26T13:08:35","date_gmt":"2023-09-26T11:08:35","guid":{"rendered":"https:\/\/secureus.se\/elslutbleck-step-18-vanster-omvand-24v-9mm-regel-connect\/"},"modified":"2026-04-08T16:12:19","modified_gmt":"2026-04-08T14:12:19","slug":"elslutbleck-step-18-vanster-omvand-24v-9mm-regel-connect","status":"publish","type":"product","link":"https:\/\/secureus.se\/de\/elslutbleck-step-18-vanster-omvand-24v-9mm-regel-connect\/","title":{"rendered":"Elektrischer T\u00fcr\u00f6ffner STEP 18 Links R\u00fcckw\u00e4rts 24V 9mm Rule Connect"},"content":{"rendered":"<h1>Elektrischer T\u00fcr\u00f6ffner STEP 18 Links R\u00fcckw\u00e4rts 24V 9mm Rule Connect<\/h1>\n<p>STEP 18 Secure ist ein Hochsicherheits-T\u00fcr\u00f6ffner mit Umkehrfunktion f\u00fcr links angeschlagene T\u00fcren. Passend f\u00fcr 9 mm Riegelschl\u00f6sser der Connect-Serie. Brandklasse E\/EI60 und 5 m halogenfreies Kabel inklusive.<\/p>\n<p>Der elektrische T\u00fcr\u00f6ffner STEP 18 Secure ist ein fortschrittlicher elektrischer T\u00fcr\u00f6ffner der Secure-Serie von STEP, der f\u00fcr T\u00fcrumgebungen entwickelt wurde, in denen sowohl hohe Sicherheit als auch schneller Durchgang erforderlich sind.<\/p>\n<p>Dieses Modell ist speziell f\u00fcr links angeschlagene T\u00fcren mit Riegelschl\u00f6ssern mit 9 mm Kolben der Connect-Serie angepasst.<\/p>\n<p class=\"\" data-start=\"795\" data-end=\"1072\">Mit der Reversierfunktion wird die T\u00fcr bei Stromausfall entriegelt \u2013 eine notwendige Funktion bei Fluchtwegen und T\u00fcren mit hohen Sicherheitsanforderungen.<\/p>\n<p class=\"\" data-start=\"795\" data-end=\"1072\">Das Produkt hat eine Feuerbest\u00e4ndigkeit bis E\/EI60 gem\u00e4\u00df SS-EN 14846:2008 und ist f\u00fcr den Einsatz in Sicherheitst\u00fcren bis zur Klassifizierung RC4 zugelassen.<\/p>\n<p class=\"\" data-start=\"1074\" data-end=\"1410\">Der T\u00fcr\u00f6ffner ist mit einem Kolbenkontakt und einem Rastkontakt ausgestattet, wodurch eine Zustands\u00fcberwachung in Zutrittskontrollsysteme und Alarmanlagen integriert werden kann.<\/p>\n<p class=\"\" data-start=\"1074\" data-end=\"1410\">Mit einer Bruchfestigkeit von 15 kN (ca. 1500 kg) und der F\u00e4higkeit, sich trotz eines Streifendrucks von bis zu 500 kg zu \u00f6ffnen, bietet STEP 18 auch in den anspruchsvollsten T\u00fcrumgebungen eine zuverl\u00e4ssige Funktion.<\/p>\n<p class=\"\" data-start=\"1412\" data-end=\"1521\">Es ist manipulationssicher, verf\u00fcgt \u00fcber eine eingebaute Schutzdiode und wird mit einem 5 Meter langen halogenfreien Anschlusskabel geliefert.<\/p>\n<p class=\"\" data-start=\"1523\" data-end=\"1549\"><strong data-start=\"1523\" data-end=\"1549\">Eigenschaften und Vorteile:<\/strong><\/p>\n<ul data-start=\"1550\" data-end=\"1869\">\n<li class=\"\" data-start=\"1550\" data-end=\"1593\">\n<p class=\"\" data-start=\"1552\" data-end=\"1593\">R\u00fccklauffunktion \u2013 Entriegelung bei Stromausfall<\/p>\n<\/li>\n<li class=\"\" data-start=\"1594\" data-end=\"1652\">\n<p class=\"\" data-start=\"1596\" data-end=\"1652\">F\u00fcr links angeschlagene T\u00fcren mit 9 mm Riegel (Serie Connect)<\/p>\n<\/li>\n<li class=\"\" data-start=\"1653\" data-end=\"1705\">\n<p class=\"\" data-start=\"1655\" data-end=\"1705\">Kolbenkontakt und Rastkontakt zur Zustands\u00fcberwachung<\/p>\n<\/li>\n<li class=\"\" data-start=\"1706\" data-end=\"1736\">\n<p class=\"\" data-start=\"1708\" data-end=\"1736\">Feuerbest\u00e4ndigkeit bis E\/EI60<\/p>\n<\/li>\n<li class=\"\" data-start=\"1737\" data-end=\"1771\">\n<p class=\"\" data-start=\"1739\" data-end=\"1771\">Bruchfestigkeit: 15 kN (1500 kg)<\/p>\n<\/li>\n<li class=\"\" data-start=\"1772\" data-end=\"1806\">\n<p class=\"\" data-start=\"1774\" data-end=\"1806\">H\u00e4lt Formdr\u00fccken bis zu 500 kg stand<\/p>\n<\/li>\n<li class=\"\" data-start=\"1807\" data-end=\"1836\">\n<p class=\"\" data-start=\"1809\" data-end=\"1836\">Schutzdiode und \u00dcberspannungsschutz<\/p>\n<\/li>\n<li class=\"\" data-start=\"1837\" data-end=\"1869\">\n<p class=\"\" data-start=\"1839\" data-end=\"1869\">5 Meter halogenfreies Kabel inklusive<\/p>\n<\/li>\n<\/ul>\n<p class=\"\" data-start=\"1871\" data-end=\"2056\"><strong data-start=\"1871\" data-end=\"1894\">Einsatzgebiete:<\/strong><br data-start=\"1894\" data-end=\"1897\" \/>Perfekt f\u00fcr sicherheitsklassifizierte Umgebungen wie Banken, Beh\u00f6rden, Gef\u00e4ngnisse und Fluchtwege, in denen sowohl ein hoher Einbruchschutz als auch ein schnelles, sicheres Entriegeln erforderlich sind.<\/p>\n<p class=\"\" data-start=\"2058\" data-end=\"2087\"><strong data-start=\"2058\" data-end=\"2087\">Technische Spezifikationen:<\/strong><\/p>\n<ul data-start=\"2088\" data-end=\"2434\">\n<li class=\"\" data-start=\"2088\" data-end=\"2126\">\n<p class=\"\" data-start=\"2090\" data-end=\"2126\">Betriebsspannung: 24 V DC (21,6-27,6 V)<\/p>\n<\/li>\n<li class=\"\" data-start=\"2127\" data-end=\"2159\">\n<p class=\"\" data-start=\"2129\" data-end=\"2159\">Stromverbrauch: 313 mA entriegelt<\/p>\n<\/li>\n<li class=\"\" data-start=\"2160\" data-end=\"2183\">\n<p class=\"\" data-start=\"2162\" data-end=\"2183\">T\u00fcranschlag: Links<\/p>\n<\/li>\n<li class=\"\" data-start=\"2184\" data-end=\"2205\">\n<p class=\"\" data-start=\"2186\" data-end=\"2205\">Kabell\u00e4nge: 5 Meter<\/p>\n<\/li>\n<li class=\"\" data-start=\"2206\" data-end=\"2232\">\n<p class=\"\" data-start=\"2208\" data-end=\"2232\">Bruchfestigkeit: 1500 kg<\/p>\n<\/li>\n<li class=\"\" data-start=\"2233\" data-end=\"2252\">\n<p class=\"\" data-start=\"2235\" data-end=\"2252\">Listendruck: 500 kg<\/p>\n<\/li>\n<li class=\"\" data-start=\"2253\" data-end=\"2285\">\n<p class=\"\" data-start=\"2255\" data-end=\"2285\">Abmessungen (BxTxH): 35 x 40 x 230 mm<\/p>\n<\/li>\n<li class=\"\" data-start=\"2286\" data-end=\"2317\">\n<p class=\"\" data-start=\"2288\" data-end=\"2317\">Schlosstyp: Hakenfallenschloss, Riegelschloss<\/p>\n<\/li>\n<li class=\"\" data-start=\"2318\" data-end=\"2365\">\n<p class=\"\" data-start=\"2320\" data-end=\"2365\">Kolbenkontakt: Mikroschalter, max. 30 V DC \/ 1 A<\/p>\n<\/li>\n<li class=\"\" data-start=\"2366\" data-end=\"2394\">\n<p class=\"\" data-start=\"2368\" data-end=\"2394\">Farbe\/Oberfl\u00e4che: Edelstahl<\/p>\n<\/li>\n<li class=\"\" data-start=\"2395\" data-end=\"2434\">\n<p class=\"\" data-start=\"2397\" data-end=\"2434\">Bewertungen: SundaHus, Baustoffbewertung<\/p>\n<\/li>\n<\/ul>","protected":false},"excerpt":{"rendered":"<p>Hier sehen Sie, welche Pfosten und Modelle aus dem STEP-Sortiment der elektrischen T\u00fcrstopper zusammenpassen.<\/p>\n<h5><strong><a href=\"https:\/\/steplock.com\/sv\/stolpguide\/#!?lang=sv&amp;blog_id=1&amp;paged=1&amp;number=50\" target=\"_blank\" rel=\"noopener\">STEP-Pfostenf\u00fchrung\u00a0<\/a><\/strong><\/h5>\n<h5><strong><a href=\"https:\/\/steplock.com\/sv\/projekteringsguide\/#!?lang=sv&amp;blog_id=1&amp;paged=1&amp;number=999\" target=\"_blank\" rel=\"noopener\">STEP-Designleitfaden<\/a><\/strong><\/h5>","protected":false},"featured_media":147448,"template":"","meta":{"_acf_changed":false},"product_brand":[],"product_cat":[3355],"product_tag":[4197,4201],"class_list":{"0":"post-147456","1":"product","2":"type-product","3":"status-publish","4":"has-post-thumbnail","6":"product_cat-elslutbleck","7":"product_tag-24v","8":"product_tag-omvand","9":"product_shipping_class-tunga-paket","10":"pa_brands-step","11":"tm-no-options","13":"first","14":"instock","15":"sale","16":"taxable","17":"shipping-taxable","18":"purchasable","19":"product-type-simple"},"acf":[],"_links":{"self":[{"href":"https:\/\/secureus.se\/de\/wp-json\/wp\/v2\/product\/147456","targetHints":{"allow":["GET"]}}],"collection":[{"href":"https:\/\/secureus.se\/de\/wp-json\/wp\/v2\/product"}],"about":[{"href":"https:\/\/secureus.se\/de\/wp-json\/wp\/v2\/types\/product"}],"wp:featuredmedia":[{"embeddable":true,"href":"https:\/\/secureus.se\/de\/wp-json\/wp\/v2\/media\/147448"}],"wp:attachment":[{"href":"https:\/\/secureus.se\/de\/wp-json\/wp\/v2\/media?parent=147456"}],"wp:term":[{"taxonomy":"product_brand","embeddable":true,"href":"https:\/\/secureus.se\/de\/wp-json\/wp\/v2\/product_brand?post=147456"},{"taxonomy":"product_cat","embeddable":true,"href":"https:\/\/secureus.se\/de\/wp-json\/wp\/v2\/product_cat?post=147456"},{"taxonomy":"product_tag","embeddable":true,"href":"https:\/\/secureus.se\/de\/wp-json\/wp\/v2\/product_tag?post=147456"}],"curies":[{"name":"wp","href":"https:\/\/api.w.org\/{rel}","templated":true}]}}