{"id":147458,"date":"2023-09-26T13:08:33","date_gmt":"2023-09-26T11:08:33","guid":{"rendered":"https:\/\/secureus.se\/elslutbleck-step-48-rattvand-24v-kolvkontakt\/"},"modified":"2026-03-26T09:45:01","modified_gmt":"2026-03-26T08:45:01","slug":"elslutbleck-step-48-rattvand-24v-kolvkontakt","status":"publish","type":"product","link":"https:\/\/secureus.se\/de\/elslutbleck-step-48-rattvand-24v-kolvkontakt\/","title":{"rendered":"Elektro-T\u00fcr\u00f6ffner STEP 48 Rechtsseitig 24V Kolbenkontakt"},"content":{"rendered":"<h1>Elektro-T\u00fcr\u00f6ffner STEP 48 Rechtsseitig 24V Kolbenkontakt<\/h1>\n<p>STEP 48 Preload ist ein kompakter Elektro-T\u00fcr\u00f6ffner mit Vorw\u00e4rtsfunktion und Kolbenkontakt. Mit Streifendrucktechnologie, 24-V-Betrieb und Unterst\u00fctzung f\u00fcr die Verriegelungsanzeige ist es perfekt f\u00fcr sichere und leise Installationen mit Knauf- oder Schl\u00fcsselschl\u00f6ssern.<\/p>\n<p>Der elektrische T\u00fcr\u00f6ffner STEP 48 Preload ist ein elektrischer T\u00fcr\u00f6ffner, der hohe Sicherheit mit einem kompakten Design kombiniert und sich hervorragend f\u00fcr T\u00fcren eignet, die mit einem Knauf oder Schl\u00fcssel verschlossen sind.<\/p>\n<p>Es ist mit der patentierten Leistendrucktechnologie von STEP ausgestattet, die ein \u00d6ffnen der T\u00fcr selbst bei einem Leistendruck von bis zu 40 kg erm\u00f6glicht und so f\u00fcr eine sichere und zuverl\u00e4ssige Funktion im t\u00e4glichen Einsatz sorgt.<\/p>\n<p class=\"\" data-start=\"921\" data-end=\"1244\">Mit der Rechtsfunktion \u2013 stromlos verriegelt \u2013 und einer Betriebsspannung von 24V erf\u00fcllt STEP 48 die Sicherheitsanforderungen beispielsweise in Wohnungseing\u00e4ngen, Innent\u00fcren, Durchgangst\u00fcren oder Technikr\u00e4umen.<\/p>\n<p class=\"\" data-start=\"921\" data-end=\"1244\">Es ist umkehrbar, sodass es sowohl f\u00fcr rechts- als auch f\u00fcr linksangeschlagene T\u00fcren geeignet ist und kann zum Entriegeln sowohl von Hakenriegeln als auch von geraden Riegeln verwendet werden.<\/p>\n<p class=\"\" data-start=\"1246\" data-end=\"1623\">Der elektrische T\u00fcr\u00f6ffner ist mit einem Kolbenkontakt ausgestattet, der den T\u00fcrstatus (offen\/geschlossen) anzeigt und so den Anschluss an ein Zutrittskontrollsystem oder eine Alarmanlage erleichtert.<\/p>\n<p class=\"\" data-start=\"1246\" data-end=\"1623\">Zudem ist es manipulationssicher, verf\u00fcgt \u00fcber eine eingebaute Schutzdiode und ist mit dem optionalen Verriegelungsindikator ST4880 kompatibel, der es erm\u00f6glicht, T\u00fcrautomatiken oder Codeschl\u00f6sser bei mechanischer Verriegelung automatisch zu blockieren.<\/p>\n<p class=\"\" data-start=\"1625\" data-end=\"1651\"><strong data-start=\"1625\" data-end=\"1651\">Eigenschaften und Vorteile:<\/strong><\/p>\n<ul data-start=\"1652\" data-end=\"1965\">\n<li class=\"\" data-start=\"1652\" data-end=\"1695\">\n<p class=\"\" data-start=\"1654\" data-end=\"1695\">Korrekte Funktion \u2013 Verriegelung im stromlosen Zustand<\/p>\n<\/li>\n<li class=\"\" data-start=\"1696\" data-end=\"1731\">\n<p class=\"\" data-start=\"1698\" data-end=\"1731\">Kolbenkontakt zur Zustands\u00fcberwachung<\/p>\n<\/li>\n<li class=\"\" data-start=\"1732\" data-end=\"1765\">\n<p class=\"\" data-start=\"1734\" data-end=\"1765\">H\u00e4lt einem Druck von bis zu 40 kg stand<\/p>\n<\/li>\n<li class=\"\" data-start=\"1766\" data-end=\"1790\">\n<p class=\"\" data-start=\"1768\" data-end=\"1790\">Bruchfestigkeit 900 kg<\/p>\n<\/li>\n<li class=\"\" data-start=\"1791\" data-end=\"1826\">\n<p class=\"\" data-start=\"1793\" data-end=\"1826\">Kompaktes Design \u2013 nur 90 mm hoch<\/p>\n<\/li>\n<li class=\"\" data-start=\"1827\" data-end=\"1856\">\n<p class=\"\" data-start=\"1829\" data-end=\"1856\">Schutzdiode und \u00dcberspannungsschutz<\/p>\n<\/li>\n<li class=\"\" data-start=\"1857\" data-end=\"1896\">\n<p class=\"\" data-start=\"1859\" data-end=\"1896\">Umkehrbar \u2013 passt f\u00fcr rechte\/linke T\u00fcren<\/p>\n<\/li>\n<li class=\"\" data-start=\"1897\" data-end=\"1925\">\n<p class=\"\" data-start=\"1899\" data-end=\"1925\">F\u00fcr Haken und Lineal<\/p>\n<\/li>\n<li class=\"\" data-start=\"1926\" data-end=\"1965\">\n<p class=\"\" data-start=\"1928\" data-end=\"1965\">Kompatibel mit Regelanzeige ST4880<\/p>\n<\/li>\n<\/ul>\n<p class=\"\" data-start=\"1967\" data-end=\"2145\"><strong data-start=\"1967\" data-end=\"1990\">Einsatzgebiete:<\/strong><br data-start=\"1990\" data-end=\"1993\" \/>Geeignet f\u00fcr T\u00fcren mit Knauf- oder Schl\u00fcsselschl\u00f6ssern in Wohnh\u00e4usern, Technikr\u00e4umen, Innent\u00fcren und anderen R\u00e4umen, in denen Betriebssicherheit und kompakte Installation erforderlich sind.<\/p>\n<p class=\"\" data-start=\"2147\" data-end=\"2176\"><strong data-start=\"2147\" data-end=\"2176\">Technische Spezifikationen:<\/strong><\/p>\n<ul data-start=\"2177\" data-end=\"2546\">\n<li class=\"\" data-start=\"2177\" data-end=\"2215\">\n<p class=\"\" data-start=\"2179\" data-end=\"2215\">Betriebsspannung: 24 V DC (21,6-27,6 V)<\/p>\n<\/li>\n<li class=\"\" data-start=\"2216\" data-end=\"2260\">\n<p class=\"\" data-start=\"2218\" data-end=\"2260\">Stromaufnahme: 110 mA entriegelt, max. 300 mA<\/p>\n<\/li>\n<li class=\"\" data-start=\"2261\" data-end=\"2308\">\n<p class=\"\" data-start=\"2263\" data-end=\"2308\">Kolbenkontakt: Mikroschalter, max. 30 V DC \/ 1 A<\/p>\n<\/li>\n<li class=\"\" data-start=\"2309\" data-end=\"2348\">\n<p class=\"\" data-start=\"2311\" data-end=\"2348\">T\u00fcranschlag: Rechts\/Links (umkehrbar)<\/p>\n<\/li>\n<li class=\"\" data-start=\"2349\" data-end=\"2380\">\n<p class=\"\" data-start=\"2351\" data-end=\"2380\">Abmessungen (BxTxH): 25 x 35 x 90 mm<\/p>\n<\/li>\n<li class=\"\" data-start=\"2381\" data-end=\"2406\">\n<p class=\"\" data-start=\"2383\" data-end=\"2406\">Bruchfestigkeit: 900 kg<\/p>\n<\/li>\n<li class=\"\" data-start=\"2407\" data-end=\"2425\">\n<p class=\"\" data-start=\"2409\" data-end=\"2425\">Streifendruck: 40 kg<\/p>\n<\/li>\n<li class=\"\" data-start=\"2426\" data-end=\"2443\">\n<p class=\"\" data-start=\"2428\" data-end=\"2443\">Kabel: Nicht enthalten<\/p>\n<\/li>\n<li class=\"\" data-start=\"2444\" data-end=\"2477\">\n<p class=\"\" data-start=\"2446\" data-end=\"2477\">Schlossart: Einzel- und Doppelriegelschloss<\/p>\n<\/li>\n<li class=\"\" data-start=\"2478\" data-end=\"2506\">\n<p class=\"\" data-start=\"2480\" data-end=\"2506\">Farbe\/Oberfl\u00e4che: Edelstahl<\/p>\n<\/li>\n<li class=\"\" data-start=\"2507\" data-end=\"2546\">\n<p class=\"\" data-start=\"2509\" data-end=\"2546\">Bewertungen: SundaHus, Baustoffbewertung<\/p>\n<\/li>\n<\/ul>","protected":false},"excerpt":{"rendered":"<p>Hier sehen Sie, welche Pfosten und Modelle aus dem STEP-Sortiment der elektrischen T\u00fcrstopper zusammenpassen.<\/p>\n<h5><strong><a href=\"https:\/\/steplock.com\/sv\/stolpguide\/#!?lang=sv&amp;blog_id=1&amp;paged=1&amp;number=50\" target=\"_blank\" rel=\"noopener\">STEP-Pfostenf\u00fchrung\u00a0<\/a><\/strong><\/h5>\n<h5><strong><a href=\"https:\/\/steplock.com\/sv\/projekteringsguide\/#!?lang=sv&amp;blog_id=1&amp;paged=1&amp;number=999\" target=\"_blank\" rel=\"noopener\">STEP-Designleitfaden<\/a><\/strong><\/h5>","protected":false},"featured_media":147457,"template":"","meta":{"_acf_changed":false},"product_brand":[],"product_cat":[3355],"product_tag":[4197,4200],"class_list":{"0":"post-147458","1":"product","2":"type-product","3":"status-publish","4":"has-post-thumbnail","6":"product_cat-elslutbleck","7":"product_tag-24v","8":"product_tag-rattvand","9":"product_shipping_class-tunga-paket","10":"pa_brands-step","11":"tm-no-options","13":"first","14":"instock","15":"sale","16":"taxable","17":"shipping-taxable","18":"purchasable","19":"product-type-simple"},"acf":[],"_links":{"self":[{"href":"https:\/\/secureus.se\/de\/wp-json\/wp\/v2\/product\/147458","targetHints":{"allow":["GET"]}}],"collection":[{"href":"https:\/\/secureus.se\/de\/wp-json\/wp\/v2\/product"}],"about":[{"href":"https:\/\/secureus.se\/de\/wp-json\/wp\/v2\/types\/product"}],"wp:featuredmedia":[{"embeddable":true,"href":"https:\/\/secureus.se\/de\/wp-json\/wp\/v2\/media\/147457"}],"wp:attachment":[{"href":"https:\/\/secureus.se\/de\/wp-json\/wp\/v2\/media?parent=147458"}],"wp:term":[{"taxonomy":"product_brand","embeddable":true,"href":"https:\/\/secureus.se\/de\/wp-json\/wp\/v2\/product_brand?post=147458"},{"taxonomy":"product_cat","embeddable":true,"href":"https:\/\/secureus.se\/de\/wp-json\/wp\/v2\/product_cat?post=147458"},{"taxonomy":"product_tag","embeddable":true,"href":"https:\/\/secureus.se\/de\/wp-json\/wp\/v2\/product_tag?post=147458"}],"curies":[{"name":"wp","href":"https:\/\/api.w.org\/{rel}","templated":true}]}}