{"id":147460,"date":"2023-09-26T13:08:30","date_gmt":"2023-09-26T11:08:30","guid":{"rendered":"https:\/\/secureus.se\/elslutbleck-step-98-rattvand-24v-kolvkontakt\/"},"modified":"2026-04-08T16:15:30","modified_gmt":"2026-04-08T14:15:30","slug":"elslutbleck-step-98-rattvand-24v-kolvkontakt","status":"publish","type":"product","link":"https:\/\/secureus.se\/de\/elslutbleck-step-98-rattvand-24v-kolvkontakt\/","title":{"rendered":"Elektro-T\u00fcr\u00f6ffner STEP 98 Rechtsseitig 24V Kolbenkontakt"},"content":{"rendered":"<h1>Elektro-T\u00fcr\u00f6ffner STEP 98 Rechtsseitig 24V Kolbenkontakt<\/h1>\n<p>STEP 98 Preload ist ein kompakter und feuerbest\u00e4ndiger elektrischer T\u00fcr\u00f6ffner mit Rechtsfunktion und Kolbenkontakt. Mit Streifendrucktechnologie, 24-V-Betrieb und der Option der Schlossanzeige ist es perfekt f\u00fcr T\u00fcren mit Knauf- oder Schl\u00fcsselschloss.<\/p>\n<p>Der elektrische T\u00fcr\u00f6ffner STEP 98 Preload ist ein elektrischer T\u00fcr\u00f6ffner der Preload-Serie von STEP, der hohe Betriebssicherheit und kompaktes Design f\u00fcr den Einsatz in T\u00fcrumgebungen mit Knauf- oder Schl\u00fcsselschl\u00f6ssern kombiniert.<\/p>\n<p>Mit der Rechtsfunktion \u2013 das hei\u00dft, das Schloss ist im stromlosen Zustand verriegelt \u2013 erf\u00fcllt es hohe Sicherheitsanforderungen f\u00fcr B\u00fcros, Technikr\u00e4ume und Wohnungseing\u00e4nge.<\/p>\n<p class=\"\" data-start=\"885\" data-end=\"1244\">Dank der patentierten Streifendrucktechnologie von STEP kann die T\u00fcr sogar mit einem Streifendruck von bis zu 40 kg ge\u00f6ffnet werden und der elektrische T\u00fcr\u00f6ffner hat eine Feuerbest\u00e4ndigkeit bis E\/EI120 gem\u00e4\u00df SS-EN 14846:2008.<\/p>\n<p class=\"\" data-start=\"885\" data-end=\"1244\">Der integrierte Kolbenschalter zeigt den T\u00fcrzustand (offen\/geschlossen) an, sodass STEP 98 sich optimal f\u00fcr den Anschluss an Zutrittskontrollsysteme oder Alarmanlagen eignet.<\/p>\n<p class=\"\" data-start=\"1246\" data-end=\"1637\">Mit einer Bruchfestigkeit von 9 kN (900 kg) und Unterst\u00fctzung sowohl f\u00fcr Haken- als auch f\u00fcr gerade Balken bietet STEP 98 eine robuste L\u00f6sung f\u00fcr den t\u00e4glichen Gebrauch. Der elektrische T\u00fcr\u00f6ffner ist f\u00fcr rechte und linke T\u00fcren umkehrbar, manipulationssicher und verf\u00fcgt \u00fcber eine eingebaute Schutzdiode.<\/p>\n<p class=\"\" data-start=\"1246\" data-end=\"1637\">Eine Erg\u00e4nzung mit dem Verriegelungsindikator ST4880 ist ebenfalls m\u00f6glich, zur automatischen Sperrung von T\u00fcrautomatiken oder Codeschl\u00f6ssern beim mechanischen Verriegeln.<\/p>\n<p class=\"\" data-start=\"1639\" data-end=\"1665\"><strong data-start=\"1639\" data-end=\"1665\">Eigenschaften und Vorteile:<\/strong><\/p>\n<ul data-start=\"1666\" data-end=\"1975\">\n<li class=\"\" data-start=\"1666\" data-end=\"1703\">\n<p class=\"\" data-start=\"1668\" data-end=\"1703\">Korrekte Funktion \u2013 stromlos verriegelt<\/p>\n<\/li>\n<li class=\"\" data-start=\"1704\" data-end=\"1751\">\n<p class=\"\" data-start=\"1706\" data-end=\"1751\">Kolbenkontakt zur \u00dcberwachung des T\u00fcrzustands<\/p>\n<\/li>\n<li class=\"\" data-start=\"1752\" data-end=\"1772\">\n<p class=\"\" data-start=\"1754\" data-end=\"1772\">Brandklasse E\/EI120<\/p>\n<\/li>\n<li class=\"\" data-start=\"1773\" data-end=\"1806\">\n<p class=\"\" data-start=\"1775\" data-end=\"1806\">H\u00e4lt einem Druck von bis zu 40 kg stand<\/p>\n<\/li>\n<li class=\"\" data-start=\"1807\" data-end=\"1839\">\n<p class=\"\" data-start=\"1809\" data-end=\"1839\">Bruchfestigkeit: 9 kN (900 kg)<\/p>\n<\/li>\n<li class=\"\" data-start=\"1840\" data-end=\"1871\">\n<p class=\"\" data-start=\"1842\" data-end=\"1871\">Passend f\u00fcr Haken- und gerade Balken<\/p>\n<\/li>\n<li class=\"\" data-start=\"1872\" data-end=\"1910\">\n<p class=\"\" data-start=\"1874\" data-end=\"1910\">Kompatibel mit Regelanzeige ST4880<\/p>\n<\/li>\n<li class=\"\" data-start=\"1911\" data-end=\"1939\">\n<p class=\"\" data-start=\"1913\" data-end=\"1939\">Schutzdiode und sto\u00dffest<\/p>\n<\/li>\n<li class=\"\" data-start=\"1940\" data-end=\"1975\">\n<p class=\"\" data-start=\"1942\" data-end=\"1975\">Umkehrbar \u2013 f\u00fcr rechte\/linke T\u00fcren<\/p>\n<\/li>\n<\/ul>\n<p class=\"\" data-start=\"1977\" data-end=\"2155\"><strong data-start=\"1977\" data-end=\"2000\">Einsatzgebiete:<\/strong><br data-start=\"2000\" data-end=\"2003\" \/>Ideal f\u00fcr T\u00fcren, die mit einem Knauf oder Schl\u00fcssel verschlossen sind, zB. B\u00fcros, Technikr\u00e4ume, Lagerr\u00e4ume und Innent\u00fcren, wo hohe Zuverl\u00e4ssigkeit und Brandschutzanforderungen kombiniert werden.<\/p>\n<p class=\"\" data-start=\"2157\" data-end=\"2186\"><strong data-start=\"2157\" data-end=\"2186\">Technische Spezifikationen:<\/strong><\/p>\n<ul data-start=\"2187\" data-end=\"2556\">\n<li class=\"\" data-start=\"2187\" data-end=\"2225\">\n<p class=\"\" data-start=\"2189\" data-end=\"2225\">Betriebsspannung: 24 V DC (21,6-27,6 V)<\/p>\n<\/li>\n<li class=\"\" data-start=\"2226\" data-end=\"2270\">\n<p class=\"\" data-start=\"2228\" data-end=\"2270\">Stromaufnahme: 110 mA entriegelt, max. 300 mA<\/p>\n<\/li>\n<li class=\"\" data-start=\"2271\" data-end=\"2318\">\n<p class=\"\" data-start=\"2273\" data-end=\"2318\">Kolbenkontakt: Mikroschalter, max. 30 V DC \/ 1 A<\/p>\n<\/li>\n<li class=\"\" data-start=\"2319\" data-end=\"2358\">\n<p class=\"\" data-start=\"2321\" data-end=\"2358\">T\u00fcranschlag: Rechts\/Links (umkehrbar)<\/p>\n<\/li>\n<li class=\"\" data-start=\"2359\" data-end=\"2390\">\n<p class=\"\" data-start=\"2361\" data-end=\"2390\">Abmessungen (BxTxH): 25 x 35 x 90 mm<\/p>\n<\/li>\n<li class=\"\" data-start=\"2391\" data-end=\"2416\">\n<p class=\"\" data-start=\"2393\" data-end=\"2416\">Bruchfestigkeit: 900 kg<\/p>\n<\/li>\n<li class=\"\" data-start=\"2417\" data-end=\"2435\">\n<p class=\"\" data-start=\"2419\" data-end=\"2435\">Streifendruck: 40 kg<\/p>\n<\/li>\n<li class=\"\" data-start=\"2436\" data-end=\"2453\">\n<p class=\"\" data-start=\"2438\" data-end=\"2453\">Kabel: Nicht enthalten<\/p>\n<\/li>\n<li class=\"\" data-start=\"2454\" data-end=\"2487\">\n<p class=\"\" data-start=\"2456\" data-end=\"2487\">Schlossart: Einzel- und Doppelriegelschloss<\/p>\n<\/li>\n<li class=\"\" data-start=\"2488\" data-end=\"2516\">\n<p class=\"\" data-start=\"2490\" data-end=\"2516\">Farbe\/Oberfl\u00e4che: Edelstahl<\/p>\n<\/li>\n<li class=\"\" data-start=\"2517\" data-end=\"2556\">\n<p class=\"\" data-start=\"2519\" data-end=\"2556\">Bewertungen: SundaHus, Baustoffbewertung<\/p>\n<\/li>\n<\/ul>","protected":false},"excerpt":{"rendered":"<p>Hier sehen Sie, welche Pfosten und Modelle aus dem STEP-Sortiment der elektrischen T\u00fcrstopper zusammenpassen.<\/p>\n<h5><strong><a href=\"https:\/\/steplock.com\/sv\/stolpguide\/#!?lang=sv&amp;blog_id=1&amp;paged=1&amp;number=50\" target=\"_blank\" rel=\"noopener\">STEP-Pfostenf\u00fchrung\u00a0<\/a><\/strong><\/h5>\n<h5><strong><a href=\"https:\/\/steplock.com\/sv\/projekteringsguide\/#!?lang=sv&amp;blog_id=1&amp;paged=1&amp;number=999\" target=\"_blank\" rel=\"noopener\">STEP-Designleitfaden<\/a><\/strong><\/h5>","protected":false},"featured_media":147459,"template":"","meta":{"_acf_changed":false},"product_brand":[],"product_cat":[3355],"product_tag":[4197,4200],"class_list":{"0":"post-147460","1":"product","2":"type-product","3":"status-publish","4":"has-post-thumbnail","6":"product_cat-elslutbleck","7":"product_tag-24v","8":"product_tag-rattvand","9":"product_shipping_class-tunga-paket","10":"pa_brands-step","11":"tm-no-options","13":"first","14":"instock","15":"sale","16":"taxable","17":"shipping-taxable","18":"purchasable","19":"product-type-simple"},"acf":[],"_links":{"self":[{"href":"https:\/\/secureus.se\/de\/wp-json\/wp\/v2\/product\/147460","targetHints":{"allow":["GET"]}}],"collection":[{"href":"https:\/\/secureus.se\/de\/wp-json\/wp\/v2\/product"}],"about":[{"href":"https:\/\/secureus.se\/de\/wp-json\/wp\/v2\/types\/product"}],"wp:featuredmedia":[{"embeddable":true,"href":"https:\/\/secureus.se\/de\/wp-json\/wp\/v2\/media\/147459"}],"wp:attachment":[{"href":"https:\/\/secureus.se\/de\/wp-json\/wp\/v2\/media?parent=147460"}],"wp:term":[{"taxonomy":"product_brand","embeddable":true,"href":"https:\/\/secureus.se\/de\/wp-json\/wp\/v2\/product_brand?post=147460"},{"taxonomy":"product_cat","embeddable":true,"href":"https:\/\/secureus.se\/de\/wp-json\/wp\/v2\/product_cat?post=147460"},{"taxonomy":"product_tag","embeddable":true,"href":"https:\/\/secureus.se\/de\/wp-json\/wp\/v2\/product_tag?post=147460"}],"curies":[{"name":"wp","href":"https:\/\/api.w.org\/{rel}","templated":true}]}}