{"id":147462,"date":"2023-09-26T13:08:25","date_gmt":"2023-09-26T11:08:25","guid":{"rendered":"https:\/\/secureus.se\/elslutbleck-step-30-rattvand-24v\/"},"modified":"2026-03-26T09:45:40","modified_gmt":"2026-03-26T08:45:40","slug":"elslutbleck-step-30-rattvand-24v","status":"publish","type":"product","link":"https:\/\/secureus.se\/de\/elslutbleck-step-30-rattvand-24v\/","title":{"rendered":"Elektro-T\u00fcr\u00f6ffner STEP 30 Rechtsseitig 24V"},"content":{"rendered":"<h1>Elektro-T\u00fcr\u00f6ffner STEP 30 Rechtsseitig 24V<\/h1>\n<p>STEP 30 Preload ist ein kompakter elektrischer T\u00fcr\u00f6ffner mit nach vorne gerichteter Funktion, der speziell f\u00fcr den Ersatz einfacherer elektrischer T\u00fcr\u00f6ffner in \u00e4lteren T\u00fcrumgebungen geeignet ist. Mit Streifendrucktechnik, 24V Betrieb und 500 kg Bruchkraft.<\/p>\n<p>Der elektrische T\u00fcr\u00f6ffner STEP 30 Preload ist ein minimalistischer elektrischer T\u00fcr\u00f6ffner aus der Preload-Serie von STEP, der dazu konzipiert ist, einfachere elektrische T\u00fcr\u00f6ffner in bestehenden T\u00fcrumgebungen ohne gr\u00f6\u00dfere Eingriffe zu ersetzen.<\/p>\n<p>Die kompakte Bauweise erm\u00f6glicht einen einfachen Einbau in \u00e4ltere T\u00fcrprofile oder enge Nischen und die patentierte Streifendrucktechnik von STEP sorgt daf\u00fcr, dass sich die T\u00fcr auch bei Druck auf das T\u00fcrblatt \u00f6ffnet.<\/p>\n<p class=\"\" data-start=\"869\" data-end=\"1170\">Dank der reversiblen Funktion \u2013 das hei\u00dft, dass das Schloss bei einem Stromausfall verriegelt ist \u2013 eignet sich STEP 30 f\u00fcr R\u00e4ume, in denen sicheres Verschlie\u00dfen im Vordergrund steht.<\/p>\n<p class=\"\" data-start=\"869\" data-end=\"1170\">Es h\u00e4lt einem Streifendruck von bis zu 40 kg stand und verf\u00fcgt \u00fcber eine Bruchfestigkeit von 5 kN (500 kg), was es zu einer zuverl\u00e4ssigen Wahl f\u00fcr einfachere innere Sicherheitszonen macht.<\/p>\n<p class=\"\" data-start=\"1172\" data-end=\"1415\">Der elektrische T\u00fcr\u00f6ffner ist f\u00fcr rechte und linke T\u00fcren umkehrbar und verf\u00fcgt \u00fcber eine eingebaute Schutzdiode und einen Ansto\u00dfschutz.<\/p>\n<p class=\"\" data-start=\"1172\" data-end=\"1415\">Da es ohne Kolbenkontakt geliefert wird, ist STEP 30 eine praktische und kosteng\u00fcnstige Alternative, wenn keine Anzeige erforderlich ist.<\/p>\n<p class=\"\" data-start=\"1417\" data-end=\"1443\"><strong data-start=\"1417\" data-end=\"1443\">Eigenschaften und Vorteile:<\/strong><\/p>\n<ul data-start=\"1444\" data-end=\"1761\">\n<li class=\"\" data-start=\"1444\" data-end=\"1497\">\n<p class=\"\" data-start=\"1446\" data-end=\"1497\">Kompaktes Design \u2013 passt in \u00e4ltere T\u00fcrelemente und Nischen<\/p>\n<\/li>\n<li class=\"\" data-start=\"1498\" data-end=\"1542\">\n<p class=\"\" data-start=\"1500\" data-end=\"1542\">R\u00fccklauffunktion \u2013 bei Stromausfall gesperrt<\/p>\n<\/li>\n<li class=\"\" data-start=\"1543\" data-end=\"1562\">\n<p class=\"\" data-start=\"1545\" data-end=\"1562\">24V Betriebsspannung<\/p>\n<\/li>\n<li class=\"\" data-start=\"1563\" data-end=\"1608\">\n<p class=\"\" data-start=\"1565\" data-end=\"1608\">Streifendrucktechnik \u2013 \u00f6ffnet trotz 40 kg Druck<\/p>\n<\/li>\n<li class=\"\" data-start=\"1609\" data-end=\"1640\">\n<p class=\"\" data-start=\"1611\" data-end=\"1640\">Bruchfestigkeit 5 kN (500 kg)<\/p>\n<\/li>\n<li class=\"\" data-start=\"1641\" data-end=\"1680\">\n<p class=\"\" data-start=\"1643\" data-end=\"1680\">Schlagfest und mit integrierter Schutzdiode<\/p>\n<\/li>\n<li class=\"\" data-start=\"1681\" data-end=\"1723\">\n<p class=\"\" data-start=\"1683\" data-end=\"1723\">Umkehrbar \u2013 rechts und links angeschlagene T\u00fcren<\/p>\n<\/li>\n<li class=\"\" data-start=\"1724\" data-end=\"1761\">\n<p class=\"\" data-start=\"1726\" data-end=\"1761\">Passend f\u00fcr ein- und zweifl\u00fcgelige Schl\u00f6sser<\/p>\n<\/li>\n<\/ul>\n<p class=\"\" data-start=\"1763\" data-end=\"1934\"><strong data-start=\"1763\" data-end=\"1786\">Einsatzgebiete:<\/strong><br data-start=\"1786\" data-end=\"1789\" \/>Perfekt f\u00fcr B\u00fcros, Lagerr\u00e4ume und \u00e4ltere Geb\u00e4ude, in denen ein einfaches Upgrade eines vorhandenen elektrischen T\u00fcr\u00f6ffners erforderlich ist, ohne die Betriebssicherheit zu beeintr\u00e4chtigen.<\/p>\n<p class=\"\" data-start=\"1936\" data-end=\"1965\"><strong data-start=\"1936\" data-end=\"1965\">Technische Spezifikationen:<\/strong><\/p>\n<ul data-start=\"1966\" data-end=\"2308\">\n<li class=\"\" data-start=\"1966\" data-end=\"2004\">\n<p class=\"\" data-start=\"1968\" data-end=\"2004\">Betriebsspannung: 24 V DC (21,6-27,6 V)<\/p>\n<\/li>\n<li class=\"\" data-start=\"2005\" data-end=\"2049\">\n<p class=\"\" data-start=\"2007\" data-end=\"2049\">Stromaufnahme: 110 mA entriegelt, max. 300 mA<\/p>\n<\/li>\n<li class=\"\" data-start=\"2050\" data-end=\"2089\">\n<p class=\"\" data-start=\"2052\" data-end=\"2089\">T\u00fcranschlag: Rechts\/Links (umkehrbar)<\/p>\n<\/li>\n<li class=\"\" data-start=\"2090\" data-end=\"2123\">\n<p class=\"\" data-start=\"2092\" data-end=\"2123\">Abmessungen (BxTxH): 20,5 x 28 x 99 mm<\/p>\n<\/li>\n<li class=\"\" data-start=\"2124\" data-end=\"2149\">\n<p class=\"\" data-start=\"2126\" data-end=\"2149\">Bruchfestigkeit: 500 kg<\/p>\n<\/li>\n<li class=\"\" data-start=\"2150\" data-end=\"2168\">\n<p class=\"\" data-start=\"2152\" data-end=\"2168\">Streifendruck: 40 kg<\/p>\n<\/li>\n<li class=\"\" data-start=\"2169\" data-end=\"2187\">\n<p class=\"\" data-start=\"2171\" data-end=\"2187\">Kolbenkontakt: Nein<\/p>\n<\/li>\n<li class=\"\" data-start=\"2188\" data-end=\"2205\">\n<p class=\"\" data-start=\"2190\" data-end=\"2205\">Kabel: Nicht enthalten<\/p>\n<\/li>\n<li class=\"\" data-start=\"2206\" data-end=\"2239\">\n<p class=\"\" data-start=\"2208\" data-end=\"2239\">Schlossart: Einzel- und Doppelriegelschloss<\/p>\n<\/li>\n<li class=\"\" data-start=\"2240\" data-end=\"2268\">\n<p class=\"\" data-start=\"2242\" data-end=\"2268\">Farbe\/Oberfl\u00e4che: Edelstahl<\/p>\n<\/li>\n<li class=\"\" data-start=\"2269\" data-end=\"2308\">\n<p class=\"\" data-start=\"2271\" data-end=\"2308\">Bewertungen: SundaHus, Baustoffbewertung<\/p>\n<\/li>\n<\/ul>","protected":false},"excerpt":{"rendered":"<p>Hier sehen Sie, welche Pfosten und Modelle aus dem STEP-Sortiment der elektrischen T\u00fcrstopper zusammenpassen.<\/p>\n<h5><strong><a href=\"https:\/\/steplock.com\/sv\/stolpguide\/#!?lang=sv&amp;blog_id=1&amp;paged=1&amp;number=50\" target=\"_blank\" rel=\"noopener\">STEP-Pfostenf\u00fchrung\u00a0<\/a><\/strong><\/h5>\n<h5><strong><a href=\"https:\/\/steplock.com\/sv\/projekteringsguide\/#!?lang=sv&amp;blog_id=1&amp;paged=1&amp;number=999\" target=\"_blank\" rel=\"noopener\">STEP-Designleitfaden<\/a><\/strong><\/h5>","protected":false},"featured_media":147461,"template":"","meta":{"_acf_changed":false},"product_brand":[],"product_cat":[3355],"product_tag":[4197,4200],"class_list":{"0":"post-147462","1":"product","2":"type-product","3":"status-publish","4":"has-post-thumbnail","6":"product_cat-elslutbleck","7":"product_tag-24v","8":"product_tag-rattvand","9":"product_shipping_class-tunga-paket","10":"pa_brands-step","11":"tm-no-options","13":"first","14":"instock","15":"sale","16":"taxable","17":"shipping-taxable","18":"purchasable","19":"product-type-simple"},"acf":[],"_links":{"self":[{"href":"https:\/\/secureus.se\/de\/wp-json\/wp\/v2\/product\/147462","targetHints":{"allow":["GET"]}}],"collection":[{"href":"https:\/\/secureus.se\/de\/wp-json\/wp\/v2\/product"}],"about":[{"href":"https:\/\/secureus.se\/de\/wp-json\/wp\/v2\/types\/product"}],"wp:featuredmedia":[{"embeddable":true,"href":"https:\/\/secureus.se\/de\/wp-json\/wp\/v2\/media\/147461"}],"wp:attachment":[{"href":"https:\/\/secureus.se\/de\/wp-json\/wp\/v2\/media?parent=147462"}],"wp:term":[{"taxonomy":"product_brand","embeddable":true,"href":"https:\/\/secureus.se\/de\/wp-json\/wp\/v2\/product_brand?post=147462"},{"taxonomy":"product_cat","embeddable":true,"href":"https:\/\/secureus.se\/de\/wp-json\/wp\/v2\/product_cat?post=147462"},{"taxonomy":"product_tag","embeddable":true,"href":"https:\/\/secureus.se\/de\/wp-json\/wp\/v2\/product_tag?post=147462"}],"curies":[{"name":"wp","href":"https:\/\/api.w.org\/{rel}","templated":true}]}}