{"id":147466,"date":"2023-09-26T13:08:24","date_gmt":"2023-09-26T11:08:24","guid":{"rendered":"https:\/\/secureus.se\/elslutbleck-step-40-omstallbar-12v\/"},"modified":"2026-03-26T09:46:32","modified_gmt":"2026-03-26T08:46:32","slug":"elslutbleck-step-40-omstallbar-12v","status":"publish","type":"product","link":"https:\/\/secureus.se\/de\/elslutbleck-step-40-omstallbar-12v\/","title":{"rendered":"Elektro-T\u00fcr\u00f6ffner STEP 40 Einstellbar 12V"},"content":{"rendered":"<h1>Elektro-T\u00fcr\u00f6ffner STEP 40 Einstellbar 12V<\/h1>\n<p>STEP 40 Preload ist ein kompakter und einstellbarer elektrischer T\u00fcr\u00f6ffner mit 12-V-Betrieb, HPR-Technologie und hoher Bruchfestigkeit. Flexible Funktion, die auf Vorw\u00e4rts- oder R\u00fcckw\u00e4rtslauf eingestellt werden kann. Perfekt f\u00fcr T\u00fcren mit hohen Anforderungen an die Betriebssicherheit.<\/p>\n<p>Der elektrische T\u00fcr\u00f6ffner STEP 40 Preload ist ein vielseitiger und zuverl\u00e4ssiger elektrischer T\u00fcr\u00f6ffner der Preload-Serie von STEP, der f\u00fcr den Einsatz in anspruchsvollen T\u00fcrumgebungen konzipiert ist, in denen eine hohe \u00d6ffnungsfrequenz und eine sichere Funktion wichtig sind.<\/p>\n<p>Diese Variante ist umschaltbar zwischen Vorw\u00e4rts- und R\u00fcckw\u00e4rtslauf, wodurch Sie bequem w\u00e4hlen k\u00f6nnen, ob das Schloss bei einem Stromausfall verriegelt oder entriegelt werden soll \u2013 ohne das Produkt wechseln zu m\u00fcssen.<\/p>\n<p data-start=\"910\" data-end=\"1301\">STEP 40 ist mit der patentierten HPR\u00ae-Technologie ausgestattet, die eine Entriegelung auch bei einem T\u00fcrbanddruck von bis zu 250 kg erm\u00f6glicht. Mit einer Bruchfestigkeit von 1.200 kg ist der T\u00fcr\u00f6ffner auf eine dauerhafte und sichere Funktion auch bei intensiver Nutzung ausgelegt.<\/p>\n<p data-start=\"910\" data-end=\"1301\">Das Produkt wurde im Werk auf 1.500.000 Zyklen getestet und ist daher ideal f\u00fcr T\u00fcren mit hohem Durchsatz.<\/p>\n<p data-start=\"1303\" data-end=\"1529\">Das kompakte Format und das reversible Design erm\u00f6glichen eine einfache Installation sowohl in rechts- als auch in linksangeschlagenen T\u00fcren.<\/p>\n<p data-start=\"1303\" data-end=\"1529\">Das elektrische T\u00fcr\u00f6ffnerblech ist zudem manipulationssicher, verf\u00fcgt \u00fcber eine eingebaute Schutzdiode und passt sowohl zu ein- als auch zu zweifl\u00fcgeligen Schl\u00f6ssern.<\/p>\n<p class=\"\" data-start=\"1531\" data-end=\"1557\"><strong data-start=\"1531\" data-end=\"1557\">Eigenschaften und Vorteile:<\/strong><\/p>\n<ul data-start=\"1558\" data-end=\"1875\">\n<li class=\"\" data-start=\"1558\" data-end=\"1608\">\n<p class=\"\" data-start=\"1560\" data-end=\"1608\">Umkehrfunktion \u2013 w\u00e4hlen Sie vorw\u00e4rts oder r\u00fcckw\u00e4rts<\/p>\n<\/li>\n<li class=\"\" data-start=\"1609\" data-end=\"1654\">\n<p class=\"\" data-start=\"1611\" data-end=\"1654\">Kompakt und umkehrbar f\u00fcr rechte\/linke T\u00fcren<\/p>\n<\/li>\n<li class=\"\" data-start=\"1655\" data-end=\"1674\">\n<p class=\"\" data-start=\"1657\" data-end=\"1674\">12V Betriebsspannung<\/p>\n<\/li>\n<li class=\"\" data-start=\"1675\" data-end=\"1709\">\n<p class=\"\" data-start=\"1677\" data-end=\"1709\">H\u00e4lt Formdr\u00fccken bis zu 250 kg stand<\/p>\n<\/li>\n<li class=\"\" data-start=\"1710\" data-end=\"1736\">\n<p class=\"\" data-start=\"1712\" data-end=\"1736\">Bruchfestigkeit 1.200 kg<\/p>\n<\/li>\n<li class=\"\" data-start=\"1737\" data-end=\"1782\">\n<p class=\"\" data-start=\"1739\" data-end=\"1782\">HPR\u00ae-Technologie \u2013 zuverl\u00e4ssige Funktion auch unter Druck<\/p>\n<\/li>\n<li class=\"\" data-start=\"1783\" data-end=\"1812\">\n<p class=\"\" data-start=\"1785\" data-end=\"1812\">Getestet f\u00fcr 1.500.000 Zyklen<\/p>\n<\/li>\n<li class=\"\" data-start=\"1813\" data-end=\"1842\">\n<p class=\"\" data-start=\"1815\" data-end=\"1842\">Schutzdiode und \u00dcberspannungsschutz<\/p>\n<\/li>\n<li class=\"\" data-start=\"1843\" data-end=\"1875\">\n<p class=\"\" data-start=\"1845\" data-end=\"1875\">Passend f\u00fcr ein- und zweifl\u00fcgelige Schl\u00f6sser<\/p>\n<\/li>\n<\/ul>\n<p class=\"\" data-start=\"1877\" data-end=\"2078\"><strong data-start=\"1877\" data-end=\"1900\">Einsatzgebiete:<\/strong><br data-start=\"1900\" data-end=\"1903\" \/>Perfekt f\u00fcr B\u00fcros, \u00f6ffentliche Umgebungen und Mehrfamilienh\u00e4user, wo ein kompakter, flexibler und zuverl\u00e4ssiger elektrischer T\u00fcr\u00f6ffner erforderlich ist. Einfache L\u00f6sung sowohl f\u00fcr die Neuinstallation als auch f\u00fcr die Nachr\u00fcstung.<\/p>\n<p class=\"\" data-start=\"2080\" data-end=\"2109\"><strong data-start=\"2080\" data-end=\"2109\">Technische Spezifikationen:<\/strong><\/p>\n<ul data-start=\"2110\" data-end=\"2453\">\n<li class=\"\" data-start=\"2110\" data-end=\"2148\">\n<p class=\"\" data-start=\"2112\" data-end=\"2148\">Betriebsspannung: 12 V DC (10,8-13,8 V)<\/p>\n<\/li>\n<li class=\"\" data-start=\"2149\" data-end=\"2193\">\n<p class=\"\" data-start=\"2151\" data-end=\"2193\">Stromaufnahme: 220 mA entriegelt, max. 600 mA<\/p>\n<\/li>\n<li class=\"\" data-start=\"2194\" data-end=\"2233\">\n<p class=\"\" data-start=\"2196\" data-end=\"2233\">T\u00fcranschlag: Rechts\/Links (umkehrbar)<\/p>\n<\/li>\n<li class=\"\" data-start=\"2234\" data-end=\"2265\">\n<p class=\"\" data-start=\"2236\" data-end=\"2265\">Abmessungen (BxTxH): 25 x 28 x 90 mm<\/p>\n<\/li>\n<li class=\"\" data-start=\"2266\" data-end=\"2293\">\n<p class=\"\" data-start=\"2268\" data-end=\"2293\">Bruchfestigkeit: 1.200 kg<\/p>\n<\/li>\n<li class=\"\" data-start=\"2294\" data-end=\"2313\">\n<p class=\"\" data-start=\"2296\" data-end=\"2313\">Banddruck: 250 kg<\/p>\n<\/li>\n<li class=\"\" data-start=\"2314\" data-end=\"2331\">\n<p class=\"\" data-start=\"2316\" data-end=\"2331\">Kabel: Nicht enthalten<\/p>\n<\/li>\n<li class=\"\" data-start=\"2332\" data-end=\"2350\">\n<p class=\"\" data-start=\"2334\" data-end=\"2350\">Kolbenkontakt: Nein<\/p>\n<\/li>\n<li class=\"\" data-start=\"2351\" data-end=\"2384\">\n<p class=\"\" data-start=\"2353\" data-end=\"2384\">Schlossart: Einzel- und Doppelriegelschloss<\/p>\n<\/li>\n<li class=\"\" data-start=\"2385\" data-end=\"2413\">\n<p class=\"\" data-start=\"2387\" data-end=\"2413\">Farbe\/Oberfl\u00e4che: Edelstahl<\/p>\n<\/li>\n<li class=\"\" data-start=\"2414\" data-end=\"2453\">\n<p class=\"\" data-start=\"2416\" data-end=\"2453\">Bewertungen: SundaHus, Baustoffbewertung<\/p>\n<\/li>\n<\/ul>","protected":false},"excerpt":{"rendered":"<p>Hier sehen Sie, welche Pfosten und Modelle aus dem STEP-Sortiment der elektrischen T\u00fcrstopper zusammenpassen.<\/p>\n<h5><strong><a href=\"https:\/\/steplock.com\/sv\/stolpguide\/#!?lang=sv&amp;blog_id=1&amp;paged=1&amp;number=50\" target=\"_blank\" rel=\"noopener\">STEP-Pfostenf\u00fchrung\u00a0<\/a><\/strong><\/h5>\n<h5><strong><a href=\"https:\/\/steplock.com\/sv\/projekteringsguide\/#!?lang=sv&amp;blog_id=1&amp;paged=1&amp;number=999\" target=\"_blank\" rel=\"noopener\">STEP-Designleitfaden<\/a><\/strong><\/h5>","protected":false},"featured_media":147463,"template":"","meta":{"_acf_changed":false},"product_brand":[],"product_cat":[3355],"product_tag":[4198,4202],"class_list":{"0":"post-147466","1":"product","2":"type-product","3":"status-publish","4":"has-post-thumbnail","6":"product_cat-elslutbleck","7":"product_tag-12v","8":"product_tag-omstallbar-rattvand-omvand","9":"product_shipping_class-tunga-paket","10":"pa_brands-step","11":"tm-no-options","13":"first","14":"instock","15":"sale","16":"taxable","17":"shipping-taxable","18":"purchasable","19":"product-type-simple"},"acf":[],"_links":{"self":[{"href":"https:\/\/secureus.se\/de\/wp-json\/wp\/v2\/product\/147466","targetHints":{"allow":["GET"]}}],"collection":[{"href":"https:\/\/secureus.se\/de\/wp-json\/wp\/v2\/product"}],"about":[{"href":"https:\/\/secureus.se\/de\/wp-json\/wp\/v2\/types\/product"}],"wp:featuredmedia":[{"embeddable":true,"href":"https:\/\/secureus.se\/de\/wp-json\/wp\/v2\/media\/147463"}],"wp:attachment":[{"href":"https:\/\/secureus.se\/de\/wp-json\/wp\/v2\/media?parent=147466"}],"wp:term":[{"taxonomy":"product_brand","embeddable":true,"href":"https:\/\/secureus.se\/de\/wp-json\/wp\/v2\/product_brand?post=147466"},{"taxonomy":"product_cat","embeddable":true,"href":"https:\/\/secureus.se\/de\/wp-json\/wp\/v2\/product_cat?post=147466"},{"taxonomy":"product_tag","embeddable":true,"href":"https:\/\/secureus.se\/de\/wp-json\/wp\/v2\/product_tag?post=147466"}],"curies":[{"name":"wp","href":"https:\/\/api.w.org\/{rel}","templated":true}]}}