{"id":147471,"date":"2023-09-26T13:08:21","date_gmt":"2023-09-26T11:08:21","guid":{"rendered":"https:\/\/secureus.se\/elslutbleck-step-18-vanster-rattvand-24v-7mm-regel-connect\/"},"modified":"2026-04-08T16:18:00","modified_gmt":"2026-04-08T14:18:00","slug":"elslutbleck-step-18-vanster-rattvand-24v-7mm-regel-connect","status":"publish","type":"product","link":"https:\/\/secureus.se\/de\/elslutbleck-step-18-vanster-rattvand-24v-7mm-regel-connect\/","title":{"rendered":"Elektro-T\u00fcr\u00f6ffner STEP 18 Links Rechts 24V 7mm Rule Connect"},"content":{"rendered":"<h1>Elektro-T\u00fcr\u00f6ffner STEP 18 Links Rechts 24V 7mm Rule Connect<\/h1>\n<p>STEP 18 Secure ist ein Hochsicherheits-T\u00fcr\u00f6ffner f\u00fcr links angeschlagene T\u00fcren mit 7 mm Connect-Riegel. Rechtsgerichtete Funktion, Brandklasse E\/EI60, Kolbenkontakt und 5 m Kabel. H\u00e4lt einer Bruchfestigkeit von 1500 kg stand.<\/p>\n<p>Der elektrische T\u00fcr\u00f6ffner STEP 18 Secure aus der Secure-Serie von STEP bietet die h\u00f6chste Sicherheit auf dem Markt in T\u00fcrumgebungen mit intensivem Ein- und Ausgang.<\/p>\n<p>Diese Variante ist f\u00fcr links angeschlagene T\u00fcren mit 7 mm Kolben der Connect-Serie angepasst und bietet hervorragenden Einbruchschutz kombiniert mit schneller und zuverl\u00e4ssiger Funktion.<\/p>\n<p class=\"\" data-start=\"852\" data-end=\"1134\">Durch die Rechtsfunktion (Verriegelung im stromlosen Zustand) eignet sich der T\u00fcr\u00f6ffner optimal f\u00fcr Sicherheitst\u00fcren, deren Durchgang nur im stromlosen Zustand gestattet ist.<\/p>\n<p class=\"\" data-start=\"852\" data-end=\"1134\">Das Produkt ist gem\u00e4\u00df SS-EN 14846 feuerfest bis E\/EI60 und f\u00fcr die Verriegelung von T\u00fcren der Sicherheitsklasse RC4 zugelassen.<\/p>\n<p class=\"\" data-start=\"1136\" data-end=\"1504\">STEP 18 ist sowohl mit einem St\u00f6\u00dfelschalter als auch einem Riegelschalter ausgestattet, der eine klare Statusanzeige (offen\/geschlossen, verriegelt\/entriegelt) bietet und eine nahtlose Integration in Zugangskontrollsysteme und Alarml\u00f6sungen erm\u00f6glicht.<\/p>\n<p class=\"\" data-start=\"1136\" data-end=\"1504\">Es h\u00e4lt einem Streifendruck von bis zu 5 kN (500 kg) stand und verf\u00fcgt \u00fcber eine Bruchfestigkeit von 15 kN (1500 kg). Damit ist es ideal f\u00fcr Umgebungen, in denen sowohl Robustheit als auch Leistung erforderlich sind.<\/p>\n<p class=\"\" data-start=\"1506\" data-end=\"1640\">Wird komplett mit 5 Metern halogenfreiem Kabel und eingebauter Schutzdiode geliefert und ist manipulationssicher, um externen Manipulationen zu widerstehen.<\/p>\n<p class=\"\" data-start=\"1642\" data-end=\"1668\"><strong data-start=\"1642\" data-end=\"1668\">Eigenschaften und Vorteile:<\/strong><\/p>\n<ul data-start=\"1669\" data-end=\"1952\">\n<li class=\"\" data-start=\"1669\" data-end=\"1702\">\n<p class=\"\" data-start=\"1671\" data-end=\"1702\">F\u00fcr 7 mm Bolzen der Connect-Serie<\/p>\n<\/li>\n<li class=\"\" data-start=\"1703\" data-end=\"1747\">\n<p class=\"\" data-start=\"1705\" data-end=\"1747\">R\u00fccklauffunktion \u2013 bei Stromausfall gesperrt<\/p>\n<\/li>\n<li class=\"\" data-start=\"1748\" data-end=\"1767\">\n<p class=\"\" data-start=\"1750\" data-end=\"1767\">T\u00fcranschlag links<\/p>\n<\/li>\n<li class=\"\" data-start=\"1768\" data-end=\"1807\">\n<p class=\"\" data-start=\"1770\" data-end=\"1807\">Brandklasse E\/EI60 \u2013 gepr\u00fcft 60 Minuten<\/p>\n<\/li>\n<li class=\"\" data-start=\"1808\" data-end=\"1838\">\n<p class=\"\" data-start=\"1810\" data-end=\"1838\">Kolbenkontakt und Riegelkontakt<\/p>\n<\/li>\n<li class=\"\" data-start=\"1839\" data-end=\"1889\">\n<p class=\"\" data-start=\"1841\" data-end=\"1889\">H\u00e4lt 500 kg Streifendruck stand, 1500 kg Bruchfestigkeit<\/p>\n<\/li>\n<li class=\"\" data-start=\"1890\" data-end=\"1919\">\n<p class=\"\" data-start=\"1892\" data-end=\"1919\">Schutzdiode und \u00dcberspannungsschutz<\/p>\n<\/li>\n<li class=\"\" data-start=\"1920\" data-end=\"1952\">\n<p class=\"\" data-start=\"1922\" data-end=\"1952\">5 Meter halogenfreies Kabel inklusive<\/p>\n<\/li>\n<\/ul>\n<p class=\"\" data-start=\"1954\" data-end=\"2110\"><strong data-start=\"1954\" data-end=\"1977\">Einsatzgebiete:<\/strong><br data-start=\"1977\" data-end=\"1980\" \/>Geeignet f\u00fcr Sicherheitst\u00fcren in Beh\u00f6rden, Gef\u00e4ngnissen, Banken und anderen T\u00fcrumgebungen, in denen hohe Sicherheit und t\u00e4gliche Belastungen die Norm sind.<\/p>\n<p class=\"\" data-start=\"2112\" data-end=\"2141\"><strong data-start=\"2112\" data-end=\"2141\">Technische Spezifikationen:<\/strong><\/p>\n<ul data-start=\"2142\" data-end=\"2488\">\n<li class=\"\" data-start=\"2142\" data-end=\"2180\">\n<p class=\"\" data-start=\"2144\" data-end=\"2180\">Betriebsspannung: 24 V DC (21,6-27,6 V)<\/p>\n<\/li>\n<li class=\"\" data-start=\"2181\" data-end=\"2213\">\n<p class=\"\" data-start=\"2183\" data-end=\"2213\">Stromverbrauch: 313 mA entriegelt<\/p>\n<\/li>\n<li class=\"\" data-start=\"2214\" data-end=\"2237\">\n<p class=\"\" data-start=\"2216\" data-end=\"2237\">T\u00fcranschlag: Links<\/p>\n<\/li>\n<li class=\"\" data-start=\"2238\" data-end=\"2259\">\n<p class=\"\" data-start=\"2240\" data-end=\"2259\">Kabell\u00e4nge: 5 Meter<\/p>\n<\/li>\n<li class=\"\" data-start=\"2260\" data-end=\"2286\">\n<p class=\"\" data-start=\"2262\" data-end=\"2286\">Bruchfestigkeit: 1500 kg<\/p>\n<\/li>\n<li class=\"\" data-start=\"2287\" data-end=\"2306\">\n<p class=\"\" data-start=\"2289\" data-end=\"2306\">Listendruck: 500 kg<\/p>\n<\/li>\n<li class=\"\" data-start=\"2307\" data-end=\"2339\">\n<p class=\"\" data-start=\"2309\" data-end=\"2339\">Abmessungen (BxTxH): 35 x 40 x 230 mm<\/p>\n<\/li>\n<li class=\"\" data-start=\"2340\" data-end=\"2371\">\n<p class=\"\" data-start=\"2342\" data-end=\"2371\">Schlosstyp: Hakenfallenschloss, Riegelschloss<\/p>\n<\/li>\n<li class=\"\" data-start=\"2372\" data-end=\"2419\">\n<p class=\"\" data-start=\"2374\" data-end=\"2419\">Kolbenkontakt: Mikroschalter, max. 30 V DC \/ 1 A<\/p>\n<\/li>\n<li class=\"\" data-start=\"2420\" data-end=\"2448\">\n<p class=\"\" data-start=\"2422\" data-end=\"2448\">Farbe\/Oberfl\u00e4che: Edelstahl<\/p>\n<\/li>\n<li class=\"\" data-start=\"2449\" data-end=\"2488\">\n<p class=\"\" data-start=\"2451\" data-end=\"2488\">Bewertungen: SundaHus, Baustoffbewertung<\/p>\n<\/li>\n<\/ul>","protected":false},"excerpt":{"rendered":"<p>Hier sehen Sie, welche Pfosten und Modelle aus dem STEP-Sortiment der elektrischen T\u00fcrstopper zusammenpassen.<\/p>\n<h5><strong><a href=\"https:\/\/steplock.com\/sv\/stolpguide\/#!?lang=sv&amp;blog_id=1&amp;paged=1&amp;number=50\" target=\"_blank\" rel=\"noopener\">STEP-Pfostenf\u00fchrung\u00a0<\/a><\/strong><\/h5>\n<h5><strong><a href=\"https:\/\/steplock.com\/sv\/projekteringsguide\/#!?lang=sv&amp;blog_id=1&amp;paged=1&amp;number=999\" target=\"_blank\" rel=\"noopener\">STEP-Designleitfaden<\/a><\/strong><\/h5>","protected":false},"featured_media":147467,"template":"","meta":{"_acf_changed":false},"product_brand":[],"product_cat":[3355],"product_tag":[4197,4200],"class_list":{"0":"post-147471","1":"product","2":"type-product","3":"status-publish","4":"has-post-thumbnail","6":"product_cat-elslutbleck","7":"product_tag-24v","8":"product_tag-rattvand","9":"product_shipping_class-tunga-paket","10":"pa_brands-step","11":"tm-no-options","13":"first","14":"onbackorder","15":"sale","16":"taxable","17":"shipping-taxable","18":"purchasable","19":"product-type-simple"},"acf":[],"_links":{"self":[{"href":"https:\/\/secureus.se\/de\/wp-json\/wp\/v2\/product\/147471","targetHints":{"allow":["GET"]}}],"collection":[{"href":"https:\/\/secureus.se\/de\/wp-json\/wp\/v2\/product"}],"about":[{"href":"https:\/\/secureus.se\/de\/wp-json\/wp\/v2\/types\/product"}],"wp:featuredmedia":[{"embeddable":true,"href":"https:\/\/secureus.se\/de\/wp-json\/wp\/v2\/media\/147467"}],"wp:attachment":[{"href":"https:\/\/secureus.se\/de\/wp-json\/wp\/v2\/media?parent=147471"}],"wp:term":[{"taxonomy":"product_brand","embeddable":true,"href":"https:\/\/secureus.se\/de\/wp-json\/wp\/v2\/product_brand?post=147471"},{"taxonomy":"product_cat","embeddable":true,"href":"https:\/\/secureus.se\/de\/wp-json\/wp\/v2\/product_cat?post=147471"},{"taxonomy":"product_tag","embeddable":true,"href":"https:\/\/secureus.se\/de\/wp-json\/wp\/v2\/product_tag?post=147471"}],"curies":[{"name":"wp","href":"https:\/\/api.w.org\/{rel}","templated":true}]}}