{"id":147473,"date":"2023-09-26T13:08:15","date_gmt":"2023-09-26T11:08:15","guid":{"rendered":"https:\/\/secureus.se\/elslutbleck-step-98-omstallbar-12v-kolvkontakt\/"},"modified":"2026-04-23T12:34:34","modified_gmt":"2026-04-23T10:34:34","slug":"elslutbleck-step-98-omstallbar-12v-kolvkontakt","status":"publish","type":"product","link":"https:\/\/secureus.se\/de\/elslutbleck-step-98-omstallbar-12v-kolvkontakt\/","title":{"rendered":"Elektro-T\u00fcr\u00f6ffner STEP 98 Einstellbar 12V Kolbenkontakt"},"content":{"rendered":"<h1>Elektro-T\u00fcr\u00f6ffner STEP 98 Einstellbar 12V Kolbenkontakt<\/h1>\n<p>Der elektrische T\u00fcr\u00f6ffner STEP 98Preload ist ein hochwertiger elektrischer T\u00fcr\u00f6ffner aus der Preload-Serie von STEP, der Flexibilit\u00e4t, Sicherheit und Betriebszuverl\u00e4ssigkeit in T\u00fcrumgebungen bietet, in denen ein Knauf oder Schl\u00fcssel zum Verschlie\u00dfen verwendet wird.<\/p>\n<p>Die Umschaltfunktion erm\u00f6glicht ein einfaches Umschalten zwischen Vorw\u00e4rts- (bei Stromausfall gesperrt) und R\u00fcckw\u00e4rtsfunktion (bei Stromausfall entsperrt) \u2013 perfekt f\u00fcr wechselnde Sicherheitsbed\u00fcrfnisse oder Betriebsumgebungen.<\/p>\n<p class=\"\" data-start=\"986\" data-end=\"1275\">Durch einen eingebauten Kolbenkontakt kann der T\u00fcr\u00f6ffner den T\u00fcrzustand (offen\/geschlossen) anzeigen, was eine Anbindung an ein Zutrittskontrollsystem oder eine Alarmanlage erm\u00f6glicht.<\/p>\n<p class=\"\" data-start=\"986\" data-end=\"1275\">STEP 98 ist au\u00dferdem gem\u00e4\u00df E\/EI 120 feuerbest\u00e4ndig und eignet sich daher f\u00fcr T\u00fcrumgebungen, in denen sowohl Sicherheits- als auch Evakuierungsanforderungen erf\u00fcllt werden m\u00fcssen.<\/p>\n<p class=\"\" data-start=\"1277\" data-end=\"1577\">Der T\u00fcr\u00f6ffner ist mit der patentierten Leistenandrucktechnik von STEP ausgestattet, die ein \u00d6ffnen der T\u00fcr trotz eines Leistenandrucks von bis zu 40 kg gew\u00e4hrleistet.<\/p>\n<p class=\"\" data-start=\"1277\" data-end=\"1577\">Das kompakte Design, die umkehrbare Konstruktion und die Unterst\u00fctzung sowohl f\u00fcr ein- als auch f\u00fcr zweifl\u00fcgelige Schl\u00f6sser machen STEP 98 zu einer flexiblen und langlebigen Wahl.<\/p>\n<p class=\"\" data-start=\"1584\" data-end=\"1610\"><strong data-start=\"1584\" data-end=\"1610\">Eigenschaften und Vorteile:<\/strong><\/p>\n<ul data-start=\"1611\" data-end=\"1947\">\n<li class=\"\" data-start=\"1611\" data-end=\"1656\">\n<p class=\"\" data-start=\"1613\" data-end=\"1656\">Umkehrfunktion \u2013 vorw\u00e4rts oder r\u00fcckw\u00e4rts<\/p>\n<\/li>\n<li class=\"\" data-start=\"1657\" data-end=\"1676\">\n<p class=\"\" data-start=\"1659\" data-end=\"1676\">12V Betriebsspannung<\/p>\n<\/li>\n<li class=\"\" data-start=\"1677\" data-end=\"1712\">\n<p class=\"\" data-start=\"1679\" data-end=\"1712\">Kolbenkontakt zur Zustands\u00fcberwachung<\/p>\n<\/li>\n<li class=\"\" data-start=\"1713\" data-end=\"1751\">\n<p class=\"\" data-start=\"1715\" data-end=\"1751\">Brandklasse E\/EI 120 (getestet 120 Min.)<\/p>\n<\/li>\n<li class=\"\" data-start=\"1752\" data-end=\"1777\">\n<p class=\"\" data-start=\"1754\" data-end=\"1777\">Bruchfestigkeit: 900 kg<\/p>\n<\/li>\n<li class=\"\" data-start=\"1778\" data-end=\"1811\">\n<p class=\"\" data-start=\"1780\" data-end=\"1811\">H\u00e4lt einem Druck von bis zu 40 kg stand<\/p>\n<\/li>\n<li class=\"\" data-start=\"1812\" data-end=\"1841\">\n<p class=\"\" data-start=\"1814\" data-end=\"1841\">Schutzdiode und \u00dcberspannungsschutz<\/p>\n<\/li>\n<li class=\"\" data-start=\"1842\" data-end=\"1879\">\n<p class=\"\" data-start=\"1844\" data-end=\"1879\">Kompaktes Design \u2013 einfache Installation<\/p>\n<\/li>\n<li class=\"\" data-start=\"1880\" data-end=\"1912\">\n<p class=\"\" data-start=\"1882\" data-end=\"1912\">Passend f\u00fcr ein- und zweifl\u00fcgelige Schl\u00f6sser<\/p>\n<\/li>\n<li class=\"\" data-start=\"1913\" data-end=\"1947\">\n<p class=\"\" data-start=\"1915\" data-end=\"1947\">Umkehrbar f\u00fcr rechte\/linke T\u00fcren<\/p>\n<\/li>\n<\/ul>\n<p><strong data-start=\"1954\" data-end=\"1977\">Einsatzgebiete:<\/strong><br data-start=\"1977\" data-end=\"1980\" \/>Geeignet f\u00fcr B\u00fcros, Schulen, Wohnungseigent\u00fcmergemeinschaften und \u00f6ffentliche Umgebungen, in denen T\u00fcren sicher, aber auch flexibel f\u00fcr verschiedene Durchgangsarten und Brandschutzanforderungen sein m\u00fcssen.<\/p>\n<p class=\"\" data-start=\"2147\" data-end=\"2176\"><strong data-start=\"2147\" data-end=\"2176\">Technische Spezifikationen:<\/strong><\/p>\n<ul data-start=\"2177\" data-end=\"2548\">\n<li class=\"\" data-start=\"2177\" data-end=\"2215\">\n<p class=\"\" data-start=\"2179\" data-end=\"2215\">Betriebsspannung: 12 V DC (10,8-13,8 V)<\/p>\n<\/li>\n<li class=\"\" data-start=\"2216\" data-end=\"2260\">\n<p class=\"\" data-start=\"2218\" data-end=\"2260\">Stromaufnahme: 220 mA entriegelt, max. 600 mA<\/p>\n<\/li>\n<li class=\"\" data-start=\"2261\" data-end=\"2300\">\n<p class=\"\" data-start=\"2263\" data-end=\"2300\">T\u00fcranschlag: Rechts\/Links (umkehrbar)<\/p>\n<\/li>\n<li class=\"\" data-start=\"2301\" data-end=\"2326\">\n<p class=\"\" data-start=\"2303\" data-end=\"2326\">Bruchfestigkeit: 900 kg<\/p>\n<\/li>\n<li class=\"\" data-start=\"2327\" data-end=\"2345\">\n<p class=\"\" data-start=\"2329\" data-end=\"2345\">Streifendruck: 40 kg<\/p>\n<\/li>\n<li class=\"\" data-start=\"2346\" data-end=\"2381\">\n<p class=\"\" data-start=\"2348\" data-end=\"2381\">Schlosstyp: Einzelriegelschloss, Doppelriegelschloss<\/p>\n<\/li>\n<li class=\"\" data-start=\"2382\" data-end=\"2429\">\n<p class=\"\" data-start=\"2384\" data-end=\"2429\">Kolbenkontakt: Mikroschalter, max. 30 V DC \/ 1 A<\/p>\n<\/li>\n<li class=\"\" data-start=\"2430\" data-end=\"2461\">\n<p class=\"\" data-start=\"2432\" data-end=\"2461\">Abmessungen (BxTxH): 25 x 35 x 90 mm<\/p>\n<\/li>\n<li class=\"\" data-start=\"2462\" data-end=\"2490\">\n<p class=\"\" data-start=\"2464\" data-end=\"2490\">Farbe\/Oberfl\u00e4che: Edelstahl<\/p>\n<\/li>\n<li class=\"\" data-start=\"2491\" data-end=\"2508\">\n<p class=\"\" data-start=\"2493\" data-end=\"2508\">Kabel: Nicht enthalten<\/p>\n<\/li>\n<li class=\"\" data-start=\"2509\" data-end=\"2548\">\n<p class=\"\" data-start=\"2511\" data-end=\"2548\">Bewertungen: SundaHus, Baustoffbewertung<\/p>\n<\/li>\n<\/ul>","protected":false},"excerpt":{"rendered":"<p>Hier sehen Sie, welche Pfosten und Modelle aus dem STEP-Sortiment der elektrischen T\u00fcrstopper zusammenpassen.<\/p>\n<h5><strong><a href=\"https:\/\/steplock.com\/sv\/stolpguide\/#!?lang=sv&amp;blog_id=1&amp;paged=1&amp;number=50\" target=\"_blank\" rel=\"noopener\">STEP-Pfostenf\u00fchrung\u00a0<\/a><\/strong><\/h5>\n<h5><strong><a href=\"https:\/\/steplock.com\/sv\/projekteringsguide\/#!?lang=sv&amp;blog_id=1&amp;paged=1&amp;number=999\" target=\"_blank\" rel=\"noopener\">STEP-Designleitfaden<\/a><\/strong><\/h5>","protected":false},"featured_media":147472,"template":"","meta":{"_acf_changed":false},"product_brand":[],"product_cat":[3355],"product_tag":[4198,4202],"class_list":{"0":"post-147473","1":"product","2":"type-product","3":"status-publish","4":"has-post-thumbnail","6":"product_cat-elslutbleck","7":"product_tag-12v","8":"product_tag-omstallbar-rattvand-omvand","9":"product_shipping_class-tunga-paket","10":"pa_brands-step","11":"tm-no-options","13":"first","14":"onbackorder","15":"sale","16":"taxable","17":"shipping-taxable","18":"purchasable","19":"product-type-simple"},"acf":[],"_links":{"self":[{"href":"https:\/\/secureus.se\/de\/wp-json\/wp\/v2\/product\/147473","targetHints":{"allow":["GET"]}}],"collection":[{"href":"https:\/\/secureus.se\/de\/wp-json\/wp\/v2\/product"}],"about":[{"href":"https:\/\/secureus.se\/de\/wp-json\/wp\/v2\/types\/product"}],"wp:featuredmedia":[{"embeddable":true,"href":"https:\/\/secureus.se\/de\/wp-json\/wp\/v2\/media\/147472"}],"wp:attachment":[{"href":"https:\/\/secureus.se\/de\/wp-json\/wp\/v2\/media?parent=147473"}],"wp:term":[{"taxonomy":"product_brand","embeddable":true,"href":"https:\/\/secureus.se\/de\/wp-json\/wp\/v2\/product_brand?post=147473"},{"taxonomy":"product_cat","embeddable":true,"href":"https:\/\/secureus.se\/de\/wp-json\/wp\/v2\/product_cat?post=147473"},{"taxonomy":"product_tag","embeddable":true,"href":"https:\/\/secureus.se\/de\/wp-json\/wp\/v2\/product_tag?post=147473"}],"curies":[{"name":"wp","href":"https:\/\/api.w.org\/{rel}","templated":true}]}}