{"id":147484,"date":"2023-09-26T13:08:09","date_gmt":"2023-09-26T11:08:09","guid":{"rendered":"https:\/\/secureus.se\/elslutbleck-step-28e-vanster-rattvand-24v-7mm-regel\/"},"modified":"2026-04-08T16:06:04","modified_gmt":"2026-04-08T14:06:04","slug":"elslutbleck-step-28e-vanster-rattvand-24v-7mm-regel","status":"publish","type":"product","link":"https:\/\/secureus.se\/de\/elslutbleck-step-28e-vanster-rattvand-24v-7mm-regel\/","title":{"rendered":"Elektro-T\u00fcr\u00f6ffner STEP 28E Links Rechts 24V 7mm Regel"},"content":{"rendered":"<h1>Elektro-T\u00fcr\u00f6ffner STEP 28E Links Rechts 24V 7mm Regel<\/h1>\n<p>STEP 28E Sicherer elektrischer T\u00fcr\u00f6ffner mit Rechtsfunktion f\u00fcr links angeschlagene T\u00fcren. F\u00fcr 7 mm Connect-Riegel, Brandklasse E\/EI60, Kolbenkontakt und 5 m halogenfreies Kabel.<\/p>\n<p class=\"\" data-start=\"247\" data-end=\"625\">Der elektrische T\u00fcr\u00f6ffner STEP 28E Secure ist ein fortschrittlicher elektrischer T\u00fcr\u00f6ffner, der hohe Sicherheit mit Funktionalit\u00e4t f\u00fcr Fluchtt\u00fcren und T\u00fcrautomatisierung kombiniert.<\/p>\n<p class=\"\" data-start=\"247\" data-end=\"625\">Das Produkt wird zusammen mit einem Fallenriegelschloss oder einem Riegelschloss verwendet, bei dem die Druckfalle daf\u00fcr sorgt, dass die T\u00fcr immer geschlossen bleibt.<\/p>\n<p class=\"\" data-start=\"247\" data-end=\"625\">Es ist speziell f\u00fcr links angeschlagene T\u00fcren mit 7 mm Riegel der Connect-Serie angepasst.<\/p>\n<p class=\"\" data-start=\"627\" data-end=\"896\">Bei der Rechtsfunktion wird das elektrische T\u00fcr\u00f6ffnerblech im stromlosen Zustand verriegelt, was auch bei einem Stromausfall eine hohe Einbruchsicherheit bietet.<\/p>\n<p class=\"\" data-start=\"627\" data-end=\"896\">STEP 28E ist gem\u00e4\u00df der Brandklasse E\/EI60 zugelassen und wird h\u00e4ufig zusammen mit Notausg\u00e4ngen gem\u00e4\u00df SS-EN 179 installiert \u2013 eine Anforderung in vielen modernen T\u00fcrumgebungen.<\/p>\n<p class=\"\" data-start=\"898\" data-end=\"1181\">Eingebauter Kolbenkontakt und Riegelkontakt erm\u00f6glichen die Status\u00fcberwachung der T\u00fcrposition und des Verriegelungszustands und erleichtern so die Integration in Zugangskontrollsysteme und Alarmsysteme.<\/p>\n<p class=\"\" data-start=\"898\" data-end=\"1181\">Das Produkt verf\u00fcgt \u00fcber eine Bruchfestigkeit von \u00fcber 15 kN und h\u00e4lt sowohl im Vorw\u00e4rts- als auch im R\u00fcckw\u00e4rtsbetrieb einem Streifendruck von 500 kg stand.<\/p>\n<p class=\"\" data-start=\"1183\" data-end=\"1332\">Klopfschutz, Schutzdiode und das mitgelieferte 5 Meter lange halogenfreie Kabel machen STEP 28E Secure zu einer professionellen Wahl f\u00fcr sicherheitsklassifizierte Installationen.<\/p>\n<p class=\"\" data-start=\"1334\" data-end=\"1362\"><strong data-start=\"1334\" data-end=\"1360\">Eigenschaften und Vorteile:<\/strong><\/p>\n<ul data-start=\"1363\" data-end=\"1682\">\n<li class=\"\" data-start=\"1363\" data-end=\"1398\">\n<p class=\"\" data-start=\"1365\" data-end=\"1398\">F\u00fcr 7 mm Bolzen der Connect-Serie<\/p>\n<\/li>\n<li class=\"\" data-start=\"1399\" data-end=\"1438\">\n<p class=\"\" data-start=\"1401\" data-end=\"1438\">Korrekte Funktion \u2013 stromlos verriegelt<\/p>\n<\/li>\n<li class=\"\" data-start=\"1439\" data-end=\"1460\">\n<p class=\"\" data-start=\"1441\" data-end=\"1460\">T\u00fcranschlag links<\/p>\n<\/li>\n<li class=\"\" data-start=\"1461\" data-end=\"1493\">\n<p class=\"\" data-start=\"1463\" data-end=\"1493\">Feuerbest\u00e4ndigkeit bis E\/EI60<\/p>\n<\/li>\n<li class=\"\" data-start=\"1494\" data-end=\"1550\">\n<p class=\"\" data-start=\"1496\" data-end=\"1550\">Eingebauter Kolben- und Riegelkontakt f\u00fcr Zugangskontrolle\/Alarm<\/p>\n<\/li>\n<li class=\"\" data-start=\"1551\" data-end=\"1581\">\n<p class=\"\" data-start=\"1553\" data-end=\"1581\">H\u00e4lt einem Streifendruck von 500 kg stand<\/p>\n<\/li>\n<li class=\"\" data-start=\"1582\" data-end=\"1612\">\n<p class=\"\" data-start=\"1584\" data-end=\"1612\">Bruchfestigkeit \u00fcber 15 kN<\/p>\n<\/li>\n<li class=\"\" data-start=\"1613\" data-end=\"1647\">\n<p class=\"\" data-start=\"1615\" data-end=\"1647\">Schlagfest und mit Schutzdiode<\/p>\n<\/li>\n<li class=\"\" data-start=\"1648\" data-end=\"1682\">\n<p class=\"\" data-start=\"1650\" data-end=\"1682\">5 Meter halogenfreies Kabel inklusive<\/p>\n<\/li>\n<\/ul>\n<p class=\"\" data-start=\"1684\" data-end=\"1858\"><strong data-start=\"1684\" data-end=\"1707\">Einsatzgebiete:<\/strong><br data-start=\"1707\" data-end=\"1710\" \/>Ideal f\u00fcr T\u00fcrumgebungen beispielsweise in Krankenh\u00e4usern, Schulen, B\u00fcros und Regierungsgeb\u00e4uden, wo Brandschutzanforderungen, Evakuierungsfunktion und hohe Betriebszuverl\u00e4ssigkeit erforderlich sind.<\/p>\n<p class=\"\" data-start=\"1860\" data-end=\"2268\"><strong data-start=\"1860\" data-end=\"1889\">Technische Spezifikationen:<\/strong><br data-start=\"1889\" data-end=\"1892\" \/>Betriebsspannung: 24 V DC (21,6-27,6 V)<br data-start=\"1928\" data-end=\"1931\" \/>Stromverbrauch: 500 mA entriegelt<br data-start=\"1961\" data-end=\"1964\" \/>Kolbenkontakt: Mikroschalter, max. 30 V DC \/ 1 A<br data-start=\"2009\" data-end=\"2012\" \/>T\u00fcranschlag: Links<br data-start=\"2033\" data-end=\"2036\" \/>Kabell\u00e4nge: 5 Meter halogenfrei<br data-start=\"2066\" data-end=\"2069\" \/>Bruchfestigkeit: 1500 kg<br data-start=\"2093\" data-end=\"2096\" \/>Listendruck: 500 kg<br data-start=\"2113\" data-end=\"2116\" data-is-only-node=\"\" \/>Schlosstyp: Hakenfallenschloss, Riegelschloss<br data-start=\"2145\" data-end=\"2148\" \/>Doppelter Twist Drop: Ja<br data-start=\"2167\" data-end=\"2170\" \/>Abmessungen (BxTxH): 35 x 40 x 230 mm<br data-start=\"2200\" data-end=\"2203\" \/>Oberfl\u00e4chenbehandlung: Edelstahl<br data-start=\"2224\" data-end=\"2227\" \/>Bauprodukt bewertet: Ja<br data-start=\"2245\" data-end=\"2248\" \/>SundaHouse-Bewertung: Ja<\/p>","protected":false},"excerpt":{"rendered":"<p>Hier sehen Sie, welche Pfosten und Modelle aus dem STEP-Sortiment der elektrischen T\u00fcrstopper zusammenpassen.<\/p>\n<h5><strong><a href=\"https:\/\/steplock.com\/sv\/stolpguide\/#!?lang=sv&amp;blog_id=1&amp;paged=1&amp;number=50\" target=\"_blank\" rel=\"noopener\">STEP-Pfostenf\u00fchrung\u00a0<\/a><\/strong><\/h5>\n<h5><strong><a href=\"https:\/\/steplock.com\/sv\/projekteringsguide\/#!?lang=sv&amp;blog_id=1&amp;paged=1&amp;number=999\" target=\"_blank\" rel=\"noopener\">STEP-Designleitfaden<\/a><\/strong><\/h5>","protected":false},"featured_media":147480,"template":"","meta":{"_acf_changed":false},"product_brand":[],"product_cat":[3355],"product_tag":[4197,4200],"class_list":{"0":"post-147484","1":"product","2":"type-product","3":"status-publish","4":"has-post-thumbnail","6":"product_cat-elslutbleck","7":"product_tag-24v","8":"product_tag-rattvand","9":"product_shipping_class-tunga-paket","10":"pa_brands-step","11":"tm-no-options","13":"first","14":"instock","15":"sale","16":"taxable","17":"shipping-taxable","18":"purchasable","19":"product-type-simple"},"acf":[],"_links":{"self":[{"href":"https:\/\/secureus.se\/de\/wp-json\/wp\/v2\/product\/147484","targetHints":{"allow":["GET"]}}],"collection":[{"href":"https:\/\/secureus.se\/de\/wp-json\/wp\/v2\/product"}],"about":[{"href":"https:\/\/secureus.se\/de\/wp-json\/wp\/v2\/types\/product"}],"wp:featuredmedia":[{"embeddable":true,"href":"https:\/\/secureus.se\/de\/wp-json\/wp\/v2\/media\/147480"}],"wp:attachment":[{"href":"https:\/\/secureus.se\/de\/wp-json\/wp\/v2\/media?parent=147484"}],"wp:term":[{"taxonomy":"product_brand","embeddable":true,"href":"https:\/\/secureus.se\/de\/wp-json\/wp\/v2\/product_brand?post=147484"},{"taxonomy":"product_cat","embeddable":true,"href":"https:\/\/secureus.se\/de\/wp-json\/wp\/v2\/product_cat?post=147484"},{"taxonomy":"product_tag","embeddable":true,"href":"https:\/\/secureus.se\/de\/wp-json\/wp\/v2\/product_tag?post=147484"}],"curies":[{"name":"wp","href":"https:\/\/api.w.org\/{rel}","templated":true}]}}