{"id":147751,"date":"2025-02-11T13:27:30","date_gmt":"2025-02-11T12:27:30","guid":{"rendered":"https:\/\/secureus.se\/kodlas-v44duo\/"},"modified":"2026-04-17T11:07:11","modified_gmt":"2026-04-17T09:07:11","slug":"kodlas-v44duo","status":"publish","type":"product","link":"https:\/\/secureus.se\/de\/kodlas-v44duo\/","title":{"rendered":"CODESCHLOSS V44DUO"},"content":{"rendered":"<h1 data-start=\"227\" data-end=\"777\">CODE LOCK V44DUO ist ein vielseitiges und leicht programmierbares Codeschloss, das die Steuerung von zwei T\u00fcren \u00fcber ein und dasselbe Tastenfeld erm\u00f6glicht.<\/h1>\n<p data-start=\"227\" data-end=\"777\">Jeder Code kann so programmiert werden, dass ein oder beide Relais ge\u00f6ffnet werden.<\/p>\n<p data-start=\"227\" data-end=\"777\">Zur zus\u00e4tzlichen Sicherheit verf\u00fcgt es \u00fcber eine Sperrfunktion, wodurch T\u00fcr 2 erst ge\u00f6ffnet werden kann, wenn T\u00fcr 1 geschlossen ist.<\/p>\n<p data-start=\"227\" data-end=\"777\">Dar\u00fcber hinaus bestehen M\u00f6glichkeiten zur T\u00fcrsteuerung und Alarmausgabe mit einstellbarer Vorwarnzeit, sowie einer integrierten Klingelfunktion.<\/p>\n<p data-start=\"227\" data-end=\"777\">\u00dcber zwei externe Eing\u00e4nge k\u00f6nnen Codes zeitgesteuert ausgegeben und die Anlage auch f\u00fcr den Tagbetrieb eingerichtet werden.<\/p>\n<p data-start=\"779\" data-end=\"1208\">Mit der Schutzart IP54 und einer Metallguss-Bauqualit\u00e4t mit Edelstahltasten ist das V44DUO sowohl f\u00fcr den Einsatz im Innen- als auch im Au\u00dfenbereich geeignet, mit einer Betriebstemperatur von -35 \u00b0C bis +55 \u00b0C.<\/p>\n<p data-start=\"779\" data-end=\"1208\">Bei Au\u00dfenmontage an exponierten Standorten empfiehlt sich der Einsatz eines Regenschutzes wie SH1 oder SH2.<\/p>\n<p data-start=\"779\" data-end=\"1208\">Dieses Codeschloss ist besonders n\u00fctzlich f\u00fcr Sicherheitsl\u00f6sungen, bei denen mehrere T\u00fcren kontrolliert werden m\u00fcssen und f\u00fcr eine einfache und sichere Nutzung eine Codeverwaltung erforderlich ist.<\/p>\n<p data-start=\"1210\" data-end=\"1239\"><strong data-start=\"1210\" data-end=\"1239\">Technische Spezifikationen:<\/strong><\/p>\n<ul data-start=\"1240\" data-end=\"1739\">\n<li data-start=\"1256\" data-end=\"1282\"><strong data-start=\"1258\" data-end=\"1277\">Schutzklasse:<\/strong> IP54<\/li>\n<li data-start=\"1283\" data-end=\"1352\"><strong data-start=\"1285\" data-end=\"1306\">Geh\u00e4usematerial:<\/strong> Metallguss, Edelstahlkn\u00f6pfe, Sicherheitsschloss<\/li>\n<li data-start=\"1353\" data-end=\"1372\"><strong data-start=\"1355\" data-end=\"1364\">Gewicht:<\/strong> 0,75 kg<\/li>\n<li data-start=\"1373\" data-end=\"1426\"><strong data-start=\"1375\" data-end=\"1385\">Umfeld:<\/strong> F\u00fcr den Innen- und Au\u00dfenbereich geeignet (IP54-Ausf\u00fchrung)<\/li>\n<li data-start=\"1427\" data-end=\"1466\"><strong data-start=\"1429\" data-end=\"1450\">Arbeitstemperatur:<\/strong> -35 bis +55\u00b0C<\/li>\n<li data-start=\"1467\" data-end=\"1529\"><strong data-start=\"1469\" data-end=\"1486\">Code-Kapazit\u00e4t:<\/strong> 20 vierstellige Codes, 10 sechsstellige Codes<\/li>\n<li data-start=\"1530\" data-end=\"1547\"><strong data-start=\"1532\" data-end=\"1543\">T\u00fcren:<\/strong> Zwei<\/li>\n<li data-start=\"1548\" data-end=\"1595\"><strong data-start=\"1550\" data-end=\"1566\">\u00d6ffnungszeiten:<\/strong> 1-99 Sekunden, programmierbar<\/li>\n<li data-start=\"1596\" data-end=\"1646\"><strong data-start=\"1598\" data-end=\"1611\">Ausgaben:<\/strong> Zwei Relaiskontakte, max. 2 A, 28 VDC<\/li>\n<li data-start=\"1647\" data-end=\"1688\"><strong data-start=\"1649\" data-end=\"1670\">Stromverbrauch:<\/strong> 75 mA im Standby-Modus<\/li>\n<li data-start=\"1689\" data-end=\"1739\"><strong data-start=\"1691\" data-end=\"1709\">Betriebsspannung:<\/strong> 10 bis 35 VDC, 8 bis 24 VAC<\/li>\n<\/ul>\n<p data-start=\"1741\" data-end=\"1835\">","protected":false},"excerpt":{"rendered":"<p data-start=\"25\" data-end=\"225\">CODE LOCK V44DUO ist ein programmierbares Codeschloss mit zwei Relais zur Steuerung von zwei T\u00fcren \u00fcber dieselbe Tastatur.<\/p>\n<p data-start=\"25\" data-end=\"225\">Integrierte Schlie\u00dffunktion und T\u00fcrsteuerung machen es flexibel und sicher.<\/p>\n<p data-start=\"227\" data-end=\"777\">","protected":false},"featured_media":147750,"template":"","meta":{"_acf_changed":false},"product_brand":[],"product_cat":[1481],"product_tag":[],"class_list":{"0":"post-147751","1":"product","2":"type-product","3":"status-publish","4":"has-post-thumbnail","6":"product_cat-kodlas-kodlas","7":"pa_brands-6vanderbilt","8":"tm-no-options","10":"first","11":"instock","12":"sale","13":"taxable","14":"shipping-taxable","15":"purchasable","16":"product-type-simple"},"acf":[],"_links":{"self":[{"href":"https:\/\/secureus.se\/de\/wp-json\/wp\/v2\/product\/147751","targetHints":{"allow":["GET"]}}],"collection":[{"href":"https:\/\/secureus.se\/de\/wp-json\/wp\/v2\/product"}],"about":[{"href":"https:\/\/secureus.se\/de\/wp-json\/wp\/v2\/types\/product"}],"wp:featuredmedia":[{"embeddable":true,"href":"https:\/\/secureus.se\/de\/wp-json\/wp\/v2\/media\/147750"}],"wp:attachment":[{"href":"https:\/\/secureus.se\/de\/wp-json\/wp\/v2\/media?parent=147751"}],"wp:term":[{"taxonomy":"product_brand","embeddable":true,"href":"https:\/\/secureus.se\/de\/wp-json\/wp\/v2\/product_brand?post=147751"},{"taxonomy":"product_cat","embeddable":true,"href":"https:\/\/secureus.se\/de\/wp-json\/wp\/v2\/product_cat?post=147751"},{"taxonomy":"product_tag","embeddable":true,"href":"https:\/\/secureus.se\/de\/wp-json\/wp\/v2\/product_tag?post=147751"}],"curies":[{"name":"wp","href":"https:\/\/api.w.org\/{rel}","templated":true}]}}