{"id":147755,"date":"2025-02-11T13:27:27","date_gmt":"2025-02-11T12:27:27","guid":{"rendered":"https:\/\/secureus.se\/beror-fri-lasare-pp500em\/"},"modified":"2026-04-08T16:30:53","modified_gmt":"2026-04-08T14:30:53","slug":"beror-fri-lasare-pp500em","status":"publish","type":"product","link":"https:\/\/secureus.se\/de\/beror-fri-lasare-pp500em\/","title":{"rendered":"BER\u00dcHRUNGSLOSER LESER PP500EM"},"content":{"rendered":"<h1 data-start=\"481\" data-end=\"1024\">PP500EM ist ein hochwertiger und kleiner kontaktloser Kartenleser f\u00fcr den Einsatz mit den Bewator Entro-T\u00fcrsteuerungsfeldern DC12, DC22 und Entro Lite DC800.<\/h1>\n<p data-start=\"481\" data-end=\"1024\">Es verf\u00fcgt \u00fcber eine Tastatur mit Hintergrundbeleuchtung, die eine einfache Bedienung auch bei schlechten Lichtverh\u00e4ltnissen erm\u00f6glicht.<\/p>\n<p data-start=\"481\" data-end=\"1024\">Mit einem grauen Metallgeh\u00e4use, Edelstahlkn\u00f6pfen und einem Sicherheitsschloss ist es sowohl langlebig als auch sicher.<\/p>\n<p data-start=\"481\" data-end=\"1024\">Die L\u00e4nge, Breite und Tiefe der Einheit betragen 80 x 140 x 40 mm, sodass sie dank ihrer Wetterbest\u00e4ndigkeit gem\u00e4\u00df IP54 sowohl im Innen- als auch im Au\u00dfenbereich problemlos installiert werden kann.<\/p>\n<p data-start=\"1026\" data-end=\"1419\">Durch die Lesedistanz von ca. 3 cm ist es ideal f\u00fcr die Verwendung mit passiven Karten geeignet und das System kann entweder \u00fcber einen Clock\/Data-Port oder BCLINK am Entro Lite DC800 angeschlossen werden.<\/p>\n<p data-start=\"1026\" data-end=\"1419\">Das 12- bis 24-VDC-Netzteil erleichtert die Installation, da die Stromversorgung \u00fcber die T\u00fcreinheit erfolgt.<\/p>\n<p data-start=\"1026\" data-end=\"1419\">F\u00fcr die Aufputzmontage empfiehlt sich die Verwendung der Schutzhaube SH1 oder SH2, f\u00fcr die Unterputzmontage kann die Unterputzdose BB3 verwendet werden.<\/p>\n<p data-start=\"1421\" data-end=\"1451\"><strong data-start=\"1421\" data-end=\"1449\">Funktionen und Vorteile:<\/strong><\/p>\n<ul data-start=\"1452\" data-end=\"1630\">\n<li data-start=\"1452\" data-end=\"1505\">Kompatibel mit Entro- und Entro Lite-T\u00fcrsteuerungsfeldern<\/li>\n<li data-start=\"1506\" data-end=\"1550\">Einfache Bedienung dank beleuchteter Tastatur<\/li>\n<li data-start=\"1551\" data-end=\"1593\">Robuste und wetterfeste Eigenschaften<\/li>\n<li data-start=\"1594\" data-end=\"1630\">Sichere und zuverl\u00e4ssige Zutrittskontrolle<\/li>\n<\/ul>\n<p data-start=\"1637\" data-end=\"1668\"><strong data-start=\"1637\" data-end=\"1666\">Technische Spezifikationen:<\/strong><\/p>\n<ul data-start=\"1669\" data-end=\"2138\">\n<li data-start=\"1669\" data-end=\"1743\">Schnittstelle: Clock\/Data (Entro DC12\/22) oder BCLINK (Entro Lite DC800)<\/li>\n<li data-start=\"1744\" data-end=\"1811\">Geh\u00e4use: Metalldruckguss, Edelstahlkn\u00f6pfe, Sicherheitsschloss<\/li>\n<li data-start=\"1812\" data-end=\"1825\">Farbe: Grau<\/li>\n<li data-start=\"1826\" data-end=\"1860\">Umgebung: Innen-\/Au\u00dfenbereich<\/li>\n<li data-start=\"1861\" data-end=\"1877\">IP-Klasse: 54<\/li>\n<li data-start=\"1878\" data-end=\"1908\">Temperatur: -30 bis +50\u00b0C<\/li>\n<li data-start=\"1909\" data-end=\"1970\">Stromversorgung: 12 bis 24 VDC (von der Zentrale\/T\u00fcreinheit)<\/li>\n<li data-start=\"1971\" data-end=\"1998\">Stromaufnahme: 60 mA<\/li>\n<li data-start=\"1999\" data-end=\"2044\">Abmessungen (B x H x T): 80 x 140 x 40 mm<\/li>\n<li data-start=\"2045\" data-end=\"2085\">Leseabstand: ca. 3 cm mit passiven Karten<\/li>\n<li data-start=\"2086\" data-end=\"2138\">Eing\u00e4nge: Sabotagekontakt f\u00fcr internen\/externen Alarm<\/li>\n<\/ul>","protected":false},"excerpt":{"rendered":"<p>PP500EM ist ein kleiner und robuster kontaktloser Kartenleser, der mit den Bewator Entro-T\u00fcrsteuerungsfeldern DC12 und DC22 sowie Bewator Entro Lite DC800 kompatibel ist.<\/p>\n<p>Mit einer Tastatur mit Hintergrundbeleuchtung und einem grauen Metallgeh\u00e4use ist es perfekt f\u00fcr den Einsatz im Innen- und Au\u00dfenbereich geeignet.<\/p>\n<p>Verschlusssicher und langlebig mit IP54-Schutz ist es eine zuverl\u00e4ssige Wahl f\u00fcr eine sichere Zugangskontrolle.<\/p>","protected":false},"featured_media":147754,"template":"","meta":{"_acf_changed":false},"product_brand":[],"product_cat":[1481],"product_tag":[],"class_list":{"0":"post-147755","1":"product","2":"type-product","3":"status-publish","4":"has-post-thumbnail","6":"product_cat-kodlas-kodlas","7":"product_shipping_class-tunga-paket","8":"pa_brands-6vanderbilt","9":"pa_farg-gra","10":"tm-no-options","12":"first","13":"instock","14":"sale","15":"taxable","16":"shipping-taxable","17":"purchasable","18":"product-type-simple"},"acf":[],"_links":{"self":[{"href":"https:\/\/secureus.se\/de\/wp-json\/wp\/v2\/product\/147755","targetHints":{"allow":["GET"]}}],"collection":[{"href":"https:\/\/secureus.se\/de\/wp-json\/wp\/v2\/product"}],"about":[{"href":"https:\/\/secureus.se\/de\/wp-json\/wp\/v2\/types\/product"}],"wp:featuredmedia":[{"embeddable":true,"href":"https:\/\/secureus.se\/de\/wp-json\/wp\/v2\/media\/147754"}],"wp:attachment":[{"href":"https:\/\/secureus.se\/de\/wp-json\/wp\/v2\/media?parent=147755"}],"wp:term":[{"taxonomy":"product_brand","embeddable":true,"href":"https:\/\/secureus.se\/de\/wp-json\/wp\/v2\/product_brand?post=147755"},{"taxonomy":"product_cat","embeddable":true,"href":"https:\/\/secureus.se\/de\/wp-json\/wp\/v2\/product_cat?post=147755"},{"taxonomy":"product_tag","embeddable":true,"href":"https:\/\/secureus.se\/de\/wp-json\/wp\/v2\/product_tag?post=147755"}],"curies":[{"name":"wp","href":"https:\/\/api.w.org\/{rel}","templated":true}]}}